 {"id":92,"date":"2026-04-21T21:33:42","date_gmt":"2026-04-21T19:33:42","guid":{"rendered":"https:\/\/blogs.univ-tlse2.fr\/rmpr\/?page_id=92"},"modified":"2026-04-21T23:09:49","modified_gmt":"2026-04-21T21:09:49","slug":"rmpr-11-montpellier-2014","status":"publish","type":"page","link":"https:\/\/blogs.univ-tlse2.fr\/rmpr\/publications\/rmpr-11-montpellier-2014\/","title":{"rendered":"RMPR 11 \u2013 Montpellier 2014"},"content":{"rendered":"\n<figure class=\"wp-block-image size-full is-resized\"><img loading=\"lazy\" decoding=\"async\" width=\"100\" height=\"141\" src=\"https:\/\/blogs.univ-tlse2.fr\/rmpr\/files\/2026\/04\/RMPR_11_100.jpg\" alt=\"\" class=\"wp-image-113\" style=\"width:100px\" \/><\/figure>\n\n\n\n<h2 class=\"wp-block-heading\">CAULIEZ (J.), S\u00c9N\u00c9PART (I.), JALLOT (L.), de LABRIFFE (P.-A.), GILABERT (C.) et GUTHERZ (X.), 2016. De la tombe au territoire &amp; Actualit\u00e9 de la recherche. Actes des 11e Rencontres M\u00e9ridionales de Pr\u00e9histoire R\u00e9cente, Montpellier (34), 25-27 septembre 2014. Archives d\u2019\u00c9cologie Pr\u00e9historique, Toulouse, 2016, 634 p., ISBN 978-2-35842-019-8.<\/h2>\n\n\n\n<p><a href=\"http:\/\/www.archeoaep.fr\/?product=de-la-tombe-au-territoire-actualite-de-la-recherche-actes-des-11e-rencontres-meridionales-de-prehistoire-recente-montpellier-34-25-27-septembre-2014\" target=\"_blank\" rel=\"noreferrer noopener\">En vente sur le site des AEP<\/a><br><a href=\"\/Users\/tperrin\/Downloads\/RMPR\/rmpr.fr\/publications\/wp-content\/uploads\/sites\/7\/2016\/10\/RMPR11_TDM.pdf\">Table des mati\u00e8res<\/a><\/p>\n\n\n\n<p>Les \u00e9tudes sur les pratiques fun\u00e9raires ont connu un large d\u00e9veloppement dans le Midi de la France. Plusieurs rencontres, tables rondes et colloques se sont fait l\u2019\u00e9cho de ces th\u00e9matiques depuis une dizaine d\u2019ann\u00e9es (du colloque de Saint-Germain-en-Laye de 2001 \u00ab Pratiques fun\u00e9raires du N\u00e9olithique ancien et moyen \u00bb au r\u00e9cent colloque de Saint-Pons sur la statuaire m\u00e9galithique). Les Rencontres M\u00e9ridionales de Pr\u00e9histoire R\u00e9cente ont \u00e9galement rendu compte de leur c\u00f4t\u00e9, au cours de leurs sessions successives, du dynamisme de cette th\u00e9matique. Ces derni\u00e8res ann\u00e9es, les communications concernaient surtout les journ\u00e9es d\u2019actualit\u00e9 et portaient pour l\u2019essentiel sur les m\u00e9thodes de fouilles, les gestes fun\u00e9raires, le mobilier, les architectures et les types fonctionnels. L\u2019espace fun\u00e9raire (de l\u2019espace de la s\u00e9pulture au site organis\u00e9) est finalement un aspect moins trait\u00e9 et qui n\u2019a jamais fait l\u2019objet d\u2019une approche th\u00e9matique dans les RMPR. Pourtant, ces derni\u00e8res ann\u00e9es, l\u2019arch\u00e9ologie pr\u00e9ventive a permis d\u2019enrichir cette probl\u00e9matique, \u00e9galement d\u00e9velopp\u00e9e dans le cadre de recherches programm\u00e9es. Le Midi de la France a en effet la chance de poss\u00e9der un patrimoine fun\u00e9raire, appartenant \u00e0 la Pr\u00e9histoire r\u00e9cente, particuli\u00e8rement abondant et bien conserv\u00e9. Les fouilles des dolmens, des ossuaires en grotte ou d\u2019inhumations en pleine terre, de s\u00e9pultures simples, multiples, collectives, r\u00e9investissant des zones d\u2019habitat ou constituant des ensembles autonomes, ont fourni de nombreuses donn\u00e9es souvent in\u00e9dites. Ces donn\u00e9es permettent d\u2019envisager la place des ensembles fun\u00e9raires au sein de l\u2019espace humanis\u00e9, en rapport ou non avec l\u2019habitat (fonction identitaire des tombes, gestion et \u00e9volution des lieux, p\u00e9rennit\u00e9 de ces espaces, formation des paysages fun\u00e9raires, dynamique de peuplement, relation de compl\u00e9mentarit\u00e9, organisation du territoire des vivants et des morts).<\/p>\n\n\n\n<p>Comme \u00e0 l\u2019accoutum\u00e9e, la session th\u00e9matique du colloque est suivie d\u2019une session portant sur l\u2019actualit\u00e9 de la recherche au travers de contributions portant sur la Pr\u00e9histoire r\u00e9cente (ici du N\u00e9olithique \u00e0 l\u2019\u00e2ge du Bronze).<\/p>\n","protected":false},"excerpt":{"rendered":"<p>CAULIEZ (J.), S\u00c9N\u00c9PART (I.), JALLOT (L.), de LABRIFFE (P.-A.), GILABERT (C.) et GUTHERZ (X.), 2016. De la tombe au territoire &amp; Actualit\u00e9 de la recherche. Actes des 11e Rencontres M\u00e9ridionales de Pr\u00e9histoire R\u00e9cente, Montpellier (34), 25-27 septembre 2014. Archives d\u2019\u00c9cologie Pr\u00e9historique, Toulouse, 2016, 634 p., ISBN 978-2-35842-019-8. En vente sur le site des AEPTable des [&hellip;]<\/p>\n","protected":false},"author":1421,"featured_media":0,"parent":20,"menu_order":0,"comment_status":"closed","ping_status":"closed","template":"","meta":{"footnotes":""},"class_list":["post-92","page","type-page","status-publish","hentry"],"_links":{"self":[{"href":"https:\/\/blogs.univ-tlse2.fr\/rmpr\/wp-json\/wp\/v2\/pages\/92","targetHints":{"allow":["GET"]}}],"collection":[{"href":"https:\/\/blogs.univ-tlse2.fr\/rmpr\/wp-json\/wp\/v2\/pages"}],"about":[{"href":"https:\/\/blogs.univ-tlse2.fr\/rmpr\/wp-json\/wp\/v2\/types\/page"}],"author":[{"embeddable":true,"href":"https:\/\/blogs.univ-tlse2.fr\/rmpr\/wp-json\/wp\/v2\/users\/1421"}],"replies":[{"embeddable":true,"href":"https:\/\/blogs.univ-tlse2.fr\/rmpr\/wp-json\/wp\/v2\/comments?post=92"}],"version-history":[{"count":2,"href":"https:\/\/blogs.univ-tlse2.fr\/rmpr\/wp-json\/wp\/v2\/pages\/92\/revisions"}],"predecessor-version":[{"id":156,"href":"https:\/\/blogs.univ-tlse2.fr\/rmpr\/wp-json\/wp\/v2\/pages\/92\/revisions\/156"}],"up":[{"embeddable":true,"href":"https:\/\/blogs.univ-tlse2.fr\/rmpr\/wp-json\/wp\/v2\/pages\/20"}],"wp:attachment":[{"href":"https:\/\/blogs.univ-tlse2.fr\/rmpr\/wp-json\/wp\/v2\/media?parent=92"}],"curies":[{"name":"wp","href":"https:\/\/api.w.org\/{rel}","templated":true}]}}