 {"id":166,"date":"2023-02-17T22:45:36","date_gmt":"2023-02-17T21:45:36","guid":{"rendered":"https:\/\/blogs.univ-tlse2.fr\/rmtb\/?page_id=166"},"modified":"2024-07-08T11:24:34","modified_gmt":"2024-07-08T09:24:34","slug":"wifi","status":"publish","type":"page","link":"https:\/\/blogs.univ-tlse2.fr\/rmtb\/wifi\/","title":{"rendered":"R\u00e9seau WiFi"},"content":{"rendered":"\n<p>La Campus de Montauban est reli\u00e9s \u00e0 Internet par l&rsquo;interm\u00e9diaire du r\u00e9seau r\u00e9gional <strong>THD&rsquo;OC<\/strong> (Tr\u00e8s Haut D\u00e9bit en Occitanie), cofinanc\u00e9 par la r\u00e9gion Occitanie et par l&rsquo;Union Europ\u00e9enne dans le cadre du Fond Europ\u00e9en de D\u00e9veloppement R\u00e9gional.<\/p>\n\n\n\n<p>Le r\u00e9seau <a href=\"https:\/\/www.remip.prd.fr\/\" target=\"_blank\" rel=\"noreferrer noopener\">R\u00e9MiP 2000<\/a>, r\u00e9seau m\u00e9tropolitain de la plaque universitaire de l&rsquo;agglom\u00e9ration toulousaine, assure l&rsquo;interconnexion entre le r\u00e9seau r\u00e9gional THD&rsquo;Oc et le r\u00e9seau national <a href=\"https:\/\/www.renater.fr\/\" target=\"_blank\" rel=\"noreferrer noopener\">RENATER (R\u00e9seau National de t\u00e9l\u00e9communications pour la Technologie l\u2019Enseignement et la Recherche)<\/a> vers Internet.<\/p>\n\n\n\n<p>La connexion au r\u00e9seau sans-fil de l&rsquo;universit\u00e9 est limit\u00e9e aux usages relatifs \u00e0 la p\u00e9dagogie, la recherche et la culture. L\u2019acc\u00e8s au r\u00e9seau <strong>RENATER<\/strong> est r\u00e9serv\u00e9 aux seuls utilisateurs des sites agr\u00e9\u00e9s. A ce titre, tout acc\u00e8s \u00e0 des tiers non autoris\u00e9s, qui ne sont pas des utilisateurs du site, est interdit.<\/p>\n\n\n\n<blockquote class=\"wp-block-quote is-layout-flow wp-block-quote-is-layout-flow\">\n<p>L&rsquo;usage du r\u00e9seau sans-fil du Campus de Montauban implique de respecter la <strong><a rel=\"noreferrer noopener\" href=\"https:\/\/blogs.univ-tlse2.fr\/rmtb\/charte-informatique\/\" target=\"_blank\">charte d&rsquo;utilisation des ressources informatiques et des services Internet<\/a>.<\/strong><\/p>\n<\/blockquote>\n\n\n\n<p>Deux r\u00e9seaux WiFi sont disponibles :<\/p>\n\n\n\n<ul class=\"wp-block-list\">\n<li><strong>Eduroam :<\/strong>\n<ul class=\"wp-block-list\">\n<li>Recommand\u00e9 pour des usages permanents.<\/li>\n\n\n\n<li>Il est n\u00e9cessaire de configurer une premi\u00e8re fois le r\u00e9seau WiFi Eduroam sur votre ordinateur ou smartphone, puis les fois suivante vous \u00eates connect\u00e9 automatiquement d\u00e8s que vous entrez dans une zone couverte par une borne WiFi.<\/li>\n\n\n\n<li>Le r\u00e9seau WiFi Eduroam est diffus\u00e9 dans la plupart des \u00e9tablissements d&rsquo;enseignement sup\u00e9rieur et de recherche, dans plus de 100 pays en Europe et dans le monde (<a href=\"https:\/\/eduroam.org\/where\/\" target=\"_blank\" rel=\"noreferrer noopener\">liste des pays ici<\/a>).<\/li>\n<\/ul>\n<\/li>\n\n\n\n<li><strong>Wifi-UT2J-S :<\/strong>\n<ul class=\"wp-block-list\">\n<li>Recommand\u00e9 pour des usages occasionnels.<\/li>\n\n\n\n<li>Il faut s\u2019identifier chaque fois que vous entrez dans une zone couverte, par portail captif sur votre navigateur internet.<\/li>\n\n\n\n<li>Le temps de connexion est limit\u00e9 \u00e0 4h, il faut ensuite s\u2019authentifier une nouvelle fois pour continuer \u00e0 utiliser le WiFi.<\/li>\n<\/ul>\n<\/li>\n<\/ul>\n\n\n\n<p>Les deux r\u00e9seaux WiFi donnent acc\u00e8s aux m\u00eames droits sur Internet, seule la m\u00e9thode de connexion diff\u00e8re. Les protocoles http (port 80) et https (port 443) sont autoris\u00e9s, tous les autres protocoles sont bloqu\u00e9s par le pare-feu du site, notamment les logiciels qui utilisent des ports particuliers autres que http et https sont bloqu\u00e9s.<\/p>\n\n\n\n<blockquote class=\"wp-block-quote is-layout-flow wp-block-quote-is-layout-flow\">\n<p>L&rsquo;authentification r\u00e9seau est obligatoire. Pour configurer votre connexion, vous devez utiliser votre <strong><a href=\"https:\/\/blogs.univ-tlse2.fr\/rmtb\/identifiant\/\">identifiant personnel<\/a><\/strong>.<\/p>\n<\/blockquote>\n\n\n\n<p><strong>Cliquer sur le syst\u00e8me d&rsquo;exploitation de votre choix pour configurer le WiFi :<\/strong><\/p>\n\n\n\n<div class=\"wp-block-columns is-layout-flex wp-container-core-columns-is-layout-9d6595d7 wp-block-columns-is-layout-flex\">\n<div class=\"wp-block-column is-layout-flow wp-block-column-is-layout-flow\"><div class=\"wp-block-image is-resized\">\n<figure class=\"aligncenter size-full\"><a href=\"https:\/\/blogs.univ-tlse2.fr\/rmtb\/windows\/\"><img loading=\"lazy\" decoding=\"async\" width=\"1022\" height=\"1024\" src=\"https:\/\/blogs.univ-tlse2.fr\/rmtb\/files\/2023\/06\/Windows_logo.png\" alt=\"\" class=\"wp-image-328\" style=\"width:157px;height:auto\" srcset=\"https:\/\/blogs.univ-tlse2.fr\/rmtb\/files\/2023\/06\/Windows_logo.png 1022w, https:\/\/blogs.univ-tlse2.fr\/rmtb\/files\/2023\/06\/Windows_logo-300x300.png 300w, https:\/\/blogs.univ-tlse2.fr\/rmtb\/files\/2023\/06\/Windows_logo-150x150.png 150w, https:\/\/blogs.univ-tlse2.fr\/rmtb\/files\/2023\/06\/Windows_logo-768x770.png 768w, https:\/\/blogs.univ-tlse2.fr\/rmtb\/files\/2023\/06\/Windows_logo-676x677.png 676w\" sizes=\"auto, (max-width: 1022px) 100vw, 1022px\" \/><\/a><figcaption class=\"wp-element-caption\"><strong><a href=\"https:\/\/blogs.univ-tlse2.fr\/rmtb\/windows\/\">Windows<\/a><\/strong><\/figcaption><\/figure>\n<\/div><\/div>\n\n\n\n<div class=\"wp-block-column is-layout-flow wp-block-column-is-layout-flow\"><div class=\"wp-block-image is-resized\">\n<figure class=\"aligncenter size-full\"><a href=\"https:\/\/blogs.univ-tlse2.fr\/rmtb\/macos\/\"><img loading=\"lazy\" decoding=\"async\" width=\"320\" height=\"373\" src=\"https:\/\/blogs.univ-tlse2.fr\/rmtb\/files\/2023\/06\/Logo_Apple.inc_.gif\" alt=\"\" class=\"wp-image-329\" style=\"width:137px;height:auto\" \/><\/a><figcaption class=\"wp-element-caption\"><strong><a href=\"https:\/\/blogs.univ-tlse2.fr\/rmtb\/macos\/\">MacOS<\/a><\/strong><\/figcaption><\/figure>\n<\/div><\/div>\n\n\n\n<div class=\"wp-block-column is-layout-flow wp-block-column-is-layout-flow\"><div class=\"wp-block-image is-resized\">\n<figure class=\"aligncenter size-large\"><a href=\"https:\/\/blogs.univ-tlse2.fr\/rmtb\/android\/\"><img loading=\"lazy\" decoding=\"async\" width=\"861\" height=\"1024\" src=\"https:\/\/blogs.univ-tlse2.fr\/rmtb\/files\/2023\/06\/Android_Logo-861x1024.png\" alt=\"\" class=\"wp-image-337\" style=\"width:139px;height:auto\" srcset=\"https:\/\/blogs.univ-tlse2.fr\/rmtb\/files\/2023\/06\/Android_Logo-861x1024.png 861w, https:\/\/blogs.univ-tlse2.fr\/rmtb\/files\/2023\/06\/Android_Logo-252x300.png 252w, https:\/\/blogs.univ-tlse2.fr\/rmtb\/files\/2023\/06\/Android_Logo-768x914.png 768w, https:\/\/blogs.univ-tlse2.fr\/rmtb\/files\/2023\/06\/Android_Logo-676x804.png 676w, https:\/\/blogs.univ-tlse2.fr\/rmtb\/files\/2023\/06\/Android_Logo.png 1024w\" sizes=\"auto, (max-width: 861px) 100vw, 861px\" \/><\/a><figcaption class=\"wp-element-caption\"><strong><a href=\"https:\/\/blogs.univ-tlse2.fr\/rmtb\/android\/\">Android<\/a><\/strong><\/figcaption><\/figure>\n<\/div><\/div>\n<\/div>\n","protected":false},"excerpt":{"rendered":"<p>La Campus de Montauban est reli\u00e9s \u00e0 Internet par l&rsquo;interm\u00e9diaire du r\u00e9seau r\u00e9gional THD&rsquo;OC (Tr\u00e8s Haut D\u00e9bit en Occitanie), cofinanc\u00e9 par la r\u00e9gion Occitanie et par l&rsquo;Union Europ\u00e9enne dans le cadre du Fond Europ\u00e9en de D\u00e9veloppement R\u00e9gional. Le r\u00e9seau R\u00e9MiP 2000, r\u00e9seau m\u00e9tropolitain de la plaque universitaire de l&rsquo;agglom\u00e9ration toulousaine, assure l&rsquo;interconnexion entre le r\u00e9seau [&hellip;]<\/p>\n","protected":false},"author":1263,"featured_media":0,"parent":0,"menu_order":0,"comment_status":"closed","ping_status":"closed","template":"template-fullwidth.php","meta":{"footnotes":""},"class_list":["post-166","page","type-page","status-publish","hentry","post-preview"],"_links":{"self":[{"href":"https:\/\/blogs.univ-tlse2.fr\/rmtb\/wp-json\/wp\/v2\/pages\/166","targetHints":{"allow":["GET"]}}],"collection":[{"href":"https:\/\/blogs.univ-tlse2.fr\/rmtb\/wp-json\/wp\/v2\/pages"}],"about":[{"href":"https:\/\/blogs.univ-tlse2.fr\/rmtb\/wp-json\/wp\/v2\/types\/page"}],"author":[{"embeddable":true,"href":"https:\/\/blogs.univ-tlse2.fr\/rmtb\/wp-json\/wp\/v2\/users\/1263"}],"replies":[{"embeddable":true,"href":"https:\/\/blogs.univ-tlse2.fr\/rmtb\/wp-json\/wp\/v2\/comments?post=166"}],"version-history":[{"count":27,"href":"https:\/\/blogs.univ-tlse2.fr\/rmtb\/wp-json\/wp\/v2\/pages\/166\/revisions"}],"predecessor-version":[{"id":594,"href":"https:\/\/blogs.univ-tlse2.fr\/rmtb\/wp-json\/wp\/v2\/pages\/166\/revisions\/594"}],"wp:attachment":[{"href":"https:\/\/blogs.univ-tlse2.fr\/rmtb\/wp-json\/wp\/v2\/media?parent=166"}],"curies":[{"name":"wp","href":"https:\/\/api.w.org\/{rel}","templated":true}]}}