 {"id":181,"date":"2023-02-21T22:36:04","date_gmt":"2023-02-21T21:36:04","guid":{"rendered":"https:\/\/blogs.univ-tlse2.fr\/rmtb\/?page_id=181"},"modified":"2024-03-14T22:15:30","modified_gmt":"2024-03-14T21:15:30","slug":"macos","status":"publish","type":"page","link":"https:\/\/blogs.univ-tlse2.fr\/rmtb\/macos\/","title":{"rendered":"Configuration du WiFi sous MacOS"},"content":{"rendered":"\n<p>Pour commencer, activer le WiFi.<\/p>\n\n\n\n<figure class=\"wp-block-image size-full is-resized\"><img loading=\"lazy\" decoding=\"async\" width=\"601\" height=\"596\" src=\"https:\/\/blogs.univ-tlse2.fr\/rmtb\/files\/2024\/03\/WiFi-MacOS-1.png\" alt=\"\" class=\"wp-image-565\" style=\"width:295px;height:auto\" srcset=\"https:\/\/blogs.univ-tlse2.fr\/rmtb\/files\/2024\/03\/WiFi-MacOS-1.png 601w, https:\/\/blogs.univ-tlse2.fr\/rmtb\/files\/2024\/03\/WiFi-MacOS-1-300x298.png 300w, https:\/\/blogs.univ-tlse2.fr\/rmtb\/files\/2024\/03\/WiFi-MacOS-1-150x150.png 150w\" sizes=\"auto, (max-width: 601px) 100vw, 601px\" \/><\/figure>\n\n\n\n<h2 class=\"wp-block-heading\">Utilisation du r\u00e9seau Eduroam<\/h2>\n\n\n\n<ol class=\"wp-block-list\">\n<li>Choisir le r\u00e9seau <strong><em>eduroam <\/em><\/strong>dans la liste des r\u00e9seaux sans fil disponibles.<\/li>\n\n\n\n<li>Taper son <a href=\"https:\/\/blogs.univ-tlse2.fr\/rmtb\/identifiant\/\"><strong>identifiant<\/strong> <\/a>et son mot de passe.<\/li>\n\n\n\n<li>Cliquer sur <strong><em>OK<\/em><\/strong><\/li>\n<\/ol>\n\n\n\n<p>Le r\u00e9seau Eduroam n&rsquo;est pas accessible aux \u00e9tudiants IFMS.<\/p>\n\n\n\n<div class=\"wp-block-columns is-layout-flex wp-container-core-columns-is-layout-9d6595d7 wp-block-columns-is-layout-flex\">\n<div class=\"wp-block-column is-layout-flow wp-block-column-is-layout-flow\">\n<figure class=\"wp-block-image size-full is-resized\"><img loading=\"lazy\" decoding=\"async\" width=\"1014\" height=\"788\" src=\"https:\/\/blogs.univ-tlse2.fr\/rmtb\/files\/2024\/03\/WiFi-MacOS-2.png\" alt=\"\" class=\"wp-image-566\" style=\"width:419px;height:auto\" srcset=\"https:\/\/blogs.univ-tlse2.fr\/rmtb\/files\/2024\/03\/WiFi-MacOS-2.png 1014w, https:\/\/blogs.univ-tlse2.fr\/rmtb\/files\/2024\/03\/WiFi-MacOS-2-300x233.png 300w, https:\/\/blogs.univ-tlse2.fr\/rmtb\/files\/2024\/03\/WiFi-MacOS-2-768x597.png 768w, https:\/\/blogs.univ-tlse2.fr\/rmtb\/files\/2024\/03\/WiFi-MacOS-2-676x525.png 676w\" sizes=\"auto, (max-width: 1014px) 100vw, 1014px\" \/><\/figure>\n<\/div>\n\n\n\n<div class=\"wp-block-column is-layout-flow wp-block-column-is-layout-flow\">\n<figure class=\"wp-block-image size-full is-resized\"><img loading=\"lazy\" decoding=\"async\" width=\"1014\" height=\"788\" src=\"https:\/\/blogs.univ-tlse2.fr\/rmtb\/files\/2024\/03\/WiFi-MacOS-3.png\" alt=\"\" class=\"wp-image-567\" style=\"width:420px;height:auto\" srcset=\"https:\/\/blogs.univ-tlse2.fr\/rmtb\/files\/2024\/03\/WiFi-MacOS-3.png 1014w, https:\/\/blogs.univ-tlse2.fr\/rmtb\/files\/2024\/03\/WiFi-MacOS-3-300x233.png 300w, https:\/\/blogs.univ-tlse2.fr\/rmtb\/files\/2024\/03\/WiFi-MacOS-3-768x597.png 768w, https:\/\/blogs.univ-tlse2.fr\/rmtb\/files\/2024\/03\/WiFi-MacOS-3-676x525.png 676w\" sizes=\"auto, (max-width: 1014px) 100vw, 1014px\" \/><\/figure>\n<\/div>\n<\/div>\n\n\n\n<h2 class=\"wp-block-heading\">Utilisation du r\u00e9seau WiFi-UT2JS<\/h2>\n\n\n\n<p>Attention , \u00e0 la premi\u00e8re connexion au r\u00e9seau WiFi-UT2JS, il ne faut pas rentrer son mot de passe, mais la cl\u00e9 de s\u00e9curit\u00e9 : univ-toulouse<\/p>\n\n\n\n<figure class=\"wp-block-image size-large is-resized\"><img loading=\"lazy\" decoding=\"async\" width=\"1024\" height=\"665\" src=\"https:\/\/blogs.univ-tlse2.fr\/rmtb\/files\/2024\/03\/WiFi-MacOS-4-1024x665.png\" alt=\"\" class=\"wp-image-569\" style=\"width:471px;height:auto\" srcset=\"https:\/\/blogs.univ-tlse2.fr\/rmtb\/files\/2024\/03\/WiFi-MacOS-4-1024x665.png 1024w, https:\/\/blogs.univ-tlse2.fr\/rmtb\/files\/2024\/03\/WiFi-MacOS-4-300x195.png 300w, https:\/\/blogs.univ-tlse2.fr\/rmtb\/files\/2024\/03\/WiFi-MacOS-4-768x499.png 768w, https:\/\/blogs.univ-tlse2.fr\/rmtb\/files\/2024\/03\/WiFi-MacOS-4-676x439.png 676w, https:\/\/blogs.univ-tlse2.fr\/rmtb\/files\/2024\/03\/WiFi-MacOS-4.png 1124w\" sizes=\"auto, (max-width: 1024px) 100vw, 1024px\" \/><\/figure>\n\n\n\n<p>Ensuite, le portail captif se lance automatiquement, c&rsquo;est l\u00e0 qu&rsquo;il faut taper son <a href=\"https:\/\/blogs.univ-tlse2.fr\/rmtb\/identifiant\/\"><strong>identifiant<\/strong> <\/a>et son mot de passe.<\/p>\n\n\n\n<figure class=\"wp-block-image size-large is-resized\"><img loading=\"lazy\" decoding=\"async\" width=\"1024\" height=\"698\" src=\"https:\/\/blogs.univ-tlse2.fr\/rmtb\/files\/2024\/03\/WiFi-MacOS-5-1024x698.png\" alt=\"\" class=\"wp-image-572\" style=\"width:606px;height:auto\" srcset=\"https:\/\/blogs.univ-tlse2.fr\/rmtb\/files\/2024\/03\/WiFi-MacOS-5-1024x698.png 1024w, https:\/\/blogs.univ-tlse2.fr\/rmtb\/files\/2024\/03\/WiFi-MacOS-5-300x205.png 300w, https:\/\/blogs.univ-tlse2.fr\/rmtb\/files\/2024\/03\/WiFi-MacOS-5-768x524.png 768w, https:\/\/blogs.univ-tlse2.fr\/rmtb\/files\/2024\/03\/WiFi-MacOS-5-1536x1047.png 1536w, https:\/\/blogs.univ-tlse2.fr\/rmtb\/files\/2024\/03\/WiFi-MacOS-5-676x461.png 676w, https:\/\/blogs.univ-tlse2.fr\/rmtb\/files\/2024\/03\/WiFi-MacOS-5.png 2024w\" sizes=\"auto, (max-width: 1024px) 100vw, 1024px\" \/><\/figure>\n\n\n\n<p>Si le correcteur orthographique de MacOS rajoute automatiquement une majuscule \u00e0 la premi\u00e8re lettre de l&rsquo;<a href=\"https:\/\/blogs.univ-tlse2.fr\/rmtb\/identifiant\/\"><strong>identifiant<\/strong><\/a>, alors la connexion \u00e9choue. Il faut que toutes les lettres de l&rsquo;identifiant soit en minuscule pour pouvoir se connecter.<\/p>\n\n\n\n<h2 class=\"wp-block-heading\">Pr\u00e9requis technique pour utiliser les r\u00e9seaux wifi<\/h2>\n\n\n\n<ul class=\"wp-block-list\">\n<li>L&rsquo;horloge du Mac doit \u00eatre r\u00e9gl\u00e9e \u00e0 la bonne date et \u00e0 la bonne heure pour que MacOS v\u00e9rifie la validit\u00e9 du certificat de s\u00e9curit\u00e9 du contr\u00f4leur WiFi.<\/li>\n\n\n\n<li>Vous devez installer les derni\u00e8res mises \u00e0 jour de MacOS, pour que votre Mac soit compatible avec les protocoles de chiffrement du contr\u00f4leur WiFi et assurer le bon fonctionnement de votre ordinateur.<\/li>\n\n\n\n<li>Pour afficher les mises \u00e0 jour disponibles, aller dans le menu Pomme, puis R\u00e9glages Syst\u00e8me, cliquer sur G\u00e9n\u00e9ral et Mise \u00e0 jour de logiciels. Vous pouvez \u00e9galement utiliser Spotlight pour rechercher \u00ab\u00a0Mise \u00e0 jour de logiciels\u00a0\u00bb, puis l\u2019ouvrir \u00e0 partir des r\u00e9sultats de la recherche.<\/li>\n\n\n\n<li>Si vous rencontrez toujours un probl\u00e8me de connexion, il faut supprimer la cl\u00e9 de s\u00e9curit\u00e9 et le mot de passe du r\u00e9seau WiFi dans le trousseau du Mac dans Applications \u2192 Utilitaire \u2192 Trousseau d&rsquo;acc\u00e8s, puis se connecter \u00e0 nouveau au r\u00e9seau WiFi.<\/li>\n<\/ul>\n","protected":false},"excerpt":{"rendered":"<p>Pour commencer, activer le WiFi. Utilisation du r\u00e9seau Eduroam Le r\u00e9seau Eduroam n&rsquo;est pas accessible aux \u00e9tudiants IFMS. Utilisation du r\u00e9seau WiFi-UT2JS Attention , \u00e0 la premi\u00e8re connexion au r\u00e9seau WiFi-UT2JS, il ne faut pas rentrer son mot de passe, mais la cl\u00e9 de s\u00e9curit\u00e9 : univ-toulouse Ensuite, le portail captif se lance automatiquement, c&rsquo;est [&hellip;]<\/p>\n","protected":false},"author":1263,"featured_media":0,"parent":0,"menu_order":0,"comment_status":"closed","ping_status":"closed","template":"","meta":{"footnotes":""},"class_list":["post-181","page","type-page","status-publish","hentry","post-preview"],"_links":{"self":[{"href":"https:\/\/blogs.univ-tlse2.fr\/rmtb\/wp-json\/wp\/v2\/pages\/181","targetHints":{"allow":["GET"]}}],"collection":[{"href":"https:\/\/blogs.univ-tlse2.fr\/rmtb\/wp-json\/wp\/v2\/pages"}],"about":[{"href":"https:\/\/blogs.univ-tlse2.fr\/rmtb\/wp-json\/wp\/v2\/types\/page"}],"author":[{"embeddable":true,"href":"https:\/\/blogs.univ-tlse2.fr\/rmtb\/wp-json\/wp\/v2\/users\/1263"}],"replies":[{"embeddable":true,"href":"https:\/\/blogs.univ-tlse2.fr\/rmtb\/wp-json\/wp\/v2\/comments?post=181"}],"version-history":[{"count":8,"href":"https:\/\/blogs.univ-tlse2.fr\/rmtb\/wp-json\/wp\/v2\/pages\/181\/revisions"}],"predecessor-version":[{"id":577,"href":"https:\/\/blogs.univ-tlse2.fr\/rmtb\/wp-json\/wp\/v2\/pages\/181\/revisions\/577"}],"wp:attachment":[{"href":"https:\/\/blogs.univ-tlse2.fr\/rmtb\/wp-json\/wp\/v2\/media?parent=181"}],"curies":[{"name":"wp","href":"https:\/\/api.w.org\/{rel}","templated":true}]}}