 {"id":183,"date":"2023-02-21T22:36:46","date_gmt":"2023-02-21T21:36:46","guid":{"rendered":"https:\/\/blogs.univ-tlse2.fr\/rmtb\/?page_id=183"},"modified":"2023-09-06T22:57:43","modified_gmt":"2023-09-06T20:57:43","slug":"windows","status":"publish","type":"page","link":"https:\/\/blogs.univ-tlse2.fr\/rmtb\/windows\/","title":{"rendered":"Configuration du WiFi sous Windows"},"content":{"rendered":"\n<p>Visualiser le guide rapide :<\/p>\n\n\n<div class=\"wp-block-file\"><strong><a id=\"wp-block-file--media-5175b6f1-2ab0-4001-b887-55cf7c24883a\" href=\"https:\/\/blogs.univ-tlse2.fr\/rmtb\/files\/2023\/06\/WIFI-IFMS.pdf\" target=\"_blank\" rel=\"noopener\">WIFI-IFMS.pdf<\/a><\/strong><a class=\"wp-block-file__button wp-element-button\" href=\"https:\/\/blogs.univ-tlse2.fr\/rmtb\/files\/2023\/06\/WIFI-IFMS.pdf\" target=\"_blank\" rel=\"noopener\" aria-describedby=\"wp-block-file--media-5175b6f1-2ab0-4001-b887-55cf7c24883a\">T\u00e9l\u00e9charger<\/a><img loading=\"lazy\" decoding=\"async\" class=\"alignright wp-image-347\" src=\"https:\/\/blogs.univ-tlse2.fr\/rmtb\/files\/2023\/06\/logo-ifms-def-1-1-300x175.png\" alt=\"\" width=\"100\" height=\"58\" srcset=\"https:\/\/blogs.univ-tlse2.fr\/rmtb\/files\/2023\/06\/logo-ifms-def-1-1-300x175.png 300w, https:\/\/blogs.univ-tlse2.fr\/rmtb\/files\/2023\/06\/logo-ifms-def-1-1.png 370w\" sizes=\"auto, (max-width: 100px) 100vw, 100px\" \/><\/div>\n<div class=\"wp-block-file\"><a id=\"wp-block-file--media-5175b6f1-2ab0-4001-b887-55cf7c24883a\" href=\"https:\/\/blogs.univ-tlse2.fr\/rmtb\/files\/2023\/06\/WIFI-INSPE.pdf\" target=\"_blank\" rel=\"noopener\"><strong>WIFI-INSPE.pdf<\/strong><\/a><a class=\"wp-block-file__button wp-element-button\" href=\"https:\/\/blogs.univ-tlse2.fr\/rmtb\/files\/2023\/06\/WIFI-INSPE.pdf\" target=\"_blank\" rel=\"noopener\" aria-describedby=\"wp-block-file--media-5175b6f1-2ab0-4001-b887-55cf7c24883a\">T\u00e9l\u00e9charger<\/a><img loading=\"lazy\" decoding=\"async\" class=\"alignright wp-image-346\" src=\"https:\/\/blogs.univ-tlse2.fr\/rmtb\/files\/2023\/06\/INSPE-carre-300x300.jpg\" alt=\"\" width=\"100\" height=\"100\" srcset=\"https:\/\/blogs.univ-tlse2.fr\/rmtb\/files\/2023\/06\/INSPE-carre-300x300.jpg 300w, https:\/\/blogs.univ-tlse2.fr\/rmtb\/files\/2023\/06\/INSPE-carre-150x150.jpg 150w, https:\/\/blogs.univ-tlse2.fr\/rmtb\/files\/2023\/06\/INSPE-carre.jpg 400w\" sizes=\"auto, (max-width: 100px) 100vw, 100px\" \/><\/div>\n<div class=\"wp-block-file\" style=\"text-align: left\"><a id=\"wp-block-file--media-5175b6f1-2ab0-4001-b887-55cf7c24883a\" href=\"https:\/\/blogs.univ-tlse2.fr\/rmtb\/files\/2023\/06\/WIFI-ISCID.pdf\" target=\"_blank\" rel=\"noopener\"><strong>WIFI-ISCID.pdf<\/strong><\/a><a class=\"wp-block-file__button wp-element-button\" href=\"https:\/\/blogs.univ-tlse2.fr\/rmtb\/files\/2023\/06\/WIFI-ISCID.pdf\" target=\"_blank\" rel=\"noopener\" aria-describedby=\"wp-block-file--media-5175b6f1-2ab0-4001-b887-55cf7c24883a\">T\u00e9l\u00e9charger<\/a><img loading=\"lazy\" decoding=\"async\" class=\"alignright wp-image-348\" src=\"https:\/\/blogs.univ-tlse2.fr\/rmtb\/files\/2023\/06\/logo-iscid.jpg\" alt=\"\" width=\"100\" height=\"101\"><\/div>\n<div class=\"wp-block-file\"><a id=\"wp-block-file--media-5175b6f1-2ab0-4001-b887-55cf7c24883a\" href=\"https:\/\/blogs.univ-tlse2.fr\/rmtb\/files\/2023\/06\/WIFI-UT1.pdf\" target=\"_blank\" rel=\"noopener\"><strong>WIFI-UT1.pdf<\/strong><\/a><a class=\"wp-block-file__button wp-element-button\" href=\"https:\/\/blogs.univ-tlse2.fr\/rmtb\/files\/2023\/06\/WIFI-UT1.pdf\" target=\"_blank\" rel=\"noopener\" aria-describedby=\"wp-block-file--media-5175b6f1-2ab0-4001-b887-55cf7c24883a\">T\u00e9l\u00e9charger<\/a><img loading=\"lazy\" decoding=\"async\" class=\"alignright wp-image-349\" src=\"https:\/\/blogs.univ-tlse2.fr\/rmtb\/files\/2023\/06\/Logo-UT1-300x107.jpg\" alt=\"\" width=\"150\" height=\"54\" srcset=\"https:\/\/blogs.univ-tlse2.fr\/rmtb\/files\/2023\/06\/Logo-UT1-300x107.jpg 300w, https:\/\/blogs.univ-tlse2.fr\/rmtb\/files\/2023\/06\/Logo-UT1-1024x366.jpg 1024w, https:\/\/blogs.univ-tlse2.fr\/rmtb\/files\/2023\/06\/Logo-UT1-768x274.jpg 768w, https:\/\/blogs.univ-tlse2.fr\/rmtb\/files\/2023\/06\/Logo-UT1-1536x549.jpg 1536w, https:\/\/blogs.univ-tlse2.fr\/rmtb\/files\/2023\/06\/Logo-UT1-2048x731.jpg 2048w, https:\/\/blogs.univ-tlse2.fr\/rmtb\/files\/2023\/06\/Logo-UT1-676x241.jpg 676w\" sizes=\"auto, (max-width: 150px) 100vw, 150px\" \/><\/div>\n\n\n<h2 class=\"wp-block-heading\">Utilisation du r\u00e9seau Eduroam<\/h2>\n\n\n\n<ol class=\"wp-block-list\">\n<li>Choisir le r\u00e9seau <strong><em>eduroam <\/em><\/strong>dans la liste des r\u00e9seaux sans fil disponibles.<\/li>\n\n\n\n<li>Taper son <a href=\"https:\/\/blogs.univ-tlse2.fr\/rmtb\/identifiant\/\"><strong>identifiant<\/strong> <\/a>et son mot de passe.<\/li>\n\n\n\n<li>Cliquer sur <strong><em>OK<\/em><\/strong><\/li>\n<\/ol>\n\n\n\n<p>Le r\u00e9seau Eduroam n&rsquo;est pas accessible aux \u00e9tudiants IFMS.<\/p>\n\n\n\n<h2 class=\"wp-block-heading\">Utilisation du r\u00e9seau WiFi-UT2JS<\/h2>\n\n\n\n<p>Attention , \u00e0 la premi\u00e8re connexion au r\u00e9seau WiFi-UT2JS, il ne faut pas rentrer son mot de passe, mais la cl\u00e9 de s\u00e9curit\u00e9 : univ-toulouse<\/p>\n\n\n\n<figure class=\"wp-block-image size-full\"><img loading=\"lazy\" decoding=\"async\" width=\"360\" height=\"163\" src=\"https:\/\/blogs.univ-tlse2.fr\/rmtb\/files\/2023\/09\/Wifi-ut2js-2.jpg\" alt=\"\" class=\"wp-image-462\" srcset=\"https:\/\/blogs.univ-tlse2.fr\/rmtb\/files\/2023\/09\/Wifi-ut2js-2.jpg 360w, https:\/\/blogs.univ-tlse2.fr\/rmtb\/files\/2023\/09\/Wifi-ut2js-2-300x136.jpg 300w\" sizes=\"auto, (max-width: 360px) 100vw, 360px\" \/><\/figure>\n\n\n\n<p>Ensuite, le portail captif se lance automatiquement, c&rsquo;est l\u00e0 qu&rsquo;il faut taper son <a href=\"https:\/\/blogs.univ-tlse2.fr\/rmtb\/identifiant\/\"><strong>identifiant<\/strong> <\/a>et son mot de passe.<\/p>\n\n\n\n<figure class=\"wp-block-image size-full\"><img loading=\"lazy\" decoding=\"async\" width=\"953\" height=\"421\" src=\"https:\/\/blogs.univ-tlse2.fr\/rmtb\/files\/2023\/09\/Wifi-ut2js-3.jpg\" alt=\"\" class=\"wp-image-464\" srcset=\"https:\/\/blogs.univ-tlse2.fr\/rmtb\/files\/2023\/09\/Wifi-ut2js-3.jpg 953w, https:\/\/blogs.univ-tlse2.fr\/rmtb\/files\/2023\/09\/Wifi-ut2js-3-300x133.jpg 300w, https:\/\/blogs.univ-tlse2.fr\/rmtb\/files\/2023\/09\/Wifi-ut2js-3-768x339.jpg 768w, https:\/\/blogs.univ-tlse2.fr\/rmtb\/files\/2023\/09\/Wifi-ut2js-3-676x299.jpg 676w\" sizes=\"auto, (max-width: 953px) 100vw, 953px\" \/><\/figure>\n\n\n\n<p>Si le portail captif ne se lance pas tout seul, il faut ouvrir un navigateur web. La page du portail captif va alors s&rsquo;afficher.<\/p>\n\n\n\n<h2 class=\"wp-block-heading\">Pr\u00e9requis technique pour utiliser les r\u00e9seaux wifi<\/h2>\n\n\n\n<ul class=\"wp-block-list\">\n<li>Windows 7 n&rsquo;est plus compatible avec les bornes WiFi de l&rsquo;Universit\u00e9, Windows 10 ou Windows 11 est requis.<\/li>\n\n\n\n<li>L&rsquo;horloge du portable doit \u00eatre r\u00e9gl\u00e9e \u00e0 la bonne date et \u00e0 la bonne heure pour que Windows puisse v\u00e9rifier la validit\u00e9 du certificat de s\u00e9curit\u00e9 du contr\u00f4leur WiFi.<\/li>\n\n\n\n<li>Vous devez installer les derni\u00e8res mises \u00e0 jour de Windows, pour corriger les failles de s\u00e9curit\u00e9 et assurer le bon fonctionnement de votre ordinateur. Pour afficher les mises \u00e0 jour disponibles, s\u00e9lectionnez Rechercher les mises \u00e0 jour dans le menu D\u00e9marrer \u2192 Param\u00e8tres \u2192 Windows Update.<\/li>\n<\/ul>\n\n\n\n<p><\/p>\n","protected":false},"excerpt":{"rendered":"<p>Visualiser le guide rapide : WIFI-IFMS.pdfT\u00e9l\u00e9charger WIFI-INSPE.pdfT\u00e9l\u00e9charger WIFI-ISCID.pdfT\u00e9l\u00e9charger WIFI-UT1.pdfT\u00e9l\u00e9charger Utilisation du r\u00e9seau Eduroam Le r\u00e9seau Eduroam n&rsquo;est pas accessible aux \u00e9tudiants IFMS. Utilisation du r\u00e9seau WiFi-UT2JS Attention , \u00e0 la premi\u00e8re connexion au r\u00e9seau WiFi-UT2JS, il ne faut pas rentrer son mot de passe, mais la cl\u00e9 de s\u00e9curit\u00e9 : univ-toulouse Ensuite, le portail captif [&hellip;]<\/p>\n","protected":false},"author":1263,"featured_media":0,"parent":0,"menu_order":0,"comment_status":"closed","ping_status":"closed","template":"","meta":{"footnotes":""},"class_list":["post-183","page","type-page","status-publish","hentry","post-preview"],"_links":{"self":[{"href":"https:\/\/blogs.univ-tlse2.fr\/rmtb\/wp-json\/wp\/v2\/pages\/183","targetHints":{"allow":["GET"]}}],"collection":[{"href":"https:\/\/blogs.univ-tlse2.fr\/rmtb\/wp-json\/wp\/v2\/pages"}],"about":[{"href":"https:\/\/blogs.univ-tlse2.fr\/rmtb\/wp-json\/wp\/v2\/types\/page"}],"author":[{"embeddable":true,"href":"https:\/\/blogs.univ-tlse2.fr\/rmtb\/wp-json\/wp\/v2\/users\/1263"}],"replies":[{"embeddable":true,"href":"https:\/\/blogs.univ-tlse2.fr\/rmtb\/wp-json\/wp\/v2\/comments?post=183"}],"version-history":[{"count":30,"href":"https:\/\/blogs.univ-tlse2.fr\/rmtb\/wp-json\/wp\/v2\/pages\/183\/revisions"}],"predecessor-version":[{"id":564,"href":"https:\/\/blogs.univ-tlse2.fr\/rmtb\/wp-json\/wp\/v2\/pages\/183\/revisions\/564"}],"wp:attachment":[{"href":"https:\/\/blogs.univ-tlse2.fr\/rmtb\/wp-json\/wp\/v2\/media?parent=183"}],"curies":[{"name":"wp","href":"https:\/\/api.w.org\/{rel}","templated":true}]}}