 {"id":341,"date":"2023-06-08T13:42:31","date_gmt":"2023-06-08T11:42:31","guid":{"rendered":"https:\/\/blogs.univ-tlse2.fr\/rmtb\/?page_id=341"},"modified":"2024-07-08T11:29:11","modified_gmt":"2024-07-08T09:29:11","slug":"identifiant","status":"publish","type":"page","link":"https:\/\/blogs.univ-tlse2.fr\/rmtb\/identifiant\/","title":{"rendered":"Identifiant de connexion au r\u00e9seau WiFi"},"content":{"rendered":"\n<p>Le compte ENT doit \u00eatre activ\u00e9. En cas d\u2019activation r\u00e9cente du compte ENT, il est conseill\u00e9 d\u2019attendre 24h avant de se connecter au WiFi.<\/p>\n\n\n\n<figure class=\"wp-block-table\"><table><tbody><tr><td><img loading=\"lazy\" decoding=\"async\" width=\"370\" height=\"216\" class=\"wp-image-347\" style=\"width: 300px\" src=\"https:\/\/blogs.univ-tlse2.fr\/rmtb\/files\/2023\/06\/logo-ifms-def-1-1.png\" alt=\"\" srcset=\"https:\/\/blogs.univ-tlse2.fr\/rmtb\/files\/2023\/06\/logo-ifms-def-1-1.png 370w, https:\/\/blogs.univ-tlse2.fr\/rmtb\/files\/2023\/06\/logo-ifms-def-1-1-300x175.png 300w\" sizes=\"auto, (max-width: 370px) 100vw, 370px\" \/><\/td><td>Identifiant IFMS : <strong>IF_p.nom<\/strong><br>Mot de passe : <strong>envoy\u00e9 par email par le centre hospitalier<\/strong><br><br><a rel=\"noreferrer noopener\" href=\"https:\/\/sawp.univ-tlse2.fr\/modpwd\/\" target=\"_blank\">Cliquer ici pour changer ou r\u00e9initialiser son mot de passe.<\/a><br><br>Le mot de passe envoy\u00e9 par le centre hospitalier donne acc\u00e8s uniquement au r\u00e9seau <strong>WiFi-UT2J-S<\/strong>.<\/td><\/tr><tr><td><img loading=\"lazy\" decoding=\"async\" width=\"400\" height=\"400\" class=\"wp-image-346\" style=\"width: 300px\" src=\"https:\/\/blogs.univ-tlse2.fr\/rmtb\/files\/2023\/06\/INSPE-carre.jpg\" alt=\"\" srcset=\"https:\/\/blogs.univ-tlse2.fr\/rmtb\/files\/2023\/06\/INSPE-carre.jpg 400w, https:\/\/blogs.univ-tlse2.fr\/rmtb\/files\/2023\/06\/INSPE-carre-300x300.jpg 300w, https:\/\/blogs.univ-tlse2.fr\/rmtb\/files\/2023\/06\/INSPE-carre-150x150.jpg 150w\" sizes=\"auto, (max-width: 400px) 100vw, 400px\" \/><\/td><td>Identifiant INSPE : <strong>p&#x72;&#x65;n&#111;&#x6d;&#46;&#110;&#x6f;&#x6d;&#64;&#x65;&#x74;u&#46;&#x75;n&#105;&#x76;&#x2d;t&#x6c;&#x73;e&#50;&#x2e;f&#114;<\/strong><br>Mot de passe : <strong>celui de l&rsquo;ENT<\/strong><br><br><a rel=\"noreferrer noopener\" href=\"https:\/\/emile.univ-tlse2.fr\/nocas\" target=\"_blank\">Plus d&rsquo;informations ici<\/a><\/td><\/tr><tr><td><img loading=\"lazy\" decoding=\"async\" width=\"150\" height=\"151\" class=\"wp-image-80\" style=\"width: 300px\" src=\"https:\/\/blogs.univ-tlse2.fr\/rmtb\/files\/2023\/02\/logo-iscid.jpg\" alt=\"\"><\/td><td>Identifiant ISCID : <strong>&#112;&#x72;e&#x6e;o&#109;&#x2e;n&#x6f;m&#x40;e&#116;&#x75;&#46;&#x75;n&#x69;&#x76;&#45;&#x74;l&#x73;e&#50;&#x2e;f&#x72;<\/strong><br>Mot de passe : <strong>celui de l&rsquo;ENT<\/strong><br><br><a rel=\"noreferrer noopener\" href=\"https:\/\/emile.univ-tlse2.fr\/nocas\" target=\"_blank\">Plus d&rsquo;informations ici.<\/a><\/td><\/tr><tr><td><img loading=\"lazy\" decoding=\"async\" width=\"2560\" height=\"914\" class=\"wp-image-94\" style=\"width: 300px\" src=\"https:\/\/blogs.univ-tlse2.fr\/rmtb\/files\/2023\/02\/Logo-UT1-scaled.jpg\" alt=\"\" srcset=\"https:\/\/blogs.univ-tlse2.fr\/rmtb\/files\/2023\/02\/Logo-UT1-scaled.jpg 2560w, https:\/\/blogs.univ-tlse2.fr\/rmtb\/files\/2023\/02\/Logo-UT1-300x107.jpg 300w, https:\/\/blogs.univ-tlse2.fr\/rmtb\/files\/2023\/02\/Logo-UT1-1024x366.jpg 1024w, https:\/\/blogs.univ-tlse2.fr\/rmtb\/files\/2023\/02\/Logo-UT1-768x274.jpg 768w, https:\/\/blogs.univ-tlse2.fr\/rmtb\/files\/2023\/02\/Logo-UT1-1536x549.jpg 1536w, https:\/\/blogs.univ-tlse2.fr\/rmtb\/files\/2023\/02\/Logo-UT1-2048x731.jpg 2048w, https:\/\/blogs.univ-tlse2.fr\/rmtb\/files\/2023\/02\/Logo-UT1-676x241.jpg 676w\" sizes=\"auto, (max-width: 2560px) 100vw, 2560px\" \/><\/td><td>Identifiant UT1 : <strong>&#x69;d&#x65;n&#x74;&#105;f&#x69;a&#x6e;&#116;-&#x45;N&#x54;&#64;u&#x74;-&#x63;a&#x70;&#x69;t&#x6f;l&#x65;&#46;f&#x72;<\/strong><br>Mot de passe : <strong>celui de l&rsquo;ENT<\/strong><br><br>L\u2019identifiant ENT est de la forme :<br><br>&#8211; &#x61;&#x62;&#x63;&#x31;&#50;&#51;4z&#64;ut&#x2d;&#x63;&#x61;&#x70;&#x69;&#116;ole&#46;f&#x72; (\u00e9tudiants apr\u00e8s 2022)<br><br>&#8211; &#x32;&#x32;&#x31;&#x32;&#x33;&#x34;&#x35;&#x36;&#x40;&#x75;&#x74;&#x2d;&#x63;&#x61;&#112;&#105;&#116;&#111;&#108;&#101;&#46;fr (\u00e9tudiants avant 2022)<br><br>&#8211; jdu&#112;&#111;&#x6e;&#x74;&#x40;&#x75;t-c&#97;&#112;&#x69;&#x74;&#x6f;&#x6c;e&#46;f&#114; (personnels UT1)<br><br><a href=\"https:\/\/www.ut-capitole.fr\/accueil\/campus\/vie-etudiante\/outils-numeriques\/quest-ce-quun-compte-informatique-comment-lutiliser\" target=\"_blank\" rel=\"noreferrer noopener\">Plus d&rsquo;informations ici.<\/a><\/td><\/tr><\/tbody><\/table><\/figure>\n\n\n\n<p><strong>Cliquer sur le syst\u00e8me d&rsquo;exploitation de votre choix pour configurer le WiFi :<\/strong><\/p>\n\n\n\n<div class=\"wp-block-columns is-layout-flex wp-container-core-columns-is-layout-9d6595d7 wp-block-columns-is-layout-flex\">\n<div class=\"wp-block-column is-layout-flow wp-block-column-is-layout-flow\"><div class=\"wp-block-image\">\n<figure class=\"aligncenter size-full is-resized\"><a href=\"https:\/\/blogs.univ-tlse2.fr\/rmtb\/windows\/\"><img loading=\"lazy\" decoding=\"async\" width=\"1022\" height=\"1024\" src=\"https:\/\/blogs.univ-tlse2.fr\/rmtb\/files\/2023\/06\/Windows_logo.png\" alt=\"\" class=\"wp-image-328\" style=\"width:200px;height:200px\" srcset=\"https:\/\/blogs.univ-tlse2.fr\/rmtb\/files\/2023\/06\/Windows_logo.png 1022w, https:\/\/blogs.univ-tlse2.fr\/rmtb\/files\/2023\/06\/Windows_logo-300x300.png 300w, https:\/\/blogs.univ-tlse2.fr\/rmtb\/files\/2023\/06\/Windows_logo-150x150.png 150w, https:\/\/blogs.univ-tlse2.fr\/rmtb\/files\/2023\/06\/Windows_logo-768x770.png 768w, https:\/\/blogs.univ-tlse2.fr\/rmtb\/files\/2023\/06\/Windows_logo-676x677.png 676w\" sizes=\"auto, (max-width: 1022px) 100vw, 1022px\" \/><\/a><figcaption class=\"wp-element-caption\"><strong><a href=\"https:\/\/blogs.univ-tlse2.fr\/rmtb\/windows\/\">Windows<\/a><\/strong><\/figcaption><\/figure>\n<\/div><\/div>\n\n\n\n<div class=\"wp-block-column is-layout-flow wp-block-column-is-layout-flow\"><div class=\"wp-block-image\">\n<figure class=\"aligncenter size-full is-resized\"><a href=\"https:\/\/blogs.univ-tlse2.fr\/rmtb\/macos\/\"><img loading=\"lazy\" decoding=\"async\" width=\"320\" height=\"373\" src=\"https:\/\/blogs.univ-tlse2.fr\/rmtb\/files\/2023\/06\/Logo_Apple.inc_.gif\" alt=\"\" class=\"wp-image-329\" style=\"width:168px;height:197px\" \/><\/a><figcaption class=\"wp-element-caption\"><strong><a href=\"https:\/\/blogs.univ-tlse2.fr\/rmtb\/macos\/\">MacOS<\/a><\/strong><\/figcaption><\/figure>\n<\/div><\/div>\n\n\n\n<div class=\"wp-block-column is-layout-flow wp-block-column-is-layout-flow\"><div class=\"wp-block-image\">\n<figure class=\"aligncenter size-large is-resized\"><a href=\"https:\/\/blogs.univ-tlse2.fr\/rmtb\/android\/\"><img loading=\"lazy\" decoding=\"async\" width=\"861\" height=\"1024\" src=\"https:\/\/blogs.univ-tlse2.fr\/rmtb\/files\/2023\/06\/Android_Logo-861x1024.png\" alt=\"\" class=\"wp-image-337\" style=\"width:167px;height:198px\" srcset=\"https:\/\/blogs.univ-tlse2.fr\/rmtb\/files\/2023\/06\/Android_Logo-861x1024.png 861w, https:\/\/blogs.univ-tlse2.fr\/rmtb\/files\/2023\/06\/Android_Logo-252x300.png 252w, https:\/\/blogs.univ-tlse2.fr\/rmtb\/files\/2023\/06\/Android_Logo-768x914.png 768w, https:\/\/blogs.univ-tlse2.fr\/rmtb\/files\/2023\/06\/Android_Logo-676x804.png 676w, https:\/\/blogs.univ-tlse2.fr\/rmtb\/files\/2023\/06\/Android_Logo.png 1024w\" sizes=\"auto, (max-width: 861px) 100vw, 861px\" \/><\/a><figcaption class=\"wp-element-caption\"><strong><a href=\"https:\/\/blogs.univ-tlse2.fr\/rmtb\/android\/\">Android<\/a><\/strong><\/figcaption><\/figure>\n<\/div><\/div>\n<\/div>\n","protected":false},"excerpt":{"rendered":"<p>Le compte ENT doit \u00eatre activ\u00e9. En cas d\u2019activation r\u00e9cente du compte ENT, il est conseill\u00e9 d\u2019attendre 24h avant de se connecter au WiFi. Identifiant IFMS : IF_p.nomMot de passe : envoy\u00e9 par email par le centre hospitalier Cliquer ici pour changer ou r\u00e9initialiser son mot de passe. Le mot de passe envoy\u00e9 par le [&hellip;]<\/p>\n","protected":false},"author":1263,"featured_media":0,"parent":0,"menu_order":0,"comment_status":"closed","ping_status":"closed","template":"","meta":{"footnotes":""},"class_list":["post-341","page","type-page","status-publish","hentry","post-preview"],"_links":{"self":[{"href":"https:\/\/blogs.univ-tlse2.fr\/rmtb\/wp-json\/wp\/v2\/pages\/341","targetHints":{"allow":["GET"]}}],"collection":[{"href":"https:\/\/blogs.univ-tlse2.fr\/rmtb\/wp-json\/wp\/v2\/pages"}],"about":[{"href":"https:\/\/blogs.univ-tlse2.fr\/rmtb\/wp-json\/wp\/v2\/types\/page"}],"author":[{"embeddable":true,"href":"https:\/\/blogs.univ-tlse2.fr\/rmtb\/wp-json\/wp\/v2\/users\/1263"}],"replies":[{"embeddable":true,"href":"https:\/\/blogs.univ-tlse2.fr\/rmtb\/wp-json\/wp\/v2\/comments?post=341"}],"version-history":[{"count":28,"href":"https:\/\/blogs.univ-tlse2.fr\/rmtb\/wp-json\/wp\/v2\/pages\/341\/revisions"}],"predecessor-version":[{"id":596,"href":"https:\/\/blogs.univ-tlse2.fr\/rmtb\/wp-json\/wp\/v2\/pages\/341\/revisions\/596"}],"wp:attachment":[{"href":"https:\/\/blogs.univ-tlse2.fr\/rmtb\/wp-json\/wp\/v2\/media?parent=341"}],"curies":[{"name":"wp","href":"https:\/\/api.w.org\/{rel}","templated":true}]}}