 {"id":499,"date":"2023-12-18T23:02:24","date_gmt":"2023-12-18T22:02:24","guid":{"rendered":"https:\/\/blogs.univ-tlse2.fr\/rmtb\/?page_id=499"},"modified":"2024-06-06T11:21:33","modified_gmt":"2024-06-06T09:21:33","slug":"informatique-et-reprographie","status":"publish","type":"page","link":"https:\/\/blogs.univ-tlse2.fr\/rmtb\/informatique-et-reprographie\/","title":{"rendered":"Informatique et reprographie"},"content":{"rendered":"\n<p>L&rsquo;espace informatique et reprographie se situe au RDC de la biblioth\u00e8que du Centre Universitaire. Il est accessible \u00e0 tous les \u00e9tudiants mais aussi aux publics ext\u00e9rieurs, sous condition d\u2019inscription (<a href=\"https:\/\/univ.tarnetgaronne.fr\/mediatheque\">plus d&rsquo;informations ici<\/a>).<\/p>\n\n\n\n<p>Un service de reprographie propose des impressions et photocopies au tarif de 4 \u20ac les 100 unit\u00e9s, 5 \u20ac les 200 unit\u00e9s ou 6 \u20ac les 300 unit\u00e9s (paiement en ch\u00e8que ou esp\u00e8ces uniquement). Il est possible de scanner gratuitement sur cl\u00e9 USB.<\/p>\n\n\n\n<figure class=\"wp-block-table\"><table><tbody><tr><td>A4 N&amp;B<\/td><td>A4 couleur<\/td><td>A3 N&amp;B<\/td><td>A3 couleur<\/td><\/tr><tr><td>1 unit\u00e9<\/td><td>2 unit\u00e9s<\/td><td>4 unit\u00e9s<\/td><td>10 unit\u00e9s<\/td><\/tr><\/tbody><\/table><\/figure>\n\n\n\n<p>Une salle en libre acc\u00e8s est \u00e9quip\u00e9e de 5 micro-ordinateurs d\u00e9di\u00e9s \u00e0 la consultation des ressources documentaires et num\u00e9riques. La suite bureautique Microsoft Office 2021 (Word, Excel, PowerPoint, Publisher) et le logiciel de correction et d\u2019aide \u00e0 la r\u00e9daction  Antidote sont disponibles dans cette salle.<\/p>\n\n\n\n<p>M\u00e9thode de connexion aux ordinateurs de la salle en libre acc\u00e8s du RDC de la m\u00e9diath\u00e8que :<\/p>\n\n\n<div class=\"wp-block-file\"><strong><a id=\"wp-block-file--media-5175b6f1-2ab0-4001-b887-55cf7c24883a\" href=\"https:\/\/blogs.univ-tlse2.fr\/rmtb\/files\/2024\/01\/Authentification-IFMS.pdf\" target=\"_blank\" rel=\"noopener\">Authentification-IFMS.pdf<\/a><\/strong><a class=\"wp-block-file__button wp-element-button\" href=\"https:\/\/blogs.univ-tlse2.fr\/rmtb\/files\/2024\/01\/Authentification-IFMS.pdf\" target=\"_blank\" rel=\"noopener\" aria-describedby=\"wp-block-file--media-5175b6f1-2ab0-4001-b887-55cf7c24883a\">T\u00e9l\u00e9charger<\/a><img loading=\"lazy\" decoding=\"async\" class=\"alignright wp-image-347\" src=\"https:\/\/blogs.univ-tlse2.fr\/rmtb\/files\/2023\/06\/logo-ifms-def-1-1-300x175.png\" alt=\"\" width=\"100\" height=\"58\" srcset=\"https:\/\/blogs.univ-tlse2.fr\/rmtb\/files\/2023\/06\/logo-ifms-def-1-1-300x175.png 300w, https:\/\/blogs.univ-tlse2.fr\/rmtb\/files\/2023\/06\/logo-ifms-def-1-1.png 370w\" sizes=\"auto, (max-width: 100px) 100vw, 100px\" \/><\/div>\n<div class=\"wp-block-file\"><a id=\"wp-block-file--media-5175b6f1-2ab0-4001-b887-55cf7c24883a\" href=\"https:\/\/blogs.univ-tlse2.fr\/rmtb\/files\/2024\/01\/Authentification-INSPE.pdf\" target=\"_blank\" rel=\"noopener\"><strong>Authentification-INSPE.pdf<\/strong><\/a><a class=\"wp-block-file__button wp-element-button\" href=\"https:\/\/blogs.univ-tlse2.fr\/rmtb\/files\/2024\/01\/Authentification-INSPE.pdf\" target=\"_blank\" rel=\"noopener\" aria-describedby=\"wp-block-file--media-5175b6f1-2ab0-4001-b887-55cf7c24883a\">T\u00e9l\u00e9charger<\/a><img loading=\"lazy\" decoding=\"async\" class=\"alignright wp-image-346\" src=\"https:\/\/blogs.univ-tlse2.fr\/rmtb\/files\/2023\/06\/INSPE-carre-300x300.jpg\" alt=\"\" width=\"100\" height=\"100\" srcset=\"https:\/\/blogs.univ-tlse2.fr\/rmtb\/files\/2023\/06\/INSPE-carre-300x300.jpg 300w, https:\/\/blogs.univ-tlse2.fr\/rmtb\/files\/2023\/06\/INSPE-carre-150x150.jpg 150w, https:\/\/blogs.univ-tlse2.fr\/rmtb\/files\/2023\/06\/INSPE-carre.jpg 400w\" sizes=\"auto, (max-width: 100px) 100vw, 100px\" \/><\/div>\n<div class=\"wp-block-file\" style=\"text-align: left\"><a id=\"wp-block-file--media-5175b6f1-2ab0-4001-b887-55cf7c24883a\" href=\"https:\/\/blogs.univ-tlse2.fr\/rmtb\/files\/2024\/01\/Authentification-ISCID.pdf\" target=\"_blank\" rel=\"noopener\"><strong>Authentification-ISCID.pdf<\/strong><\/a><a class=\"wp-block-file__button wp-element-button\" href=\"https:\/\/blogs.univ-tlse2.fr\/rmtb\/files\/2024\/01\/Authentification-ISCID.pdf\" target=\"_blank\" rel=\"noopener\" aria-describedby=\"wp-block-file--media-5175b6f1-2ab0-4001-b887-55cf7c24883a\">T\u00e9l\u00e9charger<\/a><img loading=\"lazy\" decoding=\"async\" class=\"alignright wp-image-348\" src=\"https:\/\/blogs.univ-tlse2.fr\/rmtb\/files\/2023\/06\/logo-iscid.jpg\" alt=\"\" width=\"100\" height=\"101\" \/><\/div>\n<div class=\"wp-block-file\"><a id=\"wp-block-file--media-5175b6f1-2ab0-4001-b887-55cf7c24883a\" href=\"https:\/\/blogs.univ-tlse2.fr\/rmtb\/files\/2024\/01\/Authentification-UT1.pdf\" target=\"_blank\" rel=\"noopener\"><strong>Authentification-UT1.pdf<\/strong><\/a><a class=\"wp-block-file__button wp-element-button\" href=\"https:\/\/blogs.univ-tlse2.fr\/rmtb\/files\/2024\/01\/Authentification-UT1.pdf\" target=\"_blank\" rel=\"noopener\" aria-describedby=\"wp-block-file--media-5175b6f1-2ab0-4001-b887-55cf7c24883a\">T\u00e9l\u00e9charger<\/a><img loading=\"lazy\" decoding=\"async\" class=\"alignright wp-image-349\" src=\"https:\/\/blogs.univ-tlse2.fr\/rmtb\/files\/2023\/06\/Logo-UT1-300x107.jpg\" alt=\"\" width=\"150\" height=\"54\" srcset=\"https:\/\/blogs.univ-tlse2.fr\/rmtb\/files\/2023\/06\/Logo-UT1-300x107.jpg 300w, https:\/\/blogs.univ-tlse2.fr\/rmtb\/files\/2023\/06\/Logo-UT1-1024x366.jpg 1024w, https:\/\/blogs.univ-tlse2.fr\/rmtb\/files\/2023\/06\/Logo-UT1-768x274.jpg 768w, https:\/\/blogs.univ-tlse2.fr\/rmtb\/files\/2023\/06\/Logo-UT1-1536x549.jpg 1536w, https:\/\/blogs.univ-tlse2.fr\/rmtb\/files\/2023\/06\/Logo-UT1-2048x731.jpg 2048w, https:\/\/blogs.univ-tlse2.fr\/rmtb\/files\/2023\/06\/Logo-UT1-676x241.jpg 676w\" sizes=\"auto, (max-width: 150px) 100vw, 150px\" \/><\/div>","protected":false},"excerpt":{"rendered":"<p>L&rsquo;espace informatique et reprographie se situe au RDC de la biblioth\u00e8que du Centre Universitaire. Il est accessible \u00e0 tous les \u00e9tudiants mais aussi aux publics ext\u00e9rieurs, sous condition d\u2019inscription (plus d&rsquo;informations ici). Un service de reprographie propose des impressions et photocopies au tarif de 4 \u20ac les 100 unit\u00e9s, 5 \u20ac les 200 unit\u00e9s ou [&hellip;]<\/p>\n","protected":false},"author":1263,"featured_media":0,"parent":0,"menu_order":0,"comment_status":"closed","ping_status":"closed","template":"","meta":{"footnotes":""},"class_list":["post-499","page","type-page","status-publish","hentry","post-preview"],"_links":{"self":[{"href":"https:\/\/blogs.univ-tlse2.fr\/rmtb\/wp-json\/wp\/v2\/pages\/499","targetHints":{"allow":["GET"]}}],"collection":[{"href":"https:\/\/blogs.univ-tlse2.fr\/rmtb\/wp-json\/wp\/v2\/pages"}],"about":[{"href":"https:\/\/blogs.univ-tlse2.fr\/rmtb\/wp-json\/wp\/v2\/types\/page"}],"author":[{"embeddable":true,"href":"https:\/\/blogs.univ-tlse2.fr\/rmtb\/wp-json\/wp\/v2\/users\/1263"}],"replies":[{"embeddable":true,"href":"https:\/\/blogs.univ-tlse2.fr\/rmtb\/wp-json\/wp\/v2\/comments?post=499"}],"version-history":[{"count":7,"href":"https:\/\/blogs.univ-tlse2.fr\/rmtb\/wp-json\/wp\/v2\/pages\/499\/revisions"}],"predecessor-version":[{"id":584,"href":"https:\/\/blogs.univ-tlse2.fr\/rmtb\/wp-json\/wp\/v2\/pages\/499\/revisions\/584"}],"wp:attachment":[{"href":"https:\/\/blogs.univ-tlse2.fr\/rmtb\/wp-json\/wp\/v2\/media?parent=499"}],"curies":[{"name":"wp","href":"https:\/\/api.w.org\/{rel}","templated":true}]}}