 {"id":514,"date":"2023-12-18T23:26:50","date_gmt":"2023-12-18T22:26:50","guid":{"rendered":"https:\/\/blogs.univ-tlse2.fr\/rmtb\/?page_id=514"},"modified":"2023-12-18T23:31:06","modified_gmt":"2023-12-18T22:31:06","slug":"ecole-normale","status":"publish","type":"page","link":"https:\/\/blogs.univ-tlse2.fr\/rmtb\/ecole-normale\/","title":{"rendered":"Ecole Normale de formation des instituteurs"},"content":{"rendered":"\n<p>Le 31 Mars 1833, une \u00e9cole normale d\u2019instituteurs est inaugur\u00e9e au 28 rue de la Banque \u00e0 Montauban. Bien que jug\u00e9s mal adapt\u00e9s, les locaux servent jusqu\u2019en 1879. La formation des institutrices, quant \u00e0 elle, est confi\u00e9e aux Dames de Nevers \u00e0 partir de 1867 et jusqu\u2019en 1883.<\/p>\n\n\n\n<p>En 1875, le Conseil G\u00e9n\u00e9ral de Tarn-et-Garonne d\u00e9bute la construction d\u2019une nouvelle \u00e9cole normale de gar\u00e7ons, en remplacement de celle \u00e9difi\u00e9e en 1833 rue de la Banque, sur un terrain en bordure du cours Foucault, lieu ou si\u00e8gent actuellement les Archives d\u00e9partementales. L\u2019\u00e9cole normale de gar\u00e7ons s\u2019y installe \u00e0 partir de 1877.<\/p>\n\n\n\n<figure class=\"wp-block-image size-full\"><img loading=\"lazy\" decoding=\"async\" width=\"1024\" height=\"663\" src=\"https:\/\/blogs.univ-tlse2.fr\/rmtb\/files\/2023\/06\/photo-EN-3.gif\" alt=\"\" class=\"wp-image-206\" \/><\/figure>\n\n\n\n<p>La nouvelle \u00e9cole normale du boulevard Montauriol est mise en chantier en 1881 en tant qu\u2019\u00e9cole normale des filles, sur le site actuel du Campus Universitaire. Dans le cadre de regroupements avec les d\u00e9partements voisins, les filles partent pour Agen \u00e0 partir de 1904, et leur \u00e9cole devient masculine avec l\u2019abandon de celle du cours Foucault.<\/p>\n\n\n\n<figure class=\"wp-block-image size-full\"><img loading=\"lazy\" decoding=\"async\" width=\"1000\" height=\"645\" src=\"https:\/\/blogs.univ-tlse2.fr\/rmtb\/files\/2023\/02\/Ecole-Normale-1918.jpg\" alt=\"\" class=\"wp-image-18\" srcset=\"https:\/\/blogs.univ-tlse2.fr\/rmtb\/files\/2023\/02\/Ecole-Normale-1918.jpg 1000w, https:\/\/blogs.univ-tlse2.fr\/rmtb\/files\/2023\/02\/Ecole-Normale-1918-300x194.jpg 300w, https:\/\/blogs.univ-tlse2.fr\/rmtb\/files\/2023\/02\/Ecole-Normale-1918-768x495.jpg 768w\" sizes=\"auto, (max-width: 1000px) 100vw, 1000px\" \/><\/figure>\n\n\n\n<p>En 1934, le Lot et Garonne reprend sont autonomie et les \u00e9l\u00e8ves institutrices retrouvent des cours mixtes dans leur ancienne \u00e9cole normale, ainsi qu\u2019un h\u00e9bergement au lyc\u00e9e Michelet de Montauban. En 1946, la fusion se fait, cette fois ci, avec le d\u00e9partement du Lot, les jeunes filles vont \u00e9tudier \u00e0 Cahors et les jeunes gar\u00e7ons du Lot viennent \u00e0 Montauban.<\/p>\n\n\n\n<figure class=\"wp-block-image size-full\"><img loading=\"lazy\" decoding=\"async\" width=\"580\" height=\"372\" src=\"https:\/\/blogs.univ-tlse2.fr\/rmtb\/files\/2023\/06\/photo-EN-1.jpg\" alt=\"\" class=\"wp-image-204\" srcset=\"https:\/\/blogs.univ-tlse2.fr\/rmtb\/files\/2023\/06\/photo-EN-1.jpg 580w, https:\/\/blogs.univ-tlse2.fr\/rmtb\/files\/2023\/06\/photo-EN-1-300x192.jpg 300w\" sizes=\"auto, (max-width: 580px) 100vw, 580px\" \/><\/figure>\n\n\n\n<p>A partir de 1968 l\u2019\u00e9cole devient mixte et un second internat est construit pour les filles dans l\u2019actuel B\u00e2timent des Savoirs (occup\u00e9 par l&nbsp;\u2018Universit\u00e9 Toulouse 1 Capitole). L\u2019ann\u00e9e 1968 c\u2019est aussi la fin des platanes du boulevard Montauriol, chang\u00e9 en axe moderne de circulation. Les travaux d\u2019am\u00e9nagement des boulevards Blaise-Doumerc et Montauriol engag\u00e9s par la municipalit\u00e9 pour remodeler les boulevards en axe routier moderne capable d\u2019absorber la circulation (arrachages des arbres, terrassements, mise en place des r\u00e9seaux, etc) se terminent le 15 Juin 1969.<\/p>\n\n\n\n<figure class=\"wp-block-image size-full\"><img loading=\"lazy\" decoding=\"async\" width=\"596\" height=\"395\" src=\"https:\/\/blogs.univ-tlse2.fr\/rmtb\/files\/2023\/06\/EN-Boulevard.jpg\" alt=\"\" class=\"wp-image-205\" srcset=\"https:\/\/blogs.univ-tlse2.fr\/rmtb\/files\/2023\/06\/EN-Boulevard.jpg 596w, https:\/\/blogs.univ-tlse2.fr\/rmtb\/files\/2023\/06\/EN-Boulevard-300x199.jpg 300w\" sizes=\"auto, (max-width: 596px) 100vw, 596px\" \/><\/figure>\n\n\n\n<p>Les trois ailes du b\u00e2timent historique forment une cour int\u00e9rieure. L\u2019une des ailes est continu\u00e9e par l\u2019\u00e9cole annexe, une \u00e9cole \u00e9l\u00e9mentaire d\u00e9di\u00e9e \u00e0 l\u2019intervention des \u00e9l\u00e8ves-ma\u00eetres stagiaires. Au milieu se trouvent les cuisines et le r\u00e9fectoire. Sur la partie gauche, quand on regarde la fa\u00e7ade, deux b\u00e2timents sont venus s\u2019ajouter, post\u00e9rieur \u00e0 la construction de l\u2019\u00e9cole normale, le b\u00e2timent scientifique et le gymnase. Le directeur de l\u2019\u00e9cole normale et l\u2019intendant, occupent le premier \u00e9tage de l\u2019aile droite. Cette pr\u00e9sence physique permanente permet \u00e0 l\u2019intendant, en dehors de ses heures de travail, de visiter le dortoir pour voir si tout est en ordre, et au directeur de conforter son autorit\u00e9.<\/p>\n\n\n\n<p>La grille de fer forg\u00e9 qui constitue l\u2019entr\u00e9e principale est immobile depuis sans doute 1969, depuis on utilise l\u2019entr\u00e9e des voitures sur la gauche en regardant la fa\u00e7ade. Sur la droite, dans un coin, un monument de pierre occupant une petite partie du jardin est \u00e9rig\u00e9 en 1922, avec dessus une liste de noms grav\u00e9s&nbsp;: le monument aux morts.<\/p>\n\n\n\n<figure class=\"wp-block-image size-large\"><img loading=\"lazy\" decoding=\"async\" width=\"1024\" height=\"803\" src=\"https:\/\/blogs.univ-tlse2.fr\/rmtb\/files\/2023\/06\/monument-aux-morts-1024x803.jpg\" alt=\"\" class=\"wp-image-225\" srcset=\"https:\/\/blogs.univ-tlse2.fr\/rmtb\/files\/2023\/06\/monument-aux-morts-1024x803.jpg 1024w, https:\/\/blogs.univ-tlse2.fr\/rmtb\/files\/2023\/06\/monument-aux-morts-300x235.jpg 300w, https:\/\/blogs.univ-tlse2.fr\/rmtb\/files\/2023\/06\/monument-aux-morts-768x602.jpg 768w, https:\/\/blogs.univ-tlse2.fr\/rmtb\/files\/2023\/06\/monument-aux-morts-1536x1204.jpg 1536w, https:\/\/blogs.univ-tlse2.fr\/rmtb\/files\/2023\/06\/monument-aux-morts-2048x1606.jpg 2048w, https:\/\/blogs.univ-tlse2.fr\/rmtb\/files\/2023\/06\/monument-aux-morts-676x530.jpg 676w\" sizes=\"auto, (max-width: 1024px) 100vw, 1024px\" \/><\/figure>\n","protected":false},"excerpt":{"rendered":"<p>Le 31 Mars 1833, une \u00e9cole normale d\u2019instituteurs est inaugur\u00e9e au 28 rue de la Banque \u00e0 Montauban. Bien que jug\u00e9s mal adapt\u00e9s, les locaux servent jusqu\u2019en 1879. La formation des institutrices, quant \u00e0 elle, est confi\u00e9e aux Dames de Nevers \u00e0 partir de 1867 et jusqu\u2019en 1883. En 1875, le Conseil G\u00e9n\u00e9ral de Tarn-et-Garonne [&hellip;]<\/p>\n","protected":false},"author":1263,"featured_media":0,"parent":0,"menu_order":0,"comment_status":"closed","ping_status":"closed","template":"","meta":{"footnotes":""},"class_list":["post-514","page","type-page","status-publish","hentry","post-preview"],"_links":{"self":[{"href":"https:\/\/blogs.univ-tlse2.fr\/rmtb\/wp-json\/wp\/v2\/pages\/514","targetHints":{"allow":["GET"]}}],"collection":[{"href":"https:\/\/blogs.univ-tlse2.fr\/rmtb\/wp-json\/wp\/v2\/pages"}],"about":[{"href":"https:\/\/blogs.univ-tlse2.fr\/rmtb\/wp-json\/wp\/v2\/types\/page"}],"author":[{"embeddable":true,"href":"https:\/\/blogs.univ-tlse2.fr\/rmtb\/wp-json\/wp\/v2\/users\/1263"}],"replies":[{"embeddable":true,"href":"https:\/\/blogs.univ-tlse2.fr\/rmtb\/wp-json\/wp\/v2\/comments?post=514"}],"version-history":[{"count":2,"href":"https:\/\/blogs.univ-tlse2.fr\/rmtb\/wp-json\/wp\/v2\/pages\/514\/revisions"}],"predecessor-version":[{"id":523,"href":"https:\/\/blogs.univ-tlse2.fr\/rmtb\/wp-json\/wp\/v2\/pages\/514\/revisions\/523"}],"wp:attachment":[{"href":"https:\/\/blogs.univ-tlse2.fr\/rmtb\/wp-json\/wp\/v2\/media?parent=514"}],"curies":[{"name":"wp","href":"https:\/\/api.w.org\/{rel}","templated":true}]}}