 {"id":519,"date":"2023-12-18T23:29:10","date_gmt":"2023-12-18T22:29:10","guid":{"rendered":"https:\/\/blogs.univ-tlse2.fr\/rmtb\/?page_id=519"},"modified":"2023-12-18T23:55:33","modified_gmt":"2023-12-18T22:55:33","slug":"centre-universitaire","status":"publish","type":"page","link":"https:\/\/blogs.univ-tlse2.fr\/rmtb\/centre-universitaire\/","title":{"rendered":"Cr\u00e9ation du Centre Universitaire de Montauban"},"content":{"rendered":"\n<p>L\u2019ancienne \u00e9cole normale devient, en 1991, un Instituts Universitaires de Formation des Ma\u00eetres (IUFM) en charge de la formation des professeurs des \u00e9coles, des professeurs du second degr\u00e9s en Lettre et disciplines artistiques. Depuis 2008, seuls les professeurs des \u00e9coles sont form\u00e9s \u00e0 Montauban. Les \u00c9coles Sup\u00e9rieures du Professorat et de l\u2019\u00c9ducation (ESPE) sont cr\u00e9\u00e9es en 2013, \u00e0 la place des IUFM. En 2019, les ESP\u00c9 changent de nom et sont rebaptis\u00e9es Institut National Sup\u00e9rieur du Professorat et de l\u2019\u00c9ducation (INSPE).<\/p>\n\n\n\n<p>Le Conseil g\u00e9n\u00e9ral de Tarn-et-Garonne a initi\u00e9, d\u00e8s le milieu des ann\u00e9es 1980, une d\u00e9marche qui souhaite implanter \u00e0 Montauban des formations d\u2019enseignement sup\u00e9rieur, en lien avec les universit\u00e9s toulousaines. Jean-Michel Baylet, pr\u00e9sident du Conseil g\u00e9n\u00e9ral et ministre d\u00e9l\u00e9gu\u00e9 au Tourisme, permet en 1991, l\u2019ouverture d\u2019un Dipl\u00f4me d\u2019Universit\u00e9 (DU) Droit, \u00c9conomie et Gestion du Tourisme International. Cette formation est dispens\u00e9 par l\u2019Universit\u00e9 des Sciences sociales jusqu\u2019en 1994.<\/p>\n\n\n\n<p>Dans le cadre de la d\u00e9concentration des formations universitaires \u00e0 l\u2019ext\u00e9rieur des m\u00e9tropoles congestionn\u00e9es rendue possible par les lois de d\u00e9centralisation, une deuxi\u00e8me implantation universitaire commence d\u00e8s la rentr\u00e9e 1994, d\u00e9localisation des universit\u00e9s Toulouse 1 Capitole (UT1) et Toulouse le Mirail (UTM). UT1 apporte une premi\u00e8re ann\u00e9e Sciences \u00c9conomiques (AES-Droit) tandis que UTM apporte une premi\u00e8re ann\u00e9e Langues \u00c9trang\u00e8res Appliqu\u00e9es (LEA). Ce projet comporte une p\u00e9riode d\u2019orientation avec un tronc commun de plusieurs semaines en d\u00e9but d\u2019ann\u00e9e universitaire, pendant lequel les \u00e9tudiants AES et LEA suivent les m\u00eames enseignements. Mais la faiblesse du nombre des inscriptions d\u2019\u00e9tudiants \u00e0 cette maquette originale conduit \u00e0 la s\u00e9paration des fili\u00e8res UT1 et UTM en 1997.<\/p>\n\n\n\n<p>L\u2019UT1 pr\u00e9sente alors une maquette p\u00e9dagogique pour un Dipl\u00f4me d\u2019\u00c9tudes Universitaires G\u00e9n\u00e9rales (DEUG) de Droit, mais avec un volume d\u2019enseignement en Langues conserv\u00e9 en L1, contrairement \u00e0 Toulouse. Le pari a \u00e9t\u00e9 tenu \u00e0 l\u2019antenne UT1 de Montauban jusqu\u2019\u00e0 aujourd\u2019hui avec l\u2019implantation de la licence en Droit, formation g\u00e9n\u00e9raliste de trois ans permettant de s\u2019orienter vers un des deux parcours propos\u00e9s, droit public ou droit priv\u00e9.<\/p>\n\n\n\n<p>L\u2019UTM, devenue Universit\u00e9 Toulouse 2 Jean Jaur\u00e8s (UT2J), ouvre une antenne du D\u00e9partement Archive et M\u00e9diath\u00e8que (DAM), pour former en Institut Universitaire Professionnalis\u00e9 (IUP) des sp\u00e9cialistes de la documentation et de l\u2019archivage. Un second IUP Arts Appliqu\u00e9s rejoint le Campus Montauriol en 2003. L\u2019IUP DAM a ferm\u00e9 aujourd\u2019hui, tandis que l\u2019IUP Arts Appliqu\u00e9s s\u2019est mu\u00e9 en Institut Sup\u00e9rieur Couleur Image Design (ISCID), seule formation universitaire fran\u00e7aise consacr\u00e9e \u00e0 la cr\u00e9ation et au design dans le champ de la couleur appliqu\u00e9e aux m\u00e9tiers de l\u2019artisanat et de l\u2019industrie.<\/p>\n\n\n\n<p>Les restructuration successives commencent en 1998 avec la transformation de la salle polyvalente (ancien gymnase de l\u2019\u00c9cole Normale) en m\u00e9diath\u00e8que et la cr\u00e9ation d&rsquo;un auditorium de 120 places. Un hourdis est construit pour former un \u00e9tage. Le RDC accueille actuellement les fonds documentaire d&rsquo;UT1, de l&rsquo;ISCID et de l&rsquo;INSPE. Le 1er \u00e9tage accueille les espace CANOPE et IFMS. Le volume initial, de double hauteur, a e\u0301te\u0301 conserve\u0301 dans le hall d\u2019accueil.<\/p>\n\n\n\n<figure class=\"wp-block-image size-full\"><img loading=\"lazy\" decoding=\"async\" width=\"728\" height=\"545\" src=\"https:\/\/blogs.univ-tlse2.fr\/rmtb\/files\/2023\/06\/mediatheque.jpg\" alt=\"\" class=\"wp-image-232\" srcset=\"https:\/\/blogs.univ-tlse2.fr\/rmtb\/files\/2023\/06\/mediatheque.jpg 728w, https:\/\/blogs.univ-tlse2.fr\/rmtb\/files\/2023\/06\/mediatheque-300x225.jpg 300w, https:\/\/blogs.univ-tlse2.fr\/rmtb\/files\/2023\/06\/mediatheque-676x506.jpg 676w\" sizes=\"auto, (max-width: 728px) 100vw, 728px\" \/><\/figure>\n\n\n\n<p>En 2007, un partenariat entre l&rsquo;\u00c9tat, la R\u00e9gion, le Conseil G\u00e9n\u00e9ral et la Commune de Montauban va permettre de b\u00e2tir un restaurant universitaire d&rsquo;une superficie de 1100 m2 ,  dans le parc en partie centrale du site.<\/p>\n\n\n\n<p>Le fonctionnement du restaurant universitaire \u00e9tait plac\u00e9 jusqu&rsquo;\u00e0 pr\u00e9sent sous l&rsquo;autorit\u00e9 administrative de l&rsquo;IUFM dans la cantine de l&rsquo;\u00e9cole annexe Robert Ligou (avec mise \u00e0 disposition de personnels du Conseil G\u00e9n\u00e9ral). En 2013, le Conseil G\u00e9n\u00e9ral reprend la gestion compl\u00e8te du restaurant universitaire.<\/p>\n\n\n\n<figure class=\"wp-block-image size-full\"><img loading=\"lazy\" decoding=\"async\" width=\"728\" height=\"545\" src=\"https:\/\/blogs.univ-tlse2.fr\/rmtb\/files\/2023\/06\/ruentree.jpg\" alt=\"\" class=\"wp-image-219\" srcset=\"https:\/\/blogs.univ-tlse2.fr\/rmtb\/files\/2023\/06\/ruentree.jpg 728w, https:\/\/blogs.univ-tlse2.fr\/rmtb\/files\/2023\/06\/ruentree-300x225.jpg 300w, https:\/\/blogs.univ-tlse2.fr\/rmtb\/files\/2023\/06\/ruentree-676x506.jpg 676w\" sizes=\"auto, (max-width: 728px) 100vw, 728px\" \/><\/figure>\n\n\n\n<p>Sur la base du m\u00eame partenariat entre  l&rsquo;\u00c9tat, la R\u00e9gion, le Conseil G\u00e9n\u00e9ral et la Commune de Montauban,  les locaux p\u00e9dagogiques et administratifs de l&rsquo;IUP Arts appliqu\u00e9s sont construits en 2013 sur l&#8217;emplacement de l&rsquo;ancienne \u00c9cole annexe Robert Ligou, \u00e0 l&rsquo;angle du boulevard Hubert Gouze et de l&rsquo;avenue Beausoleil. L&rsquo;IUP Arts Appliqu\u00e9 se transforme alors en Institut (ISCID).<\/p>\n\n\n\n<figure class=\"wp-block-image size-full\"><img loading=\"lazy\" decoding=\"async\" width=\"728\" height=\"545\" src=\"https:\/\/blogs.univ-tlse2.fr\/rmtb\/files\/2023\/06\/iscid-2013.jpg\" alt=\"\" class=\"wp-image-220\" srcset=\"https:\/\/blogs.univ-tlse2.fr\/rmtb\/files\/2023\/06\/iscid-2013.jpg 728w, https:\/\/blogs.univ-tlse2.fr\/rmtb\/files\/2023\/06\/iscid-2013-300x225.jpg 300w, https:\/\/blogs.univ-tlse2.fr\/rmtb\/files\/2023\/06\/iscid-2013-676x506.jpg 676w\" sizes=\"auto, (max-width: 728px) 100vw, 728px\" \/><\/figure>\n","protected":false},"excerpt":{"rendered":"<p>L\u2019ancienne \u00e9cole normale devient, en 1991, un Instituts Universitaires de Formation des Ma\u00eetres (IUFM) en charge de la formation des professeurs des \u00e9coles, des professeurs du second degr\u00e9s en Lettre et disciplines artistiques. Depuis 2008, seuls les professeurs des \u00e9coles sont form\u00e9s \u00e0 Montauban. Les \u00c9coles Sup\u00e9rieures du Professorat et de l\u2019\u00c9ducation (ESPE) sont cr\u00e9\u00e9es [&hellip;]<\/p>\n","protected":false},"author":1263,"featured_media":0,"parent":0,"menu_order":0,"comment_status":"closed","ping_status":"closed","template":"","meta":{"footnotes":""},"class_list":["post-519","page","type-page","status-publish","hentry","post-preview"],"_links":{"self":[{"href":"https:\/\/blogs.univ-tlse2.fr\/rmtb\/wp-json\/wp\/v2\/pages\/519","targetHints":{"allow":["GET"]}}],"collection":[{"href":"https:\/\/blogs.univ-tlse2.fr\/rmtb\/wp-json\/wp\/v2\/pages"}],"about":[{"href":"https:\/\/blogs.univ-tlse2.fr\/rmtb\/wp-json\/wp\/v2\/types\/page"}],"author":[{"embeddable":true,"href":"https:\/\/blogs.univ-tlse2.fr\/rmtb\/wp-json\/wp\/v2\/users\/1263"}],"replies":[{"embeddable":true,"href":"https:\/\/blogs.univ-tlse2.fr\/rmtb\/wp-json\/wp\/v2\/comments?post=519"}],"version-history":[{"count":4,"href":"https:\/\/blogs.univ-tlse2.fr\/rmtb\/wp-json\/wp\/v2\/pages\/519\/revisions"}],"predecessor-version":[{"id":533,"href":"https:\/\/blogs.univ-tlse2.fr\/rmtb\/wp-json\/wp\/v2\/pages\/519\/revisions\/533"}],"wp:attachment":[{"href":"https:\/\/blogs.univ-tlse2.fr\/rmtb\/wp-json\/wp\/v2\/media?parent=519"}],"curies":[{"name":"wp","href":"https:\/\/api.w.org\/{rel}","templated":true}]}}