 {"id":529,"date":"2023-12-18T23:49:19","date_gmt":"2023-12-18T22:49:19","guid":{"rendered":"https:\/\/blogs.univ-tlse2.fr\/rmtb\/?page_id=529"},"modified":"2023-12-18T23:49:20","modified_gmt":"2023-12-18T22:49:20","slug":"restructuration-du-campus","status":"publish","type":"page","link":"https:\/\/blogs.univ-tlse2.fr\/rmtb\/restructuration-du-campus\/","title":{"rendered":"Restructuration du Campus"},"content":{"rendered":"\n<p>Le premier chantier qui d\u00e9bute en 2020 est celui qui concerne la construction du b\u00e2timent de l&rsquo;Institut de Formation aux M\u00e9tiers de la Sant\u00e9 (IFMS), entre la m\u00e9diath\u00e8que et le pavillon scientifique. Il est inaugur\u00e9 le 16 septembre 2021 par la pr\u00e9sidente de R\u00e9gion Carole Delga et le pr\u00e9sident du conseil d\u00e9partemental Michel Weill.<\/p>\n\n\n\n<figure class=\"wp-block-image size-large\"><img loading=\"lazy\" decoding=\"async\" width=\"1024\" height=\"576\" src=\"https:\/\/blogs.univ-tlse2.fr\/rmtb\/files\/2023\/06\/20190823_182313-1024x576.jpg\" alt=\"\" class=\"wp-image-237\" srcset=\"https:\/\/blogs.univ-tlse2.fr\/rmtb\/files\/2023\/06\/20190823_182313-1024x576.jpg 1024w, https:\/\/blogs.univ-tlse2.fr\/rmtb\/files\/2023\/06\/20190823_182313-300x169.jpg 300w, https:\/\/blogs.univ-tlse2.fr\/rmtb\/files\/2023\/06\/20190823_182313-768x432.jpg 768w, https:\/\/blogs.univ-tlse2.fr\/rmtb\/files\/2023\/06\/20190823_182313-1536x864.jpg 1536w, https:\/\/blogs.univ-tlse2.fr\/rmtb\/files\/2023\/06\/20190823_182313-2048x1152.jpg 2048w, https:\/\/blogs.univ-tlse2.fr\/rmtb\/files\/2023\/06\/20190823_182313-676x380.jpg 676w\" sizes=\"auto, (max-width: 1024px) 100vw, 1024px\" \/><\/figure>\n\n\n\n<p>Le d\u00e9m\u00e9nagement de l&rsquo;ancien IFSI\/IFAS du Centre Hospitalier de Montauban, devenus inadapt\u00e9s pour l&rsquo;enseignement, vers le campus de Montauriol s\u2019int\u00e8gre dans le projet global de r\u00e9habilitation du campus universitaire.<\/p>\n\n\n\n<figure class=\"wp-block-image size-large\"><img loading=\"lazy\" decoding=\"async\" width=\"1024\" height=\"576\" src=\"https:\/\/blogs.univ-tlse2.fr\/rmtb\/files\/2023\/06\/20191125_082611-1024x576.jpg\" alt=\"\" class=\"wp-image-238\" srcset=\"https:\/\/blogs.univ-tlse2.fr\/rmtb\/files\/2023\/06\/20191125_082611-1024x576.jpg 1024w, https:\/\/blogs.univ-tlse2.fr\/rmtb\/files\/2023\/06\/20191125_082611-300x169.jpg 300w, https:\/\/blogs.univ-tlse2.fr\/rmtb\/files\/2023\/06\/20191125_082611-768x432.jpg 768w, https:\/\/blogs.univ-tlse2.fr\/rmtb\/files\/2023\/06\/20191125_082611-1536x864.jpg 1536w, https:\/\/blogs.univ-tlse2.fr\/rmtb\/files\/2023\/06\/20191125_082611-2048x1152.jpg 2048w, https:\/\/blogs.univ-tlse2.fr\/rmtb\/files\/2023\/06\/20191125_082611-676x380.jpg 676w\" sizes=\"auto, (max-width: 1024px) 100vw, 1024px\" \/><\/figure>\n\n\n\n<p>Les \u00e9l\u00e8ves infirmiers (grade licence) et aides-soignants b\u00e9n\u00e9ficient d\u00e9sormais d&rsquo;un b\u00e2timent de 1434 m2, offrant des moyens p\u00e9dagogiques et num\u00e9riques, ainsi que des conditions d&rsquo;apprentissage confortables. Le b\u00e2timent a \u00e9t\u00e9 co-financ\u00e9 par la R\u00e9gion, ma\u00eetre d\u2019\u0153uvre, le D\u00e9partement, qui a c\u00e9d\u00e9 le terrain \u00e0 titre gracieux, l\u2019\u00c9tat et le Fond Europ\u00e9en de D\u00e9veloppement R\u00e9gional (FEDER).<\/p>\n\n\n\n<figure class=\"wp-block-image size-large\"><img loading=\"lazy\" decoding=\"async\" width=\"1024\" height=\"576\" src=\"https:\/\/blogs.univ-tlse2.fr\/rmtb\/files\/2023\/06\/20200106_123218-1024x576.jpg\" alt=\"\" class=\"wp-image-239\" srcset=\"https:\/\/blogs.univ-tlse2.fr\/rmtb\/files\/2023\/06\/20200106_123218-1024x576.jpg 1024w, https:\/\/blogs.univ-tlse2.fr\/rmtb\/files\/2023\/06\/20200106_123218-300x169.jpg 300w, https:\/\/blogs.univ-tlse2.fr\/rmtb\/files\/2023\/06\/20200106_123218-768x432.jpg 768w, https:\/\/blogs.univ-tlse2.fr\/rmtb\/files\/2023\/06\/20200106_123218-1536x864.jpg 1536w, https:\/\/blogs.univ-tlse2.fr\/rmtb\/files\/2023\/06\/20200106_123218-2048x1152.jpg 2048w, https:\/\/blogs.univ-tlse2.fr\/rmtb\/files\/2023\/06\/20200106_123218-676x380.jpg 676w\" sizes=\"auto, (max-width: 1024px) 100vw, 1024px\" \/><\/figure>\n\n\n\n<p>L&rsquo;Institut de Formation dispose de salles de cours magistraux, de salles de travaux dirig\u00e9s permettant une p\u00e9dagogie interactive, de salles de travaux pratiques \u00e9quip\u00e9es de mannequins et de mat\u00e9riels m\u00e9dicalis\u00e9s, d\u2019un espace de simulation offrant une chambre de r\u00e9animation et une chambre modulable psychiatrie \/ EHPAD, ainsi que d\u2019une salle de soins \u00e9quip\u00e9e.<\/p>\n\n\n\n<figure class=\"wp-block-image size-large\"><img loading=\"lazy\" decoding=\"async\" width=\"1024\" height=\"461\" src=\"https:\/\/blogs.univ-tlse2.fr\/rmtb\/files\/2023\/09\/20230807_185659-1024x461.jpg\" alt=\"\" class=\"wp-image-460\" srcset=\"https:\/\/blogs.univ-tlse2.fr\/rmtb\/files\/2023\/09\/20230807_185659-1024x461.jpg 1024w, https:\/\/blogs.univ-tlse2.fr\/rmtb\/files\/2023\/09\/20230807_185659-300x135.jpg 300w, https:\/\/blogs.univ-tlse2.fr\/rmtb\/files\/2023\/09\/20230807_185659-768x346.jpg 768w, https:\/\/blogs.univ-tlse2.fr\/rmtb\/files\/2023\/09\/20230807_185659-1536x691.jpg 1536w, https:\/\/blogs.univ-tlse2.fr\/rmtb\/files\/2023\/09\/20230807_185659-2048x922.jpg 2048w, https:\/\/blogs.univ-tlse2.fr\/rmtb\/files\/2023\/09\/20230807_185659-676x304.jpg 676w\" sizes=\"auto, (max-width: 1024px) 100vw, 1024px\" \/><\/figure>\n","protected":false},"excerpt":{"rendered":"<p>Le premier chantier qui d\u00e9bute en 2020 est celui qui concerne la construction du b\u00e2timent de l&rsquo;Institut de Formation aux M\u00e9tiers de la Sant\u00e9 (IFMS), entre la m\u00e9diath\u00e8que et le pavillon scientifique. Il est inaugur\u00e9 le 16 septembre 2021 par la pr\u00e9sidente de R\u00e9gion Carole Delga et le pr\u00e9sident du conseil d\u00e9partemental Michel Weill. Le [&hellip;]<\/p>\n","protected":false},"author":1263,"featured_media":0,"parent":0,"menu_order":0,"comment_status":"closed","ping_status":"closed","template":"","meta":{"footnotes":""},"class_list":["post-529","page","type-page","status-publish","hentry","post-preview"],"_links":{"self":[{"href":"https:\/\/blogs.univ-tlse2.fr\/rmtb\/wp-json\/wp\/v2\/pages\/529","targetHints":{"allow":["GET"]}}],"collection":[{"href":"https:\/\/blogs.univ-tlse2.fr\/rmtb\/wp-json\/wp\/v2\/pages"}],"about":[{"href":"https:\/\/blogs.univ-tlse2.fr\/rmtb\/wp-json\/wp\/v2\/types\/page"}],"author":[{"embeddable":true,"href":"https:\/\/blogs.univ-tlse2.fr\/rmtb\/wp-json\/wp\/v2\/users\/1263"}],"replies":[{"embeddable":true,"href":"https:\/\/blogs.univ-tlse2.fr\/rmtb\/wp-json\/wp\/v2\/comments?post=529"}],"version-history":[{"count":1,"href":"https:\/\/blogs.univ-tlse2.fr\/rmtb\/wp-json\/wp\/v2\/pages\/529\/revisions"}],"predecessor-version":[{"id":530,"href":"https:\/\/blogs.univ-tlse2.fr\/rmtb\/wp-json\/wp\/v2\/pages\/529\/revisions\/530"}],"wp:attachment":[{"href":"https:\/\/blogs.univ-tlse2.fr\/rmtb\/wp-json\/wp\/v2\/media?parent=529"}],"curies":[{"name":"wp","href":"https:\/\/api.w.org\/{rel}","templated":true}]}}