 {"id":24,"date":"2012-02-04T22:25:48","date_gmt":"2012-02-04T21:25:48","guid":{"rendered":"https:\/\/blogs.univ-tlse2.fr\/robert-ruiz\/?page_id=24"},"modified":"2021-05-07T16:11:46","modified_gmt":"2021-05-07T15:11:46","slug":"activites-administratives-et-collectives","status":"publish","type":"page","link":"https:\/\/blogs.univ-tlse2.fr\/robert-ruiz\/en\/activites-administratives-et-collectives\/","title":{"rendered":"4- Other Activities"},"content":{"rendered":"<p>- Member of the French Acoustical Society (Soci\u00e9t\u00e9 Fran\u00e7aise d&#8217;Acoustique, SFA)<\/p>\n<p>&#8211; Scientific Manager of the SFA South-West Section<\/p>\n<p>&#8211; Member of the French Speech Society (Association Fran\u00e7aise de la Communication Parl\u00e9e, AFCP) and the International Speech Communication Association, ISCA (from 2009)<\/p>\n<p>&#8211; Member of the administration council of the University Toulouse Jean Jaur\u00e8s.<\/p>","protected":false},"excerpt":{"rendered":"<p>&#8211; Member of the French Acoustical Society (Soci\u00e9t\u00e9 Fran\u00e7aise d&#8217;Acoustique, SFA) &#8211; Scientific Manager of the SFA South-West Section &#8211; Member of the French Speech Society (Association Fran\u00e7aise de la Communication Parl\u00e9e, AFCP) and the International Speech Communication Association, ISCA &hellip; <a href=\"https:\/\/blogs.univ-tlse2.fr\/robert-ruiz\/en\/activites-administratives-et-collectives\/\">Continue reading <span class=\"meta-nav\">&rarr;<\/span><\/a><\/p>\n","protected":false},"author":104,"featured_media":0,"parent":0,"menu_order":0,"comment_status":"closed","ping_status":"closed","template":"","meta":{"footnotes":""},"class_list":["post-24","page","type-page","status-publish","hentry"],"_links":{"self":[{"href":"https:\/\/blogs.univ-tlse2.fr\/robert-ruiz\/en\/wp-json\/wp\/v2\/pages\/24","targetHints":{"allow":["GET"]}}],"collection":[{"href":"https:\/\/blogs.univ-tlse2.fr\/robert-ruiz\/en\/wp-json\/wp\/v2\/pages"}],"about":[{"href":"https:\/\/blogs.univ-tlse2.fr\/robert-ruiz\/en\/wp-json\/wp\/v2\/types\/page"}],"author":[{"embeddable":true,"href":"https:\/\/blogs.univ-tlse2.fr\/robert-ruiz\/en\/wp-json\/wp\/v2\/users\/104"}],"replies":[{"embeddable":true,"href":"https:\/\/blogs.univ-tlse2.fr\/robert-ruiz\/en\/wp-json\/wp\/v2\/comments?post=24"}],"version-history":[{"count":24,"href":"https:\/\/blogs.univ-tlse2.fr\/robert-ruiz\/en\/wp-json\/wp\/v2\/pages\/24\/revisions"}],"predecessor-version":[{"id":510,"href":"https:\/\/blogs.univ-tlse2.fr\/robert-ruiz\/en\/wp-json\/wp\/v2\/pages\/24\/revisions\/510"}],"wp:attachment":[{"href":"https:\/\/blogs.univ-tlse2.fr\/robert-ruiz\/en\/wp-json\/wp\/v2\/media?parent=24"}],"curies":[{"name":"wp","href":"https:\/\/api.w.org\/{rel}","templated":true}]}}