 {"id":52,"date":"2012-02-04T23:53:29","date_gmt":"2012-02-04T22:53:29","guid":{"rendered":"https:\/\/blogs.univ-tlse2.fr\/robert-ruiz\/?page_id=52"},"modified":"2018-02-16T18:41:45","modified_gmt":"2018-02-16T17:41:45","slug":"contact","status":"publish","type":"page","link":"https:\/\/blogs.univ-tlse2.fr\/robert-ruiz\/en\/contact\/","title":{"rendered":"6- Contact"},"content":{"rendered":"<p>Robert Ruiz, LARA-ENSAV, Universit\u00e9 Toulouse Jean Jaur\u00e8s, 5 all\u00e9es Antonio Machado, 31058 Toulouse cedex 9, France<\/p>\n<p>&#x72;o&#x62;&#x65;r&#x74;&#46;r&#x75;&#105;z&#x40;&#117;n&#x69;&#118;-&#x74;l&#x73;&#x65;2&#x2e;&#x66;r<\/p>\n","protected":false},"excerpt":{"rendered":"<p>Robert Ruiz, LARA-ENSAV, Universit\u00e9 Toulouse Jean Jaur\u00e8s, 5 all\u00e9es Antonio Machado, 31058 Toulouse cedex 9, France r&#x6f;b&#x65;&#x72;t&#x2e;r&#117;&#x69;z&#x40;u&#110;&#x69;v&#x2d;t&#108;&#x73;e&#x32;&#x2e;f&#x72;<\/p>\n","protected":false},"author":104,"featured_media":0,"parent":0,"menu_order":0,"comment_status":"closed","ping_status":"closed","template":"","meta":{"footnotes":""},"class_list":["post-52","page","type-page","status-publish","hentry"],"_links":{"self":[{"href":"https:\/\/blogs.univ-tlse2.fr\/robert-ruiz\/en\/wp-json\/wp\/v2\/pages\/52","targetHints":{"allow":["GET"]}}],"collection":[{"href":"https:\/\/blogs.univ-tlse2.fr\/robert-ruiz\/en\/wp-json\/wp\/v2\/pages"}],"about":[{"href":"https:\/\/blogs.univ-tlse2.fr\/robert-ruiz\/en\/wp-json\/wp\/v2\/types\/page"}],"author":[{"embeddable":true,"href":"https:\/\/blogs.univ-tlse2.fr\/robert-ruiz\/en\/wp-json\/wp\/v2\/users\/104"}],"replies":[{"embeddable":true,"href":"https:\/\/blogs.univ-tlse2.fr\/robert-ruiz\/en\/wp-json\/wp\/v2\/comments?post=52"}],"version-history":[{"count":13,"href":"https:\/\/blogs.univ-tlse2.fr\/robert-ruiz\/en\/wp-json\/wp\/v2\/pages\/52\/revisions"}],"predecessor-version":[{"id":448,"href":"https:\/\/blogs.univ-tlse2.fr\/robert-ruiz\/en\/wp-json\/wp\/v2\/pages\/52\/revisions\/448"}],"wp:attachment":[{"href":"https:\/\/blogs.univ-tlse2.fr\/robert-ruiz\/en\/wp-json\/wp\/v2\/media?parent=52"}],"curies":[{"name":"wp","href":"https:\/\/api.w.org\/{rel}","templated":true}]}}