 {"id":14,"date":"2012-02-04T22:05:48","date_gmt":"2012-02-04T21:05:48","guid":{"rendered":"https:\/\/blogs.univ-tlse2.fr\/robert-ruiz\/?page_id=14"},"modified":"2018-02-16T18:33:04","modified_gmt":"2018-02-16T17:33:04","slug":"curriculum-vitae","status":"publish","type":"page","link":"https:\/\/blogs.univ-tlse2.fr\/robert-ruiz\/es\/curriculum-vitae\/","title":{"rendered":"1- Curriculum Vitae"},"content":{"rendered":"<p><a href=\"https:\/\/blogs.univ-tlse2.fr\/robert-ruiz\/files\/2012\/02\/Robert.jpg\"><img loading=\"lazy\" decoding=\"async\" class=\"alignleft size-thumbnail wp-image-154\" src=\"https:\/\/blogs.univ-tlse2.fr\/robert-ruiz\/files\/2012\/02\/Robert-150x150.jpg\" alt=\"\" width=\"150\" height=\"150\" \/><\/a><\/p>\n<p>&nbsp;<\/p>\n<p>&nbsp;<\/p>\n<p>&nbsp;<\/p>\n<p><strong>Doctorado de la Universidad Toulouse 3 \u2013 Paul Sabatier, especialidad Ac\u00fastica. <\/strong> <em>T\u00edtulo:<\/em> \u00abContribution \u00e0 l&#8217;\u00e9tude de l&#8217;influence d&#8217;une charge de travail sur les caract\u00e9ristiques acoustiques de la voix\u00bb (1991). \u00abContribuci\u00f3n al estudio de la influencia de una carga de trabajo sobre las caracter\u00edsticas ac\u00fasticas de la voz\u00bb<\/p>\n<p><strong>Ma\u00eetre de Conf\u00e9rences, Universidad de Toulouse \u2013 Jean Jaur\u00e8s, (1994)\u00a0 (Catedr\u00e1tico de Universidad). <\/strong> <em> Disciplina: <\/em>Ac\u00fastica. <em>Ense\u00f1anza: <\/em>Ecole Nationale Sup\u00e9rieure d\u2019Audiovisuel (ENSAV) Universit\u00e9 de Toulouse \u2013 Jean Jaur\u00e8s. <em>Investigaci<\/em>\u00f3n<em>: <\/em>LAboratoire de Recherche en AudioVisuel (LARA-SEPPIA), Universit\u00e9 Toulouse \u2013 Jean Jaur\u00e8s.<\/p>\n<p><strong>Habilitati\u00f3n a Dirijir Investigaciones (H.D.R) en Ac\u00fastica, (2012) \u00a0 \u00a0 \u00a0<\/strong> <em>T\u00edtulo:<\/em> \u00bb Analyse acoustique de la voix pour la d\u00e9tection de perturbations psychophysiologiques &#8211; Application au contexte a\u00e9ronautique.\u00bb \u00abAn\u00e1lisis ac\u00fastico de la voz para la detecci\u00f3n de trastornos psicofisiol\u00f3gicos &#8211; Aplicaci\u00f3n en el contexto de la aviaci\u00f3n.\u00bb<\/p>","protected":false},"excerpt":{"rendered":"<p>&nbsp; &nbsp; &nbsp; Doctorado de la Universidad Toulouse 3 \u2013 Paul Sabatier, especialidad Ac\u00fastica. T\u00edtulo: \u00abContribution \u00e0 l&#8217;\u00e9tude de l&#8217;influence d&#8217;une charge de travail sur les caract\u00e9ristiques acoustiques de la voix\u00bb (1991). \u00abContribuci\u00f3n al estudio de la influencia de una &hellip; <a href=\"https:\/\/blogs.univ-tlse2.fr\/robert-ruiz\/es\/curriculum-vitae\/\">Sigue leyendo <span class=\"meta-nav\">&rarr;<\/span><\/a><\/p>\n","protected":false},"author":104,"featured_media":0,"parent":0,"menu_order":0,"comment_status":"closed","ping_status":"closed","template":"","meta":{"footnotes":""},"class_list":["post-14","page","type-page","status-publish","hentry"],"_links":{"self":[{"href":"https:\/\/blogs.univ-tlse2.fr\/robert-ruiz\/es\/wp-json\/wp\/v2\/pages\/14","targetHints":{"allow":["GET"]}}],"collection":[{"href":"https:\/\/blogs.univ-tlse2.fr\/robert-ruiz\/es\/wp-json\/wp\/v2\/pages"}],"about":[{"href":"https:\/\/blogs.univ-tlse2.fr\/robert-ruiz\/es\/wp-json\/wp\/v2\/types\/page"}],"author":[{"embeddable":true,"href":"https:\/\/blogs.univ-tlse2.fr\/robert-ruiz\/es\/wp-json\/wp\/v2\/users\/104"}],"replies":[{"embeddable":true,"href":"https:\/\/blogs.univ-tlse2.fr\/robert-ruiz\/es\/wp-json\/wp\/v2\/comments?post=14"}],"version-history":[{"count":27,"href":"https:\/\/blogs.univ-tlse2.fr\/robert-ruiz\/es\/wp-json\/wp\/v2\/pages\/14\/revisions"}],"predecessor-version":[{"id":446,"href":"https:\/\/blogs.univ-tlse2.fr\/robert-ruiz\/es\/wp-json\/wp\/v2\/pages\/14\/revisions\/446"}],"wp:attachment":[{"href":"https:\/\/blogs.univ-tlse2.fr\/robert-ruiz\/es\/wp-json\/wp\/v2\/media?parent=14"}],"curies":[{"name":"wp","href":"https:\/\/api.w.org\/{rel}","templated":true}]}}