 {"id":20,"date":"2012-02-04T22:23:49","date_gmt":"2012-02-04T21:23:49","guid":{"rendered":"https:\/\/blogs.univ-tlse2.fr\/robert-ruiz\/?page_id=20"},"modified":"2020-01-22T16:15:11","modified_gmt":"2020-01-22T15:15:11","slug":"recherche","status":"publish","type":"page","link":"https:\/\/blogs.univ-tlse2.fr\/robert-ruiz\/es\/recherche\/","title":{"rendered":"3- Investigaci\u00f3n"},"content":{"rendered":"<p>Las actividades de investigaci\u00f3n tienen en com\u00fan la expresi\u00f3n vocal: en primer lugar a un modelo de inteligibilidad, en segundo lugar, analizar un contenido no ling\u00fc\u00edstico y en tercero lugar <span id=\"result_box\" class=\"\" lang=\"es\"><span class=\"\">para la percepci\u00f3n de sus contenidos emocionales mediante aud\u00edfonos.<\/span><\/span><\/p>\n<p><\/p>","protected":false},"excerpt":{"rendered":"<p>Las actividades de investigaci\u00f3n tienen en com\u00fan la expresi\u00f3n vocal: en primer lugar a un modelo de inteligibilidad, en segundo lugar, analizar un contenido no ling\u00fc\u00edstico y en tercero lugar para la percepci\u00f3n de sus contenidos emocionales mediante aud\u00edfonos.<\/p>\n","protected":false},"author":104,"featured_media":0,"parent":0,"menu_order":0,"comment_status":"closed","ping_status":"closed","template":"","meta":{"footnotes":""},"class_list":["post-20","page","type-page","status-publish","hentry"],"_links":{"self":[{"href":"https:\/\/blogs.univ-tlse2.fr\/robert-ruiz\/es\/wp-json\/wp\/v2\/pages\/20","targetHints":{"allow":["GET"]}}],"collection":[{"href":"https:\/\/blogs.univ-tlse2.fr\/robert-ruiz\/es\/wp-json\/wp\/v2\/pages"}],"about":[{"href":"https:\/\/blogs.univ-tlse2.fr\/robert-ruiz\/es\/wp-json\/wp\/v2\/types\/page"}],"author":[{"embeddable":true,"href":"https:\/\/blogs.univ-tlse2.fr\/robert-ruiz\/es\/wp-json\/wp\/v2\/users\/104"}],"replies":[{"embeddable":true,"href":"https:\/\/blogs.univ-tlse2.fr\/robert-ruiz\/es\/wp-json\/wp\/v2\/comments?post=20"}],"version-history":[{"count":54,"href":"https:\/\/blogs.univ-tlse2.fr\/robert-ruiz\/es\/wp-json\/wp\/v2\/pages\/20\/revisions"}],"predecessor-version":[{"id":470,"href":"https:\/\/blogs.univ-tlse2.fr\/robert-ruiz\/es\/wp-json\/wp\/v2\/pages\/20\/revisions\/470"}],"wp:attachment":[{"href":"https:\/\/blogs.univ-tlse2.fr\/robert-ruiz\/es\/wp-json\/wp\/v2\/media?parent=20"}],"curies":[{"name":"wp","href":"https:\/\/api.w.org\/{rel}","templated":true}]}}