 {"id":22,"date":"2012-02-04T22:24:33","date_gmt":"2012-02-04T21:24:33","guid":{"rendered":"https:\/\/blogs.univ-tlse2.fr\/robert-ruiz\/?page_id=22"},"modified":"2020-11-04T09:54:13","modified_gmt":"2020-11-04T08:54:13","slug":"publications","status":"publish","type":"page","link":"https:\/\/blogs.univ-tlse2.fr\/robert-ruiz\/es\/recherche\/publications\/","title":{"rendered":"Publicaciones"},"content":{"rendered":"<p><\/p>\n<h5><strong>HABILITATION \u00e0 DIRIGER des RECHERCHES :<\/strong><\/h5>\n<p><em>Titre : <\/em>Analyse acoustique de la voix pour la d\u00e9tection de perturbations psychophysiologiques &#8211; Application au contexte a\u00e9ronautique.\u00a0\u00a0 <a href=\"https:\/\/blogs.univ-tlse2.fr\/robert-ruiz\/files\/2012\/02\/Synth\u00e8se-des-travaux2.pdf\">Synth\u00e8se des travaux<\/a><\/p>\n<h5><strong>PERIODICOS INTERNATIONALES :<\/strong><\/h5>\n<p>R.Ruiz, C.Legros, A.Guell, Voice analysis: application to the study of the influence of a workload, <em>J. Acoustique<\/em>, 3 (2), pp. 153-159, 1990.<\/p>\n<p>R.Ruiz, C.Legros, A.Guell, Voice analysis to predict the psychological or physical state of a speaker: a future reality, <em>Aviation Space and Environ. Med.<\/em>, 61, pp. 266-271, 1990.<\/p>\n<p>R.Ruiz, C.Legros, The cumulative spectral probability diagram: theory and experiments, <em>Acustica united with Acta Acustica<\/em>, 2 (3), pp.215-222, 1994.<\/p>\n<p>R.Ruiz, E.Absil, B.Harmegnies, C.Legros, D.Poch, Time- and spectrum-related variabilities in stressed speech under laboratory and real conditions, <em>Speech Communication<\/em>, 20 (1-2), pp. 111-129, 1996.\u00a0\u00a0 <a href=\"https:\/\/blogs.univ-tlse2.fr\/robert-ruiz\/files\/2012\/02\/Ruiz-speech-com-96.pdf\">Speech Com 96<\/a><\/p>\n<p>L.Faiget, C.Legros, R.Ruiz, Optimization of the impulse response length: application to noisy and high reverberant rooms, <em>J. Audio. Eng. Soc.,<\/em> 46 (9), pp. 741-750, 1998.<\/p>\n<p>L.Faiget, R.Ruiz, Speech intelligibility model including room and loudspeaker influences, <em>J. Acoust. Soc. Am<\/em>., 105 (5), pp. 3345-3354, 1999.\u00a0\u00a0 <a href=\"..\/files\/2012\/02\/JASA-Faiget.pdf\">JASA 99<\/a><\/p>\n<p>R.Ruiz, L.Faiget, Speech intelligibility improvement by sound recording techniques, <em>Building Acoustics<\/em>, 7 (1), pp. 1-14, 2000.<\/p>\n<p>R.Ruiz, P.Plantin de Hugues, C.Legros, Advanced voice analysis of pilots to detect fatigue and sleep inertia, <em>Acustica united with Acta Acustica<\/em>, 96, pp. 567-579, 2010.<\/p>\n<p>L.Fontan, J.Tardieu, P.Gaillard, V.Woisard, R.Ruiz, Studying the relationship between speech intelligibility and comprehension using the speech in noise paradigm, <em>Journal of Speech, Language and Hearing Research<\/em> (JSLHR), 58, pp 977-986, 2015.<\/p>\n<p><strong>CONGRESOS INTERNATIONALES :<br \/>\n<\/strong><\/p>\n<p>R.Ruiz, C.Legros, Psycho-physiological state influence on acoustic voice characteristics, Acts of the 28<sup>th<\/sup> Acoustic Conf. on Physiological Acoustics, Psychoacoustics, Acoustics of Music and Speech, Strbske Pleso, Tch\u00e9coslovaquie, pp. 147-150, 1989.<\/p>\n<p>R.Ruiz, C.Legros, Analyse de la voix de pilotes en situation de stress dans un simulateur de vol, Colloque de Physique<em>, <\/em>colloque C2, vol. 51 (2), pp. 527-529, 1<sup>er<\/sup> Congr\u00e8s Fran\u00e7ais d&#8217;Acoustique, 1990.\u00a0\u00a0 <a href=\"https:\/\/blogs.univ-tlse2.fr\/robert-ruiz\/files\/2012\/02\/CFA1-1990.pdf\">cfa 1990<\/a><\/p>\n<p>R.Ruiz, C.Legros, Estimation of emotional disorders by cockpit voice recorder analysis, American SpeechLanguage Hearing Association Annual Convention, Atlanta, 1 page, U.S.A, 1991.<\/p>\n<p>B.Gramatica, R.Ruiz, C.Legros, Modifications de la fr\u00e9quence fondamentale de la voix de pilotes: incidents r\u00e9els et simul\u00e9s, Journal de Physique IV<em>, <\/em>colloque C1, vol. 2, pp. 335-338, 2<sup>nd<\/sup> Congr\u00e8s Fran\u00e7ais d&#8217;Acoustique, 1992.\u00a0\u00a0 <a href=\"https:\/\/blogs.univ-tlse2.fr\/robert-ruiz\/files\/2012\/02\/CFA2-1992.pdf\">cfa 1992<\/a><\/p>\n<p>C.Legros, R.Ruiz, Estimation of workload by voice analysis of pilots, 14<sup>th<\/sup> International Congress on Acoustics, Beijing, Chine, pp G6-5 (2 pages), 1992.<\/p>\n<p>B.Gramatica, R.Ruiz, C.Legros, A parameter for the evaluation of emotional trouble: the cumulative distribution of amplitude in the speech spectrum, Proc. E.S.C.A Workshop on Speech Processing in Adverse Conditions, Cannes-Mandelieu, France, pp. 235-238, 1992.<\/p>\n<p>R.Ruiz, C.Legros, Estimation de la largeur de bande des formants \u00e0 partir de la distribution cumul\u00e9e du niveau sonore dans le spectre, Journal de Physique IV, colloque C5, vol. 4, pp. 461-464, 3<sup>\u00e8me<\/sup> Congr\u00e8s Fran\u00e7ais d&#8217;Acoustique, 1994.\u00a0\u00a0 <a href=\"https:\/\/blogs.univ-tlse2.fr\/robert-ruiz\/files\/2012\/02\/CFA3-1994.pdf\">cfa 1994<\/a><\/p>\n<p>B.Gramatica, R.Ruiz, C.Legros, Comparison between time-scale and time frequency approaches for the detection of stress in speech, 15<sup>th<\/sup> Int. Congress on Acoustics, Trondheim, Norv\u00e8ge, pp. 49-52, 1995.<\/p>\n<p>R.Ruiz, C.Legros, Vowel spectral characteristics to detect vocal stress, 15<sup>th<\/sup> Int. Congress on Acoustics, Trondheim, Norv\u00e8ge, pp. 141-144, 1995.<\/p>\n<p>R.Ruiz, E.Absil, B.Gramatica, B.Harmegnies, C.Legros, D.Poch, Spectrum-related variabilities in stressed speech under laboratory and real conditions, Proc. of the E.S.C.A-N.A.T.O Tutorial and Research Workshop on Speech under Stress, Lisbonne, Portugal, pp. 53-56, 1995.\u00a0\u00a0\u00a0 <a href=\"https:\/\/blogs.univ-tlse2.fr\/robert-ruiz\/files\/2012\/02\/publi-lisbonne-2.pdf\">ESCA 95 &#8211; 1<\/a><\/p>\n<p>E.Absil, B.Gramatica, B.Harmegnies, C.Legros, D.Poch, R.Ruiz, Time-related variabilities in stressed speech under laboratory and real conditions, Proc. of the E.S.C.A-N.A.T.O Tutorial and Research Workshop on Speech under Stress, Lisbonne, Portugal, pp. 37-40, 1995.\u00a0\u00a0 <a href=\"..\/files\/2012\/02\/publi-lisbonne.pdf\">ESCA 95 &#8211; 2<\/a><\/p>\n<p>L.Faiget, R.Ruiz, C.Legros, The influence of room and diffusor on speech intelligibility, Acts of the 32<sup>nd<\/sup> Czech Conf. on Acoustics, Prague, R\u00e9publique Tch\u00e8que pp. 37-40, 1995.<\/p>\n<p>L.Faiget, R.Ruiz, C.Legros, Estimation of the impulse response length to compute room acoustical criteria, 1<sup>st<\/sup> Convention of the European Acoustics Association E.A.A, Antwerpen, Belgique, Acustica, Acta Acoustica, Vol. 82 , suppl.1, pp. S1-48 (1 page), 1996.<\/p>\n<p>L.Faiget, R.Ruiz, C.Legros, The true duration of the impulse response used to estimate reverberation time, Proc. ICASSP, Atlanta, U.S.A, pp. 913-916, 1996.<\/p>\n<p>B.Gramatica, R.Ruiz, Comparaison de deux m\u00e9thodes de caract\u00e9risation du spectre de parole pour l&#8217;identification du stress, Actes du 4<sup>\u00e8me<\/sup> Congr\u00e8s Fran\u00e7ais d&#8217;Acoustique, vol. 1, pp. 361-364, Marseille, 1997.<\/p>\n<p>J.M.Raynal, R.Ruiz, C.Legros, Estimation de la directivit\u00e9 d&#8217;une enceinte \u00e9lectroacoustique sur site, Actes du 4<sup>\u00e8me<\/sup> Congr\u00e8s Fran\u00e7ais d&#8217;Acoustique, vol. 1, pp. 59-62, Marseille, 1997.<\/p>\n<p>R.Ruiz, I.Ballet, Influence of distance and sound recording system on intelligibility in highly reverberant conditions, 16<sup>th<\/sup> Int. Congress on Acoustics and 135<sup>th<\/sup> Meeting of the A.S.A, J.Acoust.Soc.Am., Vol 103, N\u00b05, Pt.2, May 1998 16<sup>th<\/sup> ICA\/135<sup>th<\/sup> ASA-Seattle 3067, U.S.A, 1998.<\/p>\n<p>R.Ruiz, L.Faiget, Simulation d&#8217;un \u00e9chogramme par recomposition de deux r\u00e9ponses impulsionnelles: application \u00e0 l&#8217;evaluation d&#8217;un mod\u00e8le pr\u00e9visionnel d&#8217;intelligibilit\u00e9, Actes du 5<sup>\u00e8me<\/sup> Congr\u00e8s Fran\u00e7ais d&#8217;Acoustique, Lausanne, Suisse, pp. 493-496, 2000.\u00a0\u00a0 <a href=\"https:\/\/blogs.univ-tlse2.fr\/robert-ruiz\/files\/2012\/02\/texte-5cfa.pdf\">cfa 2000<\/a><\/p>\n<p>S.Vautier, R.Da Silva Neves, C.Martinot, R.Ruiz, Sensibilit\u00e9 de la version fran\u00e7aise du stai-y \u00e0 des images avec contenu \u00e9motionnel, (r\u00e9sum\u00e9), Journal de Th\u00e9rapie Comportementale et Cognitive, 10, 13, 2000.<\/p>\n<p>R.Ruiz, R.Da Silva Neves, C.Martinot, S.Vautier, Interactions between emotional content of pictures and acoustic features of speech, 17<sup>th<\/sup> International Congress on Acoustics, Roma, Italy, 6A 14.04, pp 276-277, 2001.\u00a0\u00a0 <a href=\"https:\/\/blogs.univ-tlse2.fr\/robert-ruiz\/files\/2012\/02\/Texte-ICA20011.pdf\">ICA2001<\/a><\/p>\n<p>R.Ruiz, R.Da Silva Neves, C.Martinot, S.Vautier, Vers un r\u00e9flexe visio-phonatoire, Actes du 6<sup>\u00e8me<\/sup> Congr\u00e8s Fran\u00e7ais d&#8217;Acoustique<em>,<\/em> Lille, pp. 763-766, 2002.\u00a0\u00a0 <a href=\"https:\/\/blogs.univ-tlse2.fr\/robert-ruiz\/files\/2012\/02\/article-6cfa.pdf\">cfa 2002<\/a><\/p>\n<p>C.Annequin, P.Champelovier, R.Ruiz, Perception auditive de diff\u00e9rents enrob\u00e9s routiers; phase1: \u00e9laboration et mise en place d&#8217;un outil de prise de son et de reproduction sonore, Actes du 6<sup>\u00e8me<\/sup> Congr\u00e8s Fran\u00e7ais d&#8217;Acoustique, Lille, pp. 92-95, 2002.\u00a0\u00a0 <a href=\"https:\/\/blogs.univ-tlse2.fr\/robert-ruiz\/files\/2012\/02\/article_CFA2002.pdf\">cfa2002-1<\/a><\/p>\n<p>R.Ruiz, C.Legros, P.Plantin de Hugues, Analysing cockpit and laboratory recordings to determine fatigue levels in pilots\u2019 voices, Congr\u00e8s conjoint des soci\u00e9t\u00e9s am\u00e9ricaine, europ\u00e9enne et fran\u00e7aise d\u2019acoustique, Acoustics&#8217;08, june 29-july 4, pp. 621-625, 2008.\u00a0\u00a0 <a href=\"https:\/\/blogs.univ-tlse2.fr\/robert-ruiz\/files\/2012\/02\/publi-acoustics08-pdf.pdf\">acoustics 2008<\/a><\/p>\n<p>R.Ruiz, P.Plantin de Hugues, C.Legros, Voice analysis as a significant parameter of car driver\u2019s fatigue, Proc. of the Acoustics High Tatras 2009, 34<sup>th<\/sup> Int. Acoustical Conference \u2013 European Acoustical Association (E.A.A), 2009.\u00a0\u00a0 <a href=\"https:\/\/blogs.univ-tlse2.fr\/robert-ruiz\/files\/2012\/02\/Publi-finale.pdf\">ICA 2009<\/a><\/p>\n<p>R.Ruiz, P.Plantin de Hugues, C.Legros, Analyse de la voix d\u2019un conducteur automobile\u00a0: effets acoustiques de la fatigue, Actes du 10<sup>\u00e8me<\/sup> Congr\u00e8s Fran\u00e7ais d\u2019Acoustique, CFA 2010, Lyon, 2010.\u00a0 <a href=\"https:\/\/blogs.univ-tlse2.fr\/robert-ruiz\/files\/2012\/02\/Publi-R.Ruiz-CFA10.pdf\">cfa 2010<\/a><\/p>\n<p>R.Ruiz, P.Plantin de Hugues, C.Legros, Amplitude modulation of vowel glottal pulses &#8211; application to sleep inertia, Actes de Acoustics 2012, Nantes, 2012.\u00a0\u00a0 <a href=\"https:\/\/blogs.univ-tlse2.fr\/robert-ruiz\/files\/2012\/02\/publi-finale-CFA2012-dans-actes1.pdf\">Acoustics 2012<\/a><\/p>\n<p>R.Ruiz, P.Plantin de Hugues, C.Legros, Variation of Maximal Lyapunov Exponent with Voice Disorders of Pilots, ICA 2013, Montr\u00e9al, Canada, J.Acoust.Soc.Am. 2013 May; 133(5): 3521. <a href=\"https:\/\/blogs.univ-tlse2.fr\/robert-ruiz\/files\/2012\/02\/RUIZ-ICA2013.pdf\">RUIZ ICA2013<\/a><\/p>\n<p>R.Ruiz, S.Boyer, P.Plantin de Hugues, A.Daurat, C.Legros, Approche acoustique de la baisse de vigilance par analyse de la voix, Actes du 12<sup>\u00e8me<\/sup> Congr\u00e8s Fran\u00e7ais d\u2019Acoustique (CFA 2014), Poitiers, France, pp. 777-781, 2014.<\/p>\n<p>S.Boyer, R. El-Yagoubi, M.Tiberge, R.Ruiz, A.Daurat, Param\u00e8tres acoustiques et privation de sommeil, Actes du 13\u00e8me Congr\u00e8s Fran\u00e7ais d&#8217;Acoustique (CFA 2016), Avril 2016.<\/p>\n<p><strong> INFORMES de CONTRATOS:<br \/>\n<\/strong><\/p>\n<p>C.Legros, R.Ruiz, \u00c9tude de l&#8217;influence de la charge de travail sur les caract\u00e9ristiques acoustiques de la voix, 1. \u00c9tude bibliographique, Universit\u00e9 Toulouse III \u2013 Laboratoire d&#8217;Acoustique de M\u00e9trologie et d&#8217;Instrumentation \/ Centre National d&#8217;\u00c9tudes Spatiales, 65 pages, 1988.<\/p>\n<p>C.Legros, R.Ruiz, \u00c9tude de l&#8217;influence de la charge de travail sur les caract\u00e9ristiques acoustiques de la voix, 2. Exp\u00e9rimentations en simulateur de vol, Universit\u00e9 Toulouse III \u2013 Laboratoire d&#8217;Acoustique de M\u00e9trologie et d&#8217;Instrumentation \/ Centre National d&#8217;\u00c9tudes Spatiales, 43 pages, 1990.<\/p>\n<p>B.Gramatica, R.Ruiz, C.Legros, Exp\u00e9rimentations acoustiques \u00e0 bord des vols minimum crew sur Airbus A340, rapport final, Universit\u00e9 Toulouse II \u2013 Laboratoire d&#8217;Acoustique de l&#8217;Universit\u00e9 Toulouse-Le Mirail \/ Services Techniques de la Navigation A\u00e9rienne, 65 pages, 1993.<\/p>\n<p>F.Junker, L.Faiget, R.Ruiz, C.Legros, Intelligibilit\u00e9 de la parole transmise par une sonorisation, essais de r\u00e9ception de la sonorisation de Chooz B1, Contrat d&#8217;\u00c9tude P64L16 et P64L17\/IJ5682\/EP715, \u00c9lectricit\u00e9 De France, Direction des \u00c9tudes et Recherches, 15 pages, 1995.<\/p>\n<p>R.Ruiz, J.L.Rastoul, Caract\u00e9risation acoustique de la salle r\u00e9verb\u00e9rante b\u00e2t.16 a\u00e9rospatiale a\u00e9ronautique, Rapport du Proc\u00e8s Verbal d&#8217;Essais, Convention du 08\/07\/96 entre le Laboratoire d&#8217;Acoustique de l&#8217;Universit\u00e9 Toulouse-Le Mirail et le Laboratoire d&#8217;A\u00e9rospatiale A\u00e9ronautique, 76 pages, 1996.<\/p>\n<p>C.Fillol, C.Legros, R.Ruiz, Estimation de l&#8217;intelligibilit\u00e9: choix du diffuseur, Rapport n\u00b01 du contrat KE625028<em>, <\/em>R\u00e9gie Autonome des Transports Parisiens, 58 pages, 1997.<\/p>\n<p>C.Annequin, R.Ruiz, P.Champelovier, \u00c9valuation de la qualit\u00e9 sonore de diff\u00e9rents rev\u00eatements routiers phase 1, Rapport INRETS n\u00b0 0316 de la commande n\u00b0 LTE-204-01-106, INRETS\/RR\/02-506-FR, Institut National de Recherche sur les Transports et leur S\u00e9curit\u00e9, 71 pages, 2001.<\/p>\n<p>C.Legros, R.Ruiz, \u00c9tude de l\u2019influence d\u2019une p\u00e9riode de sommeil sur la voix de pilotes d\u2019avion, Rapport final de l\u2019\u00e9tude B.E.A N\u00b03304\/2005, 19 pages, 2007.<\/p>\n<p>R.Ruiz, Prise en compte des sp\u00e9cificit\u00e9s \u00e9lectroacoustiques des communications avion \u2013 tour de contr\u00f4le pour l\u2019adaptation des mesures de laboratoire sur le signal vocal, phase 2, Rapport final de l\u2019\u00e9tude B.E.A N\u00b03841\/2007, 18 pages, 2007<em>.<\/em><\/p>\n<p>R.Ruiz, C.Legros, \u00c9tude de l\u2019influence de la fatigue sur les caract\u00e9ristiques acoustiques de la voix d\u2019un \u00e9quipage au cours d\u2019une journ\u00e9e de vol court-courrier avec plusieurs rotations, Rapport final de l\u2019\u00e9tude B.E.A N\u00b03661\/2008, 66 pages, 2008.<\/p>\n<p>R.Ruiz, C.Legros, \u00c9tude de l\u2019influence d\u2019une p\u00e9riode de sommeil sur la voix des pilotes d\u2019avion \u2013 param\u00e8tres spectraux, Compl\u00e9ment au rapport final de l\u2019\u00e9tude B.E.A N\u00b03304\/2005, 27 pages, 2009.<\/p>\n<p>R.Ruiz, C.Legros, \u00c9tude de l\u2019influence de la fatigue sur les caract\u00e9ristiques acoustiques de la voix d\u2019un \u00e9quipage au cours d\u2019une journ\u00e9e de vol court-courrier avec plusieurs rotations \u2013 analyse du cockpit voice recorder, Compl\u00e9ment au rapport final de l\u2019\u00e9tude B.E.A N\u00b03661\/2008, 14 pages, 2009.<\/p>\n<p>R.Ruiz, C.Legros, Mesures de la dynamique non lin\u00e9aire du signal vocal\u00a0: portrait de phase et exposant de Lyapunov, Compl\u00e9ment au rapport final des \u00e9tudes B.E.A N\u00b03304\/2005 et N\u00b03661\/2008, 17 pages, 2009.<\/p>\n<p>R.Ruiz, C.Legros, \u00c9tude de l\u2019influence de la fatigue sur les caract\u00e9ristiques acoustiques de la voix au cours d\u2019une journ\u00e9e de conduite automobile (Phases 1 et 2), Rapport final de l\u2019\u00e9tude B.E.A N\u00b0 3632\/2009, 36 pages, 2010.<\/p>\n<p>R.Ruiz, C.Legros, Analyse acoustique des conversations de l\u2019\u00e9quipage d\u2019un avion \u00e0 partir de son enregistreur phonique (CVR), Rapport interne du B.E.A, 47 pages, 2010.<\/p>\n<p>R.Ruiz, C.Legros, Analyse acoustique de la voix en conditions de simulation de vol &#8211; Etude des effets de la fatigue &#8211; Phase 1, Rapport de l&#8217;\u00e9tude BEA N\u00b040691\/2012, 31 pages, F\u00e9vrier 2013.<\/p>\n<p>R.Ruiz, C.Legros, Programmes informatiques d\u00e9velopp\u00e9s pour l&#8217;analyse du signal vocal, Rapport interne du B.E.A, 31 pages, Juin 2013.<\/p>","protected":false},"excerpt":{"rendered":"<p>HABILITATION \u00e0 DIRIGER des RECHERCHES : Titre : Analyse acoustique de la voix pour la d\u00e9tection de perturbations psychophysiologiques &#8211; Application au contexte a\u00e9ronautique.\u00a0\u00a0 Synth\u00e8se des travaux PERIODICOS INTERNATIONALES : R.Ruiz, C.Legros, A.Guell, Voice analysis: application to the study of &hellip; <a href=\"https:\/\/blogs.univ-tlse2.fr\/robert-ruiz\/es\/recherche\/publications\/\">Sigue leyendo <span class=\"meta-nav\">&rarr;<\/span><\/a><\/p>\n","protected":false},"author":104,"featured_media":0,"parent":20,"menu_order":0,"comment_status":"closed","ping_status":"closed","template":"","meta":{"footnotes":""},"class_list":["post-22","page","type-page","status-publish","hentry"],"_links":{"self":[{"href":"https:\/\/blogs.univ-tlse2.fr\/robert-ruiz\/es\/wp-json\/wp\/v2\/pages\/22","targetHints":{"allow":["GET"]}}],"collection":[{"href":"https:\/\/blogs.univ-tlse2.fr\/robert-ruiz\/es\/wp-json\/wp\/v2\/pages"}],"about":[{"href":"https:\/\/blogs.univ-tlse2.fr\/robert-ruiz\/es\/wp-json\/wp\/v2\/types\/page"}],"author":[{"embeddable":true,"href":"https:\/\/blogs.univ-tlse2.fr\/robert-ruiz\/es\/wp-json\/wp\/v2\/users\/104"}],"replies":[{"embeddable":true,"href":"https:\/\/blogs.univ-tlse2.fr\/robert-ruiz\/es\/wp-json\/wp\/v2\/comments?post=22"}],"version-history":[{"count":76,"href":"https:\/\/blogs.univ-tlse2.fr\/robert-ruiz\/es\/wp-json\/wp\/v2\/pages\/22\/revisions"}],"predecessor-version":[{"id":504,"href":"https:\/\/blogs.univ-tlse2.fr\/robert-ruiz\/es\/wp-json\/wp\/v2\/pages\/22\/revisions\/504"}],"up":[{"embeddable":true,"href":"https:\/\/blogs.univ-tlse2.fr\/robert-ruiz\/es\/wp-json\/wp\/v2\/pages\/20"}],"wp:attachment":[{"href":"https:\/\/blogs.univ-tlse2.fr\/robert-ruiz\/es\/wp-json\/wp\/v2\/media?parent=22"}],"curies":[{"name":"wp","href":"https:\/\/api.w.org\/{rel}","templated":true}]}}