 {"id":31,"date":"2012-02-04T22:30:14","date_gmt":"2012-02-04T21:30:14","guid":{"rendered":"https:\/\/blogs.univ-tlse2.fr\/robert-ruiz\/?page_id=31"},"modified":"2018-02-16T18:40:06","modified_gmt":"2018-02-16T17:40:06","slug":"6-liens","status":"publish","type":"page","link":"https:\/\/blogs.univ-tlse2.fr\/robert-ruiz\/es\/6-liens\/","title":{"rendered":"5- Enlaces"},"content":{"rendered":"<p>Ecole Nationale Sup\u00e9rieure d&#8217;AudioVisuel (E.N.S.A.V) :\u00a0 <a href=\"http:\/\/esav.fr\">http:\/\/www.esav.fr<\/a><\/p>\n<p>LAboratoire de Recherche en Audiovisuel (LA.R.A) :\u00a0\u00a0 <a href=\"http:\/\/w3.lara.univ-tlse2.fr\">http:\/\/lara.univ-tlse2.fr<\/a><\/p>\n<p>Universit\u00e9 de Toulouse Jean Jaur\u00e8s\u00a0 :\u00a0\u00a0<a href=\"http:\/\/www.univ-tlse2.fr\"> http:\/\/www.univ-tlse2.fr<\/a><\/p>\n<p>Soci\u00e9t\u00e9 Fran\u00e7aise d&#8217;Acoustique (S.F.A) :\u00a0\u00a0 <a href=\"http:\/\/sfa.asso.fr\/fr\/\">https:\/\/sfa.asso.fr<\/a><\/p>","protected":false},"excerpt":{"rendered":"<p>Ecole Nationale Sup\u00e9rieure d&#8217;AudioVisuel (E.N.S.A.V) :\u00a0 http:\/\/www.esav.fr LAboratoire de Recherche en Audiovisuel (LA.R.A) :\u00a0\u00a0 http:\/\/lara.univ-tlse2.fr Universit\u00e9 de Toulouse Jean Jaur\u00e8s\u00a0 :\u00a0\u00a0 http:\/\/www.univ-tlse2.fr Soci\u00e9t\u00e9 Fran\u00e7aise d&#8217;Acoustique (S.F.A) :\u00a0\u00a0 https:\/\/sfa.asso.fr<\/p>\n","protected":false},"author":104,"featured_media":0,"parent":0,"menu_order":0,"comment_status":"closed","ping_status":"closed","template":"","meta":{"footnotes":""},"class_list":["post-31","page","type-page","status-publish","hentry"],"_links":{"self":[{"href":"https:\/\/blogs.univ-tlse2.fr\/robert-ruiz\/es\/wp-json\/wp\/v2\/pages\/31","targetHints":{"allow":["GET"]}}],"collection":[{"href":"https:\/\/blogs.univ-tlse2.fr\/robert-ruiz\/es\/wp-json\/wp\/v2\/pages"}],"about":[{"href":"https:\/\/blogs.univ-tlse2.fr\/robert-ruiz\/es\/wp-json\/wp\/v2\/types\/page"}],"author":[{"embeddable":true,"href":"https:\/\/blogs.univ-tlse2.fr\/robert-ruiz\/es\/wp-json\/wp\/v2\/users\/104"}],"replies":[{"embeddable":true,"href":"https:\/\/blogs.univ-tlse2.fr\/robert-ruiz\/es\/wp-json\/wp\/v2\/comments?post=31"}],"version-history":[{"count":35,"href":"https:\/\/blogs.univ-tlse2.fr\/robert-ruiz\/es\/wp-json\/wp\/v2\/pages\/31\/revisions"}],"predecessor-version":[{"id":447,"href":"https:\/\/blogs.univ-tlse2.fr\/robert-ruiz\/es\/wp-json\/wp\/v2\/pages\/31\/revisions\/447"}],"wp:attachment":[{"href":"https:\/\/blogs.univ-tlse2.fr\/robert-ruiz\/es\/wp-json\/wp\/v2\/media?parent=31"}],"curies":[{"name":"wp","href":"https:\/\/api.w.org\/{rel}","templated":true}]}}