 {"id":408,"date":"2018-02-15T14:06:53","date_gmt":"2018-02-15T13:06:53","guid":{"rendered":"https:\/\/blogs.univ-tlse2.fr\/robert-ruiz\/?page_id=408"},"modified":"2020-01-22T16:13:09","modified_gmt":"2020-01-22T15:13:09","slug":"3-1-intelligibilite-de-la-parole","status":"publish","type":"page","link":"https:\/\/blogs.univ-tlse2.fr\/robert-ruiz\/es\/recherche\/3-1-intelligibilite-de-la-parole\/","title":{"rendered":"3-1 Inteligibilidad del Habla"},"content":{"rendered":"<p><\/p>\n<p><strong>Inteligibilidad del habla (1994-2000)<\/strong> Estas actividades de investigaci\u00f3n se relacionan con la inteligibilidad del habla en ambientes ruidosos e incluyen dos componentes:<\/p>\n<p>&#8211; La creaci\u00f3n de un modelo teniendo en cuenta las caracter\u00edsticas del altavoz para la predicci\u00f3n de la inteligibilidad (componente 1);<\/p>\n<p>&#8211; Las aplicaciones para el control de la directividad, la predicci\u00f3n y la selecci\u00f3n en el sitio de los altavoces (componente 2).<\/p>\n<p><em>Componente 1<\/em>. se trata de las caracter\u00edsticas de la ac\u00fastica interna de un sitio para la inteligibilidad del habla. La respuesta impulsional se estudia: su medici\u00f3n, su funci\u00f3n en la estimaci\u00f3n de la inteligibilidad y de los criterios de calidad de la ac\u00fastica interna de los sitios. El trabajo ha permitido proponer un modelo para predecir resultados de inteligibilidad sobre la base de la respuesta impulsional de la sala. La originalidad del modelo es de separar la influencia del transductor transmisor de los mensajes de esa de la sala.<\/p>\n<p>Hasta entonces, todos los modelos utilizaban el c\u00e1lculo de la energ\u00eda temprana (\u00fatil) y tard\u00eda (nocivo) desde una estimaci\u00f3n o una medici\u00f3n de la respuesta impulsional general, el resultado de convoluci\u00f3n de esa del transductor de transmisi\u00f3n con la del transductor receptor y la del sitio en la posici\u00f3n de escucha. El modelo presentado ofrece la contribuci\u00f3n de la inteligibilidad de altavoces en t\u00e9rminos de falta de ancho de banda (resonancias y\u00a0 antiresonancias) y una relaci\u00f3n de energ\u00eda calculada de la respuesta impulsional general y de la respuesta impulsional deconvolutionada del efecto de la sala. Esta proporci\u00f3n expresa el acoplamiento entre la radiaci\u00f3n del difusor y las propiedades de las primeras reflexiones ac\u00fasticas en la sala. Simulaci\u00f3n de cambios en estos par\u00e1metros se encuentra en buen acuerdo con los resultados emp\u00edricos que son conocidos por mejorar resultados de inteligibilidad con el aumento de la directividad del emisor de sonido y el aumento de absorci\u00f3n de las paredes.<\/p>\n<p>El modelo es validado por experimentos en salas altamente reverberantes y en presencia de ruido. El objetivo es entonces de introducir la acci\u00f3n del transductor receptor en el modelo. Los modelos no ten\u00edan otro prop\u00f3sito que de predecir los resultados de la inteligibilidad en la sala donde se encontraba la voz. En consecuencia, las estimaciones de respuesta impulsional se hicieron siempre con micr\u00f3fonos omnidireccionales, y luego introducidas en los modelos para compararlos con los resultados medidos in situ con los oyentes. Aqu\u00ed, los mensajes de palabra se registran por los micr\u00f3fonos direccionales como la adquisici\u00f3n de las secuencias binarias pseudoaleatorias para calcular las respuestas impulsionales. Las grabaciones se emiten en otra habitaci\u00f3n para la medici\u00f3n de inteligibilidad y la modelisaci\u00f3n. Los resultados son:<\/p>\n<p>&#8211; La inteligibilidad de los mensajes grabados con micr\u00f3fonos direccionales es mejor que la de los mensajes escuchados en la sala en los mismos puntos. El sonido (mono y est\u00e9reo) por lo tanto, mejora la comprensi\u00f3n del habla .<\/p>\n<p>&#8211; El modelo subestima la inteligibilidad escuchando las grabaciones mientras se mantiene su variaci\u00f3n con la distancia. El experimento ha permitido proponer un m\u00e9todo para la simulaci\u00f3n de un ecograma. El ecograma obtenido con un cardio\u00efde se puede calcular desde\u00a0 de la medici\u00f3n de dos ecogramas, respectivamente, obtenidos con un micr\u00f3fono omnidireccional y un micr\u00f3fono bidireccional.<\/p>\n<p><em>Componente 2.<\/em> Trabajo sobre la inteligibilidad del habla se aplicaron para la predicci\u00f3n en el sitio de las caracter\u00edsticas de directividad de un altavoz para estimar la inteligibilidad con el modelo del laboratorio (con la empresa Bouyer \/ Tyco). Mientras tanto, fue necesario de proceder a la elecci\u00f3n de un altavoz para conseguir los mejores resultados de inteligibilidad en una estaci\u00f3n de metro. Con el modelo que incorpora las directividades las respuestas en frecuencia de los altavoces y las respuestas impulsionales del local, la elecci\u00f3n se ha hecho. El estudio ha permitido la comparaci\u00f3n de los transductores no s\u00f3lo en t\u00e9rminos de electroac\u00fastica pero en t\u00e9rminos de inteligibilidad con condiciones\u00a0 de ruido y de reverberaci\u00f3n.<\/p>\n<p><\/p>","protected":false},"excerpt":{"rendered":"<p>Inteligibilidad del habla (1994-2000) Estas actividades de investigaci\u00f3n se relacionan con la inteligibilidad del habla en ambientes ruidosos e incluyen dos componentes: &#8211; La creaci\u00f3n de un modelo teniendo en cuenta las caracter\u00edsticas del altavoz para la predicci\u00f3n de la &hellip; <a href=\"https:\/\/blogs.univ-tlse2.fr\/robert-ruiz\/es\/recherche\/3-1-intelligibilite-de-la-parole\/\">Sigue leyendo <span class=\"meta-nav\">&rarr;<\/span><\/a><\/p>\n","protected":false},"author":104,"featured_media":0,"parent":20,"menu_order":0,"comment_status":"closed","ping_status":"closed","template":"","meta":{"footnotes":""},"class_list":["post-408","page","type-page","status-publish","hentry"],"_links":{"self":[{"href":"https:\/\/blogs.univ-tlse2.fr\/robert-ruiz\/es\/wp-json\/wp\/v2\/pages\/408","targetHints":{"allow":["GET"]}}],"collection":[{"href":"https:\/\/blogs.univ-tlse2.fr\/robert-ruiz\/es\/wp-json\/wp\/v2\/pages"}],"about":[{"href":"https:\/\/blogs.univ-tlse2.fr\/robert-ruiz\/es\/wp-json\/wp\/v2\/types\/page"}],"author":[{"embeddable":true,"href":"https:\/\/blogs.univ-tlse2.fr\/robert-ruiz\/es\/wp-json\/wp\/v2\/users\/104"}],"replies":[{"embeddable":true,"href":"https:\/\/blogs.univ-tlse2.fr\/robert-ruiz\/es\/wp-json\/wp\/v2\/comments?post=408"}],"version-history":[{"count":12,"href":"https:\/\/blogs.univ-tlse2.fr\/robert-ruiz\/es\/wp-json\/wp\/v2\/pages\/408\/revisions"}],"predecessor-version":[{"id":469,"href":"https:\/\/blogs.univ-tlse2.fr\/robert-ruiz\/es\/wp-json\/wp\/v2\/pages\/408\/revisions\/469"}],"up":[{"embeddable":true,"href":"https:\/\/blogs.univ-tlse2.fr\/robert-ruiz\/es\/wp-json\/wp\/v2\/pages\/20"}],"wp:attachment":[{"href":"https:\/\/blogs.univ-tlse2.fr\/robert-ruiz\/es\/wp-json\/wp\/v2\/media?parent=408"}],"curies":[{"name":"wp","href":"https:\/\/api.w.org\/{rel}","templated":true}]}}