 {"id":412,"date":"2018-02-15T14:14:26","date_gmt":"2018-02-15T13:14:26","guid":{"rendered":"https:\/\/blogs.univ-tlse2.fr\/robert-ruiz\/?page_id=412"},"modified":"2021-05-07T16:14:30","modified_gmt":"2021-05-07T15:14:30","slug":"3-2-analyse-de-la-voix","status":"publish","type":"page","link":"https:\/\/blogs.univ-tlse2.fr\/robert-ruiz\/es\/recherche\/3-2-analyse-de-la-voix\/","title":{"rendered":"3-2 Analisis de Voz"},"content":{"rendered":"<p><strong>An\u00e1lisis de la Voz (desde 1988)<\/strong><\/p>\n<p>Las actividades de investigaci\u00f3n de ocupan de la an\u00e1lisis del se\u00f1al de voz para la detecci\u00f3n y la medida de variabilidades causadas por factores psicofisiol\u00f3gicos. Estas son echas en el laboratorio o se producen de forma natural en algunas situaciones de trabajo. Los pilotos son una poblaci\u00f3n de hablantes sometidos a cargas de trabajo en situaci\u00f3n de riesgo, a veces largos. El contexto de la aviaci\u00f3n proporciona situaciones reales y ofrece la posibilidad de utilizar simuladores fijos o m\u00f3viles. En todos los casos, trastornos del habla son posibles con posterioridad a la aparici\u00f3n de la disfunci\u00f3n, sino tambi\u00e9n debido a la carga de trabajo o a la fatiga. Algunos experimentos en el campo de la psicolog\u00eda tambi\u00e9n pueden generar expresi\u00f3n con propiedades vocales singular.<\/p>\n<p><strong>Aviaci\u00f3n contexto<\/strong><\/p>\n<div id=\"gt-res-content\">\n<p id=\"gt-res-dir-ctr\" class=\"trans-verified-button-small\" dir=\"ltr\"><span id=\"result_box\" class=\"\" lang=\"es\"><span title=\"- \u00ab Cockpit Voice Recorder \u00bb (C.V.R) (con Bureau d\u2019Enqu\u00eates et d\u2019Analyses B.E.A).\"> &#8211; \u00abCockpit Voice Recorder\u00bb (C.V.R) (con Bureau of Investigations and Analysis B.E.A). <\/span><span title=\"Un registro ha sido seleccionado porque las disfunciones observadas antes del accidente caus\u00f3 largas discusiones entre los pilotos. \">Un registro ha sido seleccionado porque las disfunciones observadas antes del accidente entre largas discusiones entre los pilotos.<\/span><\/span><\/p>\n<p><span title=\"- Voz an\u00e1lisis en vuelos de largo recorrido con incidentes voluntariamento causados (con Services Technique de la Navigation A\u00e9rienne S.T.N.A \u2013 Airbus).\">&#8211; Una visi\u00f3n anecd\u00f3tica del incidente recurrente con el recuerdo causado (con los Servicios T\u00e9cnicos de Navegaci\u00f3n A\u00e9rea S.T.N.A &#8211; Airbus). <\/span><span title=\"Pour la certification en vol avec un \u00e9quipage r\u00e9duit \u00e0 deux pilotes au lieu de trois personnels navigants, des vols r\u00e9els long-courriers ont eu lieu avec cr\u00e9ation de pannes par les ing\u00e9nieurs \u00e0 bord.\">Para la certificaci\u00f3n de vuelo con una tripulaci\u00f3n reducida a dos pilotos en lugar de tres tripulaciones de vuelo, se han producido vuelos reales de larga distancia con la creaci\u00f3n de fallas por parte de los ingenieros a bordo. <\/span><span title=\"Les conversations de l\u2019\u00e9quipage ont \u00e9t\u00e9 enregistr\u00e9es pour \u00e9tudier la corr\u00e9lation entre le stress provoqu\u00e9, les caract\u00e9ristiques acoustiques de la voix et l\u2019estimation de la charge de travail par des indicateurs m\u00e9dicaux mesur\u00e9s par les partenaires de l\u2019\u00e9tude. \">Las conversaciones de la tripulaci\u00f3n se registraron para estudiar la correlaci\u00f3n entre el estr\u00e9s causado, las caracter\u00edsticas ac\u00fasticas de la voz y la estimaci\u00f3n de la carga de trabajo por indicadores m\u00e9dicos medidos por los socios del estudio.<\/span><\/p>\n<p><span title=\"- enregistrements en simulateur d\u2019avion avec pannes provoqu\u00e9es (partenaires : A\u00e9roformation, Base Op\u00e9rationnelle Mobile A\u00e9roPort\u00e9e).\">&#8211; Grabaciones de simuladores de aeronaves con fallas provocadas (socios: Aeroformation, AeroPort\u00e9e Mobile Operational Base). <\/span><span title=\"Le simulateur a permis de construire un protocole exp\u00e9rimental pour provoquer en situation contr\u00f4l\u00e9e divers incidents de vol et en analyser les cons\u00e9quences vocales. \">El simulador permiti\u00f3 construir un protocolo experimental para provocar varios incidentes de vuelo en una situaci\u00f3n controlada y analizar las consecuencias vocales.<\/span><\/p>\n<p><span title=\"- enregistrements coupl\u00e9s avec le protocole exp\u00e9rimental de laboratoire mis en place pour \u00e9tudier l\u2019inertie du sommeil (partenaires Laboratoire d\u2019Anthropologie Appliqu\u00e9e LAA, h\u00f4pital Henri Mondor et BEA).\">&#8211; Grabaciones junto con el protocolo de laboratorio experimental establecido para estudiar la inercia del sue\u00f1o (socios del Laboratorio de Antropolog\u00eda Aplicada de LAA, Hospital Henri Mondor y BEA). <\/span><span title=\"Pour l'\u00e9tude du sommeil et de la vigilance des \u00e9quipages, le LAA a d\u00e9velopp\u00e9 un protocole exp\u00e9rimental de laboratoire pour contr\u00f4ler le sommeil et \u00e0 partir duquel il a \u00e9t\u00e9 possible d'enregistrer la voix d'un pilote \u00e0 son r\u00e9veil lors de l'\">Para el estudio del sue\u00f1o y la vigilancia de las tripulaciones, la LAA ha desarrollado un protocolo experimental de laboratorio para controlar el sue\u00f1o y desde el cual es posible grabar la voz de un piloto cuando se despierta durante el <\/span><span title=\"ex\u00e9cution de t\u00e2ches a\u00e9ronautiques.\">ejecuci\u00f3n de tareas aeron\u00e1uticas. <\/span><span title=\"L\u2019\u00e9tude poursuivait le but d\u2019identifier les caract\u00e9ristiques non m\u00e9dicales, donc vocales, modifi\u00e9es par l\u2019inertie du sommeil.\">El estudio persigue el objetivo de identificar las caracter\u00edsticas no m\u00e9dicas, por lo tanto vocales, modificadas por la inercia del sue\u00f1o.<\/span><\/p>\n<\/div>\n<div id=\"gt-res-tools\">\n<div id=\"gt-res-tools-l\">\n<p>\u00a0<span id=\"result_box\" class=\"\" lang=\"es\"><span title=\"- fatigue d\u2019un \u00e9quipage en vol court-courrier (partenaires : Bureau d\u2019Enqu\u00eates et d\u2019Analyses, Air France).\">&#8211; Fatiga de una tripulaci\u00f3n en vuelos de corta distancia (socios: Oficina de Investigaciones y An\u00e1lisis, Air France). <\/span><span title=\"L\u2019exp\u00e9rimentation avait pour objectif d\u2019estimer la fatigue d\u2019un \u00e9quipage au cours d\u2019une journ\u00e9e de vols court-courriers avec plusieurs rotations sur le territoire fran\u00e7ais et de comparer les r\u00e9sultats avec ceux obtenus apr\u00e8s le d\u00e9pouillement de l\u2019enregistreur phonique. \">El objetivo del experimento fue estimar la fatiga de una tripulaci\u00f3n durante un d\u00eda de vuelos de corta distancia con varias rotaciones en el territorio franc\u00e9s y comparar los resultados con los obtenidos despu\u00e9s del conteo de la grabadora de voz.<\/span><\/span><br \/>\n<span id=\"result_box\" class=\"\" lang=\"es\"><\/span><\/p>\n<\/div>\n<\/div>\n<div id=\"gt-form-c\">\n<div id=\"gt-text-all\">\n<div id=\"gt-main\">\n<div id=\"gt-text-c\">\n<div id=\"gt-text-top\">\n<div id=\"gt-res-c\" class=\"g-unit\">\n<div id=\"gt-res-p\">\n<div id=\"gt-res-data\">\n<div id=\"gt-res-wrap\">\n<div id=\"gt-res-tools\">\n<div id=\"gt-res-tools-r\">\n<p><span id=\"result_box\" class=\"\" lang=\"es\"><span title=\"- fatigue d\u2019un conducteur automobile (partenaire : Bureau d\u2019Enqu\u00eates et d\u2019Analyses).\">&#8211; Fatiga de un conductor de autom\u00f3vil (socio: Oficina de Investigaci\u00f3n y An\u00e1lisis). <\/span><span title=\"L\u2019objectif \u00e9tait de mettre en place une exp\u00e9rimentation de conduite automobile pour laquelle la charge de travail pouvait \u00eatre comparable avec celle des pilotes et plus facile \u00e0 mettre en \u0153uvre afin de tester les param\u00e8tres acoustiques de l\u2019analyse de la voix. \">El objetivo era establecer un experimento de conducci\u00f3n para el cual la carga de trabajo pudiera ser comparable a la de los pilotos y m\u00e1s f\u00e1cil de implementar para probar los par\u00e1metros ac\u00fasticos del an\u00e1lisis de voz.<\/span><\/span><\/p>\n<p><span title=\"Privation de Sommeil et Charge de Travail : (Partenaires : ENAC-SEFA et BEA) Des \u00e9l\u00e8ves-pilotes, en cours de formation \u00e0 l'ENAC, ont \u00e9t\u00e9 enregistr\u00e9s pendant leurs exercices de vol en simulateur d'Airbus A320 (Airbus Training Center)\">&#8211; Privaci\u00f3n de sue\u00f1o y carga de trabajo: (Socios: ENAC-SEFA y BEA) Los pilotos de estudiantes, que se est\u00e1n entrenando en ENAC, se registraron durante sus ejercicios de vuelo en el simulador Airbus A320 (Airbus Training Center) <\/span><span title=\".\">. <\/span><span title=\"Deux s\u00e9ances de vol de quatre heures sont programm\u00e9es dans leur formation au vol en \u00e9quipage.\">Dos sesiones de vuelo de cuatro horas est\u00e1n programadas en su Entrenamiento de Tripulaci\u00f3n. <\/span><span title=\"Elles sont particuli\u00e8rement riches en \u00e9v\u00e8nements et engendrent une charge de travail importante.\">Son particularmente ricos en eventos y generan mucho trabajo. <\/span><span title=\"Elles ont lieu en tout d\u00e9but de matin\u00e9e occasionnant probablement une privation de sommeil.\">Se llevan a cabo temprano en la ma\u00f1ana, lo que probablemente conduce a la privaci\u00f3n del sue\u00f1o. <\/span><span title=\"Les conversations de chaque \u00e9quipage (pilote et copilote) sont enregistr\u00e9es au cours de chaque type de s\u00e9ance.\">Las conversaciones de cada tripulaci\u00f3n (piloto y copiloto) se graban durante cada tipo de sesi\u00f3n. <\/span><span title=\"Les \u00e9l\u00e8ves pilotes compl\u00e8tent, en d\u00e9but et en fin, des questionnaires qui sont notamment destin\u00e9s \u00e0 l\u2019auto-\u00e9valuation de leur charge de travail et \u00e0 renseigner les exp\u00e9rimentateurs sur leur \u00e9tat d\u2019anxi\u00e9t\u00e9.\">Los estudiantes piloto completan, al principio y al final, cuestionarios que est\u00e1n destinados en particular a la autoevaluaci\u00f3n de su carga de trabajo y a informar a los experimentadores de su estado de ansiedad. <\/span><span title=\"Des enregistrements compl\u00e9mentaires quelques jours avant ont permis de recueillir les voix \u00ab au repos \u00bb.\">Grabaciones de cortes\u00eda unos d\u00edas antes permitieron recoger las voces \u00aben reposo\u00bb. <\/span><span title=\"L'analyse acoustique a pour objectif d'estimer si la charge de travail modifie les caract\u00e9ristiques des voyelles prononc\u00e9es (fin de s\u00e9ance) et si la voix \u00e0 la prise en main de l'appareil se distingue des prononciations \u00ab au repos \u00bb (d\u00e9but de\">El objetivo del an\u00e1lisis ac\u00fastico es estimar si la carga de trabajo modifica las caracter\u00edsticas de las vocales pronunciadas (final de la sesi\u00f3n) y si la voz al inicio del aparato difiere de las pronunciaciones \u00aben reposo\u00bb (principio de <\/span><span title=\"s\u00e9ance).\">sentado). <\/span><span title=\"Le d\u00e9pouillement des questionnaires compl\u00e8tera les mesures objectives. \">El conteo de los cuestionarios completar\u00e1 las medidas objetivas.<\/span><\/p>\n<p class=\"trans-verified-button-small\"><strong><span title=\"Contexte Exp\u00e9rimental de la Psychologie \">Antecedentes experimentales de la psicolog\u00eda:<\/span><\/strong><\/p>\n<p><span title=\"- Test de Stroop (partenaires : laboratoires de Phon\u00e9tique de l'Universit\u00e9 de Mons-Hainaut (Belgique) et de l'Universit\u00e9 de Barcelone (Espagne)).\">&#8211; Prueba Stroop (socios: laboratorios de fon\u00e9tica de la Universidad de Mons-Hainaut (B\u00e9lgica) y de la Universidad de Barcelona (Espa\u00f1a)). <\/span><span title=\"Ce test nomm\u00e9 \u00e9galement test Mot-Couleur provoque un effet d\u2019interf\u00e9rence de la lecture d\u2019un mot sur la d\u00e9nomination de sa couleur.\">Esta prueba, tambi\u00e9n llamada prueba de Palabra-Color, causa un efecto de interferencia de la lectura de una palabra en el nombre de su color. <\/span><span title=\"Par exemple lorsqu\u2019il s\u2019agit de d\u00e9nommer la couleur du mot \u00ab rouge \u00bb alors qu\u2019il est \u00e9crit en vert : le mot \u00ab rouge \u00bb est \u00e9crit \u00e0 l\u2019encre verte et le locuteur doit prononcer \u00ab vert \u00bb.\">Por ejemplo, cuando se trata de dise\u00f1ar el color de la palabra \u00abrojo\u00bb mientras est\u00e1 escrito en verde: la palabra \u00abrojo\u00bb est\u00e1 escrita en tinta verde y el hablante debe pronunciar \u00abverde\u00bb. <\/span><span title=\"L\u2019objectif des analyses acoustiques \u00e9tait de rechercher des modifications du signal par rapport \u00e0 une prononciation sans interf\u00e9rence. \">El objetivo de los an\u00e1lisis ac\u00fasticos fue buscar cambios en la se\u00f1al en relaci\u00f3n con una pronunciaci\u00f3n sin interferencia.<\/span><\/p>\n<p><span title=\"- Banque d'images (partenaire : R. Da Silva Neves, enseignant-chercheur en Psychologie Cognitive; Cette banque (International Affective Picture System IAPS) mise au point par le \u00ab Center for Emotion and Attention \u00bb de l'Universit\u00e9 de Floride pr\u00e9sente l\">&#8211; Banco de im\u00e1genes (socio: R. Da Silva Neves, profesor e investigador en Psicolog\u00eda Cognitiva, Sistema Internacional de Im\u00e1genes Afectivas IAPS) desarrollado por el Centro de Emoci\u00f3n y Atenci\u00f3n de la Universidad de Florida. <\/span><span title=\"'avantage de classer et de noter les images selon le degr\u00e9 \u00e9motionnel qu'elles induisent. L'exp\u00e9rimentation de laboratoire a conduit les spectateurs \u00e0 parler en regardant les images selon un discours contr\u00f4l\u00e9 afin de tenter d'\u00e9tablir un lien entre les notes respectives et\">ventaja de clasificar y registrar im\u00e1genes de acuerdo con el grado emocional que inducen. La experimentaci\u00f3n de laboratorio llev\u00f3 a los espectadores a hablar mirando las im\u00e1genes en un discurso controlado en un intento de establecer un v\u00ednculo entre las notas respectivas y <\/span><span title=\"les valeurs des grandeurs acoustiques mesur\u00e9es. \">los valores de las cantidades ac\u00fasticas medidas.<\/span><\/p>\n<p><span title=\"Fatigue Physique (hors contexte a\u00e9ronautique) - exp\u00e9rimentation du laboratoire.\">&#8211; Fatiga f\u00edsica (excepto contexto aeron\u00e1utico) &#8211; experimentaci\u00f3n del laboratorio. <\/span><span title=\"Elle a \u00e9t\u00e9 provoqu\u00e9e \u00e0 l\u2019aide d\u2019un v\u00e9lo d\u2019appartement selon un protocole d\u2019effort \u00e9vitant un essoufflement excessif du locuteur et avec une mesure simultan\u00e9e du rythme cardiaque.\">Se ha inducido utilizando una bicicleta de ejercicios de acuerdo con un protocolo de estr\u00e9s para evitar la disnea excesiva del hablante y con una medici\u00f3n simult\u00e1nea de la frecuencia card\u00edaca.<\/span><\/p>\n<\/div>\n<\/div>\n<\/div>\n<\/div>\n<div id=\"gt-res-content\">\n<p id=\"gt-res-dir-ctr\" class=\"trans-verified-button-small\" dir=\"ltr\"><span id=\"result_box\" class=\"\" lang=\"es\"><span title=\"Les analyses acoustiques ont port\u00e9 sur les signaux des voyelles orales du Fran\u00e7ais par la mesure : \"><strong>Los an\u00e1lisis ac\u00fasticos<\/strong> se centraron en las se\u00f1ales de las vocales orales de los franceses mediante la medici\u00f3n:<\/span><\/span><\/p>\n<p><span title=\"- de la fr\u00e9quence fondamentale : moyenne, \u00e9cart-type, par p\u00e9riode de vocalisation, jitters, coefficient de variation ; \">&#8211; la frecuencia fundamental: media, desviaci\u00f3n est\u00e1ndar, por per\u00edodo de vocalizaci\u00f3n, nerviosismo, coeficiente de variaci\u00f3n;<\/span><\/p>\n<p><span title=\"- des micro-tremblements des cordes vocales ; \">&#8211; micro-temblor de las cuerdas vocales;<\/span><\/p>\n<p><span title=\"- du shimmer ; \">&#8211; Brillo<\/span><\/p>\n<p><span title=\"- du spectre: formants, coefficients LPC, mod\u00e9lisation du conduit vocal, centre de gravit\u00e9 spectral, fr\u00e9quence d'\u00e9quilibre \u00e9nerg\u00e9tique, distributions cumul\u00e9es du niveau sonore et fr\u00e9quence d'\u00e9quilibre spectral, pente de la droite de r\u00e9gression, rapports d'\u00e9nergie, skewness\">&#8211; espectro: formantes, coeficientes de LPC, modelado del tracto vocal, centro de gravedad espectral, frecuencia de equilibrio de la energ\u00eda, distribuciones de niveles ac\u00fasticos acumulados y frecuencia de equilibrio espectral, pendiente de la l\u00ednea de regresi\u00f3n, relaciones de energ\u00eda, asimetr\u00eda <\/span><span title=\", kurtosis, distances spectrales (coefficients MFCC) ; \">, curtosis, distancias espectrales (coeficientes MFCC);<\/span><\/p>\n<p><span title=\"- du d\u00e9bit phonatoire ; \">&#8211; la velocidad del habla;<\/span><\/p>\n<p><span title=\"- de l\u2019exposant maximal de Lyapunov et du portrait de phase ; \">&#8211; el m\u00e1ximo exponente de Lyapunov y el retrato de fase;<\/span><\/p>\n<p><span title=\"- de la \u00ab distance \u00bb parcourue par le signal (D.A.L) et de ses param\u00e8tres d\u00e9riv\u00e9s ; \">&#8211; la \u00abdistancia\u00bb recorrida por la se\u00f1al (D.A.L) y sus par\u00e1metros derivados;<\/span><\/p>\n<p><span title=\"- d\u2019une modulation d\u2019amplitude des maxima du signal temporel. \">una modulaci\u00f3n de amplitud de los m\u00e1ximos de la se\u00f1al temporal.<\/span><\/p>\n<p><span title=\"Les mesures ont \u00e9t\u00e9 initialement r\u00e9alis\u00e9es \u00e0 l\u2019aide d\u2019un logiciel sp\u00e9cifique (ILS) puis progressivement d\u00e9velopp\u00e9es \u00e0 l\u2019aide de Matlab\u00ae permettant aujourd\u2019hui de disposer d\u2019un outil d\u2019analyse automatique des signaux de voyelles segment\u00e9es.\">Las mediciones se llevaron a cabo inicialmente utilizando un software espec\u00edfico (ILS) y luego se desarrollaron progresivamente utilizando Matlab\u00ae, lo que permite hoy tener una herramienta para el an\u00e1lisis autom\u00e1tico de se\u00f1ales voc\u00e1licas segmentadas. <\/span><span title=\"Des mesures ont \u00e9galement \u00e9t\u00e9 effectu\u00e9es sur des consonnes occlusives \u00e0 l\u2019aide d\u2019un logiciel d\u2019analyse temps-fr\u00e9quence (N !Power\u00ae, Signal Technology Inc.).\">Las mediciones tambi\u00e9n se realizaron en consonantes oclusivas utilizando el software de an\u00e1lisis de frecuencia del tiempo (N! Power\u00ae, Signal Technology Inc.). <\/span><span title=\"La principale variable mesur\u00e9e \u00e9tait le temps d\u2019\u00e9tablissement du voisement (\u00ab Voice Onset Time \u00bb).\">La principal variable medida fue el tiempo de sonorizaci\u00f3n (\u00abVoice Onset Time\u00bb). <\/span><span title=\"Toutefois, l\u2019importante variabilit\u00e9 naturelle des signaux de consonnes a conduit \u00e0 abandonner la recherche de caract\u00e9ristiques acoustiques sensibles aux ph\u00e9nom\u00e8nes \u00e9tudi\u00e9s pour ces types de phon\u00e8mes.\">Sin embargo, la gran variabilidad natural de las se\u00f1ales consonantes ha llevado al abandono de la b\u00fasqueda de caracter\u00edsticas ac\u00fasticas que son sensibles a los fen\u00f3menos estudiados para este tipo de fonemas. <\/span><span title=\"Cette variabilit\u00e9 masquerait les effets des facteurs perturbateurs.\">Esta variabilidad enmascarar\u00eda los efectos de los factores disruptivos. <\/span><span title=\"Les param\u00e8tres pr\u00e9c\u00e9dents n\u2019ont pas tous \u00e9t\u00e9 mesur\u00e9s simultan\u00e9ment pour toutes les exp\u00e9rimentations pour cause de progression dans la recherche et dans les moyens d\u2019analyse et de calcul. \">Los par\u00e1metros anteriores no se midieron todos simult\u00e1neamente para todos los experimentos debido al progreso en la b\u00fasqueda y en los medios de an\u00e1lisis y c\u00e1lculo.<\/span><\/p>\n<p><span title=\"Parmi les grandeurs mesur\u00e9es trois d'entre elles sont originales : la fr\u00e9quence d'\u00e9quilibre spectral issue de distributions cumul\u00e9es du niveau sonore dans le spectre, le \u00ab Digital Amplitude Length \u00bb comme mesure de longueur du signal temporel et la fr\u00e9quence de modulation d'amplitude\">Entre las magnitudes medidas, tres de ellas son originales: la frecuencia de equilibrio espectral resultante de distribuciones acumulativas del nivel de sonido en el espectro, la \u00abLongitud de amplitud digital\u00bb como una medida de la longitud de la se\u00f1al temporal y la frecuencia de modulaci\u00f3n de amplitud <\/span><span title=\"des maxima de ce signal.\">m\u00e1ximos de esta se\u00f1al. <\/span><span title=\"Leur pr\u00e9sentation respective est examin\u00e9e dans la synth\u00e8se des travaux de m\u00eame que le d\u00e9tail des principaux r\u00e9sultats obtenus pour chacune des exp\u00e9rimentations pr\u00e9c\u00e9dentes et les \u00e9l\u00e9ments d\u2019une mod\u00e9lisation acoustique des effets d'agents agresseurs.\">Se examina su respectiva presentaci\u00f3n en la s\u00edntesis de las obras, as\u00ed como el detalle de los principales resultados obtenidos para cada uno de los experimentos previos y los elementos de un modelado ac\u00fastico de los efectos de los agentes agresivos.<\/span><\/p>\n<\/div>\n<div id=\"gt-res-tools\">\n<div id=\"gt-res-tools-l\">\n<p id=\"gt-pb-star\">\n<\/div>\n<\/div>\n<div id=\"gt-form-c\">\n<div id=\"gt-text-all\">\n<div id=\"gt-main\">\n<div id=\"gt-text-c\">\n<div id=\"gt-text-top\">\n<div id=\"gt-res-c\" class=\"g-unit\">\n<div id=\"gt-res-p\">\n<div id=\"gt-res-data\">\n<div id=\"gt-res-wrap\">\n<div id=\"gt-res-tools\">\n<div id=\"gt-res-tools-r\"><\/div>\n<\/div>\n<\/div>\n<div id=\"gt-community-card-c\"><\/div>\n<div id=\"res-translit\" class=\"translit\" dir=\"ltr\"><\/div>\n<\/div>\n<\/div>\n<\/div>\n<div id=\"gt-promo-lr\"><\/div>\n<\/div>\n<div id=\"gt-ft\"><\/div>\n<\/div>\n<\/div>\n<\/div>\n<\/div>\n<div id=\"gt-res-data\">\n<div id=\"gt-res-wrap\">\n<div id=\"gt-res-tools\">\n<div id=\"gt-res-tools-r\">\n<div id=\"gt-res-tools-l\">\n<div id=\"gt-pb-star\"><\/div>\n<\/div>\n<div id=\"gt-form-c\">\n<div id=\"gt-text-all\">\n<div id=\"gt-main\">\n<div id=\"gt-text-c\">\n<div id=\"gt-text-top\">\n<div id=\"gt-res-c\" class=\"g-unit\">\n<div id=\"gt-res-p\">\n<div id=\"gt-res-data\">\n<div id=\"gt-res-wrap\">\n<div id=\"gt-res-tools\">\n<p id=\"gt-res-tools-r\">\n<\/div>\n<\/div>\n<div id=\"gt-community-card-c\"><\/div>\n<div id=\"res-translit\" class=\"translit\" dir=\"ltr\"><\/div>\n<\/div>\n<\/div>\n<\/div>\n<div id=\"gt-promo-lr\"><\/div>\n<\/div>\n<div id=\"gt-ft\"><\/div>\n<\/div>\n<\/div>\n<\/div>\n<\/div>\n<\/div>\n<\/div>\n<\/div>\n<div id=\"gt-community-card-c\"><\/div>\n<div id=\"res-translit\" class=\"translit\" dir=\"ltr\"><\/div>\n<\/div>\n<\/div>\n<\/div>\n<div id=\"gt-promo-lr\"><\/div>\n<\/div>\n<div id=\"gt-ft\"><\/div>\n<\/div>\n<\/div>\n<\/div>\n<\/div>\n<p><\/p>","protected":false},"excerpt":{"rendered":"<p>An\u00e1lisis de la Voz (desde 1988) Las actividades de investigaci\u00f3n de ocupan de la an\u00e1lisis del se\u00f1al de voz para la detecci\u00f3n y la medida de variabilidades causadas por factores psicofisiol\u00f3gicos. Estas son echas en el laboratorio o se producen &hellip; <a href=\"https:\/\/blogs.univ-tlse2.fr\/robert-ruiz\/es\/recherche\/3-2-analyse-de-la-voix\/\">Sigue leyendo <span class=\"meta-nav\">&rarr;<\/span><\/a><\/p>\n","protected":false},"author":104,"featured_media":0,"parent":20,"menu_order":0,"comment_status":"closed","ping_status":"closed","template":"","meta":{"footnotes":""},"class_list":["post-412","page","type-page","status-publish","hentry"],"_links":{"self":[{"href":"https:\/\/blogs.univ-tlse2.fr\/robert-ruiz\/es\/wp-json\/wp\/v2\/pages\/412","targetHints":{"allow":["GET"]}}],"collection":[{"href":"https:\/\/blogs.univ-tlse2.fr\/robert-ruiz\/es\/wp-json\/wp\/v2\/pages"}],"about":[{"href":"https:\/\/blogs.univ-tlse2.fr\/robert-ruiz\/es\/wp-json\/wp\/v2\/types\/page"}],"author":[{"embeddable":true,"href":"https:\/\/blogs.univ-tlse2.fr\/robert-ruiz\/es\/wp-json\/wp\/v2\/users\/104"}],"replies":[{"embeddable":true,"href":"https:\/\/blogs.univ-tlse2.fr\/robert-ruiz\/es\/wp-json\/wp\/v2\/comments?post=412"}],"version-history":[{"count":12,"href":"https:\/\/blogs.univ-tlse2.fr\/robert-ruiz\/es\/wp-json\/wp\/v2\/pages\/412\/revisions"}],"predecessor-version":[{"id":511,"href":"https:\/\/blogs.univ-tlse2.fr\/robert-ruiz\/es\/wp-json\/wp\/v2\/pages\/412\/revisions\/511"}],"up":[{"embeddable":true,"href":"https:\/\/blogs.univ-tlse2.fr\/robert-ruiz\/es\/wp-json\/wp\/v2\/pages\/20"}],"wp:attachment":[{"href":"https:\/\/blogs.univ-tlse2.fr\/robert-ruiz\/es\/wp-json\/wp\/v2\/media?parent=412"}],"curies":[{"name":"wp","href":"https:\/\/api.w.org\/{rel}","templated":true}]}}