 {"id":88,"date":"2012-02-05T14:08:17","date_gmt":"2012-02-05T13:08:17","guid":{"rendered":"https:\/\/blogs.univ-tlse2.fr\/robert-ruiz\/?page_id=88"},"modified":"2021-05-07T16:08:31","modified_gmt":"2021-05-07T15:08:31","slug":"encadrement","status":"publish","type":"page","link":"https:\/\/blogs.univ-tlse2.fr\/robert-ruiz\/es\/recherche\/encadrement\/","title":{"rendered":"Supervici\u00f3n"},"content":{"rendered":"<p><\/p>\n<p><em>PhD:<br \/>\n<\/em><\/p>\n<p>\u25aa A.L.Randrianarison, Th\u00e8se de l&#8217;Universit\u00e9 Toulouse 3 Paul Sabatier, sp\u00e9cialit\u00e9 acoustique, \u00abMod\u00e9lisation de l&#8217;intelligibilit\u00e9 de la parole dans de grands locaux r\u00e9verb\u00e9rants. R\u00f4le de la r\u00e9ponse impulsionnelle\u00bb (1994).<\/p>\n<p>\u25aa B.Gramatica, Th\u00e8se de l&#8217;Universit\u00e9 Paul Sabatier (Toulouse 3), sp\u00e9cialit\u00e9 Acoustique,\u00a0 \u00ab\u00a0Analyse acoustique de la voix stress\u00e9e: application au cas des pilotes d&#8217;avion\u00a0\u00bb (1996).<\/p>\n<p>\u25aa L.Faiget, Th\u00e8se de l&#8217;Universit\u00e9 Paul Sabatier (Toulouse 3), sp\u00e9cialit\u00e9 Acoustique Architecturale, \u00ab\u00a0S\u00e9paration de l&#8217;influence du local et de l&#8217;enceinte pour la pr\u00e9vision de l&#8217;intelligibilit\u00e9 dans des conditions d&#8217;\u00e9coute difficiles\u00a0\u00bb (1997).<\/p>\n<p>\u25aa S.Boyer, Th\u00e8se de l&#8217;Universit\u00e9 de Toulouse d\u00e9livr\u00e9e par l&#8217;Universit\u00e9 Toulouse 3 Paul Sabatier, Ecole Doctorale A\u00e9ronautique et Astronautique, \u00ab Contribution de l&#8217;analyse du signal vocal \u00e0 la d\u00e9tection de l&#8217;\u00e9tat de somnolence et du niveau de charge mentale \u00bb (2016).<\/p>\n<p>\u25aa J.Bonn, Th\u00e8se en cours sur le th\u00e8me de la voix chant\u00e9e comme cr\u00e9atrice de liens en milieu montagnard (pays basque, argentine).<\/p>\n<p><\/p>","protected":false},"excerpt":{"rendered":"<p>PhD: \u25aa A.L.Randrianarison, Th\u00e8se de l&#8217;Universit\u00e9 Toulouse 3 Paul Sabatier, sp\u00e9cialit\u00e9 acoustique, \u00abMod\u00e9lisation de l&#8217;intelligibilit\u00e9 de la parole dans de grands locaux r\u00e9verb\u00e9rants. R\u00f4le de la r\u00e9ponse impulsionnelle\u00bb (1994). \u25aa B.Gramatica, Th\u00e8se de l&#8217;Universit\u00e9 Paul Sabatier (Toulouse 3), sp\u00e9cialit\u00e9 Acoustique,\u00a0 &hellip; <a href=\"https:\/\/blogs.univ-tlse2.fr\/robert-ruiz\/es\/recherche\/encadrement\/\">Sigue leyendo <span class=\"meta-nav\">&rarr;<\/span><\/a><\/p>\n","protected":false},"author":104,"featured_media":0,"parent":20,"menu_order":0,"comment_status":"closed","ping_status":"closed","template":"","meta":{"footnotes":""},"class_list":["post-88","page","type-page","status-publish","hentry"],"_links":{"self":[{"href":"https:\/\/blogs.univ-tlse2.fr\/robert-ruiz\/es\/wp-json\/wp\/v2\/pages\/88","targetHints":{"allow":["GET"]}}],"collection":[{"href":"https:\/\/blogs.univ-tlse2.fr\/robert-ruiz\/es\/wp-json\/wp\/v2\/pages"}],"about":[{"href":"https:\/\/blogs.univ-tlse2.fr\/robert-ruiz\/es\/wp-json\/wp\/v2\/types\/page"}],"author":[{"embeddable":true,"href":"https:\/\/blogs.univ-tlse2.fr\/robert-ruiz\/es\/wp-json\/wp\/v2\/users\/104"}],"replies":[{"embeddable":true,"href":"https:\/\/blogs.univ-tlse2.fr\/robert-ruiz\/es\/wp-json\/wp\/v2\/comments?post=88"}],"version-history":[{"count":29,"href":"https:\/\/blogs.univ-tlse2.fr\/robert-ruiz\/es\/wp-json\/wp\/v2\/pages\/88\/revisions"}],"predecessor-version":[{"id":508,"href":"https:\/\/blogs.univ-tlse2.fr\/robert-ruiz\/es\/wp-json\/wp\/v2\/pages\/88\/revisions\/508"}],"up":[{"embeddable":true,"href":"https:\/\/blogs.univ-tlse2.fr\/robert-ruiz\/es\/wp-json\/wp\/v2\/pages\/20"}],"wp:attachment":[{"href":"https:\/\/blogs.univ-tlse2.fr\/robert-ruiz\/es\/wp-json\/wp\/v2\/media?parent=88"}],"curies":[{"name":"wp","href":"https:\/\/api.w.org\/{rel}","templated":true}]}}