 {"id":24,"date":"2012-02-04T22:25:48","date_gmt":"2012-02-04T21:25:48","guid":{"rendered":"https:\/\/blogs.univ-tlse2.fr\/robert-ruiz\/?page_id=24"},"modified":"2021-05-07T16:11:46","modified_gmt":"2021-05-07T15:11:46","slug":"activites-administratives-et-collectives","status":"publish","type":"page","link":"https:\/\/blogs.univ-tlse2.fr\/robert-ruiz\/activites-administratives-et-collectives\/","title":{"rendered":"4- Autres Activit\u00e9s"},"content":{"rendered":"<p><strong>Associations et<\/strong> <strong>Soci\u00e9t\u00e9s Savantes:<\/strong><\/p>\n<p>Membre de la Soci\u00e9t\u00e9 Fran\u00e7aise d&rsquo;Acoustique (SFA)<\/p>\n<p>Responsable Scientifique du Groupe Grand Sud-Ouest de la SFA<\/p>\n<p>Membre de l&rsquo;Association Francophone de la Communication Parl\u00e9e (A.F.C.P) et de \u00ab\u00a0l\u2019International Speech and Communication Association\u00a0\u00bb (I.S.C.A).<\/p>\n<p><strong>Responsabilit\u00e9s Administratives \u00e0 l\u2019Ecole Nationale Sup\u00e9rieure d\u2019AudioVisuel:<\/strong><\/p>\n<p>Coordonnateur de la Validation des Acquis de l&rsquo;Exp\u00e9rience (V.A.E)<\/p>\n<p>Responsable du Parcours SON pour le Master 2 de Cr\u00e9ation Audiovisuelle<\/p>\n<p><strong>Responsabilit\u00e9s Administratives \u00e0 l\u2019Universit\u00e9 Toulouse Jean Jaur\u00e8s (Toulouse 2) :<\/strong><\/p>\n<p>Membre \u00e9lu au Conseil d&rsquo;Administration de l&rsquo;Universit\u00e9 Toulouse 2 (2012-2015) et au Conseil des Etudes et de la Vie Universitaire (2008-2012)<\/p>\n<p>Charg\u00e9 de Mission \u00ab\u00a0Formation Continue\u00a0\u00bb de l&rsquo;Universit\u00e9 Toulouse 2 (2012-2013).<\/p>\n<p>Charg\u00e9 de Mission \u00ab\u00a0Universit\u00e9 Ouverte\u00a0\u00bb (2013-2014).<\/p>\n<p>Vice-Pr\u00e9sident du Conseil des \u00c9tudes et de la Vie Universitaire (CEVU) de l\u2019Universit\u00e9 Toulouse Jean Jaures (2003 \u00e0 2006).<\/p>","protected":false},"excerpt":{"rendered":"<p>Associations et Soci\u00e9t\u00e9s Savantes: Membre de la Soci\u00e9t\u00e9 Fran\u00e7aise d&rsquo;Acoustique (SFA) Responsable Scientifique du Groupe Grand Sud-Ouest de la SFA Membre de l&rsquo;Association Francophone de la Communication Parl\u00e9e (A.F.C.P) et de \u00ab\u00a0l\u2019International Speech and Communication Association\u00a0\u00bb (I.S.C.A). Responsabilit\u00e9s Administratives \u00e0 &hellip; <a href=\"https:\/\/blogs.univ-tlse2.fr\/robert-ruiz\/activites-administratives-et-collectives\/\">Continuer la lecture <span class=\"meta-nav\">&rarr;<\/span><\/a><\/p>\n","protected":false},"author":104,"featured_media":0,"parent":0,"menu_order":0,"comment_status":"closed","ping_status":"closed","template":"","meta":{"footnotes":""},"class_list":["post-24","page","type-page","status-publish","hentry"],"_links":{"self":[{"href":"https:\/\/blogs.univ-tlse2.fr\/robert-ruiz\/wp-json\/wp\/v2\/pages\/24","targetHints":{"allow":["GET"]}}],"collection":[{"href":"https:\/\/blogs.univ-tlse2.fr\/robert-ruiz\/wp-json\/wp\/v2\/pages"}],"about":[{"href":"https:\/\/blogs.univ-tlse2.fr\/robert-ruiz\/wp-json\/wp\/v2\/types\/page"}],"author":[{"embeddable":true,"href":"https:\/\/blogs.univ-tlse2.fr\/robert-ruiz\/wp-json\/wp\/v2\/users\/104"}],"replies":[{"embeddable":true,"href":"https:\/\/blogs.univ-tlse2.fr\/robert-ruiz\/wp-json\/wp\/v2\/comments?post=24"}],"version-history":[{"count":24,"href":"https:\/\/blogs.univ-tlse2.fr\/robert-ruiz\/wp-json\/wp\/v2\/pages\/24\/revisions"}],"predecessor-version":[{"id":510,"href":"https:\/\/blogs.univ-tlse2.fr\/robert-ruiz\/wp-json\/wp\/v2\/pages\/24\/revisions\/510"}],"wp:attachment":[{"href":"https:\/\/blogs.univ-tlse2.fr\/robert-ruiz\/wp-json\/wp\/v2\/media?parent=24"}],"curies":[{"name":"wp","href":"https:\/\/api.w.org\/{rel}","templated":true}]}}