 {"id":20,"date":"2013-02-12T14:16:33","date_gmt":"2013-02-12T13:16:33","guid":{"rendered":"https:\/\/blogs.univ-tlse2.fr\/ronjat2013\/?page_id=20"},"modified":"2014-02-06T10:44:23","modified_gmt":"2014-02-06T09:44:23","slug":"programme","status":"publish","type":"page","link":"https:\/\/blogs.univ-tlse2.fr\/ronjat2013\/ca\/programme\/","title":{"rendered":"Programa"},"content":{"rendered":"<p><\/p>\n<table border=\"1\" cellspacing=\"0\" cellpadding=\"0\">\n<tbody>\n<tr>\n<td valign=\"top\" width=\"347\">Programa<\/p>\n<p>El programa definitiu ser\u00e0 presentat el setembre de 2013.<\/p>\n<p><span style=\"text-decoration: underline\">Taula d\u2019autors<\/span>:<\/p>\n<p>La llibreria <i>Etudes<\/i> de la Universit\u00e9 de Toulouse II \u2013 le Mirail exposar\u00e0 les obres editades i les publicacions peri\u00f2diques que els autors desitgen posar a disposici\u00f3 del p\u00fablic, i estaran a la venda, aix\u00ed com una selecci\u00f3 bibliogr\u00e0fica d\u2019obres realitzada pel comit\u00e8 cient\u00edfic.<\/p>\n<p>Els autors estan convidats a informar de les seves publicacions al comit\u00e8 \u00a0directiu.<br \/>\n<span style=\"text-decoration: underline\">Pre-programa<\/span><\/p>\n<p>Dijous, 21 novembre:<\/p>\n<p>8:45: Recepci\u00f3- Inscripci\u00f3 i caf\u00e8s<br \/>\n9:15: Obertura del col\u00b7loqui:<br \/>\n10: P. Sauzet i P. Escud\u00e9, presentaci\u00f3 del col\u00b7loqui: \u00ab\u00a02013 &#8211; Ronjat\u00a0cent ans apr\u00e8s : un espace, un individu, combien de langues\u00a0? Th\u00e9orie et pratique de l\u2019acquisition bilingue et de l\u2019unit\u00e9 de la langue\u00a0\u00bb &#8211; \u00ab\u00a0aspects philologiques\u00a0; \u00e9pist\u00e9mologiques\u00a0; didactiques\u00a0; politiques.\u00a0\u00bb<br \/>\n&#8211; Confer\u00e8ncia plen\u00e0ria 1: 10:30<\/p>\n<p>&#8211; Confer\u00e8ncia plen\u00e0ria 2: 11:15<\/p>\n<p>12-12:30 = torn de preguntes.<\/p>\n<p>Descans 12h30-14h: Dinar per als inscrits al menjador universitari de l\u2019IUFM Saint-Agne.<\/p>\n<p>&#8211; Comunicaci\u00f3 plen\u00e0ria 3: 14-14:45<\/p>\n<p>&#8211; Confer\u00e8ncia plen\u00e0ria 4: 14:45-15:30<\/p>\n<p>15:30-16 = torn de preguntes.<br \/>\n= 16-16:30 Pausa per al caf\u00e8 i taula d&#8217;autors.<\/p>\n<p>&#8211; Confer\u00e8ncia plen\u00e0ria 5: 16:30-17:15<\/p>\n<p>17:15-17:45 = torn de preguntes.<br \/>\nla taula d\u2019autors estar\u00e0 oberta fins les 18h.<\/p>\n<p>20h = sopar de conferenciants i organitzadors.<\/p>\n<p>Divendres, 22 novembre:<\/p>\n<p>8:45: Benvinguda i caf\u00e8<\/p>\n<p>9h: Obertura de tallers, <i>Temps 1<\/i>: (4 eixos, 2 per comunicacions per eix)<\/p>\n<p>10:15-10:45: Pausa caf\u00e8 i taula d&#8217;autor.<br \/>\n10:45-12:15: tallers, <i>Temps 2<\/i>: (4 eixos, 2 per comunicacions per eix)<\/p>\n<p>12:15-14 Pausa: Dinar per als inscrits al menjador Universitari de l\u2019IUFM Saint-Agne.<br \/>\n14-15: S\u00edntesi dels quatre tallers a c\u00e0rrec dels moderadors.<\/p>\n<p>&#8211; Confer\u00e8ncia plen\u00e0ria 6: 15-15:45<\/p>\n<p>15:45-16:15: Pausa caf\u00e8 i els autors de taula (l&#8217;\u00faltima vegada la taula dels autors).<\/p>\n<p>&#8211; Confer\u00e8ncia plen\u00e0ria 7: 16:15-17, el gran testimoni, Daniel Coste (ENS de Lyon, ADEB) \u00ab\u00a0La gestion de la pluralit\u00e9 des langues dans l\u2019individu et dans l\u2019espace\u00a0: quelles politiques linguistiques, quelles politiques scolaires\u00a0? \u00bb<\/p>\n<p>17h-18h= taula rodona i debat amb el p\u00fablic. A m\u00e9s dels conferenciants convidats, hi haur\u00e0 un representant del Ministeri d&#8217;Educaci\u00f3 Nacional.<\/td>\n<\/tr>\n<\/tbody>\n<\/table>\n<p><\/p>","protected":false},"excerpt":{"rendered":"<p>Programa El programa definitiu ser\u00e0 presentat el setembre de 2013. Taula d\u2019autors: La llibreria Etudes de la Universit\u00e9 de Toulouse II \u2013 le Mirail exposar\u00e0 les obres editades i les publicacions peri\u00f2diques que els autors desitgen posar a disposici\u00f3 del &hellip; <a href=\"https:\/\/blogs.univ-tlse2.fr\/ronjat2013\/ca\/programme\/\">Continue reading <span class=\"meta-nav\">&rarr;<\/span><\/a><\/p>\n","protected":false},"author":1,"featured_media":0,"parent":0,"menu_order":0,"comment_status":"closed","ping_status":"open","template":"","meta":{"footnotes":""},"class_list":["post-20","page","type-page","status-publish","hentry"],"_links":{"self":[{"href":"https:\/\/blogs.univ-tlse2.fr\/ronjat2013\/ca\/wp-json\/wp\/v2\/pages\/20","targetHints":{"allow":["GET"]}}],"collection":[{"href":"https:\/\/blogs.univ-tlse2.fr\/ronjat2013\/ca\/wp-json\/wp\/v2\/pages"}],"about":[{"href":"https:\/\/blogs.univ-tlse2.fr\/ronjat2013\/ca\/wp-json\/wp\/v2\/types\/page"}],"author":[{"embeddable":true,"href":"https:\/\/blogs.univ-tlse2.fr\/ronjat2013\/ca\/wp-json\/wp\/v2\/users\/1"}],"replies":[{"embeddable":true,"href":"https:\/\/blogs.univ-tlse2.fr\/ronjat2013\/ca\/wp-json\/wp\/v2\/comments?post=20"}],"version-history":[{"count":14,"href":"https:\/\/blogs.univ-tlse2.fr\/ronjat2013\/ca\/wp-json\/wp\/v2\/pages\/20\/revisions"}],"predecessor-version":[{"id":212,"href":"https:\/\/blogs.univ-tlse2.fr\/ronjat2013\/ca\/wp-json\/wp\/v2\/pages\/20\/revisions\/212"}],"wp:attachment":[{"href":"https:\/\/blogs.univ-tlse2.fr\/ronjat2013\/ca\/wp-json\/wp\/v2\/media?parent=20"}],"curies":[{"name":"wp","href":"https:\/\/api.w.org\/{rel}","templated":true}]}}