 {"id":22,"date":"2013-02-12T14:17:27","date_gmt":"2013-02-12T13:17:27","guid":{"rendered":"https:\/\/blogs.univ-tlse2.fr\/ronjat2013\/?page_id=22"},"modified":"2014-02-06T10:44:23","modified_gmt":"2014-02-06T09:44:23","slug":"communications-comite-de-pilotage","status":"publish","type":"page","link":"https:\/\/blogs.univ-tlse2.fr\/ronjat2013\/ca\/communications-comite-de-pilotage\/","title":{"rendered":"Comunicacions"},"content":{"rendered":"<p><\/p>\n<table border=\"1\" cellspacing=\"0\" cellpadding=\"0\">\n<tbody>\n<tr>\n<td valign=\"top\" width=\"347\">Comunicacions<br \/>\nLes propostes s&#8217;han d&#8217;enviar al Comit\u00e8 \u00a0directiu abans del 15 de maig de 2013.<br \/>\nCada autor ha de facilitar un resum (2000-4000 car\u00e0cters) amb un t\u00edtol, aix\u00ed com 5 paraules clau i un m\u00e0xim de 5 refer\u00e8ncies bibliogr\u00e0fiques.<br \/>\nL&#8217;article podr\u00e0 estar redactat en les lleng\u00fces seg\u00fcents: franc\u00e8s &#8211; occit\u00e0 &#8211; catal\u00e0 &#8211; castell\u00e0 &#8211; angl\u00e8s, amb un suport visual en franc\u00e8s.<br \/>\nNotificaci\u00f3 d&#8217;acceptaci\u00f3 pel Comit\u00e8 Cient\u00edfic: 15 de juny de 2013.<br \/>\nEls autors amb comunicacions seleccionades rebran instruccions per a la redacci\u00f3 en funci\u00f3 dels dos formats possibles:<br \/>\n&#8211; Proposta de comunicaci\u00f3 plen\u00e0ria (45 minuts), fins a un m\u00e0xim de 7 propostes.<br \/>\n&#8211; Proposta de comunicaci\u00f3 d\u2019un dels eixos del col\u00b7loqui (30 minuts), fins a un m\u00e0xim de 16 propostes.<\/p>\n<p><i>Totes les comunicacions seran publicades<\/i>.<\/p>\n<p>\u00a0<\/p>\n<p>Han de ser enviades per mail als dos organitzadors:<br \/>\n&#8211; Pierre Escud\u00e9, IUFM-Universit\u00e9 de Toulouse (biling\u00fcisme-IC)<br \/>\npierre.escude @ univ-tlse2.fr<br \/>\n&#8211; Patrick SAUZET, Universit\u00e9 de Toulouse (sintaxi)<br \/>\npatrick.sauzet @ univ-tlse2.fr<\/p>\n<p>els quals les cediran al Comit\u00e8 Directiu per a l&#8217;assessorament i la selecci\u00f3. Les propostes de comunicaci\u00f3 seran avaluats an\u00f2nimament pel comit\u00e8.<\/p>\n<p>\u00a0<\/td>\n<\/tr>\n<\/tbody>\n<\/table>\n<p><\/p>","protected":false},"excerpt":{"rendered":"<p>Comunicacions Les propostes s&#8217;han d&#8217;enviar al Comit\u00e8 \u00a0directiu abans del 15 de maig de 2013. Cada autor ha de facilitar un resum (2000-4000 car\u00e0cters) amb un t\u00edtol, aix\u00ed com 5 paraules clau i un m\u00e0xim de 5 refer\u00e8ncies bibliogr\u00e0fiques. L&#8217;article &hellip; <a href=\"https:\/\/blogs.univ-tlse2.fr\/ronjat2013\/ca\/communications-comite-de-pilotage\/\">Continue reading <span class=\"meta-nav\">&rarr;<\/span><\/a><\/p>\n","protected":false},"author":1,"featured_media":0,"parent":0,"menu_order":0,"comment_status":"closed","ping_status":"open","template":"","meta":{"footnotes":""},"class_list":["post-22","page","type-page","status-publish","hentry"],"_links":{"self":[{"href":"https:\/\/blogs.univ-tlse2.fr\/ronjat2013\/ca\/wp-json\/wp\/v2\/pages\/22","targetHints":{"allow":["GET"]}}],"collection":[{"href":"https:\/\/blogs.univ-tlse2.fr\/ronjat2013\/ca\/wp-json\/wp\/v2\/pages"}],"about":[{"href":"https:\/\/blogs.univ-tlse2.fr\/ronjat2013\/ca\/wp-json\/wp\/v2\/types\/page"}],"author":[{"embeddable":true,"href":"https:\/\/blogs.univ-tlse2.fr\/ronjat2013\/ca\/wp-json\/wp\/v2\/users\/1"}],"replies":[{"embeddable":true,"href":"https:\/\/blogs.univ-tlse2.fr\/ronjat2013\/ca\/wp-json\/wp\/v2\/comments?post=22"}],"version-history":[{"count":18,"href":"https:\/\/blogs.univ-tlse2.fr\/ronjat2013\/ca\/wp-json\/wp\/v2\/pages\/22\/revisions"}],"predecessor-version":[{"id":208,"href":"https:\/\/blogs.univ-tlse2.fr\/ronjat2013\/ca\/wp-json\/wp\/v2\/pages\/22\/revisions\/208"}],"wp:attachment":[{"href":"https:\/\/blogs.univ-tlse2.fr\/ronjat2013\/ca\/wp-json\/wp\/v2\/media?parent=22"}],"curies":[{"name":"wp","href":"https:\/\/api.w.org\/{rel}","templated":true}]}}