 {"id":23,"date":"2013-02-12T14:17:58","date_gmt":"2013-02-12T13:17:58","guid":{"rendered":"https:\/\/blogs.univ-tlse2.fr\/ronjat2013\/?page_id=23"},"modified":"2014-02-06T10:44:23","modified_gmt":"2014-02-06T09:44:23","slug":"contact","status":"publish","type":"page","link":"https:\/\/blogs.univ-tlse2.fr\/ronjat2013\/ca\/contact\/","title":{"rendered":"Organitzaci\u00f3 i  Secretaria de la Confer\u00e8ncia"},"content":{"rendered":"<p>Organitzaci\u00f3 i\u00a0 Secretaria de la Confer\u00e8ncia:<\/p>\n<p>&#8211;\u00a0 Pierre ESCUD\u00c9, IUFM-Universitat de Tolosa II &#8211; Miralh (<i>bilinguisme-IC<\/i>) <a href=\"&#x6d;a&#x69;&#108;&#x74;&#x6f;:&#x70;&#105;&#x65;&#x72;r&#x65;&#46;&#x65;&#x73;c&#x75;&#100;&#x65;&#x40;u&#x6e;&#105;&#x76;&#x2d;t&#x6c;&#115;&#x65;&#x32;&#46;&#x66;&#114;\">&#x70;&#105;e&#x72;&#114;e&#x2e;&#x65;s&#x63;&#x75;&#100;e&#x40;&#117;n&#x69;&#x76;-&#x74;&#x6c;&#115;e&#x32;&#46;f&#x72;<\/a><\/p>\n<p align=\"center\">&#8211;\u00a0\u00a0\u00a0\u00a0 Patrick SAUZET, Universitat de Tolosa II &#8211; Miralh (<i>syntaxe<\/i>) <a href=\"m&#x61;i&#108;&#x74;o&#x3a;&#x70;a&#x74;r&#105;&#x63;k&#46;&#x73;a&#x75;z&#101;&#x74;&#64;&#117;&#x6e;i&#x76;&#x2d;t&#x6c;s&#101;&#x32;&#46;&#x66;&#x72;\">&#x70;&#x61;tr&#x69;&#x63;&#107;&#46;s&#x61;&#x75;&#122;et&#x40;&#x75;&#110;iv&#x2d;&#x74;ls&#x65;&#x32;&#46;fr<\/a><\/p>\n<p align=\"center\">&#8211;\u00a0\u00a0\u00a0\u00a0 Beno\u00eet JEUNIER, IUFM-Universitat de Tolosa II &#8211; Miralh <a href=\"&#109;&#x61;i&#x6c;t&#111;&#x3a;b&#x65;n&#111;&#x69;t&#x2e;j&#x65;&#x75;n&#x69;e&#x72;&#64;&#117;&#x6e;i&#x76;-&#116;&#x6c;s&#x65;2&#46;&#x66;r\">b&#x65;&#x6e;o&#x69;&#x74;&#46;&#x6a;&#x65;u&#110;&#x69;e&#114;&#x40;u&#110;&#x69;v&#45;&#x74;ls&#x65;&#x32;&#46;&#x66;&#x72;<\/a><\/p>\n<p align=\"center\">&#8211;\u00a0\u00a0\u00a0\u00a0 Sandrine GAL\u00c9A, IUFM-Universitat de Tolosa II &#8211; Miralh <a href=\"&#x6d;&#x61;&#x69;&#x6c;&#x74;&#x6f;&#x3a;&#x73;&#x61;&#x6e;&#x64;&#x72;&#x69;&#x6e;&#x65;&#x2e;&#x67;&#x61;&#x6c;&#x65;&#x61;&#x40;&#x75;&#x6e;&#x69;&#x76;&#x2d;&#x74;&#x6c;&#x73;&#x65;&#x32;&#x2e;&#x66;&#x72;\">s&#x61;n&#100;&#x72;i&#x6e;&#x65;&#46;&#x67;a&#108;&#x65;a&#64;&#x75;n&#x69;v&#45;&#x74;l&#115;&#x65;2&#x2e;&#x66;r<\/a><\/p>\n<p align=\"center\">&#8211;\u00a0\u00a0\u00a0\u00a0 Jeff CAMPS, IUFM-Universitat de Tolosa II &#8211; Miralh <a href=\"m&#x61;&#x69;l&#116;&#x6f;&#x3a;j&#101;&#x61;n-&#x66;&#x72;a&#110;&#x63;oi&#x73;&#x2e;c&#97;&#x6d;&#x70;s&#x40;&#x75;n&#105;&#x76;&#x2d;t&#108;&#x73;e2&#x2e;&#x66;r\">&#x6a;&#x65;&#x61;&#x6e;&#x2d;&#102;&#114;ancoi&#x73;&#x2e;&#x63;&#x61;&#x6d;&#x70;&#115;&#64;univ&#x2d;&#x74;&#x6c;&#x73;&#x65;&#x32;&#46;&#102;r<\/a><\/p>\n<p align=\"center\">&#8211;\u00a0\u00a0\u00a0\u00a0 Jean THOMAS, IUFM-Universitat de Tolosa II &#8211; Miralh\u00a0 <a href=\"ma&#105;&#x6c;&#x74;o:j&#111;&#x61;&#x6e;tho&#109;&#x61;&#x73;&#64;c&#108;&#x75;&#x62;&#x2d;in&#116;&#x65;&#x72;&#x6e;et&#46;&#x66;&#x72;\">joanthomas&#64;cl&#117;&#98;&#45;&#105;&#110;&#x74;&#x65;&#x72;&#x6e;&#x65;&#x74;&#x2e;&#x66;&#x72;<\/a><\/p>\n<p>&#8211;\u00a0\u00a0\u00a0\u00a0 Gauthier COUFFIN, Universitat de Tolosa II &#8211; Miralh <a href=\"&#x6d;&#x61;&#x69;&#x6c;&#x74;&#x6f;&#x3a;&#x67;&#97;&#117;&#116;&#104;ier&#46;oc&#64;&#x68;&#x6f;&#x74;&#x6d;&#x61;&#x69;&#x6c;&#x2e;&#x63;&#111;&#109;\">&#103;&#x61;&#117;&#x74;h&#x69;e&#x72;&#46;&#x6f;c&#x40;h&#x6f;t&#109;&#x61;&#105;&#x6c;&#46;&#x63;o&#x6d;<\/a><\/p>","protected":false},"excerpt":{"rendered":"<p>Organitzaci\u00f3 i\u00a0 Secretaria de la Confer\u00e8ncia: &#8211;\u00a0 Pierre ESCUD\u00c9, IUFM-Universitat de Tolosa II &#8211; Miralh (bilinguisme-IC) p&#105;&#x65;&#x72;&#x72;e&#46;&#x65;&#x73;&#x63;u&#100;&#x65;&#x40;&#x75;n&#105;&#x76;&#x2d;&#x74;l&#115;&#x65;&#x32;&#x2e;f&#114; &#8211;\u00a0\u00a0\u00a0\u00a0 Patrick SAUZET, Universitat de Tolosa II &#8211; Miralh (syntaxe) p&#x61;t&#114;&#x69;c&#x6b;&#x2e;s&#x61;u&#122;&#x65;t&#64;&#x75;n&#x69;v&#45;&#x74;l&#115;&#x65;2&#x2e;&#x66;r &#8211;\u00a0\u00a0\u00a0\u00a0 Beno\u00eet JEUNIER, IUFM-Universitat de Tolosa II &#8211; Miralh be&#110;&#x6f;&#x69;t&#46;&#106;&#x65;&#x75;&#x6e;ie&#114;&#x40;&#x75;ni&#118;&#x2d;&#x74;&#x6c;se&#50;&#x2e;&#x66;r &#8211;\u00a0\u00a0\u00a0\u00a0 Sandrine &hellip; <a href=\"https:\/\/blogs.univ-tlse2.fr\/ronjat2013\/ca\/contact\/\">Continue reading <span class=\"meta-nav\">&rarr;<\/span><\/a><\/p>\n","protected":false},"author":1,"featured_media":0,"parent":0,"menu_order":0,"comment_status":"closed","ping_status":"open","template":"","meta":{"footnotes":""},"class_list":["post-23","page","type-page","status-publish","hentry"],"_links":{"self":[{"href":"https:\/\/blogs.univ-tlse2.fr\/ronjat2013\/ca\/wp-json\/wp\/v2\/pages\/23","targetHints":{"allow":["GET"]}}],"collection":[{"href":"https:\/\/blogs.univ-tlse2.fr\/ronjat2013\/ca\/wp-json\/wp\/v2\/pages"}],"about":[{"href":"https:\/\/blogs.univ-tlse2.fr\/ronjat2013\/ca\/wp-json\/wp\/v2\/types\/page"}],"author":[{"embeddable":true,"href":"https:\/\/blogs.univ-tlse2.fr\/ronjat2013\/ca\/wp-json\/wp\/v2\/users\/1"}],"replies":[{"embeddable":true,"href":"https:\/\/blogs.univ-tlse2.fr\/ronjat2013\/ca\/wp-json\/wp\/v2\/comments?post=23"}],"version-history":[{"count":15,"href":"https:\/\/blogs.univ-tlse2.fr\/ronjat2013\/ca\/wp-json\/wp\/v2\/pages\/23\/revisions"}],"predecessor-version":[{"id":209,"href":"https:\/\/blogs.univ-tlse2.fr\/ronjat2013\/ca\/wp-json\/wp\/v2\/pages\/23\/revisions\/209"}],"wp:attachment":[{"href":"https:\/\/blogs.univ-tlse2.fr\/ronjat2013\/ca\/wp-json\/wp\/v2\/media?parent=23"}],"curies":[{"name":"wp","href":"https:\/\/api.w.org\/{rel}","templated":true}]}}