 {"id":53,"date":"2013-02-12T15:12:04","date_gmt":"2013-02-12T14:12:04","guid":{"rendered":"https:\/\/blogs.univ-tlse2.fr\/ronjat2013\/?page_id=53"},"modified":"2014-02-06T10:44:23","modified_gmt":"2014-02-06T09:44:23","slug":"comite-de-pilotage","status":"publish","type":"page","link":"https:\/\/blogs.univ-tlse2.fr\/ronjat2013\/ca\/comite-de-pilotage\/","title":{"rendered":"Comit\u00e8 directiu"},"content":{"rendered":"<p><\/p>\n<table border=\"1\" cellspacing=\"0\" cellpadding=\"0\">\n<tbody>\n<tr>\n<td valign=\"top\" width=\"347\">Comit\u00e8 directiu<\/p>\n<p>Jean-Claude BEACCO, Universitat de Par\u00eds-III (Biling\u00fcisme-IC)<\/p>\n<p>Elisabetta BONVINO, Universitat de Roma III (Biling\u00fcisme-IC)<\/p>\n<p>Sandrine CADD\u00c9O, Universitat d&#8217;Aix-en-Provence (Biling\u00fcisme-IC)<\/p>\n<p>Caterina CALAFAT, Universitat de les Illes Balears (Biling\u00fcisme-IC)<\/p>\n<p>Clorinda DONATO, Universitat de Long Beach, Estats Units (Biling\u00fcisme-IC)<\/p>\n<p>Pierre ESCUD\u00c9, IUFM-Universitat de Toulouse (biling\u00fcisme-IC)<\/p>\n<p>Thomas FIELD, Universitat de Baltimore (sintaxi)<\/p>\n<p>Mariana FONSECA-FAVRE, Universitat de Ginebra, Su\u00efssa (Biling\u00fcisme-IC)<\/p>\n<p>Laurent GAJO, Universitat de Ginebra, Su\u00efssa (Biling\u00fcisme-IC)<\/p>\n<p>Georg KREMNITZ,Universitat de Viena, \u00c0ustria (sintaxi)<\/p>\n<p>Christian LAGARDE, Universitat de Perpiny\u00e0 (biling\u00fcisme-IC)<\/p>\n<p>Xavier LAMUELA, Universitat de Girona (sintaxi)<\/p>\n<p>Jean L\u00e9o LEONARD, Universitat de Par\u00eds VIII (sintaxi)<\/p>\n<p>Herv\u00e9 LIEUTARD, Universitat de Montpeller (sintaxi)<\/p>\n<p>\u00c0ngels MASSIP,Universitat Central, Barcelona (sintaxi)<\/p>\n<p>Patrick SAUZET, Universitat de Tolosa (sintaxi)<\/td>\n<\/tr>\n<\/tbody>\n<\/table>\n<p><\/p>","protected":false},"excerpt":{"rendered":"<p>Comit\u00e8 directiu Jean-Claude BEACCO, Universitat de Par\u00eds-III (Biling\u00fcisme-IC) Elisabetta BONVINO, Universitat de Roma III (Biling\u00fcisme-IC) Sandrine CADD\u00c9O, Universitat d&#8217;Aix-en-Provence (Biling\u00fcisme-IC) Caterina CALAFAT, Universitat de les Illes Balears (Biling\u00fcisme-IC) Clorinda DONATO, Universitat de Long Beach, Estats Units (Biling\u00fcisme-IC) Pierre ESCUD\u00c9, IUFM-Universitat &hellip; <a href=\"https:\/\/blogs.univ-tlse2.fr\/ronjat2013\/ca\/comite-de-pilotage\/\">Continue reading <span class=\"meta-nav\">&rarr;<\/span><\/a><\/p>\n","protected":false},"author":1,"featured_media":0,"parent":0,"menu_order":0,"comment_status":"closed","ping_status":"open","template":"","meta":{"footnotes":""},"class_list":["post-53","page","type-page","status-publish","hentry"],"_links":{"self":[{"href":"https:\/\/blogs.univ-tlse2.fr\/ronjat2013\/ca\/wp-json\/wp\/v2\/pages\/53","targetHints":{"allow":["GET"]}}],"collection":[{"href":"https:\/\/blogs.univ-tlse2.fr\/ronjat2013\/ca\/wp-json\/wp\/v2\/pages"}],"about":[{"href":"https:\/\/blogs.univ-tlse2.fr\/ronjat2013\/ca\/wp-json\/wp\/v2\/types\/page"}],"author":[{"embeddable":true,"href":"https:\/\/blogs.univ-tlse2.fr\/ronjat2013\/ca\/wp-json\/wp\/v2\/users\/1"}],"replies":[{"embeddable":true,"href":"https:\/\/blogs.univ-tlse2.fr\/ronjat2013\/ca\/wp-json\/wp\/v2\/comments?post=53"}],"version-history":[{"count":10,"href":"https:\/\/blogs.univ-tlse2.fr\/ronjat2013\/ca\/wp-json\/wp\/v2\/pages\/53\/revisions"}],"predecessor-version":[{"id":207,"href":"https:\/\/blogs.univ-tlse2.fr\/ronjat2013\/ca\/wp-json\/wp\/v2\/pages\/53\/revisions\/207"}],"wp:attachment":[{"href":"https:\/\/blogs.univ-tlse2.fr\/ronjat2013\/ca\/wp-json\/wp\/v2\/media?parent=53"}],"curies":[{"name":"wp","href":"https:\/\/api.w.org\/{rel}","templated":true}]}}