 {"id":19,"date":"2013-02-12T14:16:11","date_gmt":"2013-02-12T13:16:11","guid":{"rendered":"https:\/\/blogs.univ-tlse2.fr\/ronjat2013\/?page_id=19"},"modified":"2014-02-06T10:44:23","modified_gmt":"2014-02-06T09:44:23","slug":"inscription","status":"publish","type":"page","link":"https:\/\/blogs.univ-tlse2.fr\/ronjat2013\/es\/inscription\/","title":{"rendered":"Registro"},"content":{"rendered":"<p><\/p>\n<table border=\"1\" cellspacing=\"0\" cellpadding=\"0\">\n<tbody>\n<tr>\n<td valign=\"top\" width=\"369\">\n<ul>\n<li>Inscripci\u00f3n\n<p>La inscripci\u00f3n al coloquio es obligatoria. \u00c9sta da derecho a todas las actividades cient\u00edficas del coloquio.<\/li>\n<li><span style=\"text-decoration: underline\">Cuotas de inscripci\u00f3n<\/span>:<br \/>\n&#8211; Estudiantes IUFM y UT2, estudiantes PRES (<i>P\u00f4les de recherche et d\u2019enseignement sup\u00e9rieur<\/i>), desempleados: 10 \u20ac<br \/>\ncomidas no incluidas. No obstante, existe la posibilidad de comer en las instalaciones con la tarifa de estudiante, previa presentaci\u00f3n del carn\u00e9 de estudiante.<\/li>\n<li>\nInscripci\u00f3n para el almuerzo del<br \/>\nJueves 21<br \/>\nViernes 22<\/p>\n<p>&#8211; Los docentes, docentes-investigadores, cient\u00edficos, universitarios: 30 \u20ac<\/p>\n<p>pausa-caf\u00e9 y comidas incluidos.<br \/>\nConfirmaci\u00f3n de inscripci\u00f3n para el almuerzo del<br \/>\nJueves 21<br \/>\nViernes 22<br \/>\n&#8211; Solicitud personal al comit\u00e9 organizador para una subvenci\u00f3n excepcional en la que \u00e9ste se haga cargo del coste de inscripci\u00f3n.<\/li>\n<li>\n<p>La elecci\u00f3n de los 4 ejes y talleres se efectuar\u00e1 durante las inscripciones. Por favor, especifique los dos talleres en los que usted desea inscribirse de manera prioritaria:<\/p>\n<p>@ eje 1<\/li>\n<\/ul>\n<p>@ eje 2<br \/>\n@ eje 3<br \/>\n@ eje 4<\/td>\n<\/tr>\n<\/tbody>\n<\/table>\n<p><\/p>","protected":false},"excerpt":{"rendered":"<p>Inscripci\u00f3n La inscripci\u00f3n al coloquio es obligatoria. \u00c9sta da derecho a todas las actividades cient\u00edficas del coloquio. Cuotas de inscripci\u00f3n: &#8211; Estudiantes IUFM y UT2, estudiantes PRES (P\u00f4les de recherche et d\u2019enseignement sup\u00e9rieur), desempleados: 10 \u20ac comidas no incluidas. No &hellip; <a href=\"https:\/\/blogs.univ-tlse2.fr\/ronjat2013\/es\/inscription\/\">Sigue leyendo <span class=\"meta-nav\">&rarr;<\/span><\/a><\/p>\n","protected":false},"author":1,"featured_media":0,"parent":0,"menu_order":0,"comment_status":"closed","ping_status":"open","template":"","meta":{"footnotes":""},"class_list":["post-19","page","type-page","status-publish","hentry"],"_links":{"self":[{"href":"https:\/\/blogs.univ-tlse2.fr\/ronjat2013\/es\/wp-json\/wp\/v2\/pages\/19","targetHints":{"allow":["GET"]}}],"collection":[{"href":"https:\/\/blogs.univ-tlse2.fr\/ronjat2013\/es\/wp-json\/wp\/v2\/pages"}],"about":[{"href":"https:\/\/blogs.univ-tlse2.fr\/ronjat2013\/es\/wp-json\/wp\/v2\/types\/page"}],"author":[{"embeddable":true,"href":"https:\/\/blogs.univ-tlse2.fr\/ronjat2013\/es\/wp-json\/wp\/v2\/users\/1"}],"replies":[{"embeddable":true,"href":"https:\/\/blogs.univ-tlse2.fr\/ronjat2013\/es\/wp-json\/wp\/v2\/comments?post=19"}],"version-history":[{"count":17,"href":"https:\/\/blogs.univ-tlse2.fr\/ronjat2013\/es\/wp-json\/wp\/v2\/pages\/19\/revisions"}],"predecessor-version":[{"id":210,"href":"https:\/\/blogs.univ-tlse2.fr\/ronjat2013\/es\/wp-json\/wp\/v2\/pages\/19\/revisions\/210"}],"wp:attachment":[{"href":"https:\/\/blogs.univ-tlse2.fr\/ronjat2013\/es\/wp-json\/wp\/v2\/media?parent=19"}],"curies":[{"name":"wp","href":"https:\/\/api.w.org\/{rel}","templated":true}]}}