 {"id":20,"date":"2013-02-12T14:16:33","date_gmt":"2013-02-12T13:16:33","guid":{"rendered":"https:\/\/blogs.univ-tlse2.fr\/ronjat2013\/?page_id=20"},"modified":"2014-02-06T10:44:23","modified_gmt":"2014-02-06T09:44:23","slug":"programme","status":"publish","type":"page","link":"https:\/\/blogs.univ-tlse2.fr\/ronjat2013\/es\/programme\/","title":{"rendered":"Programa"},"content":{"rendered":"<p><\/p>\n<table border=\"1\" cellspacing=\"0\" cellpadding=\"0\">\n<tbody>\n<tr>\n<td valign=\"top\" width=\"369\">\n<ul>\n<li>Programa\n<p>El programa definitivo se dar\u00e1 a conocer en septiembre de 2013.<\/p>\n<p><span style=\"text-decoration: underline\">Mesa de autores<\/span>:<\/p>\n<p>La librer\u00eda <i>Etudes <\/i>de la Universit\u00e9 de Toulouse II \u2013 le Mirail expondr\u00e1 una durante el coloquio las obras publicadas y publicaciones peri\u00f3dicas que los autores desean poner a disposici\u00f3n del p\u00fablico ser\u00e1n presentadas y estar\u00e1n a la venta, as\u00ed como una selecci\u00f3n bibliogr\u00e1fica de obras realizada por el comit\u00e9 cient\u00edfico.<\/li>\n<li>\nLos autores est\u00e1n invitados a dar a conocer al comit\u00e9 directivo sus publicaciones.<\/li>\n<\/ul>\n<p><span style=\"text-decoration: underline\">\u00a0<\/span><\/p>\n<p><span style=\"text-decoration: underline\">Pre-programa<\/span><\/p>\n<p>Jueves, 21 de noviembre:<\/p>\n<p>8:45: Recepci\u00f3n- Inscripci\u00f3n y caf\u00e9s<br \/>\n9:15: Apertura del coloquio:<br \/>\n10h: P. Sauzet y P. Escud\u00e9, presentaci\u00f3n del coloquio: \u00ab\u00a02013 &#8211; Ronjat\u00a0cent ans apr\u00e8s : un espace, un individu, combien de langues\u00a0? Th\u00e9orie et pratique de l\u2019acquisition bilingue et de l\u2019unit\u00e9 de la langue\u00a0\u00bb &#8211; \u00ab\u00a0aspects philologiques\u00a0; \u00e9pist\u00e9mologiques\u00a0; didactiques\u00a0; politiques.\u00a0\u00bb<\/p>\n<p>&#8211; Conferencia plenaria 1: 10:30<\/p>\n<p>&#8211; Conferencia plenaria 2: 11:15<br \/>\n12-12:30 = turno de preguntas.<br \/>\nDescanso 12:30-14: Almuerzo para los inscritos en el restaurante universitario<i> <\/i>del IUFM Saint-Agne.<\/p>\n<p>&#8211; Conferencia plenaria 3: 14-14:45<\/p>\n<p>&#8211; Conferencia plenaria 4: 14:45-15:30<br \/>\n15:30-16 = turno de preguntas.<br \/>\n16-16:30 = Pausa para el caf\u00e9 y mesa de autores.<br \/>\n&#8211; Conferencia plenaria 5: 16:30-17:15<\/p>\n<p>17:15-17:45 = turno de preguntas.<br \/>\nla mesa de autores estar\u00e1 abierta hasta las 18h.<\/p>\n<p>20h = cena de conferenciantes y organizadores.<\/p>\n<p>Viernes, 22 de noviembre:<\/p>\n<p>8:45: Acogida y caf\u00e9<\/p>\n<p>9h: Apertura de talleres, <i>Tiempo 1<\/i>: (4 ejes, 2 comunicaciones por eje)<\/p>\n<p>10:15-10:45: Pausa para caf\u00e9 y mesa de autor.<br \/>\n10:45-12:15: talleres, <i>Tiempo 2<\/i>: (4 ejes, 2 comunicaciones por eje)<\/p>\n<p>12:15-14: Pausa: Almuerzo para los inscritos en el restaurante universitario del IUFM Saint-Agne<\/p>\n<p>14-15: S\u00edntesis de los cuatro talleres a cargo de los moderadores.<\/p>\n<p>&#8211; Conferencia plenaria 6: 15-15:45<\/p>\n<p>15:45-16:15: Pausa para el caf\u00e9 y mesa de autores (\u00faltima vez de la mesa de autores).<\/p>\n<p>&#8211; Conferencia plenaria 7: 16\u00a0:15-17, el gran testigo, Daniel Coste (ENS de Lyon, ADEB): \u00ab\u00a0La gestion de la pluralit\u00e9 des langues dans l\u2019individu et dans l\u2019espace\u00a0: quelles politiques linguistiques, quelles politiques scolaires\u00a0? \u00bb<\/p>\n<p>&nbsp;<\/p>\n<p>17h-18h = mesa redonda y debate con el p\u00fablico. Adem\u00e1s de los ponentes invitados, habr\u00e1 un representante del Ministerio de Educaci\u00f3n Nacional.<\/td>\n<\/tr>\n<\/tbody>\n<\/table>\n<p><\/p>","protected":false},"excerpt":{"rendered":"<p>Programa El programa definitivo se dar\u00e1 a conocer en septiembre de 2013. Mesa de autores: La librer\u00eda Etudes de la Universit\u00e9 de Toulouse II \u2013 le Mirail expondr\u00e1 una durante el coloquio las obras publicadas y publicaciones peri\u00f3dicas que los &hellip; <a href=\"https:\/\/blogs.univ-tlse2.fr\/ronjat2013\/es\/programme\/\">Sigue leyendo <span class=\"meta-nav\">&rarr;<\/span><\/a><\/p>\n","protected":false},"author":1,"featured_media":0,"parent":0,"menu_order":0,"comment_status":"closed","ping_status":"open","template":"","meta":{"footnotes":""},"class_list":["post-20","page","type-page","status-publish","hentry"],"_links":{"self":[{"href":"https:\/\/blogs.univ-tlse2.fr\/ronjat2013\/es\/wp-json\/wp\/v2\/pages\/20","targetHints":{"allow":["GET"]}}],"collection":[{"href":"https:\/\/blogs.univ-tlse2.fr\/ronjat2013\/es\/wp-json\/wp\/v2\/pages"}],"about":[{"href":"https:\/\/blogs.univ-tlse2.fr\/ronjat2013\/es\/wp-json\/wp\/v2\/types\/page"}],"author":[{"embeddable":true,"href":"https:\/\/blogs.univ-tlse2.fr\/ronjat2013\/es\/wp-json\/wp\/v2\/users\/1"}],"replies":[{"embeddable":true,"href":"https:\/\/blogs.univ-tlse2.fr\/ronjat2013\/es\/wp-json\/wp\/v2\/comments?post=20"}],"version-history":[{"count":14,"href":"https:\/\/blogs.univ-tlse2.fr\/ronjat2013\/es\/wp-json\/wp\/v2\/pages\/20\/revisions"}],"predecessor-version":[{"id":212,"href":"https:\/\/blogs.univ-tlse2.fr\/ronjat2013\/es\/wp-json\/wp\/v2\/pages\/20\/revisions\/212"}],"wp:attachment":[{"href":"https:\/\/blogs.univ-tlse2.fr\/ronjat2013\/es\/wp-json\/wp\/v2\/media?parent=20"}],"curies":[{"name":"wp","href":"https:\/\/api.w.org\/{rel}","templated":true}]}}