 {"id":22,"date":"2013-02-12T14:17:27","date_gmt":"2013-02-12T13:17:27","guid":{"rendered":"https:\/\/blogs.univ-tlse2.fr\/ronjat2013\/?page_id=22"},"modified":"2014-02-06T10:44:23","modified_gmt":"2014-02-06T09:44:23","slug":"communications-comite-de-pilotage","status":"publish","type":"page","link":"https:\/\/blogs.univ-tlse2.fr\/ronjat2013\/es\/communications-comite-de-pilotage\/","title":{"rendered":"Comunicaciones"},"content":{"rendered":"<p><\/p>\n<table border=\"1\" cellspacing=\"0\" cellpadding=\"0\">\n<tbody>\n<tr>\n<td valign=\"top\" width=\"369\">Comunicaciones<br \/>\nLas propuestas deben ser enviadas al Comit\u00e9 \u00a0directivo antes del 15 de mayo 2013.<br \/>\nSe propone\/ se anima a cada autor a facilitar un resumen (2000-4000 caracteres) con t\u00edtulo expl\u00edcito as\u00ed como 5 palabras claves y 5 referencias bibliogr\u00e1ficas como m\u00e1ximo.<br \/>\nEl art\u00edculo podr\u00e1 estar redactado en las siguientes lenguas: Franc\u00e9s &#8211; occitano &#8211; Catal\u00e1n &#8211; Espa\u00f1ol &#8211; Ingl\u00e9s, con un soporte visual en franc\u00e9s.<br \/>\nNotificaci\u00f3n de aceptaci\u00f3n por el Comit\u00e9 Cient\u00edfico: 15 de junio de 2013.<br \/>\nLos autores cuyas comunicaciones sean seleccionadas recibir\u00e1n instrucciones para la redacci\u00f3n en funci\u00f3n de los dos formatos posibles de comunicaci\u00f3n:<\/p>\n<p>&#8211; Propuesta de comunicaci\u00f3n plenaria (45 minutos), hasta un m\u00e1ximo de 7 propuestas.<br \/>\n&#8211; Propuesta de comunicaci\u00f3n en uno de los ejes del coloquio (30 minutos), hasta un m\u00e1ximo de 16 propuestas.<br \/>\n<i>Todas las comunicaciones ser\u00e1n publicadas. <\/i><\/p>\n<p>\u00c9stas deber\u00e1n ser enviadas por correo electr\u00f3nico a los dos organizadores:<\/p>\n<p>&#8211; Pierre Escud\u00e9, IUFM-Universit\u00e9 de Toulouse (<i>biling\u00fcismo<\/i>-IC)<br \/>\n<a href=\"&#109;&#x61;i&#x6c;t&#x6f;:&#x70;i&#101;&#x72;&#114;&#x65;&#46;&#x65;s&#x63;u&#100;&#x65;&#64;&#x75;n&#x69;v&#x2d;t&#x6c;s&#101;&#x32;&#46;&#x66;r\">pie&#114;&#x72;&#x65;&#x2e;&#x65;scu&#100;&#x65;&#x40;&#x75;&#x6e;iv-&#116;&#108;&#x73;&#x65;&#x32;&#x2e;fr<\/a><br \/>\n&#8211; Patrick SAUZET, Universit\u00e9 de Toulouse (<i>s<\/i><i>intaxis<\/i>)<br \/>\n<a href=\"&#x6d;&#x61;&#105;lt&#x6f;&#x3a;&#112;at&#x72;&#x69;&#99;k&#46;&#x73;&#x61;&#x75;zet&#x40;&#x75;&#110;iv&#x2d;&#x74;&#108;se&#x32;&#x2e;&#102;r\">&#x70;&#x61;&#x74;&#x72;&#105;&#99;k&#46;s&#x61;&#x75;&#x7a;&#x65;&#x74;&#64;&#117;niv&#x2d;&#x74;&#x6c;&#x73;&#x65;&#50;&#46;fr<\/a><br \/>\nquienes las ceder\u00e1n al comit\u00e9 directivo para el asesoramiento y selecci\u00f3n. Las propuestas de comunicaciones ser\u00e1n evaluadas an\u00f3nimamente por el comit\u00e9.<\/p>\n<p>&nbsp;<\/td>\n<\/tr>\n<\/tbody>\n<\/table>\n<p><\/p>","protected":false},"excerpt":{"rendered":"<p>Comunicaciones Las propuestas deben ser enviadas al Comit\u00e9 \u00a0directivo antes del 15 de mayo 2013. Se propone\/ se anima a cada autor a facilitar un resumen (2000-4000 caracteres) con t\u00edtulo expl\u00edcito as\u00ed como 5 palabras claves y 5 referencias bibliogr\u00e1ficas &hellip; <a href=\"https:\/\/blogs.univ-tlse2.fr\/ronjat2013\/es\/communications-comite-de-pilotage\/\">Sigue leyendo <span class=\"meta-nav\">&rarr;<\/span><\/a><\/p>\n","protected":false},"author":1,"featured_media":0,"parent":0,"menu_order":0,"comment_status":"closed","ping_status":"open","template":"","meta":{"footnotes":""},"class_list":["post-22","page","type-page","status-publish","hentry"],"_links":{"self":[{"href":"https:\/\/blogs.univ-tlse2.fr\/ronjat2013\/es\/wp-json\/wp\/v2\/pages\/22","targetHints":{"allow":["GET"]}}],"collection":[{"href":"https:\/\/blogs.univ-tlse2.fr\/ronjat2013\/es\/wp-json\/wp\/v2\/pages"}],"about":[{"href":"https:\/\/blogs.univ-tlse2.fr\/ronjat2013\/es\/wp-json\/wp\/v2\/types\/page"}],"author":[{"embeddable":true,"href":"https:\/\/blogs.univ-tlse2.fr\/ronjat2013\/es\/wp-json\/wp\/v2\/users\/1"}],"replies":[{"embeddable":true,"href":"https:\/\/blogs.univ-tlse2.fr\/ronjat2013\/es\/wp-json\/wp\/v2\/comments?post=22"}],"version-history":[{"count":18,"href":"https:\/\/blogs.univ-tlse2.fr\/ronjat2013\/es\/wp-json\/wp\/v2\/pages\/22\/revisions"}],"predecessor-version":[{"id":208,"href":"https:\/\/blogs.univ-tlse2.fr\/ronjat2013\/es\/wp-json\/wp\/v2\/pages\/22\/revisions\/208"}],"wp:attachment":[{"href":"https:\/\/blogs.univ-tlse2.fr\/ronjat2013\/es\/wp-json\/wp\/v2\/media?parent=22"}],"curies":[{"name":"wp","href":"https:\/\/api.w.org\/{rel}","templated":true}]}}