 {"id":23,"date":"2013-02-12T14:17:58","date_gmt":"2013-02-12T13:17:58","guid":{"rendered":"https:\/\/blogs.univ-tlse2.fr\/ronjat2013\/?page_id=23"},"modified":"2014-02-06T10:44:23","modified_gmt":"2014-02-06T09:44:23","slug":"contact","status":"publish","type":"page","link":"https:\/\/blogs.univ-tlse2.fr\/ronjat2013\/es\/contact\/","title":{"rendered":"Organizaci\u00f3n y Secretar\u00eda de la Conferencia"},"content":{"rendered":"<p>Organizaci\u00f3n y Secretar\u00eda de la Conferencia<\/p>\n<p>&#8211;\u00a0 Pierre ESCUD\u00c9, IUFM-Universit\u00e9 de Toulouse II &#8211; le Mirail (<i>bilinguisme-IC<\/i>) <a href=\"m&#x61;i&#108;&#x74;o&#58;&#x70;i&#x65;&#x72;r&#x65;&#46;&#101;&#x73;c&#117;&#x64;e&#x40;&#x75;n&#x69;&#x76;-&#x74;l&#115;&#x65;2&#46;&#x66;r\">pi&#101;&#x72;&#x72;e&#46;&#101;&#x73;&#x63;&#x75;de&#64;&#x75;&#x6e;iv&#45;&#x74;&#x6c;&#x73;e2&#46;&#x66;&#x72;<\/a><\/p>\n<p align=\"center\">&#8211;\u00a0\u00a0\u00a0\u00a0 Patrick SAUZET, Universit\u00e9 de Toulouse II &#8211; le Mirail (<i>syntaxe<\/i>) <a href=\"&#x6d;&#x61;il&#x74;&#x6f;&#58;pa&#x74;&#x72;ic&#x6b;&#x2e;&#115;au&#x7a;&#x65;t&#64;&#x75;&#x6e;&#105;v-&#x74;&#x6c;&#115;e&#x32;&#x2e;&#102;r\">&#x70;&#x61;&#x74;&#x72;&#105;ck&#46;s&#x61;&#x75;&#x7a;&#x65;&#116;&#64;uni&#x76;&#x2d;&#x74;&#x6c;&#115;e2&#46;f&#x72;<\/a><\/p>\n<p align=\"center\">&#8211;\u00a0\u00a0\u00a0\u00a0 Beno\u00eet JEUNIER, IUFM-Universit\u00e9 de Toulouse II &#8211; le Mirail <a href=\"mailto:benoit&#46;jeunier&#64;univ-tlse2&#46;fr\">&#x62;&#x65;&#x6e;&#x6f;&#x69;&#x74;&#x2e;&#x6a;&#101;&#117;&#110;&#105;er&#64;univ&#x2d;&#x74;&#x6c;&#x73;&#x65;&#x32;&#x2e;&#x66;&#x72;<\/a><\/p>\n<p align=\"center\">&#8211;\u00a0\u00a0\u00a0\u00a0 Sandrine GAL\u00c9A, IUFM-Universit\u00e9 de Toulouse II &#8211; le Mirail <a href=\"&#109;&#x61;i&#x6c;&#x74;&#111;&#x3a;s&#x61;&#x6e;&#100;&#x72;i&#x6e;&#x65;&#46;&#x67;a&#x6c;&#x65;&#97;&#x40;u&#x6e;&#x69;&#118;&#x2d;t&#x6c;&#x73;&#101;&#x32;&#46;&#x66;&#x72;\">&#x73;&#97;n&#x64;&#x72;&#105;n&#x65;&#x2e;&#103;a&#x6c;&#x65;a&#64;&#x75;&#x6e;iv&#x2d;&#116;ls&#x65;&#50;&#46;&#x66;&#x72;<\/a><\/p>\n<p align=\"center\">&#8211;\u00a0\u00a0\u00a0\u00a0 Jeff CAMPS, IUFM-Universit\u00e9 de Toulouse II &#8211; le Mirail <a href=\"&#x6d;&#x61;&#x69;&#x6c;&#116;&#111;:je&#x61;&#x6e;&#x2d;&#x66;&#x72;&#97;&#110;coi&#x73;&#x2e;&#x63;&#x61;&#x6d;&#112;&#115;&#64;un&#x69;&#x76;&#x2d;&#x74;&#x6c;&#115;&#101;2&#46;f&#x72;\">&#x6a;e&#x61;n&#x2d;&#102;r&#x61;n&#x63;o&#x69;&#115;&#46;&#x63;a&#x6d;&#112;s&#x40;u&#x6e;i&#x76;&#45;t&#x6c;s&#x65;&#50;&#x2e;&#x66;r<\/a><\/p>\n<p align=\"center\">&#8211;\u00a0\u00a0\u00a0\u00a0 Jean THOMAS, IUFM-Universit\u00e9 de Toulouse II &#8211; le Mirail <a href=\"&#x6d;&#x61;&#105;lto&#x3a;&#x6a;&#x6f;&#97;nt&#x68;&#x6f;&#x6d;&#97;s&#64;&#x63;&#x6c;&#x75;&#98;-i&#x6e;&#x74;&#x65;&#114;net&#x2e;&#x66;&#x72;\">&#x6a;&#111;a&#x6e;&#x74;&#104;o&#x6d;&#x61;&#115;&#64;&#x63;&#x6c;&#117;b&#x2d;&#x69;&#110;t&#x65;&#x72;&#110;e&#x74;&#x2e;&#102;r<\/a><\/p>\n<p>&#8211;\u00a0\u00a0\u00a0\u00a0 Gauthier COUFFIN, Universit\u00e9 de Toulouse II &#8211; le Mirail <a href=\"m&#97;&#x69;&#x6c;to&#58;&#x67;&#x61;ut&#104;&#x69;&#x65;r&#46;&#x6f;&#x63;&#x40;h&#111;&#x74;&#x6d;ai&#108;&#x2e;&#x63;om\">&#103;a&#117;t&#104;i&#x65;r&#x2e;o&#x63;&#64;&#x68;o&#x74;m&#x61;i&#x6c;&#46;&#x63;o&#x6d;<\/a><\/p>","protected":false},"excerpt":{"rendered":"<p>Organizaci\u00f3n y Secretar\u00eda de la Conferencia &#8211;\u00a0 Pierre ESCUD\u00c9, IUFM-Universit\u00e9 de Toulouse II &#8211; le Mirail (bilinguisme-IC) pie&#114;&#114;&#x65;&#x2e;&#x65;&#x73;&#x63;ude&#64;&#117;&#x6e;&#x69;&#x76;&#x2d;&#x74;lse&#50;&#46;&#x66;&#x72; &#8211;\u00a0\u00a0\u00a0\u00a0 Patrick SAUZET, Universit\u00e9 de Toulouse II &#8211; le Mirail (syntaxe) &#x70;&#x61;&#x74;&#x72;&#105;&#99;k&#46;sau&#x7a;&#x65;&#x74;&#x40;&#x75;&#110;iv-tl&#x73;&#x65;&#x32;&#x2e;&#x66;&#114; &#8211;\u00a0\u00a0\u00a0\u00a0 Beno\u00eet JEUNIER, IUFM-Universit\u00e9 de Toulouse II &#8211; le Mirail &hellip; <a href=\"https:\/\/blogs.univ-tlse2.fr\/ronjat2013\/es\/contact\/\">Sigue leyendo <span class=\"meta-nav\">&rarr;<\/span><\/a><\/p>\n","protected":false},"author":1,"featured_media":0,"parent":0,"menu_order":0,"comment_status":"closed","ping_status":"open","template":"","meta":{"footnotes":""},"class_list":["post-23","page","type-page","status-publish","hentry"],"_links":{"self":[{"href":"https:\/\/blogs.univ-tlse2.fr\/ronjat2013\/es\/wp-json\/wp\/v2\/pages\/23","targetHints":{"allow":["GET"]}}],"collection":[{"href":"https:\/\/blogs.univ-tlse2.fr\/ronjat2013\/es\/wp-json\/wp\/v2\/pages"}],"about":[{"href":"https:\/\/blogs.univ-tlse2.fr\/ronjat2013\/es\/wp-json\/wp\/v2\/types\/page"}],"author":[{"embeddable":true,"href":"https:\/\/blogs.univ-tlse2.fr\/ronjat2013\/es\/wp-json\/wp\/v2\/users\/1"}],"replies":[{"embeddable":true,"href":"https:\/\/blogs.univ-tlse2.fr\/ronjat2013\/es\/wp-json\/wp\/v2\/comments?post=23"}],"version-history":[{"count":15,"href":"https:\/\/blogs.univ-tlse2.fr\/ronjat2013\/es\/wp-json\/wp\/v2\/pages\/23\/revisions"}],"predecessor-version":[{"id":209,"href":"https:\/\/blogs.univ-tlse2.fr\/ronjat2013\/es\/wp-json\/wp\/v2\/pages\/23\/revisions\/209"}],"wp:attachment":[{"href":"https:\/\/blogs.univ-tlse2.fr\/ronjat2013\/es\/wp-json\/wp\/v2\/media?parent=23"}],"curies":[{"name":"wp","href":"https:\/\/api.w.org\/{rel}","templated":true}]}}