 {"id":19,"date":"2013-02-12T14:16:11","date_gmt":"2013-02-12T13:16:11","guid":{"rendered":"https:\/\/blogs.univ-tlse2.fr\/ronjat2013\/?page_id=19"},"modified":"2014-02-06T10:44:23","modified_gmt":"2014-02-06T09:44:23","slug":"inscription","status":"publish","type":"page","link":"https:\/\/blogs.univ-tlse2.fr\/ronjat2013\/oc\/inscription\/","title":{"rendered":"Inscripcion"},"content":{"rendered":"<p>L\u2019inscripcion al coll\u00f2qui est obligat\u00f2ria. Obr\u00eds drech a l\u2019ensemble de las activitats scientificas del coll\u00f2qui.<\/p>\n<p align=\"center\">\n<p align=\"center\"><span style=\"text-decoration: underline\">fraisses d\u2019inscripcions\u00a0: <\/span><\/p>\n<p align=\"center\">\n<ul>\n<li>estudiants IUFM e UT2, estudiants PRES, caumaires\u00a0: 10 \u20ac<\/li>\n<li>repais non compr\u00e8s. Mas possibilitat de prene sus pla\u00e7a un repais a la tarifa estudiant, sus presentacion de la carta d\u2019estudiant.<\/li>\n<li>inscripcion pel repais del mi\u00e8gjorn del<\/li>\n<li>de dij\u00f2us 21<\/li>\n<li>de divendres 22<\/li>\n<li>ensenhaires, ensenhaires-cercaires, scientifics, universit\u00e0ris\u00a0: 30 \u20ac<\/li>\n<li>pausas e repaises comprises.<\/li>\n<li>confirmacion d\u2019inscripcion pel repais del mi\u00e8gjorn del<\/li>\n<li>de dij\u00f2us 21<\/li>\n<li>de divendres 22<\/li>\n<li>demanda personala al comitat d\u2019organizacion per una subvencion exceptionala de presa en carga dels fraisses d\u2019inscripcion<\/li>\n<\/ul>\n<p>\u00a0<\/p>\n<p><i>La causida dels 4 axes e talhi\u00e8rs ser\u00e0 efectuada pendent las inscripcions. Merc\u00e9s de precisar los dos talhi\u00e8rs prioritaris ont vos desiratz inscriure\u00a0:<\/i><\/p>\n<p><i>@ axe 1 <\/i><\/p>\n<p><i>@ axe 2<\/i><\/p>\n<p><i>@ axe 3<\/i><\/p>\n<p><i>@ axe 4<\/i><\/p>\n<p><i>per ramp\u00e8l\u00a0: <\/i><\/p>\n<ul>\n<li>axe 1 = lo cont\u00e8xt de la ling\u00fcistica, de la socioling\u00fcistica, de las representacions de lengas a l\u2019ep\u00f2ca de Juli Ronjat\u00a0; los rap\u00f2rts entretenguts entre Ronjat e la ling\u00fcistica francesa ou francof\u00f2na\u00a0; la personnalitat de Ronjat e son \u00f2bra\u00a0; los rap\u00f2rts entre Ronjat e le felibritge\u00a0; l\u2019ideologia ling\u00fcistica e los patoeses, lo biling\u00fcisme, la poliglossia, a l\u2019ep\u00f2ca de Ronjat fins a u\u00e8i. (Axe epistemologic e socioling\u00fcistic).<\/li>\n<li>axe 2 = a l&#8217;entorn de l\u2019<i>Ensag de sintaxi dels parlars proven\u00e7alx mod\u00e8rns\u00a0<\/i>: modernitat e especificitat de la presentacion ling\u00fcistica de Ronjat\u00a0; en qu\u00e9 la lenga es d&#8217;en primi\u00e8r sintaxi\u00a0?\u00a0; la pla\u00e7a de la varianta dins la lenga\u00a0; la definicion de dial\u00e8cte e de lenga\u00a0; lo conc\u00e8pte d\u2019intercompreneson\u00a0; la pragmatica de l\u2019intercompreneson, a l\u2019interior d\u2019una lenga\u00a0; a l\u2019interior d\u2019una familha de lengas. (Axe sintaxi, lenga occitana, lenga e varietat, intercompreneson).<\/li>\n<li>axe 3 = a l&#8217;entorn del<i> Desvolopament del lengatge observat en c\u00f2 d&#8217;un enfant biling\u00fce\u00a0<\/i>: los conc\u00e8ptes de paritat e de precocitat\u00a0; biling\u00fcisme, diglossia e interlenga\u00a0; lo conc\u00e8pte d\u2019emmagazinament ling\u00fcistic, las activitats de compreneson e de produccion\u00a0; l\u2019estanque\u00eftat de las lengas e la simetria de lor aprendissatge\u00a0; l\u2019import\u00e0ncia dels factors socials e afectius dins l\u2019aprendissatge de la lenga\u00a0; lo doble rap\u00f2rt significat\/significant en c\u00f2 de l\u2019enfant biling\u00fce\u00a0; los beneficis cognitius, metalangagi\u00e8rs, comportementals dels biling\u00fcisme aboriu. (Axe biling\u00fcisme, precocitat e paritat, mestresa de las lengas, comportament).<\/li>\n<\/ul>\n<p>axe 4 = lo biling\u00fcisme aboriu franc\u00e9s-lenga regionala dins l\u2019Educacion Nacionala\u00a0; las politicas academicas, inter-regionalas, nacionalas, europencas en favor de l\u2019aprendissatge de las lengas\u00a0; las modalitats pluralas (la variacion dins la lenga, l\u2019iniciacion aboriva a las lengas, l\u2019intercompreneson e las compet\u00e9ncias plurilangagi\u00e8ras\u00a0; los enj\u00f2cs de las politicas ling\u00fcisticas <i>ob\u00e8rtas <\/i>e reguladas. (Axe institucional, politica ling\u00fcistica, pedagogicas pluralas).<\/p>","protected":false},"excerpt":{"rendered":"<p>L\u2019inscripcion al coll\u00f2qui est obligat\u00f2ria. Obr\u00eds drech a l\u2019ensemble de las activitats scientificas del coll\u00f2qui. fraisses d\u2019inscripcions\u00a0: estudiants IUFM e UT2, estudiants PRES, caumaires\u00a0: 10 \u20ac repais non compr\u00e8s. Mas possibilitat de prene sus pla\u00e7a un repais a la tarifa &hellip; <a href=\"https:\/\/blogs.univ-tlse2.fr\/ronjat2013\/oc\/inscription\/\">Continue reading <span class=\"meta-nav\">&rarr;<\/span><\/a><\/p>\n","protected":false},"author":1,"featured_media":0,"parent":0,"menu_order":0,"comment_status":"closed","ping_status":"open","template":"","meta":{"footnotes":""},"class_list":["post-19","page","type-page","status-publish","hentry"],"_links":{"self":[{"href":"https:\/\/blogs.univ-tlse2.fr\/ronjat2013\/oc\/wp-json\/wp\/v2\/pages\/19","targetHints":{"allow":["GET"]}}],"collection":[{"href":"https:\/\/blogs.univ-tlse2.fr\/ronjat2013\/oc\/wp-json\/wp\/v2\/pages"}],"about":[{"href":"https:\/\/blogs.univ-tlse2.fr\/ronjat2013\/oc\/wp-json\/wp\/v2\/types\/page"}],"author":[{"embeddable":true,"href":"https:\/\/blogs.univ-tlse2.fr\/ronjat2013\/oc\/wp-json\/wp\/v2\/users\/1"}],"replies":[{"embeddable":true,"href":"https:\/\/blogs.univ-tlse2.fr\/ronjat2013\/oc\/wp-json\/wp\/v2\/comments?post=19"}],"version-history":[{"count":17,"href":"https:\/\/blogs.univ-tlse2.fr\/ronjat2013\/oc\/wp-json\/wp\/v2\/pages\/19\/revisions"}],"predecessor-version":[{"id":210,"href":"https:\/\/blogs.univ-tlse2.fr\/ronjat2013\/oc\/wp-json\/wp\/v2\/pages\/19\/revisions\/210"}],"wp:attachment":[{"href":"https:\/\/blogs.univ-tlse2.fr\/ronjat2013\/oc\/wp-json\/wp\/v2\/media?parent=19"}],"curies":[{"name":"wp","href":"https:\/\/api.w.org\/{rel}","templated":true}]}}