 {"id":22,"date":"2013-02-12T14:17:27","date_gmt":"2013-02-12T13:17:27","guid":{"rendered":"https:\/\/blogs.univ-tlse2.fr\/ronjat2013\/?page_id=22"},"modified":"2014-02-06T10:44:23","modified_gmt":"2014-02-06T09:44:23","slug":"communications-comite-de-pilotage","status":"publish","type":"page","link":"https:\/\/blogs.univ-tlse2.fr\/ronjat2013\/oc\/communications-comite-de-pilotage\/","title":{"rendered":"Comunicacions"},"content":{"rendered":"<p>Las comunicacions prepausadas\u00a0al comitat p\u00f2don aver dos formats :<\/p>\n<ul>\n<li>proposicion de comunicacion Pleni\u00e8ra (45mn), dins lo limit de 7 proposicions al maximum.<\/li>\n<li>proposicion de comunicacion dins un dels axes del coll\u00f2qui (30mn), dins lo limit de 16 proposicions al maximum.<\/li>\n<\/ul>\n<ul>\n<li>axe 1 = lo cont\u00e8xt de la ling\u00fcistica, de la socioling\u00fcistica, de las representacions de lengas a l\u2019ep\u00f2ca de Juli Ronjat\u00a0; los rap\u00f2rts entretenguts entre Ronjat e la ling\u00fcistica francesa ou francof\u00f2na\u00a0; la personnalitat de Ronjat e son \u00f2bra\u00a0; los rap\u00f2rts entre Ronjat e le felibritge\u00a0; l\u2019ideologia ling\u00fcistica e los patoeses, lo biling\u00fcisme, la poliglossia, a l\u2019ep\u00f2ca de Ronjat fins a u\u00e8i. (Axe epistemologic e socioling\u00fcistic).<\/li>\n<li>axe 2 = a l&#8217;entorn de l\u2019<i>Ensag de sintaxi dels parlars proven\u00e7alx mod\u00e8rns\u00a0<\/i>: modernitat e especificitat de la presentacion ling\u00fcistica de Ronjat\u00a0; en qu\u00e9 la lenga es d&#8217;en primi\u00e8r sintaxi\u00a0?\u00a0; la pla\u00e7a de la varianta dins la lenga\u00a0; la definicion de dial\u00e8cte e de lenga\u00a0; lo conc\u00e8pte d\u2019intercompreneson\u00a0; la pragmatica de l\u2019intercompreneson, a l\u2019interior d\u2019una lenga\u00a0; a l\u2019interior d\u2019una familha de lengas. (Axe sintaxi, lenga occitana, lenga e varietat, intercompreneson).<\/li>\n<li>axe 3 = a l&#8217;entorn del<i> Desvolopament del lengatge observat en c\u00f2 d&#8217;un enfant biling\u00fce\u00a0<\/i>: los conc\u00e8ptes de paritat e de precocitat\u00a0; biling\u00fcisme, diglossia e interlenga\u00a0; lo conc\u00e8pte d\u2019emmagazinament ling\u00fcistic, las activitats de compreneson e de produccion\u00a0; l\u2019estanque\u00eftat de las lengas e la simetria de lor aprendissatge\u00a0; l\u2019import\u00e0ncia dels factors socials e afectius dins l\u2019aprendissatge de la lenga\u00a0; lo doble rap\u00f2rt significat\/significant en c\u00f2 de l\u2019enfant biling\u00fce\u00a0; los beneficis cognitius, metalangagi\u00e8rs, comportementals dels biling\u00fcisme aboriu. (Axe biling\u00fcisme, precocitat e paritat, mestresa de las lengas, comportament).<\/li>\n<li>axe 4 = lo biling\u00fcisme aboriu franc\u00e9s-lenga regionala dins l\u2019Educacion Nacionala\u00a0; las politicas academicas, inter-regionalas, nacionalas, europencas en favor de l\u2019aprendissatge de las lengas\u00a0; las modalitats pluralas (la variacion dins la lenga, l\u2019iniciacion aboriva a las lengas, l\u2019intercompreneson e las compet\u00e9ncias plurilangagi\u00e8ras\u00a0; los enj\u00f2cs de las politicas ling\u00fcisticas <i>ob\u00e8rtas <\/i>e reguladas. (Axe institucional, politica ling\u00fcistica, pedagogicas pluralas).<\/li>\n<\/ul>\n<p><i>L\u2019ensemble de las comunicacions es destinat a edicion. <\/i><\/p>\n<p>las comunicacions devon \u00e8sser mandadas per via numerica als dos organizators seguents\u00a0:<\/p>\n<ul>\n<li>Pierre ESCUD\u00c9, IUFM-Universitat de Tolosa II -le Mirail (<i>biling\u00fcisme-IC<\/i>) <a href=\"m&#x61;i&#108;&#x74;o&#58;&#x70;i&#101;&#x72;r&#101;&#x2e;e&#x73;&#x63;u&#x64;&#x65;&#64;&#x75;n&#105;&#x76;-&#116;&#x6c;s&#101;&#x32;&#46;&#102;&#x72;\">pi&#101;&#x72;&#x72;&#x65;&#46;e&#115;&#x63;&#x75;&#x64;e&#64;&#117;&#x6e;&#x69;&#x76;-tl&#115;&#x65;&#x32;&#x2e;fr<\/a><\/li>\n<li>Patrick SAUZET, Universitat de Tolosa\u00a0II -le Mirail (<i>sintaxi<\/i>) <a href=\"&#x6d;&#x61;&#x69;&#x6c;&#x74;&#x6f;&#x3a;&#x70;&#x61;&#x74;&#x72;&#x69;&#x63;&#x6b;&#x2e;&#x73;&#x61;&#x75;&#x7a;&#x65;&#x74;&#x40;&#117;&#110;&#105;&#118;&#45;&#116;&#108;&#115;e2&#46;fr\">&#x70;a&#x74;&#114;i&#x63;k&#x2e;&#115;a&#x75;z&#x65;&#116;&#64;&#x75;n&#x69;&#x76;-&#x74;&#108;s&#x65;2&#x2e;&#102;r<\/a><\/li>\n<\/ul>\n<p>que las fisar\u00e0n al comitat de pilotatge per av\u00eds e seleccion. Las proposicions de comunicacions ser\u00e0n evaluadas jos cob\u00e8rt d\u2019anonimat pel comitat.<\/p>","protected":false},"excerpt":{"rendered":"<p>Las comunicacions prepausadas\u00a0al comitat p\u00f2don aver dos formats : proposicion de comunicacion Pleni\u00e8ra (45mn), dins lo limit de 7 proposicions al maximum. proposicion de comunicacion dins un dels axes del coll\u00f2qui (30mn), dins lo limit de 16 proposicions al maximum. &hellip; <a href=\"https:\/\/blogs.univ-tlse2.fr\/ronjat2013\/oc\/communications-comite-de-pilotage\/\">Continue reading <span class=\"meta-nav\">&rarr;<\/span><\/a><\/p>\n","protected":false},"author":1,"featured_media":0,"parent":0,"menu_order":0,"comment_status":"closed","ping_status":"open","template":"","meta":{"footnotes":""},"class_list":["post-22","page","type-page","status-publish","hentry"],"_links":{"self":[{"href":"https:\/\/blogs.univ-tlse2.fr\/ronjat2013\/oc\/wp-json\/wp\/v2\/pages\/22","targetHints":{"allow":["GET"]}}],"collection":[{"href":"https:\/\/blogs.univ-tlse2.fr\/ronjat2013\/oc\/wp-json\/wp\/v2\/pages"}],"about":[{"href":"https:\/\/blogs.univ-tlse2.fr\/ronjat2013\/oc\/wp-json\/wp\/v2\/types\/page"}],"author":[{"embeddable":true,"href":"https:\/\/blogs.univ-tlse2.fr\/ronjat2013\/oc\/wp-json\/wp\/v2\/users\/1"}],"replies":[{"embeddable":true,"href":"https:\/\/blogs.univ-tlse2.fr\/ronjat2013\/oc\/wp-json\/wp\/v2\/comments?post=22"}],"version-history":[{"count":18,"href":"https:\/\/blogs.univ-tlse2.fr\/ronjat2013\/oc\/wp-json\/wp\/v2\/pages\/22\/revisions"}],"predecessor-version":[{"id":208,"href":"https:\/\/blogs.univ-tlse2.fr\/ronjat2013\/oc\/wp-json\/wp\/v2\/pages\/22\/revisions\/208"}],"wp:attachment":[{"href":"https:\/\/blogs.univ-tlse2.fr\/ronjat2013\/oc\/wp-json\/wp\/v2\/media?parent=22"}],"curies":[{"name":"wp","href":"https:\/\/api.w.org\/{rel}","templated":true}]}}