 {"id":24,"date":"2013-02-12T14:18:30","date_gmt":"2013-02-12T13:18:30","guid":{"rendered":"https:\/\/blogs.univ-tlse2.fr\/ronjat2013\/?page_id=24"},"modified":"2014-02-06T10:44:23","modified_gmt":"2014-02-06T09:44:23","slug":"acces","status":"publish","type":"page","link":"https:\/\/blogs.univ-tlse2.fr\/ronjat2013\/acces\/","title":{"rendered":"Acc\u00e8s"},"content":{"rendered":"<p><a href=\"https:\/\/blogs.univ-tlse2.fr\/ronjat2013\/files\/2013\/02\/Acc\u00e8sESPE.jpg\"><img loading=\"lazy\" decoding=\"async\" class=\"alignnone size-medium wp-image-167\" alt=\"Acc\u00e8sESPE\" src=\"https:\/\/blogs.univ-tlse2.fr\/ronjat2013\/files\/2013\/02\/Acc\u00e8sESPE-300x140.jpg\" width=\"461\" height=\"226\" \/><\/a><\/p>\n<p>ESPE &#8211; Site Saint Agne, 56 avenue de l&rsquo;URSS &#8211; 31400 Toulouse<\/p>\n<p>M\u00e9tro ligne B &#8211; Station Saint Agne SNCF<\/p>\n<p>Pour arriver \u00e0 l&rsquo;ESPE Saint Agne<\/p>\n<ul>\n<li>\u00a0Si vous venez en avion : L&rsquo;a\u00e9roport de Toulouse-Blagnac est desservi par plusieurs compagnies a\u00e9riennes ; les liaisons avec Paris sont fr\u00e9quentes. Une navette permet d&rsquo;acc\u00e9der au centre-ville. Pour rejoindre l\u2019ESPE descendre \u00e0 l\u2019arr\u00eat Compans-Caffarelli et prendre le M\u00e9tro ligne B direction Ramonville St-Agne et descendre \u00e0 l\u2019arr\u00eat Saint-Agne SNCF (ESPE \u00e0 25 m)<\/li>\n<\/ul>\n<ul>\n<li>Si vous venez en train : A la gare de Toulouse Matabiau vous pouvez : &#8211; Soit prendre un des TER proposant l&rsquo;arr\u00eat \u00ab\u00a0Gare St-Agne\u00a0\u00bb (liaisons r\u00e9guli\u00e8res aux heures d&rsquo;entr\u00e9e\/sortie des bureaux), &#8211; Soit prendre le M\u00e9tro : ligne A direction Basso-Cambo, descendre \u00e0 la station Jean-Jaur\u00e8s puis ligne B direction Ramonville St-Agne, descendre \u00e0 la station St-Agne SNCF (ESPE \u00e0 25m).<\/li>\n<\/ul>\n<ul>\n<li>Si vous venez en voiture : Empruntez le p\u00e9riph\u00e9rique et prenez la sortie N\u00b0 23 ou 23b direction Le BUSCA. L&rsquo;ESPE est \u00e0 600m, juste apr\u00e8s le pont de la gare St-Agne. Pour rechercher votre itin\u00e9raire, utiliser des sites tels que ViaMichelin, Mappy, etc.<\/li>\n<\/ul>\n<p><\/p>","protected":false},"excerpt":{"rendered":"<p>ESPE &#8211; Site Saint Agne, 56 avenue de l&rsquo;URSS &#8211; 31400 Toulouse M\u00e9tro ligne B &#8211; Station Saint Agne SNCF Pour arriver \u00e0 l&rsquo;ESPE Saint Agne \u00a0Si vous venez en avion : L&rsquo;a\u00e9roport de Toulouse-Blagnac est desservi par plusieurs compagnies &hellip; <a href=\"https:\/\/blogs.univ-tlse2.fr\/ronjat2013\/acces\/\">Continuer la lecture <span class=\"meta-nav\">&rarr;<\/span><\/a><\/p>\n","protected":false},"author":1,"featured_media":0,"parent":0,"menu_order":0,"comment_status":"closed","ping_status":"open","template":"","meta":{"footnotes":""},"class_list":["post-24","page","type-page","status-publish","hentry"],"_links":{"self":[{"href":"https:\/\/blogs.univ-tlse2.fr\/ronjat2013\/wp-json\/wp\/v2\/pages\/24","targetHints":{"allow":["GET"]}}],"collection":[{"href":"https:\/\/blogs.univ-tlse2.fr\/ronjat2013\/wp-json\/wp\/v2\/pages"}],"about":[{"href":"https:\/\/blogs.univ-tlse2.fr\/ronjat2013\/wp-json\/wp\/v2\/types\/page"}],"author":[{"embeddable":true,"href":"https:\/\/blogs.univ-tlse2.fr\/ronjat2013\/wp-json\/wp\/v2\/users\/1"}],"replies":[{"embeddable":true,"href":"https:\/\/blogs.univ-tlse2.fr\/ronjat2013\/wp-json\/wp\/v2\/comments?post=24"}],"version-history":[{"count":13,"href":"https:\/\/blogs.univ-tlse2.fr\/ronjat2013\/wp-json\/wp\/v2\/pages\/24\/revisions"}],"predecessor-version":[{"id":206,"href":"https:\/\/blogs.univ-tlse2.fr\/ronjat2013\/wp-json\/wp\/v2\/pages\/24\/revisions\/206"}],"wp:attachment":[{"href":"https:\/\/blogs.univ-tlse2.fr\/ronjat2013\/wp-json\/wp\/v2\/media?parent=24"}],"curies":[{"name":"wp","href":"https:\/\/api.w.org\/{rel}","templated":true}]}}