 {"id":53,"date":"2013-02-12T15:12:04","date_gmt":"2013-02-12T14:12:04","guid":{"rendered":"https:\/\/blogs.univ-tlse2.fr\/ronjat2013\/?page_id=53"},"modified":"2014-02-06T10:44:23","modified_gmt":"2014-02-06T09:44:23","slug":"comite-de-pilotage","status":"publish","type":"page","link":"https:\/\/blogs.univ-tlse2.fr\/ronjat2013\/comite-de-pilotage\/","title":{"rendered":"Comit\u00e9 de pilotage"},"content":{"rendered":"<p><\/p>\n<p style=\"text-align: left\" align=\"center\">Jean-Claude BEACCO, Paris-III (<i>bilinguisme-IC<\/i>)<\/p>\n<p style=\"text-align: left\" align=\"center\">Elisabetta BONVINO, Universit\u00e9 de Roma III (<i>bilinguisme-IC<\/i>)<\/p>\n<p style=\"text-align: left\" align=\"center\">Sandrine CADD\u00c9O, Universit\u00e9 d\u2019Aix-en-Provence (<i>bilinguisme-IC<\/i>)<\/p>\n<p style=\"text-align: left\" align=\"center\">Caterina CALAFAT, Universit\u00e9 des Iles Bal\u00e9ares (<i>bilinguisme-IC)<\/i><\/p>\n<p style=\"text-align: left\" align=\"center\">Clorinda DONATO, Universit\u00e9 de Long Beach, Etats-Unis (<i>bilinguisme-IC<\/i>)<\/p>\n<p style=\"text-align: left\" align=\"center\">Pierre ESCUD\u00c9, IUFM-Universit\u00e9 de Toulouse (<i>bilinguisme-IC<\/i>)<\/p>\n<p style=\"text-align: left\" align=\"center\">Thomas FIELD, Universit\u00e9 de Baltimore (<i>syntaxe<\/i>)<\/p>\n<p style=\"text-align: left\" align=\"center\">Mariana FONSECA-FAVRE, Universit\u00e9 de Gen\u00e8ve, Suisse (<i>bilinguisme-IC)<\/i><\/p>\n<p style=\"text-align: left\" align=\"center\">Laurent GAJO, Universit\u00e9 de Gen\u00e8ve, Suisse (<i>bilinguisme-IC<\/i>)<\/p>\n<p style=\"text-align: left\" align=\"center\">Georg KREMNITZ, Universit\u00e9 de Vienne, Autriche (<i>syntaxe<\/i>)<\/p>\n<p style=\"text-align: left\" align=\"center\">Christian LAGARDE, Universit\u00e9 de Perpignan <i>(bilinguisme-IC)<\/i><\/p>\n<p style=\"text-align: left\" align=\"center\">Xavier LAMUELA, Universit\u00e9 de Girona (<i>syntaxe<\/i>)<\/p>\n<p style=\"text-align: left\" align=\"center\">Jean L\u00e9o LEONARD, Universit\u00e9 de Paris VIII (<i>syntaxe<\/i>)<\/p>\n<p style=\"text-align: left\" align=\"center\">Herv\u00e9 LIEUTARD, Universit\u00e9 de Montpellier (<i>syntaxe<\/i>)<\/p>\n<p style=\"text-align: left\" align=\"center\">\u00c0ngels MASSIP, Universit\u00e9 Central, Barcelone (<i>syntaxe<\/i>)<\/p>\n<p style=\"text-align: left\" align=\"center\">Patrick SAUZET, Universit\u00e9 de Toulouse (<i>syntaxe<\/i>)<\/p>\n<p><\/p>","protected":false},"excerpt":{"rendered":"<p>Jean-Claude BEACCO, Paris-III (bilinguisme-IC) Elisabetta BONVINO, Universit\u00e9 de Roma III (bilinguisme-IC) Sandrine CADD\u00c9O, Universit\u00e9 d\u2019Aix-en-Provence (bilinguisme-IC) Caterina CALAFAT, Universit\u00e9 des Iles Bal\u00e9ares (bilinguisme-IC) Clorinda DONATO, Universit\u00e9 de Long Beach, Etats-Unis (bilinguisme-IC) Pierre ESCUD\u00c9, IUFM-Universit\u00e9 de Toulouse (bilinguisme-IC) Thomas FIELD, Universit\u00e9 &hellip; <a href=\"https:\/\/blogs.univ-tlse2.fr\/ronjat2013\/comite-de-pilotage\/\">Continuer la lecture <span class=\"meta-nav\">&rarr;<\/span><\/a><\/p>\n","protected":false},"author":1,"featured_media":0,"parent":0,"menu_order":0,"comment_status":"closed","ping_status":"open","template":"","meta":{"footnotes":""},"class_list":["post-53","page","type-page","status-publish","hentry"],"_links":{"self":[{"href":"https:\/\/blogs.univ-tlse2.fr\/ronjat2013\/wp-json\/wp\/v2\/pages\/53","targetHints":{"allow":["GET"]}}],"collection":[{"href":"https:\/\/blogs.univ-tlse2.fr\/ronjat2013\/wp-json\/wp\/v2\/pages"}],"about":[{"href":"https:\/\/blogs.univ-tlse2.fr\/ronjat2013\/wp-json\/wp\/v2\/types\/page"}],"author":[{"embeddable":true,"href":"https:\/\/blogs.univ-tlse2.fr\/ronjat2013\/wp-json\/wp\/v2\/users\/1"}],"replies":[{"embeddable":true,"href":"https:\/\/blogs.univ-tlse2.fr\/ronjat2013\/wp-json\/wp\/v2\/comments?post=53"}],"version-history":[{"count":10,"href":"https:\/\/blogs.univ-tlse2.fr\/ronjat2013\/wp-json\/wp\/v2\/pages\/53\/revisions"}],"predecessor-version":[{"id":207,"href":"https:\/\/blogs.univ-tlse2.fr\/ronjat2013\/wp-json\/wp\/v2\/pages\/53\/revisions\/207"}],"wp:attachment":[{"href":"https:\/\/blogs.univ-tlse2.fr\/ronjat2013\/wp-json\/wp\/v2\/media?parent=53"}],"curies":[{"name":"wp","href":"https:\/\/api.w.org\/{rel}","templated":true}]}}