 {"id":1282,"date":"2024-06-05T21:57:49","date_gmt":"2024-06-05T19:57:49","guid":{"rendered":"https:\/\/blogs.univ-tlse2.fr\/saes\/?page_id=1282"},"modified":"2024-06-10T13:40:36","modified_gmt":"2024-06-10T11:40:36","slug":"soumettre-une-nouvelle-intervention","status":"publish","type":"page","link":"https:\/\/blogs.univ-tlse2.fr\/saes\/soumettre-une-nouvelle-intervention\/","title":{"rendered":"Soumettre une nouvelle intervention"},"content":{"rendered":"<div id=\"wrapper\" class=\"form-ui\">\r\n\t<div id=\"instructions\">\r\n            <h2>D\u00e9tails de l\u2019intervention :<\/h2>\r\n        <\/div>\r\n        <div id=\"form-wrapper\">\r\n            <div class=\"form-ui\">\r\n                <label for=\"Titre\" class=\"form-ui\">Titre : <\/label\r\n                ><input\r\n                    id=\"title\"\r\n                    class=\"form-ui required-input\"\r\n                    name=\"Titre\"\r\n                    type=\"text\"\r\n                \/>\r\n            <\/div>\r\n            <div class=\"form-ui\">\r\n                <label for=\"M\u00e9dia\" class=\"form-ui\">M\u00e9dia : <\/label\r\n                ><select id=\"media\" class=\"form-ui required-input\" name=\"M\u00e9dia\">\r\n                    <option value=\"\" selected disabled>\u2014<\/option>\r\n                    <optgroup label=\"Radio\" \/>\r\n                    <option value=\"BBC\">BBC<\/option>\r\n                    <option value=\"Europe 1\">Europe 1<\/option>\r\n                    <option value=\"France Culture\">France Culture<\/option>\r\n                    <option value=\"France Inter\">France Inter<\/option>\r\n                    <option value=\"Radio Classique\">Radio Classique<\/option>\r\n                    <option value=\"Autre - radio\">Autre - radio<\/option>\r\n                    <optgroup label=\"T\u00e9l\u00e9vision\" \/>\r\n                    <option value=\"Arte\">Arte<\/option>\r\n                    <option value=\"France 2\">France 2<\/option>\r\n                    <option value=\"France 3\">France 3<\/option>\r\n                    <option value=\"France 5\">France 5<\/option>\r\n                    <option value=\"France 24\">France 24<\/option>\r\n                    <option value=\"Autre - TV\">Autre - TV<\/option>\r\n                    <optgroup label=\"Presse\" \/>\r\n                    <option value=\"AOC\">AOC<\/option>\r\n                    <option value=\"Le Figaro\">Le Figaro<\/option>\r\n                    <option value=\"Le Monde\">Le Monde<\/option>\r\n                    <option value=\"Lib\u00e9ration\">Lib\u00e9ration<\/option>\r\n                    <option value=\"M\u00e9diapart\">M\u00e9diapart<\/option>\r\n                    <option value=\"The Conversation\">The Conversation<\/option>\r\n                    <option value=\"Autre - presse\">Autre - presse<\/option>\r\n                    <optgroup label=\"Internet hors TV\/radio\/presse\" \/>\r\n                    <option value=\"Conf\u00e9rence TED\">Conf\u00e9rence TED<\/option>\r\n                    <option value=\"YouTube\">YouTube<\/option>\r\n                    <option value=\"Autre - internet\">Autre - internet<\/option>\r\n                <\/select>\r\n            <\/div>\r\n            <div class=\"form-ui\">\r\n                <label for=\"\u00c9mission\/journal\" class=\"form-ui\"\r\n                    >\u00c9mission ou journal : <\/label\r\n                ><input\r\n                    id=\"paper\"\r\n                    class=\"form-ui required-input\"\r\n                    name=\"\u00c9mission\/journal\"\r\n                    type=\"text\"\r\n                \/>\r\n            <\/div>\r\n            <div class=\"form-ui\">\r\n                <label for=\"Date\" class=\"form-ui\">Date : <\/label>\r\n                <input\r\n                    id=\"date\"\r\n                    class=\"form-ui required-input\"\r\n                    name=\"Date\"\r\n                    type=\"date\"\r\n                \/>\r\n            <\/div>\r\n            <div class=\"form-ui\">\r\n                <label for=\"URL\" class=\"form-ui\">URL : <\/label>\r\n                <input\r\n                    id=\"url\"\r\n                    class=\"form-ui\"\r\n                    name=\"URL\"\r\n                    type=\"url\"\r\n                    placeholder=\"https:\/\/www.exemple.fr\"\r\n                \/>\r\n            <\/div>\r\n            <div class=\"form-ui\">\r\n                <label for=\"Champ(s) disciplinaire(s)\" class=\"form-ui\"\r\n                    >Champ(s) disciplinaire(s)<br \/><span\r\n                        style=\"font-size: smaller; font-weight: normal\"\r\n                        >S\u00e9lection multiple possible : maintenez la touche Ctrl\r\n                        (Windows) ou Command (Mac OS) appuy\u00e9e<\/span\r\n                    ><br \/>\r\n                    <select\r\n                        id=\"discipline\"\r\n                        class=\"form-ui required-input\"\r\n                        name=\"Champ(s) disciplinaire(s)\"\r\n                        multiple\r\n                    >\r\n                        <option value=\"litt\u00e9rature\">Litt\u00e9rature<\/option>\r\n                        <option value=\"civilisation\">Civilisation<\/option>\r\n                        <option value=\"arts (hors cin\u00e9ma)\">\r\n                            Arts (hors cin\u00e9ma)\r\n                        <\/option>\r\n                        <option value=\"cin\u00e9ma\">Cin\u00e9ma<\/option>\r\n                        <option value=\"linguistique\">Linguistique<\/option>\r\n                        <option value=\"phon\u00e9tique & phonologie\">\r\n                            Phon\u00e9tique & Phonologie\r\n                        <\/option>\r\n                        <option value=\"stylistique\">Stylistique<\/option>\r\n                        <option value=\"traductologie\">Traductologie<\/option>\r\n                        <option value=\"anglais de sp\u00e9cialit\u00e9\">\r\n                            Anglais de sp\u00e9cialit\u00e9\r\n                        <\/option>\r\n                        <option value=\"didactique et acquisistion des langues\">\r\n                            Didactique et acquisition des langues\r\n                        <\/option>\r\n                        <option value=\"profession: angliciste\">\r\n                            Profession : angliciste\r\n                        <\/option>\r\n                        <option value=\"th\u00e9\u00e2tre\">Th\u00e9\u00e2tre<\/option>\r\n                        <option value=\"s\u00e9ries t\u00e9l\u00e9vis\u00e9es\">\r\n                            S\u00e9ries t\u00e9l\u00e9vis\u00e9es\r\n                        <\/option>\r\n                    <\/select><\/label\r\n                >\r\n            <\/div>\r\n            <div class=\"form-ui\">\r\n                <label for=\"Aire(s) g\u00e9ographique(s)\" class=\"form-ui\"\r\n                    >Aire(s) g\u00e9ographique(s)<br \/><span\r\n                        style=\"font-size: smaller; font-weight: normal\"\r\n                        >S\u00e9lection multiple possible : maintenez la touche Ctrl\r\n                        (Windows) ou Command (Mac OS) appuy\u00e9e<\/span\r\n                    ><br \/>\r\n                    <select id=\"area\" class=\"form-ui required-input\" name=\"Aire(s) g\u00e9ographique(s)\" multiple>\r\n                        <option value=\"Etats-Unis\">\u00c9tats-Unis<\/option>\r\n                        <option value=\"Canada\">Canada<\/option>\r\n                        <option value=\"Royaume-Uni\">Royaume-Uni<\/option>\r\n                        <option value=\"Irlande\">Irlande<\/option>\r\n                        <option value=\"Australie \/ Nouvelle Z\u00e9lande\">\r\n                            Australie \/ Nouvelle-Z\u00e9lande\r\n                        <\/option>\r\n                        <option value=\"Afrique du Sud \/ Sud de l'Afrique\">\r\n                            Afrique du Sud \/ Sud de l'Afrique\r\n                        <\/option>\r\n                        <option\r\n                            value=\"Afrique du Nord \/ Afrique de l'Est \/ Moyen-Orient\"\r\n                        >\r\n                            Afrique du Nord \/ Afrique de l\u2019Est \/ Moyen-Orient\r\n                        <\/option>\r\n                        <option value=\"Afrique de l'Ouest\">\r\n                            Afrique de l\u2019Ouest\r\n                        <\/option>\r\n                        <option\r\n                            value=\"Inde \/ Sri Lanka \/ Pakistan \/ Bangladesh\"\r\n                        >\r\n                            Inde \/ Sri Lanka \/ Pakistan \/ Bangladesh\r\n                        <\/option>\r\n                        <option value=\"Cara\u00efbes\">Cara\u00efbes<\/option>\r\n                        <option\r\n                            value=\"Commonwealth \/ Monde postcolonial anglophone\"\r\n                        >\r\n                            Commonwealth \/ Monde postcolonial anglophone\r\n                        <\/option>\r\n                        <option value=\"monde anglophone en g\u00e9n\u00e9ral\">\r\n                            Monde anglophone en g\u00e9n\u00e9ral\r\n                        <\/option>\r\n                        <option value=\"monde francophone\">\r\n                            Monde francophone\r\n                        <\/option>\r\n                        <option value=\"Europe\">Europe<\/option>\r\n                        <option value=\"autre\">Autre \/ peu pertinent<\/option>\r\n                    <\/select><\/label\r\n                >\r\n            <\/div>\r\n            <div class=\"form-ui\">\r\n                <label for=\"tags\" class=\"form-ui\"\r\n                    >Mots-clefs (un \u00e0 la fois ; touche Entr\u00e9e pour valider)<br \/><span\r\n                        style=\"font-size: smaller; font-weight: normal\"\r\n                        >Privil\u00e9giez les mots-clefs sugg\u00e9r\u00e9s pour optimiser le\r\n                        r\u00e9f\u00e9rencement<\/span\r\n                    ><\/label\r\n                >\r\n                <input name=\"tags\" class=\"form-ui\" id=\"tags\" type=\"text\" \/>\r\n                <datalist id=\"taglist\"><\/datalist>\r\n                <div id=\"tag-div\">\r\n                    <span id=\"tag-span\"><\/span>\r\n                <\/div>\r\n            <\/div>\r\n            <div class=\"form-ui\">\r\n                <h2>D\u00e9tails de l\u2019intervenant\u00b7e :<\/h2>\r\n            <\/div>\r\n            <div class=\"form-ui\">\r\n                <label for=\"Nom de l'intervenant\u00b7e\" class=\"form-ui\"\r\n                    >Pr\u00e9nom et nom :\r\n                <\/label>\r\n                <input\r\n                    id=\"name\"\r\n                    class=\"form-ui required-input\"\r\n                    name=\"Nom de l'intervenant\u00b7e\"\r\n                    type=\"text\"\r\n                \/>\r\n            <\/div>\r\n            <div class=\"form-ui\">\r\n                <label for=\"Statut de l'intervenant\u00b7e\" class=\"form-ui\"\r\n                    >Statut :\r\n                <\/label>\r\n                <select\r\n                    id=\"status\"\r\n                    class=\"form-ui required-input\"\r\n                    name=\"Statut de l'intervenant\u00b7e\"\r\n                >\r\n                    <option value=\"\" selected disabled>\u2014<\/option>\r\n                    <option value=\"Doctorant\u00b7e\">Doctorant\u00b7e<\/option>\r\n                    <option value=\"PRAG\/PRCE\">PRAG\/PRCE<\/option>\r\n                    <option value=\"Maitre\u00b7sse de conf\u00e9rences\">\r\n                        Maitre\u00b7sse de conf\u00e9rences\r\n                    <\/option>\r\n                    <option value=\"Maitre\u00b7sse de conf\u00e9rences HDR\">\r\n                        Maitre\u00b7sse de conf\u00e9rences HDR\r\n                    <\/option>\r\n\t\t\t\t\t\t\t\t\t<option value=\"Maitre\u00b7sse de conf\u00e9rences \u00e9m\u00e9rite\">\r\n\t\t\t\t\t\t\t\t\t\tMaitre\u00b7sse de conf\u00e9rences \u00e9m\u00e9rite\r\n\t\t\t\t\t\t\t\t\t<\/option>\r\n                    <option value=\"Professeur\u00b7e des universit\u00e9s\">\r\n                        Professeur\u00b7e des universit\u00e9s\r\n                    <\/option>\r\n                    <option value=\"Professeur\u00b7e \u00e9m\u00e9rite\">\r\n                        Professeur\u00b7e \u00e9m\u00e9rite\r\n                    <\/option>\r\n                    <option value=\"Retrait\u00e9\u00b7e\">Retrait\u00e9\u00b7e<\/option>\r\n                    <option value=\"Autre\">Autre<\/option>\r\n                <\/select>\r\n            <\/div>\r\n            <div class=\"form-ui\">\r\n                <label for=\"Affiliation\" class=\"form-ui\">Affiliation : <\/label>\r\n                <input\r\n                    id=\"institution\"\r\n                    name=\"Affiliation\"\r\n                    class=\"form-ui required-input\"\r\n                    type=\"text\"\r\n                \/>\r\n            <\/div>\r\n            <div class=\"form-ui\">\r\n                <label for=\"Laboratoire\" class=\"form-ui\">Laboratoire : <\/label>\r\n                <input\r\n                    id=\"lab\"\r\n                    name=\"Laboratoire\"\r\n                    class=\"form-ui\"\r\n                    type=\"text\"\r\n                \/>\r\n            <\/div>\r\n            <div class=\"form-ui\">\r\n                <label for=\"Courriel\" class=\"form-ui\">Courriel : <\/label>\r\n                <input\r\n                    id=\"email\"\r\n                    class=\"form-ui required-input\"\r\n                    name=\"Courriel\"\r\n                    type=\"email\"\r\n                    placeholder=\"&#x70;re&#x6e;&#111;m&#x2e;&#110;o&#x6d;&#x40;u&#x6e;&#x69;v&#46;&#x66;&#114;\"\r\n                \/>\r\n            <\/div>\r\n            <div id=\"consent-wrapper\" class=\"form-ui\">\r\n                <br \/>\r\n                <i\r\n                    >Les informations recueillies vous concernant font l\u2019objet\r\n                    d\u2019une d\u00e9claration aupr\u00e8s du service de Protection des\r\n                    donn\u00e9es de l'Universit\u00e9 Toulouse-Jean Jaur\u00e8s, 5 all\u00e9es\r\n                    Antonio Machado, 31 058 Toulouse Cedex 9,\r\n                    <a href=\"&#x6d;&#x61;&#x69;&#x6c;&#x74;&#x6f;&#58;&#100;po&#64;uni&#x76;&#x2d;&#x74;&#x6c;&#x73;&#x65;&#50;&#46;fr\">&#x64;&#x70;&#x6f;&#x40;&#x75;&#x6e;&#x69;&#x76;&#x2d;&#x74;&#x6c;&#x73;&#x65;&#x32;&#x2e;&#x66;&#x72;<\/a\r\n                    >.<br \/>La base l\u00e9gale de cette d\u00e9claration s\u2019appuie sur\r\n                    votre consentement.<br \/>Vous pouvez t\u00e9l\u00e9charger la notice\r\n                    d'information et consentement \u00e9clair\u00e9\r\n                    <a\r\n                        href=\"https:\/\/enquetes.univ-tlse2.fr\/upload\/surveys\/416182\/files\/Formulaire_consentement.pdf\"\r\n                        target=\"_blank\"\r\n                        >en cliquant ici<\/a\r\n                    >.<\/i\r\n                >\r\n                <div id=\"consent-box\">\r\n                    <label for=\"consent\" class=\"form-ui\">\r\n                        <input\r\n                            name=\"consent\"\r\n                            class=\"form-ui\"\r\n                            type=\"checkbox\"\r\n                            id=\"consent-check\"\r\n                        \/>\r\n                        Je consens \u00e0 la transmission des r\u00e9ponses \u00e0 ce\r\n                        questionnaire.\r\n                    <\/label>\r\n                <\/div>\r\n            <\/div>\r\n            <div class=\"form-ui\">\r\n                <span id=\"captcha-qtn\"><\/span>\r\n                <input id=\"captcha\" class=\"form-ui\" type=\"number\" \/>\r\n            <\/div>\r\n            <div>\r\n                <br \/>\r\n                N.B. Une fois le formulaire envoy\u00e9, vous serez automatiquement\r\n                invit\u00e9\u00b7e \u00e0 envoyer un courriel de notification aux admins :\r\n                merci de le faire pour faciliter leur travail !<br \/><br \/>\r\n                <button class=\"form-ui\" id=\"submit-btn\" disabled=\"true\">\r\n                    Envoyer\r\n                <\/button>\r\n            <\/div>\r\n        <\/div>\r\n        <dialog id=\"confirm-dialog\">\r\n            <div id=\"confirm-message\" class=\"confirm-dialog\">\r\n                <div>\r\n                    <b\r\n                        >Veuillez v\u00e9rifier votre contribution avant de l'envoyer\r\n                        :<\/b\r\n                    >\r\n                <\/div>\r\n                <br \/>\r\n                <div id=\"submission-content\" class=\"confirm-dialog\"><\/div>\r\n                <div id=\"submission-cats\" class=\"confirm-dialog\"><\/div>\r\n                <div id=\"submission-tags\" class=\"confirm-dialog\"><\/div>\r\n            <\/div>\r\n            <br \/>\r\n            <div id=\"dialog-btns\">\r\n                <button id=\"confirm-btn\" class=\"confirm-dialog form-ui\">\r\n                    Confirmer\r\n                <\/button>\r\n                <button id=\"cancel-btn\" class=\"confirm-dialog form-ui\">\r\n                    Annuler\r\n                <\/button>\r\n            <\/div>\r\n            <div id=\"spinner-div\" style=\"display: none\">\r\n                <span id=\"spinner\" class=\"form-ui\" style=\"display: none\"><\/span>\r\n                <img decoding=\"async\"\r\n                    src=\"https:\/\/blogs.univ-tlse2.fr\/saes\/files\/2024\/06\/icons8-checkmark.gif\"\r\n                    id=\"checkmark\"\r\n                    style=\"display: none\"\r\n                \/>\r\n            <\/div>\r\n        <\/dialog>\r\n<\/div>\n","protected":false},"excerpt":{"rendered":"","protected":false},"author":1253,"featured_media":0,"parent":0,"menu_order":0,"comment_status":"closed","ping_status":"closed","template":"","meta":{"footnotes":""},"class_list":["post-1282","page","type-page","status-publish","hentry","post-preview"],"_links":{"self":[{"href":"https:\/\/blogs.univ-tlse2.fr\/saes\/wp-json\/wp\/v2\/pages\/1282","targetHints":{"allow":["GET"]}}],"collection":[{"href":"https:\/\/blogs.univ-tlse2.fr\/saes\/wp-json\/wp\/v2\/pages"}],"about":[{"href":"https:\/\/blogs.univ-tlse2.fr\/saes\/wp-json\/wp\/v2\/types\/page"}],"author":[{"embeddable":true,"href":"https:\/\/blogs.univ-tlse2.fr\/saes\/wp-json\/wp\/v2\/users\/1253"}],"replies":[{"embeddable":true,"href":"https:\/\/blogs.univ-tlse2.fr\/saes\/wp-json\/wp\/v2\/comments?post=1282"}],"version-history":[{"count":32,"href":"https:\/\/blogs.univ-tlse2.fr\/saes\/wp-json\/wp\/v2\/pages\/1282\/revisions"}],"predecessor-version":[{"id":1783,"href":"https:\/\/blogs.univ-tlse2.fr\/saes\/wp-json\/wp\/v2\/pages\/1282\/revisions\/1783"}],"wp:attachment":[{"href":"https:\/\/blogs.univ-tlse2.fr\/saes\/wp-json\/wp\/v2\/media?parent=1282"}],"curies":[{"name":"wp","href":"https:\/\/api.w.org\/{rel}","templated":true}]}}