 {"id":213,"date":"2021-11-12T12:19:49","date_gmt":"2021-11-12T11:19:49","guid":{"rendered":"https:\/\/blogs.univ-tlse2.fr\/saes\/?page_id=213"},"modified":"2024-06-07T14:16:40","modified_gmt":"2024-06-07T12:16:40","slug":"a-propos","status":"publish","type":"page","link":"https:\/\/blogs.univ-tlse2.fr\/saes\/a-propos\/","title":{"rendered":"A propos"},"content":{"rendered":"\n<p><\/p>\n\n\n\n<p class=\"has-background\" style=\"background-color:#f0f2f3\">Ce site \u00e9mane de la Commission Recherche de la SAES, <a href=\"https:\/\/saesfrance.org\/\">Soci\u00e9t\u00e9 des Anglicistes de l&rsquo;Enseignement Sup\u00e9rieur<\/a>, soci\u00e9t\u00e9 savante qui regroupe plus de 2000 membres, enseignants et enseignants chercheurs de l&rsquo;enseignement sup\u00e9rieur, sp\u00e9cialistes du monde anglophone et de la langue anglaise. Il b\u00e9n\u00e9ficie \u00e9galement du soutien de l&rsquo;AFEA, <a href=\"https:\/\/afea.fr\/\">Association fran\u00e7aise d&rsquo;\u00e9tudes am\u00e9ricaines<\/a>. Le site vise \u00e0 recenser les interventions des anglicistes de l\u2019enseignement sup\u00e9rieur dans les m\u00e9dias.<br><br><strong>Si vous \u00eates angliciste de l\u2019enseignement sup\u00e9rieur <\/strong>&#8212; que vous soyez membre ou non de la SAES &#8211;, n&rsquo;h\u00e9sitez pas \u00e0 remplir le <a href=\"https:\/\/blogs.univ-tlse2.fr\/saes\/soumettre-une-nouvelle-intervention\/\" data-type=\"URL\" data-id=\"https:\/\/enquetes.univ-tlse2.fr\/index.php\/416182?lang=fr\">sondage adhoc<\/a> si vous souhaitez b\u00e9n\u00e9ficier de cet appui de la commission.<\/p>\n\n\n\n<p><\/p>\n\n\n\n<p class=\"has-background\" style=\"background-color:#f0f2f3\"><mark style=\"color:#0c46ab\" class=\"has-inline-color\"><strong>Trouver des sp\u00e9cialistes du monde anglophone pour une interview, un article, un projet<\/strong> ?<\/mark><br><br><strong><mark class=\"has-inline-color has-dark-gray-color\">Si vous \u00eates journaliste, partenaire institutionnel, ou autre membre de la soci\u00e9t\u00e9 civile<\/mark><\/strong>, vous pourrez facilement trouver sur ce site des sp\u00e9cialistes des questions qui vous animent.<br><\/p>\n\n\n\n<p class=\"has-background\" style=\"background-color:#e4e7e8\"><strong>Contact<\/strong>: <a href=\"m&#97;&#x69;&#x6c;to&#58;&#x6d;&#x65;d&#105;&#x61;&#x73;&#64;s&#97;&#x65;&#x73;f&#114;&#x61;&#x6e;ce&#46;&#x6f;&#x72;g\">&#x6d;e&#x64;&#x69;a&#x73;&#x40;s&#x61;&#x65;s&#x66;&#x72;a&#x6e;&#x63;e&#x2e;&#111;r&#x67;<\/a><\/p>\n\n\n<div class=\"wp-block-image\">\n<figure class=\"aligncenter size-full is-resized\"><img loading=\"lazy\" decoding=\"async\" width=\"343\" height=\"362\" src=\"https:\/\/blogs.univ-tlse2.fr\/saes\/files\/2021\/11\/cropped-logo_343-342_colorized.jpg\" alt=\"\" class=\"wp-image-18\" style=\"width:180px;height:190px\" srcset=\"https:\/\/blogs.univ-tlse2.fr\/saes\/files\/2021\/11\/cropped-logo_343-342_colorized.jpg 343w, https:\/\/blogs.univ-tlse2.fr\/saes\/files\/2021\/11\/cropped-logo_343-342_colorized-284x300.jpg 284w\" sizes=\"auto, (max-width: 343px) 100vw, 343px\" \/><figcaption class=\"wp-element-caption\"><strong>Commission Recherche<\/strong><\/figcaption><\/figure>\n<\/div>\n\n\n<p>Pour avoir<a href=\"https:\/\/blogs.univ-tlse2.fr\/saes\/files\/2023\/01\/Mentions_legales_UT2J.pdf\" data-type=\"URL\" data-id=\"https:\/\/blogs.univ-tlse2.fr\/saes\/files\/2023\/01\/Mentions_legales_UT2J.pdf\" target=\"_blank\" rel=\"noreferrer noopener\"> acc\u00e8s aux mentions l\u00e9gales d&rsquo;UT2J, cliquez ici.<\/a><\/p>\n\n\n\n<p><\/p>\n\n\n\n<p><\/p>\n\n\n\n<p><\/p>\n\n\n\n<p><\/p>\n\n\n\n<p><\/p>\n\n\n\n<p style=\"font-size:12px\">photo: \u00a9 Muriel Adrien<\/p>\n","protected":false},"excerpt":{"rendered":"<p>Ce site \u00e9mane de la Commission Recherche de la SAES, Soci\u00e9t\u00e9 des Anglicistes de l&rsquo;Enseignement Sup\u00e9rieur, soci\u00e9t\u00e9 savante qui regroupe plus de 2000 membres, enseignants et enseignants chercheurs de l&rsquo;enseignement sup\u00e9rieur, sp\u00e9cialistes du monde anglophone et de la langue anglaise. Il b\u00e9n\u00e9ficie \u00e9galement du soutien de l&rsquo;AFEA, Association fran\u00e7aise d&rsquo;\u00e9tudes am\u00e9ricaines. Le site vise \u00e0 [&hellip;]<\/p>\n","protected":false},"author":1069,"featured_media":0,"parent":0,"menu_order":0,"comment_status":"closed","ping_status":"closed","template":"","meta":{"footnotes":""},"class_list":["post-213","page","type-page","status-publish","hentry","post-preview"],"_links":{"self":[{"href":"https:\/\/blogs.univ-tlse2.fr\/saes\/wp-json\/wp\/v2\/pages\/213","targetHints":{"allow":["GET"]}}],"collection":[{"href":"https:\/\/blogs.univ-tlse2.fr\/saes\/wp-json\/wp\/v2\/pages"}],"about":[{"href":"https:\/\/blogs.univ-tlse2.fr\/saes\/wp-json\/wp\/v2\/types\/page"}],"author":[{"embeddable":true,"href":"https:\/\/blogs.univ-tlse2.fr\/saes\/wp-json\/wp\/v2\/users\/1069"}],"replies":[{"embeddable":true,"href":"https:\/\/blogs.univ-tlse2.fr\/saes\/wp-json\/wp\/v2\/comments?post=213"}],"version-history":[{"count":26,"href":"https:\/\/blogs.univ-tlse2.fr\/saes\/wp-json\/wp\/v2\/pages\/213\/revisions"}],"predecessor-version":[{"id":1406,"href":"https:\/\/blogs.univ-tlse2.fr\/saes\/wp-json\/wp\/v2\/pages\/213\/revisions\/1406"}],"wp:attachment":[{"href":"https:\/\/blogs.univ-tlse2.fr\/saes\/wp-json\/wp\/v2\/media?parent=213"}],"curies":[{"name":"wp","href":"https:\/\/api.w.org\/{rel}","templated":true}]}}