 {"id":1322,"date":"2023-09-16T11:37:39","date_gmt":"2023-09-16T09:37:39","guid":{"rendered":"https:\/\/blogs.univ-tlse2.fr\/scemuto\/?page_id=1322"},"modified":"2023-09-16T11:37:39","modified_gmt":"2023-09-16T09:37:39","slug":"musichalle","status":"publish","type":"page","link":"https:\/\/blogs.univ-tlse2.fr\/scemuto\/autres-acteur-rice-s\/musichalle\/","title":{"rendered":"Music&rsquo;Halle"},"content":{"rendered":"\n<div class=\"wp-block-cover wp-duotone-unset-1\" style=\"min-height:346px;aspect-ratio:unset;\"><span aria-hidden=\"true\" class=\"wp-block-cover__background has-background-dim-0 has-background-dim\"><\/span><img loading=\"lazy\" decoding=\"async\" width=\"314\" height=\"182\" class=\"wp-block-cover__image-background wp-image-1608\" alt=\"\" src=\"https:\/\/blogs.univ-tlse2.fr\/scemuto\/files\/2023\/01\/image-2.png\" style=\"object-position:52% 52%\" data-object-fit=\"cover\" data-object-position=\"52% 52%\" srcset=\"https:\/\/blogs.univ-tlse2.fr\/scemuto\/files\/2023\/01\/image-2.png 314w, https:\/\/blogs.univ-tlse2.fr\/scemuto\/files\/2023\/01\/image-2-300x174.png 300w\" sizes=\"auto, (max-width: 314px) 100vw, 314px\" \/><div class=\"wp-block-cover__inner-container is-layout-flow wp-block-cover-is-layout-flow\">\n<p class=\"has-text-align-center has-large-font-size\"><\/p>\n<\/div><\/div>\n\n\n\n<p class=\"has-text-align-center has-small-font-size\">logo de l&rsquo;association, cr\u00e9dit : site de Music&rsquo;Halle<\/p>\n\n\n\n<p>Music\u2019Halle&nbsp;est une \u00e9cole associative fond\u00e9e \u00e0 Toulouse en 1986&nbsp;et qui est reconnue au titre d\u2019\u00e9tablissement d\u2019ensei\u00adgne\u00adment&nbsp;de la musi\u00adque par le Minist\u00e8re de la Culture et de la Communication depuis le 15 octo\u00adbre 2007.<\/p>\n\n\n\n<hr class=\"wp-block-separator has-alpha-channel-opacity\" \/>\n\n\n\n<h4 class=\"wp-block-heading has-x-large-font-size\"><strong>Un entretien avec Fr\u00e9d\u00e9ric Carbonnery, enseignant \u00e0 Music&rsquo;Halle<\/strong><\/h4>\n\n\n\n<figure class=\"wp-block-embed is-type-video is-provider-youtube wp-block-embed-youtube wp-embed-aspect-16-9 wp-has-aspect-ratio\"><div class=\"wp-block-embed__wrapper\">\n<iframe loading=\"lazy\" title=\"Music&#039;Halle : un entretien avec Fr\u00e9d\u00e9ric Carbonnery\" width=\"500\" height=\"281\" src=\"https:\/\/www.youtube.com\/embed\/hIUriSvWyxM?feature=oembed\" frameborder=\"0\" allow=\"accelerometer; autoplay; clipboard-write; encrypted-media; gyroscope; picture-in-picture; web-share\" referrerpolicy=\"strict-origin-when-cross-origin\" allowfullscreen><\/iframe>\n<\/div><\/figure>\n\n\n\n<p><em>Un entretien de Fr\u00e9d\u00e9ric Carbonnery, professeur de Formation musicale et de piano \u00e0 Music&rsquo;Halle. Une interview au format court et ludique. Pr\u00e9par\u00e9e et r\u00e9alis\u00e9e par Olivia Cabrera, Camille Dupleich et Kamilia Berkane. Montage r\u00e9alis\u00e9 par Olivia Cabrera.<\/em> <\/p>\n\n\n\n<p><\/p>\n\n\n\n<p>Ci-dessous, un time code de l&rsquo;entretien long format, afin de retrouver les th\u00e8mes \u00e9voqu\u00e9s, pr\u00e9par\u00e9 par Beatriz Aygadoux.<\/p>\n\n\n\n<div data-wp-interactive=\"core\/file\" class=\"wp-block-file\"><object data-wp-bind--hidden=\"!state.hasPdfPreview\" hidden class=\"wp-block-file__embed\" data=\"https:\/\/blogs.univ-tlse2.fr\/scemuto\/files\/2023\/01\/Time-code-entretien-1.pdf\" type=\"application\/pdf\" style=\"width:100%;height:200px\" aria-label=\"Contenu embarqu\u00e9 Time-code-entretien-1.\"><\/object><a id=\"wp-block-file--media-899d0416-39d8-4807-9613-9774b8eaad8e\" href=\"https:\/\/blogs.univ-tlse2.fr\/scemuto\/files\/2023\/01\/Time-code-entretien-1.pdf\" target=\"_blank\" rel=\"noreferrer noopener\">Time-code-entretien-1<\/a><\/div>\n\n\n\n<p><\/p>\n\n\n\n<hr class=\"wp-block-separator has-alpha-channel-opacity\" \/>\n\n\n\n<h4 class=\"wp-block-heading has-x-large-font-size\"><em><strong>Sommaire<\/strong><\/em><\/h4>\n\n\n\n<ul class=\"wp-block-list\">\n<li>I. Histoire de Music&rsquo;Halle<\/li>\n\n\n\n<li>II. Les services propos\u00e9s \n<ul class=\"wp-block-list\">\n<li>Les parcours Music&rsquo;Halle<\/li>\n\n\n\n<li>Une patte Music&rsquo;Halle<\/li>\n<\/ul>\n<\/li>\n\n\n\n<li>III. L&rsquo;\u00e9thique \n<ul class=\"wp-block-list\">\n<li>Un mode de transmission des connaissances bien particulier<\/li>\n\n\n\n<li>Engagements avec divers labels<\/li>\n\n\n\n<li>La MIFA<\/li>\n<\/ul>\n<\/li>\n<\/ul>\n\n\n\n<hr class=\"wp-block-separator has-alpha-channel-opacity\" \/>\n\n\n\n<h4 class=\"wp-block-heading has-x-large-font-size\"><em><strong>L&rsquo;histoire de Music&rsquo;Halle <\/strong><\/em><\/h4>\n\n\n\n<p>Music\u2019Halle est une \u00e9cole de musique \u00e0 l\u2019histoire \u00e9patante ! Afin de comprendre les valeurs et le principe m\u00eame de cette association, il est n\u00e9cessaire de revenir sur le lieu, o\u00f9, depuis 2011 o\u00f9 sont propos\u00e9es les diverses activit\u00e9s.&nbsp;<\/p>\n\n\n\n<figure class=\"wp-block-image alignright size-full is-resized\"><img loading=\"lazy\" decoding=\"async\" src=\"https:\/\/blogs.univ-tlse2.fr\/scemuto\/files\/2023\/01\/image-3-2.png\" alt=\"\" class=\"wp-image-1617\" width=\"289\" height=\"348\" srcset=\"https:\/\/blogs.univ-tlse2.fr\/scemuto\/files\/2023\/01\/image-3-2.png 432w, https:\/\/blogs.univ-tlse2.fr\/scemuto\/files\/2023\/01\/image-3-2-249x300.png 249w\" sizes=\"auto, (max-width: 289px) 100vw, 289px\" \/><figcaption class=\"wp-element-caption\">Philippe Metz devant l\u2019Espace Job, cr\u00e9dits photo : Fr\u00e9d\u00e9ric Charmeux<\/figcaption><\/figure>\n\n\n\n<p>Fond\u00e9e en 1986 par Patrick Faubert et Philippe Metz, situ\u00e9e aujourd\u2019hui \u00e0 l\u2019Espace Job, au c\u0153ur du quartier des Sept Deniers, cela n\u2019a pas toujours \u00e9t\u00e9 le cas. En effet, ce haut lieu de la vie associative et culturelle Toulousaine fut autrefois une fabrique de papier, sp\u00e9cifiquement de papier \u00e0 cigarettes, puis de papier de luxe, dont les b\u00e2timents furent \u00e9rig\u00e9s dans les ann\u00e9es 1930 sur les plans de l\u2019architecte Pierre Thurien.             <\/p>\n\n\n\n<p>En 1986, parall\u00e8lement \u00e0 la cr\u00e9ation de l\u2019association Music\u2019Halle, le b\u00e2timent Amiral, alors toujours fabrique de papier, fut rachet\u00e9 par un groupe priv\u00e9 avant d\u2019\u00eatre revendu par ce dernier \u00e0 un groupe allemand. Ainsi, en 1995, il ne restait alors plus que 160\/170 employ\u00e9s sur les 300 que comptait l\u2019usine dans les ann\u00e9es 40! Ce lieu devint donc un haut lieu de lutte pour l\u2019emploi, les salari\u00e9s licenci\u00e9s ou non, ainsi que les r\u00e9sidents du quartier des Sept Deniers, solidaires, se sont en effet r\u00e9unis maintes fois afin de protester contre la suppression d\u2019emplois. Cela f\u00fbt vain.&nbsp;<\/p>\n\n\n\n<p>Les ann\u00e9es 2000 et 2001 act\u00e8rent la fermeture d\u00e9finitive de l\u2019usine Job.&nbsp;<\/p>\n\n\n\n<p>Une fois de plus, le lieu fut le th\u00e9\u00e2tre de grands mouvements sociaux. Selon Fran\u00e7ois Coulomb, ayant fait plusieurs recherches sur l\u2019histoire du quartier, les mobilisations concernaient cette fois la pr\u00e9servation du b\u00e2timent Amiral, que le quartier ne souhaitait pas voir dispara\u00eetre, m\u00eame s\u2019il ne servait alors d\u00e9j\u00e0 plus. La mairie de Toulouse finit par c\u00e9der aux pressions, ces derni\u00e8res \u00e9tant de taille, et racheta le b\u00e2timent en 2001. Les travaux de r\u00e9novation du b\u00e2timent d\u00e9but\u00e8rent en 2009 et, \u00e0 l\u2019inauguration du lieu restaur\u00e9 en 2011, pas moins de 3000 personnes se sont r\u00e9unies afin de c\u00e9l\u00e9brer cette victoire locale !<\/p>\n\n\n\n<p>Le lieu fut ensuite investi par diverses associations, dont Music\u2019Halle fit partie d\u00e8s le d\u00e9but! Le b\u00e2timent Amiral accueille depuis les divers cours de musique, la salle Job -une salle de spectacle- ainsi qu\u2019un studio d\u2019enregistrement , nomm\u00e9 Studio de l\u2019Imprimerie. Ce dernier fut d\u2019ailleurs l\u2019un des premiers \u00e0 accueillir le duo de rappeurs toulousains Bigflo &amp; Oli, ou encore Kid Wise ainsi qu\u2019I Me Mine! L\u2019espace Job devint donc ainsi, d\u00e8s sa r\u00e9ouverture et gr\u00e2ce, entre autres, aux services propos\u00e9s par Music\u2019Halle, un pilier de l\u2019univers des musiques actuelles Toulousaines.<\/p>\n\n\n\n<figure class=\"wp-block-image size-full is-resized\"><img loading=\"lazy\" decoding=\"async\" src=\"https:\/\/blogs.univ-tlse2.fr\/scemuto\/files\/2023\/01\/image-1.png\" alt=\"\" class=\"wp-image-1602\" width=\"385\" height=\"298\" srcset=\"https:\/\/blogs.univ-tlse2.fr\/scemuto\/files\/2023\/01\/image-1.png 494w, https:\/\/blogs.univ-tlse2.fr\/scemuto\/files\/2023\/01\/image-1-300x232.png 300w\" sizes=\"auto, (max-width: 385px) 100vw, 385px\" \/><figcaption class=\"wp-element-caption\">l&rsquo;espace Job, B\u00e2timent Amiral, cr\u00e9dit : La D\u00e9p\u00eache du Midi<\/figcaption><\/figure>\n\n\n\n<hr class=\"wp-block-separator has-alpha-channel-opacity\" \/>\n\n\n\n<h4 class=\"wp-block-heading has-x-large-font-size\"><em><strong>Les formations <\/strong><\/em><\/h4>\n\n\n\n<h4 class=\"wp-block-heading has-large-font-size\"><em>Les parcours Music&rsquo;Halle<\/em><\/h4>\n\n\n\n<p>Dans l\u2019\u00e9cole, les cours sont r\u00e9partis sous deux grandes cat\u00e9gories: la pratique amateur (\u201ccycle court\u201d), et la formation professionnelle (aussi appel\u00e9e \u201ccycle long\u201d). Dans les deux cas une large possibilit\u00e9s de cours sont propos\u00e9s, avec un large choix d\u2019instruments \u00e9galement, afin de convenir \u00e0 tous. Le cycle court permet d\u2019obtenir des cours de fa\u00e7on ponctuelle et \u00e0 la convenance de l\u2019\u00e9l\u00e8ve. Le cycle long, lui, s\u2019effectue en trois ann\u00e9es; \u00e0 l\u2019issue desquelles les \u00e9l\u00e8ves seront form\u00e9s aux m\u00e9tiers de musiciens et chanteurs.<\/p>\n\n\n\n<figure class=\"wp-block-image alignright size-full is-resized\"><img loading=\"lazy\" decoding=\"async\" src=\"https:\/\/blogs.univ-tlse2.fr\/scemuto\/files\/2023\/01\/musician-2943109__340.jpg\" alt=\"\" class=\"wp-image-1662\" width=\"368\" height=\"239\" \/><figcaption class=\"wp-element-caption\">cr\u00e9dit: Pixabay<\/figcaption><\/figure>\n\n\n\n<p>En formation professionnelle, on constate que Music\u2019Halle est l\u2019\u00e9cole de musique qui pr\u00e9sente le plus grand nombre de candidats au titre du MIMA (Musicien Interpr\u00e8te des Musiques Actuelles). Avec un fort taux de r\u00e9ussite; le plus \u00e9lev\u00e9 parmi les 20 \u00e9coles. Apr\u00e8s cette troisi\u00e8me ann\u00e9e de formation, les musiciens sont donc professionnalis\u00e9s et ins\u00e9r\u00e9s dans le secteur des musiques actuelles.<\/p>\n\n\n\n<h4 class=\"wp-block-heading has-large-font-size\"><em>Une patte Music&rsquo;Halle<\/em><\/h4>\n\n\n\n<p>Ne se contentant, donc, pas de proposer seulement des cours de musique individuels et collectifs comme le peuvent le faire d\u2019autres associations, Music\u2019Halle fait preuve d\u2019une v\u00e9ritable volont\u00e9 d\u2019ouverture sur le monde musical aussi large puisse-t-il \u00eatre. Les cours propos\u00e9s sont ainsi tr\u00e8s diversifi\u00e9s quant aux styles qui y sont transmis aux \u00e9l\u00e8ves. De nouveaux ateliers sont ainsi cr\u00e9\u00e9s tr\u00e8s r\u00e9guli\u00e8rement, comme le d\u00e9partement des musiques Arabes par exemple, mis en place en 2001.&nbsp;<\/p>\n\n\n\n<p>Cela a permis de cr\u00e9er une v\u00e9ritable \u00ab\u00a0patte\u00a0\u00bb artistique Music\u2019Halle. Les articles parlant d\u2019anciens \u00e9l\u00e8ves de leur formation professionnelle d\u00e9notent tous chez eux des influences culturelles diverses ! Cette esth\u00e9tique typique se caract\u00e9rise par un fort m\u00e9tissage sonore, des influences de plusieurs cultures, de musique du monde. Le c\u0153ur de l\u2019association, ou du moins de sa formation professionnelle, est de ne pas enseigner qu\u2019un style, mais bien de transmettre une large palette de couleurs sonores aux \u00e9l\u00e8ves afin qu\u2019ils ne se limitent pas dans leurs travaux futurs !&nbsp;<\/p>\n\n\n\n<p>Le style Music\u2019Halle est \u00e9galement rendu possible gr\u00e2ce \u00e0 la grande libert\u00e9 d\u2019enseignement des professeurs, qui peuvent ainsi diriger leurs cours -individuels ou collectifs- comme ils l&rsquo;entendent, ce qui donne un caract\u00e8re unique \u00e0 l\u2019enseignement procur\u00e9.<\/p>\n\n\n\n<hr class=\"wp-block-separator has-alpha-channel-opacity\" \/>\n\n\n\n<h4 class=\"wp-block-heading has-x-large-font-size\"><strong>Les engagements et l&rsquo;\u00e9thique<\/strong><\/h4>\n\n\n\n<p>Music\u2019Halle veille \u00e0 orienter ses activit\u00e9s, ateliers, projets, dans un environnement \u00e9thique. C&rsquo;est-\u00e0-dire qui respecte les \u00e9tudiants comme les enseignants, et les valeurs de solidarit\u00e9, d&rsquo;honn\u00eatet\u00e9, d\u2019ouverture d\u2019esprit et de tol\u00e9rance. L\u2019\u00e9cole travaille \u00e0 produire des enseignements qualitatifs gr\u00e2ce aux nombreuses comp\u00e9tences des \u00e9quipes.<\/p>\n\n\n\n<p>Les engagements de Music\u2019Halle qui font toute la diff\u00e9rence :<\/p>\n\n\n\n<h4 class=\"wp-block-heading has-large-font-size\"><em>Un mode de transmission des connaissances bien particulier<\/em><\/h4>\n\n\n\n<p>Comme pr\u00e9c\u00e9demment \u00e9voqu\u00e9, la libert\u00e9 est accord\u00e9e aux professeurs de pouvoir enseigner comme ils le souhaitent. Tr\u00e8s peu pour les modes de cours impersonnels et r\u00e9barbatifs, dans l\u2019association, les enseignants restent fid\u00e8les \u00e0 leur m\u00e9thodes d\u2019apprentissage propres; pour transmettre quelque chose de fa\u00e7on unique et personnelle. Ce choix singulier donnera vraiment du cachet \u00e0 la formation.&nbsp;<\/p>\n\n\n\n<p>Les professeurs sont le moteur du projet p\u00e9dagogique de l\u2019\u00e9cole; ils ont donc une part importante dans sa cr\u00e9ation et ses activit\u00e9s. L\u2019association compte une soixantaine de professeurs, ce qui laisse encore la libert\u00e9 \u00e0 l\u2019\u00e9l\u00e8ve de choisir son cours. Enseignants oui, mais pas que; ce sont des musiciens avant tout, qui ont une vraie exp\u00e9rience de la sc\u00e8ne. L\u2019approche chez Music\u2019Halle est donc moins acad\u00e9mique que d\u2019autres \u00e9coles de musique, et pr\u00e9sente \u00e9galement une forte recherche dans la cr\u00e9ativit\u00e9.<\/p>\n\n\n\n<p>Dans le respect de chacun, les professeurs s\u2019adaptent \u00e0 leurs \u00e9l\u00e8ves et les \u00e9l\u00e8ves \u00e0 leurs professeurs. La politique de Music\u2019Halle est en cela tr\u00e8s diff\u00e9rente, et offre donc une nouvelle dynamique, tr\u00e8s appr\u00e9ci\u00e9e. L\u2019aspect de libert\u00e9 et d\u2019\u00e9change est tr\u00e8s important dans le bon d\u00e9roulement d\u2019un cours. Les \u00e9tudiants viennent avec leur propre bagages, il n\u2019y a parfois pas de pr\u00e9requis, et au travers du programme organis\u00e9 par le professeur de mani\u00e8re souple, ne vont pas retenir la m\u00eame exp\u00e9rience. Et peuvent m\u00eame, influer sur le d\u00e9roulement du programme, si n\u00e9cessaire, afin de s\u2019approprier les connaissances. Toute cette libert\u00e9, on peut la ressentir dans les projets men\u00e9s par les anciens \u00e9l\u00e8ves.. qui semblent voir la musique sous un autre \u0153il, dans un c\u00f4t\u00e9 plus \u201clibre\u201d et \u201ccorporel\u201d. Finalement, \u201cVenez comme vous \u00eates et ayez des profs comme ils sont\u201d, pourrait \u00eatre le mot de la fin.<\/p>\n\n\n\n<p>Sur ce lien vous trouverez les diff\u00e9rents profils des professeurs de l&rsquo;\u00e9cole: <a href=\"https:\/\/www.music-halle.com\/les-professeurs\">Les professeurs | Music&rsquo;halle | L&rsquo;\u00e9cole des musiques vivaces | Toulouse (music-halle.com)<\/a>&nbsp;<\/p>\n\n\n\n<h4 class=\"wp-block-heading has-large-font-size\"><em>Engagement avec divers labels<\/em><\/h4>\n\n\n\n<p>Music\u2019Halle a une grande ouverture d\u2019esprit pour collaborer avec diff\u00e9rents labels. En effet, L\u2019association fait des projets avec un large \u00e9ventail de partenaires. Ce qui \u00e9largit le secteur d\u2019activit\u00e9 \u00e0 plusieurs branches, et enrichit l\u2019univers Music\u2019Halle vers un contenu \u00e9clectique.&nbsp;<\/p>\n\n\n\n<p>La liste est longue, mais pour n\u2019en citer que quelques uns, Music\u2019Halle fait \u00e9quipe avec Octopus, OcciJazz, Le Metronum, L\u2019insa, et bien d\u2019autres, en passant par La Maison Blanche, Barrio Loco ou encore Clutch\u2026 afin de proposer le meilleur apport pour les projets.&nbsp;<\/p>\n\n\n\n<p>Tous ces partenaires donnent de la force \u00e0 l\u2019association, qui peut assurer des projets tout \u00e0 fait singuliers. Cette grande mixit\u00e9 conf\u00e8re \u00e0 l\u2019association un atout non n\u00e9gligeable en terme d\u2019adaptabilit\u00e9, et t\u00e9moigne de Music\u2019Halle une ouverture  vers divers milieux.&nbsp;<\/p>\n\n\n\n<p>L\u2019\u00e9cole est toujours en mouvement pour \u00e9voluer vers d\u2019autres horizons, aux c\u00f4t\u00e9s d\u2019artistes qualifi\u00e9s, pour des projets divers et vari\u00e9s.&nbsp;<\/p>\n\n\n\n<p>Vers ce lien vous retrouverez tous les diff\u00e9rents partenaires avec lesquels l&rsquo;\u00e9cole collabore, en milieu de page: <a href=\"https:\/\/www.music-halle.com\/association\">L&rsquo;Association | Music&rsquo;halle | L&rsquo;\u00e9cole des musiques vivaces | Toulouse (music-halle.com)<\/a><\/p>\n\n\n\n<h4 class=\"wp-block-heading has-large-font-size\"><em>La MIFA<\/em><\/h4>\n\n\n\n<figure class=\"wp-block-image alignright size-full is-resized\"><img loading=\"lazy\" decoding=\"async\" src=\"https:\/\/blogs.univ-tlse2.fr\/scemuto\/files\/2023\/01\/la-mifa-3.jpg\" alt=\"\" class=\"wp-image-1614\" width=\"237\" height=\"316\" srcset=\"https:\/\/blogs.univ-tlse2.fr\/scemuto\/files\/2023\/01\/la-mifa-3.jpg 474w, https:\/\/blogs.univ-tlse2.fr\/scemuto\/files\/2023\/01\/la-mifa-3-225x300.jpg 225w\" sizes=\"auto, (max-width: 237px) 100vw, 237px\" \/><figcaption class=\"wp-element-caption\">logo la MIFA, cr\u00e9dit : site de Music&rsquo;Halle<\/figcaption><\/figure>\n\n\n\n<p>La MIFA est un collectif compos\u00e9 d\u2019anciens et d\u2019actuels \u00e9l\u00e8ves de Music\u2019Hall. Il a pour objectif de permettre aux \u00e9l\u00e8ves de porter leurs propres projets avec l\u2019appui de l\u2019\u00e9cole. De cette aide, en \u00e9change, ceux-ci s\u2019engagent \u00e0 participer activement \u00e0 la vie de l\u2019\u00e9cole (b\u00e9n\u00e9volat pour Music\u2019Halle, aide \u00e0 la gestion du mat\u00e9riel, etc\u2026)<\/p>\n\n\n\n<p>Il fonctionne donc sur un accord solidaire entre les jeunes \u00e9tudiants qui seront soutenus dans leurs projets musicaux et l\u2019association qui sera toujours dynamique et vivante. La MIFA a \u00e9galement pour objectif de rassembler les diff\u00e9rentes g\u00e9n\u00e9rations et promotions d\u2019artistes \u00e9tant pass\u00e9es par Music\u2019Halle. Afin de mettre en commun les projets artistiques de chacun. Sur du long terme, aussi, de rencontrer des \u00e9tudiants d\u2019autres cursus musicaux et d\u2019\u00e9changer avec d\u2019autres corps de m\u00e9tier artistique.&nbsp;<\/p>\n\n\n\n<p>Le but \u00e9tant de mettre tous les moyens actifs aux services de chacun. Pas de g\u00e2chis, comme dans un syst\u00e8me de boucle, tous les acteurs s\u2019entraident, en \u201crecyclant\u201d leurs activit\u00e9s . Ainsi, l&rsquo;\u00e9nergie est redistribu\u00e9e entre tous. \u201cRien ne se perd, tout se transforme\u201d.<\/p>\n\n\n\n<p>Et aussi dans un avenir proche, le but est de r\u00e9colter des fonds afin de faciliter l\u2019organisation d\u2019\u00e9v\u00e8nements futurs pouvant \u00e0 terme participer \u00e0 l\u2019\u00e9mergence de projets Music\u2019Halle. Les \u00e9tudiants peuvent donc porter leur propre projet en coop\u00e9ration avec l&rsquo;association!<\/p>\n\n\n\n<p>C\u2019est donc sur un cadre de solidarit\u00e9 et de coop\u00e9ration que le collectif la MIFA se tient.&nbsp;<\/p>\n\n\n\n<p>C\u2019est pourquoi l\u2019\u00e9thique chez Music\u2019halle prend une place importante et r\u00e9git chaque secteur d\u2019activit\u00e9s propos\u00e9es.&nbsp;<\/p>\n\n\n\n<p>Music\u2019halle se r\u00e9invente et s\u2019adapte aux go\u00fbts de chacun pour offrir une richesse d\u2019enseignements unique. La transparence est une cl\u00e9 importante dans l\u2019\u00e9cole afin de respecter les valeurs de tout un chacun. Une fois l\u2019apprentissage chez Music\u2019Halle finit, les \u00e9tudiants repartent avec une valeur ajout\u00e9e au niveau artistique qui est un vrai tremplin dans leur parcours musical. Cela peut faire concurrence \u00e0 beaucoup d&rsquo;\u00e9coles.<\/p>\n\n\n\n<p>Enfin, Music\u2019Halle organise des \u00e9v\u00e9nements l\u00e9gers et festifs, comme des Jam Sessions, notamment au Taquin, ouvert \u00e0 tous. Pour partager les talents des formations pros, des concerts sont organis\u00e9s dans l&rsquo;espace JOB, ou dans des festivals \u00e0 Toulouse.<\/p>\n\n\n\n<p>Music\u2019Halle s\u2019ouvre \u00e0 d&rsquo;autres champs d\u2019action et fait \u00e9merger de nouveaux projets sans cesse. C\u2019est cet \u00e9lan qui rend l\u2019association si riche et en constante \u00e9volution.<\/p>\n\n\n\n<hr class=\"wp-block-separator has-alpha-channel-opacity\" \/>\n\n\n\n<p><em>Une page et un entretien pr\u00e9par\u00e9s et r\u00e9alis\u00e9s par Beatriz Aygadoux, Kamilia Berkane, Olivia Cabrera, Camille Dupleich, Josephine Layotte et Ines Tormo<\/em><\/p>\n\n\n\n<hr class=\"wp-block-separator has-alpha-channel-opacity\" \/>\n\n\n\n<p><strong>SOURCES <\/strong>: <\/p>\n\n\n\n<p>-France 3 r\u00e9gions :<br> https:\/\/france3-regions.francetvinfo.fr\/occitanie\/haute-garonne\/toulouse\/espace-job-trois-lettres-histoire-lieu-associatif-unique-toulouse-1341367.html<\/p>\n\n\n\n<p>-La D\u00e9p\u00eache du Midi : <br>https:\/\/www.ladepeche.fr\/article\/2018\/06\/20\/2821497-music-halle-ca-bouillonne.html<br><a href=\"https:\/\/www.ladepeche.fr\/article\/2016\/10\/19\/2442405-music-halle-trente-ans-de-decouvertes-au-metronum.html\">https:\/\/www.ladepeche.fr\/article\/2016\/10\/19\/2442405-music-halle-trente-ans-de-decouvertes-au-metronum.html<\/a><\/p>\n\n\n\n<p>-Collectif Job : <br>http:\/\/www.collectif-job.com\/lhistoire\/#:~:text=A%20Toulouse%20quartier%20des%207,d%C3%A9finitive%20est%20act%C3%A9e%20en%202001.<\/p>\n\n\n\n<p>-Site de Music&rsquo;Halle : <br>https:\/\/www.music-halle.com\/<\/p>\n\n\n\n<p>-Le Petit Bleu d&rsquo;Agen : <br>https:\/\/www.petitbleu.fr\/2022\/05\/28\/swing-et-bossa-nova-au-plancher-des-vaches-10322954.php<\/p>\n\n\n\n<hr class=\"wp-block-separator has-alpha-channel-opacity\" \/>\n","protected":false},"excerpt":{"rendered":"<p>logo de l&rsquo;association, cr\u00e9dit : site de Music&rsquo;Halle Music\u2019Halle&nbsp;est une \u00e9cole associative fond\u00e9e \u00e0 Toulouse en 1986&nbsp;et qui est reconnue au titre d\u2019\u00e9tablissement d\u2019ensei\u00adgne\u00adment&nbsp;de la musi\u00adque par le Minist\u00e8re de la Culture et de la Communication depuis le 15 octo\u00adbre 2007. Un entretien avec Fr\u00e9d\u00e9ric Carbonnery, enseignant \u00e0 Music&rsquo;Halle Un entretien de Fr\u00e9d\u00e9ric Carbonnery, professeur [&hellip;]<\/p>\n","protected":false},"author":1127,"featured_media":0,"parent":1416,"menu_order":0,"comment_status":"closed","ping_status":"closed","template":"","meta":{"footnotes":""},"class_list":["post-1322","page","type-page","status-publish","hentry"],"_links":{"self":[{"href":"https:\/\/blogs.univ-tlse2.fr\/scemuto\/wp-json\/wp\/v2\/pages\/1322","targetHints":{"allow":["GET"]}}],"collection":[{"href":"https:\/\/blogs.univ-tlse2.fr\/scemuto\/wp-json\/wp\/v2\/pages"}],"about":[{"href":"https:\/\/blogs.univ-tlse2.fr\/scemuto\/wp-json\/wp\/v2\/types\/page"}],"author":[{"embeddable":true,"href":"https:\/\/blogs.univ-tlse2.fr\/scemuto\/wp-json\/wp\/v2\/users\/1127"}],"replies":[{"embeddable":true,"href":"https:\/\/blogs.univ-tlse2.fr\/scemuto\/wp-json\/wp\/v2\/comments?post=1322"}],"version-history":[{"count":48,"href":"https:\/\/blogs.univ-tlse2.fr\/scemuto\/wp-json\/wp\/v2\/pages\/1322\/revisions"}],"predecessor-version":[{"id":2000,"href":"https:\/\/blogs.univ-tlse2.fr\/scemuto\/wp-json\/wp\/v2\/pages\/1322\/revisions\/2000"}],"up":[{"embeddable":true,"href":"https:\/\/blogs.univ-tlse2.fr\/scemuto\/wp-json\/wp\/v2\/pages\/1416"}],"wp:attachment":[{"href":"https:\/\/blogs.univ-tlse2.fr\/scemuto\/wp-json\/wp\/v2\/media?parent=1322"}],"curies":[{"name":"wp","href":"https:\/\/api.w.org\/{rel}","templated":true}]}}