 {"id":1349,"date":"2023-09-14T18:42:53","date_gmt":"2023-09-14T16:42:53","guid":{"rendered":"https:\/\/blogs.univ-tlse2.fr\/scemuto\/?page_id=1349"},"modified":"2023-09-14T18:42:53","modified_gmt":"2023-09-14T16:42:53","slug":"les-enfoiros-de-linsa","status":"publish","type":"page","link":"https:\/\/blogs.univ-tlse2.fr\/scemuto\/autres-acteur-rice-s\/les-enfoiros-de-linsa\/","title":{"rendered":"Les Enfoiros de l&rsquo;INSA"},"content":{"rendered":"\n<figure class=\"wp-block-image alignfull size-large\"><img loading=\"lazy\" decoding=\"async\" width=\"1024\" height=\"205\" src=\"https:\/\/blogs.univ-tlse2.fr\/scemuto\/files\/2022\/11\/Histoire-Culturelle-Bannieres-4-1024x205.png\" alt=\"Une banni\u00e8re. Le titre de l'article est r\u00e9p\u00e9t\u00e9. Sur la gauche, il y a le logo des Enfoiros, une guitare dont la base est un coeur et o\u00f9 parmi les notes qui sortent de l'instrument on peut voir un couteau et une fourchette. Le fond de l'image est une photo d'un concert des enfoiros, o\u00f9 on voit trois chanteuses sur sc\u00e8ne, devant de la fum\u00e9e\" class=\"wp-image-1358\" srcset=\"https:\/\/blogs.univ-tlse2.fr\/scemuto\/files\/2022\/11\/Histoire-Culturelle-Bannieres-4-1024x205.png 1024w, https:\/\/blogs.univ-tlse2.fr\/scemuto\/files\/2022\/11\/Histoire-Culturelle-Bannieres-4-300x60.png 300w, https:\/\/blogs.univ-tlse2.fr\/scemuto\/files\/2022\/11\/Histoire-Culturelle-Bannieres-4-768x154.png 768w, https:\/\/blogs.univ-tlse2.fr\/scemuto\/files\/2022\/11\/Histoire-Culturelle-Bannieres-4-1536x307.png 1536w, https:\/\/blogs.univ-tlse2.fr\/scemuto\/files\/2022\/11\/Histoire-Culturelle-Bannieres-4.png 1920w\" sizes=\"auto, (max-width: 1024px) 100vw, 1024px\" \/><figcaption class=\"wp-element-caption\"><strong>\u00a9<\/strong>Les Enfoiros de l&rsquo;INSA<\/figcaption><\/figure>\n\n\n\n<p>Si vous \u00eates de la r\u00e9gion toulousaine et que vous ne connaissez toujours pas les Enfoiros de l\u2019INSA, laissez-moi vous les pr\u00e9senter !&nbsp;<\/p>\n\n\n\n<hr class=\"wp-block-separator has-alpha-channel-opacity\" \/>\n\n\n\n<p>L\u2019INSA est une \u00e9cole d\u2019ing\u00e9nieurs dont le campus toulousain est bas\u00e9 \u00e0 Rangueil, \u00e0 c\u00f4t\u00e9 de l\u2019Universit\u00e9 Paul Sabatier, et les Enfoiros, c\u2019est une de leur plus embl\u00e9matique association.<\/p>\n\n\n\n<p>Elle a \u00e9t\u00e9 cr\u00e9\u00e9e il y a 22 ans, en 2000, par trois \u00e9tudiants en informatique; Guillaume Doyen, Olivier Maud et Jean-Pierre Seuma-Vidal et cherche \u00e0 aider les restos du c\u0153ur en organisant des \u00e9v\u00e9nements culturels \u00e0 but caritatifs. En effet, avant d\u2019\u00eatre une association culturelle, leur noble cause reste leur objectif principal.<\/p>\n\n\n\n<hr class=\"wp-block-separator has-alpha-channel-opacity\" \/>\n\n\n\n<h4 class=\"wp-block-heading\"><strong><em>Interviews<\/em><\/strong><\/h4>\n\n\n\n<p>Nous avons eu la chance de rencontrer Dario, Ma\u00efa, Pierre et Darel, quatre membres de l\u2019association, avec qui nous avons pu r\u00e9aliser une interview :<\/p>\n\n\n\n<hr class=\"wp-block-separator has-alpha-channel-opacity\" \/>\n\n\n\n<h4 class=\"wp-block-heading\"><strong><em>Actions<\/em><\/strong><\/h4>\n\n\n\n<p>Leur \u00e9v\u00e9nement principal, une grosse part de la structure, c\u2019est le concert annuel. 2h30 de spectacle, jou\u00e9 \u00e0 dix reprises, sur le campus de l\u2019INSA et au th\u00e9\u00e2tre des Mazades. En 2018 et 2019, ils ont m\u00eame eu l\u2019occasion de s\u2019aventurer un peu plus loin et de jouer jusqu\u2019\u00e0 Albi !<\/p>\n\n\n\n<p>C\u2019est loin d\u2019\u00eatre tout, puisque sur le campus, leur impact est bien grand. Blind tests, march\u00e9s de no\u00ebl, r\u00e9coltes de denr\u00e9es dans les r\u00e9sidences, ils semblent partout, tout le temps, et c\u2019est avec plaisir qu\u2019on les voit animer la vie \u00e9tudiante de l\u2019INSA.&nbsp;<\/p>\n\n\n\n<p>En dehors du campus, ils sont aussi pr\u00e9sents toutes les semaines pour \u201cLa Rue\u201d, un concert hebdomadaire afin d\u2019accompagner en musique les distributions alimentaires des Restos du Coeur, un moment convivial et musical donc, qui permet un contact direct avec les b\u00e9n\u00e9ficiaires et nous rappelant donc pourquoi ils font tout \u00e7a.<\/p>\n\n\n\n<hr class=\"wp-block-separator has-alpha-channel-opacity\" \/>\n\n\n\n<h4 class=\"wp-block-heading\"><strong><em>Impact<\/em><\/strong><\/h4>\n\n\n\n<p>D\u2019apr\u00e8s leurs chiffres, c\u2019est 428 000\u20ac qui ont \u00e9t\u00e9 r\u00e9colt\u00e9s par les enfoiros, pour les b\u00e9n\u00e9ficiaires. A ce chiffre s\u2019ajoute \u00e9galement 38 Tonnes de denr\u00e9es alimentaires et de produits d\u2019hygi\u00e8ne.&nbsp;<\/p>\n\n\n\n<p>L\u2019association est devenue, \u00e0 force de temps et de travail, le plus gros donateur priv\u00e9 de Haute-Garonne, et a \u00e9t\u00e9 nomm\u00e9e \u201cMeilleure Association \u00c9tudiante de France\u201d en 2018 au classement des associations.&nbsp;<\/p>\n\n\n\n<p>&nbsp;&nbsp;&nbsp; Les Enfoiros de l\u2019INSA, sont soutenus m\u00e9diatiquement dans leur cause, et ont b\u00e9n\u00e9fici\u00e9 d\u2019une couverture \u00e0 la fois locale, avec des articles dans Actu Toulouse ou la d\u00e9p\u00eache du Midi, mais aussi nationale avec des passages sur TF1, France Bleue ou La D\u00e9p\u00eache.<\/p>\n\n\n\n<hr class=\"wp-block-separator has-alpha-channel-opacity\" \/>\n\n\n\n<h4 class=\"wp-block-heading\"><strong><em>Fonctionnement<\/em><\/strong><\/h4>\n\n\n\n<p>Alors face \u00e0 tout \u00e7a, il convient de se demander comment une machine titanesque comme les Enfoiros peut bien tourner, et il est vrai que leurs engrenages sont bien huil\u00e9s, et leur fonctionnement bien \u00e9tabli.&nbsp;<\/p>\n\n\n\n<p>D\u2019apr\u00e8s leurs derniers chiffres, c\u2019est 150 membres qui font partie de l\u2019association, dont 80 artistes.<\/p>\n\n\n\n<p>Chacun de ces membres choisis en fonction de ses centres d&rsquo;int\u00e9r\u00eats \u00e0 quelle (ou quelles, pour les plus motiv\u00e9s) commission(s) il souhaite appartenir, et il se verra attribuer un \u201cChef\u201d, qui g\u00e9rera les diff\u00e9rents projets. Le choix de commissions est tr\u00e8s large, tout le monde a de quoi se plaire aux Enfoiros ! Com\u00e9die, Danse, Musique, pour \u00eatre sur sc\u00e8ne, mais \u00e9galement Technique ou Communication, sans qui le spectacle ne pourrait pas non plus avoir lieu. Et si tout \u00e7a ne vous int\u00e9resse pas, il reste toujours des activit\u00e9s auxquelles participer qui ne rel\u00e8vent pas du spectacle de fin d\u2019ann\u00e9e, comme les Collectes, les \u00c9v\u00e9nements ou la Course des Enfoiros !&nbsp;<\/p>\n\n\n\n<p>Les Chefs aussi, ont besoin de se coordonner, et pour cela, c\u2019est beaucoup, <em>beaucoup<\/em> de r\u00e9unions qui ont lieu. Et puis au besoin, il reste toujours la possibilit\u00e9 de s\u2019adresser aux fameux Chefs-Chefs, les membres du bureau officiel, qui pourront trancher sur les derni\u00e8res d\u00e9cisions, c\u2019est le r\u00f4le qu\u2019occupait Dario Moed.<\/p>\n\n\n\n<hr class=\"wp-block-separator has-alpha-channel-opacity\" \/>\n\n\n\n<h4 class=\"wp-block-heading\"><strong><em>Conclusion<\/em><\/strong><\/h4>\n\n\n\n<p>On esp\u00e8re que cet entretien et cette d\u00e9couverte des Enfoiros de l\u2019INSA aura pour vous \u00e9t\u00e9 int\u00e9ressante, retrouvez-les du <strong>3 au 8 avril<\/strong> sur le campus de l&rsquo;INSA, et les <strong>12 et 13 mai 2023<\/strong> au th\u00e9\u00e2tre des Mazades pour encore, on n&rsquo;en doute pas, un fabuleux concert !<\/p>\n\n\n\n<div class=\"wp-block-group has-text-color has-background is-layout-flow wp-block-group-is-layout-flow\" style=\"color:#000000;background-color:#ffffff\">\n<h5 class=\"wp-block-heading has-text-align-center has-small-font-size\"><strong>Retrouvez les Enfoiros<\/strong><\/h5>\n\n\n\n<div class=\"wp-block-buttons is-horizontal is-content-justification-center is-layout-flex wp-container-core-buttons-is-layout-03627597 wp-block-buttons-is-layout-flex\">\n<div class=\"wp-block-button has-custom-width wp-block-button__width-50\"><a class=\"wp-block-button__link has-text-color has-background wp-element-button\" href=\"https:\/\/www.enfoiros.org\/\" style=\"border-radius:50px;color:#ffffff;background-color:#000000\">Site Officiel<\/a><\/div>\n\n\n\n<div class=\"wp-block-button has-custom-width wp-block-button__width-50\"><a class=\"wp-block-button__link has-text-color has-background wp-element-button\" href=\"https:\/\/www.instagram.com\/enfoirosdelinsa\/\" style=\"border-radius:50px;color:#ffffff;background-color:#000000\">Instagram<\/a><\/div>\n<\/div>\n<\/div>\n","protected":false},"excerpt":{"rendered":"<p>Si vous \u00eates de la r\u00e9gion toulousaine et que vous ne connaissez toujours pas les Enfoiros de l\u2019INSA, laissez-moi vous les pr\u00e9senter !&nbsp; L\u2019INSA est une \u00e9cole d\u2019ing\u00e9nieurs dont le campus toulousain est bas\u00e9 \u00e0 Rangueil, \u00e0 c\u00f4t\u00e9 de l\u2019Universit\u00e9 Paul Sabatier, et les Enfoiros, c\u2019est une de leur plus embl\u00e9matique association. Elle a \u00e9t\u00e9 [&hellip;]<\/p>\n","protected":false},"author":1127,"featured_media":0,"parent":1416,"menu_order":0,"comment_status":"closed","ping_status":"closed","template":"","meta":{"footnotes":""},"class_list":["post-1349","page","type-page","status-publish","hentry"],"_links":{"self":[{"href":"https:\/\/blogs.univ-tlse2.fr\/scemuto\/wp-json\/wp\/v2\/pages\/1349","targetHints":{"allow":["GET"]}}],"collection":[{"href":"https:\/\/blogs.univ-tlse2.fr\/scemuto\/wp-json\/wp\/v2\/pages"}],"about":[{"href":"https:\/\/blogs.univ-tlse2.fr\/scemuto\/wp-json\/wp\/v2\/types\/page"}],"author":[{"embeddable":true,"href":"https:\/\/blogs.univ-tlse2.fr\/scemuto\/wp-json\/wp\/v2\/users\/1127"}],"replies":[{"embeddable":true,"href":"https:\/\/blogs.univ-tlse2.fr\/scemuto\/wp-json\/wp\/v2\/comments?post=1349"}],"version-history":[{"count":4,"href":"https:\/\/blogs.univ-tlse2.fr\/scemuto\/wp-json\/wp\/v2\/pages\/1349\/revisions"}],"predecessor-version":[{"id":1989,"href":"https:\/\/blogs.univ-tlse2.fr\/scemuto\/wp-json\/wp\/v2\/pages\/1349\/revisions\/1989"}],"up":[{"embeddable":true,"href":"https:\/\/blogs.univ-tlse2.fr\/scemuto\/wp-json\/wp\/v2\/pages\/1416"}],"wp:attachment":[{"href":"https:\/\/blogs.univ-tlse2.fr\/scemuto\/wp-json\/wp\/v2\/media?parent=1349"}],"curies":[{"name":"wp","href":"https:\/\/api.w.org\/{rel}","templated":true}]}}