 {"id":1384,"date":"2023-09-17T12:25:43","date_gmt":"2023-09-17T10:25:43","guid":{"rendered":"https:\/\/blogs.univ-tlse2.fr\/scemuto\/?page_id=1384"},"modified":"2023-09-22T17:04:19","modified_gmt":"2023-09-22T15:04:19","slug":"underground-therapy-fire-back","status":"publish","type":"page","link":"https:\/\/blogs.univ-tlse2.fr\/scemuto\/artistes-et-albums\/underground-therapy-fire-back\/","title":{"rendered":"Underground Therapy &#8211; Fire Back"},"content":{"rendered":"\n<figure class=\"wp-block-image aligncenter size-full wp-duotone-unset-1\"><img loading=\"lazy\" decoding=\"async\" width=\"534\" height=\"534\" src=\"https:\/\/blogs.univ-tlse2.fr\/scemuto\/files\/2023\/01\/fire-back.png\" alt=\"\" class=\"wp-image-1510\" srcset=\"https:\/\/blogs.univ-tlse2.fr\/scemuto\/files\/2023\/01\/fire-back.png 534w, https:\/\/blogs.univ-tlse2.fr\/scemuto\/files\/2023\/01\/fire-back-300x300.png 300w, https:\/\/blogs.univ-tlse2.fr\/scemuto\/files\/2023\/01\/fire-back-150x150.png 150w\" sizes=\"auto, (max-width: 534px) 100vw, 534px\" \/><\/figure>\n\n\n\n<hr class=\"wp-block-separator has-alpha-channel-opacity\" \/>\n\n\n\n<h4 class=\"wp-block-heading has-text-align-center has-x-large-font-size\" style=\"font-style:italic;font-weight:900;text-transform:capitalize\"><strong><em>Biographie<\/em><\/strong><\/h4>\n\n\n\n<div class=\"wp-block-media-text alignwide is-stacked-on-mobile is-vertically-aligned-center\"><figure class=\"wp-block-media-text__media\"><img loading=\"lazy\" decoding=\"async\" width=\"1024\" height=\"683\" src=\"https:\/\/blogs.univ-tlse2.fr\/scemuto\/files\/2023\/01\/311713759_823504875430327_6515886343458800106_n-1024x683.jpg\" alt=\"\" class=\"wp-image-1589 size-full\" srcset=\"https:\/\/blogs.univ-tlse2.fr\/scemuto\/files\/2023\/01\/311713759_823504875430327_6515886343458800106_n-1024x683.jpg 1024w, https:\/\/blogs.univ-tlse2.fr\/scemuto\/files\/2023\/01\/311713759_823504875430327_6515886343458800106_n-300x200.jpg 300w, https:\/\/blogs.univ-tlse2.fr\/scemuto\/files\/2023\/01\/311713759_823504875430327_6515886343458800106_n-768x512.jpg 768w, https:\/\/blogs.univ-tlse2.fr\/scemuto\/files\/2023\/01\/311713759_823504875430327_6515886343458800106_n-1536x1024.jpg 1536w, https:\/\/blogs.univ-tlse2.fr\/scemuto\/files\/2023\/01\/311713759_823504875430327_6515886343458800106_n.jpg 2048w\" sizes=\"auto, (max-width: 1024px) 100vw, 1024px\" \/><\/figure><div class=\"wp-block-media-text__content\">\n<p class=\"has-medium-font-size\"><strong>Underground Therapy<\/strong> est un groupe n\u00e9 2016, il est actuellement compos\u00e9 de quatre membres&nbsp;: Sarah au chant, Anthony \u00e0 la basse, Corentin \u00e0 la batterie, et Tom \u00e0 la guitare. Leur dernier EP <em><strong>Fire Back<\/strong><\/em> sorti en septembre 2022 va \u00eatre l\u2019objet principal de nos analyses.<\/p>\n<\/div><\/div>\n\n\n\n<div class=\"wp-block-media-text alignwide has-media-on-the-right is-stacked-on-mobile\" style=\"grid-template-columns:auto 15%\"><div class=\"wp-block-media-text__content\">\n<p>De multiples influences sont \u00e0 l&rsquo;origine du groupe. Il y a chez les membres du groupe une forte volont\u00e9 de cr\u00e9er des morceaux sans se soucier des codes issus de ces influences qu&rsquo;elles soient rock, punk, m\u00e9tal, progressif, fusion&#8230;<\/p>\n<\/div><figure class=\"wp-block-media-text__media\"><img loading=\"lazy\" decoding=\"async\" width=\"881\" height=\"862\" src=\"https:\/\/blogs.univ-tlse2.fr\/scemuto\/files\/2023\/01\/star1.png\" alt=\"\" class=\"wp-image-1591 size-full\" srcset=\"https:\/\/blogs.univ-tlse2.fr\/scemuto\/files\/2023\/01\/star1.png 881w, https:\/\/blogs.univ-tlse2.fr\/scemuto\/files\/2023\/01\/star1-300x294.png 300w, https:\/\/blogs.univ-tlse2.fr\/scemuto\/files\/2023\/01\/star1-768x751.png 768w\" sizes=\"auto, (max-width: 881px) 100vw, 881px\" \/><\/figure><\/div>\n\n\n\n<p class=\"has-foreground-color has-text-color\">Pour ses membres, la musique doit rester un espace de libert\u00e9 au sein duquel chacun doit pouvoir s&rsquo;exprimer au service d&rsquo;une large vari\u00e9t\u00e9 de dynamiques. Comme dans la vie, des moments <em>down<\/em>, des moments marqu\u00e9s par une puissante \u00e9nergie ou des moments de rage se m\u00ealent dans un m\u00eame morceau.<\/p>\n\n\n\n<p class=\"has-foreground-color has-text-color\">Transmettre ces diff\u00e9rents degr\u00e9s de dynamique, tel est le c\u0153ur du propos musical chez <strong>Underground Therapy<\/strong>. La musique reste un exutoire que ce soit dans la composition ou dans le jeu live. Le groupe ne s&rsquo;impose donc pas une mise en sc\u00e8ne \u00e9crite pour le live. De m\u00eame, les structures des morceaux \u00e9chappent aux habitudes identifi\u00e9es dans chaque style. Il s&rsquo;agit d&rsquo;amener l&rsquo;auditeur dans un parcours <em>up &amp; down<\/em> o\u00f9 le plus important reste le degr\u00e9 d&rsquo;intensit\u00e9. On pourra ainsi passer d&rsquo;un moment tr\u00e8s minimaliste avec une voix chuchot\u00e9e soulign\u00e9e par une ligne de basse et quelques interventions de la guitare, \u00e0 des moments de rage avec un chant <em>scream\u00e9<\/em>, un gros riff de basse et guitare fortement soutenus par une batterie puissante.<\/p>\n\n\n\n<p class=\"has-foreground-color has-text-color\">Il ne s&rsquo;agit pour aucun des musiciens d&rsquo;\u00eatre dans la d\u00e9monstration, mais plut\u00f4t au service de l&rsquo;univers envisag\u00e9, de la fa\u00e7on la plus efficace possible. On retrouve ces caract\u00e9ristiques dans tous les morceaux du groupe. C&rsquo;est son identit\u00e9.<\/p>\n\n\n\n<div class=\"wp-block-media-text alignwide is-stacked-on-mobile\" style=\"grid-template-columns:15% auto\"><figure class=\"wp-block-media-text__media\"><img loading=\"lazy\" decoding=\"async\" width=\"881\" height=\"862\" src=\"https:\/\/blogs.univ-tlse2.fr\/scemuto\/files\/2023\/01\/star1-2.png\" alt=\"\" class=\"wp-image-1593 size-full\" srcset=\"https:\/\/blogs.univ-tlse2.fr\/scemuto\/files\/2023\/01\/star1-2.png 881w, https:\/\/blogs.univ-tlse2.fr\/scemuto\/files\/2023\/01\/star1-2-300x294.png 300w, https:\/\/blogs.univ-tlse2.fr\/scemuto\/files\/2023\/01\/star1-2-768x751.png 768w\" sizes=\"auto, (max-width: 881px) 100vw, 881px\" \/><\/figure><div class=\"wp-block-media-text__content\">\n<p>Le milieu musical demande de s&rsquo;ins\u00e9rer dans des styles&nbsp;: <strong>Underground Therapy<\/strong> d\u00e9finit donc sa propre \u00e9tiquette, le \u00ab\u00a0n\u00e9o-rock th\u00e9rapeutique\u00a0\u00bb.<\/p>\n<\/div><\/div>\n\n\n\n<figure class=\"wp-block-image size-full\"><img loading=\"lazy\" decoding=\"async\" width=\"799\" height=\"534\" src=\"https:\/\/blogs.univ-tlse2.fr\/scemuto\/files\/2023\/01\/ut.png\" alt=\"\" class=\"wp-image-1520\" srcset=\"https:\/\/blogs.univ-tlse2.fr\/scemuto\/files\/2023\/01\/ut.png 799w, https:\/\/blogs.univ-tlse2.fr\/scemuto\/files\/2023\/01\/ut-300x201.png 300w, https:\/\/blogs.univ-tlse2.fr\/scemuto\/files\/2023\/01\/ut-768x513.png 768w\" sizes=\"auto, (max-width: 799px) 100vw, 799px\" \/><\/figure>\n\n\n\n<hr class=\"wp-block-separator has-alpha-channel-opacity\" \/>\n\n\n\n<h4 class=\"wp-block-heading has-text-align-center\"><strong><em>Entretien avec Underground Therapy<\/em><\/strong><\/h4>\n\n\n\n<p class=\"has-text-align-center\"><em>Un entretien avec Sarah, Tom et Corentin d&rsquo;Underground Therapy, pr\u00e9par\u00e9 par Thierry Cestac, Denise Mejia Camacho, Leontine Pragn\u00e8re et Fantin Valance ;  men\u00e9 par Thierry et Fantin.<\/em><\/p>\n\n\n\n<figure class=\"wp-block-audio\"><audio controls src=\"https:\/\/prismes.univ-toulouse.fr\/video.php?code=fpBkyl0p&amp;width=100%&amp;height=100%\"><\/audio><\/figure>\n\n\n\n<hr class=\"wp-block-separator has-alpha-channel-opacity\" \/>\n\n\n\n<h4 class=\"wp-block-heading has-text-align-center\"><strong><em>Processus de cr\u00e9ation<\/em><\/strong><\/h4>\n\n\n\n<div class=\"wp-block-media-text alignwide is-stacked-on-mobile\" style=\"grid-template-columns:15% auto\"><figure class=\"wp-block-media-text__media\"><img loading=\"lazy\" decoding=\"async\" width=\"881\" height=\"862\" src=\"https:\/\/blogs.univ-tlse2.fr\/scemuto\/files\/2023\/01\/star1-3.png\" alt=\"\" class=\"wp-image-1594 size-full\" srcset=\"https:\/\/blogs.univ-tlse2.fr\/scemuto\/files\/2023\/01\/star1-3.png 881w, https:\/\/blogs.univ-tlse2.fr\/scemuto\/files\/2023\/01\/star1-3-300x294.png 300w, https:\/\/blogs.univ-tlse2.fr\/scemuto\/files\/2023\/01\/star1-3-768x751.png 768w\" sizes=\"auto, (max-width: 881px) 100vw, 881px\" \/><\/figure><div class=\"wp-block-media-text__content\">\n<p>Les morceaux sont cr\u00e9\u00e9s de fa\u00e7on collective. Ils naissent de propositions amen\u00e9es par les musiciens. Cela peut \u00eatre un riff, un pattern de batterie ou d&rsquo;un phras\u00e9 exp\u00e9riment\u00e9s en impro.<\/p>\n<\/div><\/div>\n\n\n\n<p>Lorsqu&rsquo;un morceau est en germe, chacun am\u00e8ne plusieurs propositions pour d\u00e9velopper l&rsquo;id\u00e9e. Les morceaux se construisent ainsi.<\/p>\n\n\n\n<p>Cela demande \u00e0 chacun un gros travail de pr\u00e9-production pour favoriser des s\u00e9ances de r\u00e9p\u00e9tition en collectif qui puissent fonctionner.<\/p>\n\n\n\n<p>Il arrive ensuite une phase o\u00f9 les arrangements paraissent aboutis et coh\u00e9rents aux membres du groupe. Les morceaux sont alors exp\u00e9riment\u00e9s et rod\u00e9s en live avant d&rsquo;\u00eatre fix\u00e9s par un enregistrement studio. L&rsquo;enregistrement studio ne sert pas de terrain d&rsquo;exp\u00e9rimentation pour la cr\u00e9ation ou le travail d&rsquo;arrangement. Cela repr\u00e9senterait un co\u00fbt trop important.<\/p>\n\n\n\n<div class=\"wp-block-media-text alignwide has-media-on-the-right is-stacked-on-mobile\" style=\"grid-template-columns:auto 15%\"><div class=\"wp-block-media-text__content\">\n<p>Les EP ont \u00e9t\u00e9 enregistr\u00e9s en grande partie \u00ab\u00a0\u00e0 la maison\u00a0\u00bb gr\u00e2ce aux comp\u00e9tences d&rsquo;Anthony, le bassiste qui est aussi ing\u00e9nieur du son. Seules les parties batterie ont \u00e9t\u00e9 capt\u00e9es en studio.<\/p>\n<\/div><figure class=\"wp-block-media-text__media\"><img loading=\"lazy\" decoding=\"async\" width=\"881\" height=\"862\" src=\"https:\/\/blogs.univ-tlse2.fr\/scemuto\/files\/2023\/01\/star1-4.png\" alt=\"\" class=\"wp-image-1595 size-full\" srcset=\"https:\/\/blogs.univ-tlse2.fr\/scemuto\/files\/2023\/01\/star1-4.png 881w, https:\/\/blogs.univ-tlse2.fr\/scemuto\/files\/2023\/01\/star1-4-300x294.png 300w, https:\/\/blogs.univ-tlse2.fr\/scemuto\/files\/2023\/01\/star1-4-768x751.png 768w\" sizes=\"auto, (max-width: 881px) 100vw, 881px\" \/><\/figure><\/div>\n\n\n\n<p>Le mixage reste aussi sous la ma\u00eetrise des membres du groupe. M\u00eame s&rsquo;ils sont attentifs aux critiques d&rsquo;oreilles externes averties, ils gardent le souci de pr\u00e9server leur libert\u00e9 de cr\u00e9ation et d&rsquo;\u00e9chapper aux codes conventionnels.<\/p>\n\n\n\n<hr class=\"wp-block-separator has-alpha-channel-opacity\" \/>\n\n\n\n<h4 class=\"wp-block-heading has-text-align-center\"><strong><em>Des structures de morceaux inhabituelles<\/em><\/strong><\/h4>\n\n\n\n<div class=\"wp-block-media-text alignwide is-stacked-on-mobile is-vertically-aligned-center\" style=\"grid-template-columns:34% auto\"><figure class=\"wp-block-media-text__media\"><img loading=\"lazy\" decoding=\"async\" width=\"784\" height=\"1024\" src=\"https:\/\/blogs.univ-tlse2.fr\/scemuto\/files\/2023\/01\/yuhyuh-784x1024.jpg\" alt=\"\" class=\"wp-image-1590 size-full\" srcset=\"https:\/\/blogs.univ-tlse2.fr\/scemuto\/files\/2023\/01\/yuhyuh-784x1024.jpg 784w, https:\/\/blogs.univ-tlse2.fr\/scemuto\/files\/2023\/01\/yuhyuh-230x300.jpg 230w, https:\/\/blogs.univ-tlse2.fr\/scemuto\/files\/2023\/01\/yuhyuh-768x1003.jpg 768w, https:\/\/blogs.univ-tlse2.fr\/scemuto\/files\/2023\/01\/yuhyuh.jpg 1045w\" sizes=\"auto, (max-width: 784px) 100vw, 784px\" \/><\/figure><div class=\"wp-block-media-text__content\">\n<p><strong>Underground Therapy<\/strong> s\u2019est construit une identit\u00e9 singuli\u00e8re tant par ses multiples influences, ses caract\u00e9ristiques musicales et vocales que par ses structures de morceaux. <br>On retrouve chez <strong>Underground Therapy<\/strong> des influences provenant du punk rock et surtout de la fusion en s\u2019\u00e9tant \u00e9mancip\u00e9 des travers de ces styles. Le punk rock n\u2019admet pas les d\u00e9veloppements instrumentaux et se cantonne souvent aux structures couplets\/refrain. La fusion laisse peu de place aux d\u00e9veloppements m\u00e9lodiques et se fonde sur l\u2019\u00e9nergie amen\u00e9e par l\u2019utilisation syst\u00e9matique de riffs efficaces.<\/p>\n<\/div><\/div>\n\n\n\n<p class=\"has-foreground-color has-text-color\">On retrouve chez <strong>Underground Therapy<\/strong> certaines de ces \u00e9l\u00e9ments&nbsp;; \u00e9nergie punk rock sur certains passages (sur les morceaux <em>Stupid Man<\/em>, <em>Shadow &amp; Light<\/em> ou sur la fin de <em>Abyss<\/em> par exemple), utilisation fr\u00e9quente de riffs souvent jou\u00e9s par la basse, riffs qui occupent une fonction centrale dans la construction des morceaux. On sent une forte influence de la fusion type <em>Rage Against the Machine<\/em> (sur les morceaux <em>Shadow &amp; Light<\/em>, <em>Insomnia<\/em> par exemple).<\/p>\n\n\n\n<p>Mais <strong>Undergroud Therapy<\/strong> ne se laisse pas enfermer dans la simple r\u00e9p\u00e9tition de riffs ou dans des structures rigides, comme c\u2019est souvent le cas dans les styles pr\u00e9cit\u00e9s. On ne trouve en effet pas forc\u00e9ment de refrain dans les morceaux&nbsp;; cela peut \u00eatre un passage instrumental bas\u00e9 sur un riff qui endosse cette fonction. Mais surtout, on trouve dans la plupart des morceaux de longs passages qui pourraient s\u2019apparenter \u00e0 des \u00ab&nbsp;ponts&nbsp;\u00bb dans des structures plus classiques. Mais ici, les ponts sont longs et durent parfois autant que le reste du morceau (Sur le morceau <em>Lighter<\/em> par exemple le pont dure 1\u201940 sur une dur\u00e9e totale de 4\u2019). On peut noter aussi une autre diff\u00e9rence : alors qu\u2019habituellement, les ponts permettent d\u2019amener un peu de diversit\u00e9 dans la monotonie d\u2019une structure couplets\/refrains en milieu de morceau, ils occupent ici une fonction bien plus importante.<\/p>\n\n\n\n<div class=\"wp-block-media-text alignwide is-stacked-on-mobile\" style=\"grid-template-columns:15% auto\"><figure class=\"wp-block-media-text__media\"><img loading=\"lazy\" decoding=\"async\" width=\"881\" height=\"862\" src=\"https:\/\/blogs.univ-tlse2.fr\/scemuto\/files\/2023\/01\/star1-1.png\" alt=\"\" class=\"wp-image-1592 size-full\" srcset=\"https:\/\/blogs.univ-tlse2.fr\/scemuto\/files\/2023\/01\/star1-1.png 881w, https:\/\/blogs.univ-tlse2.fr\/scemuto\/files\/2023\/01\/star1-1-300x294.png 300w, https:\/\/blogs.univ-tlse2.fr\/scemuto\/files\/2023\/01\/star1-1-768x751.png 768w\" sizes=\"auto, (max-width: 881px) 100vw, 881px\" \/><\/figure><div class=\"wp-block-media-text__content\">\n<p>Les ponts permettent d\u2019installer des climats dans lesquels on ressent une tension extr\u00eame sous-jacente, une rage contenue qui gronde et dont on sent bien qu\u2019elle ne restera pas sous contr\u00f4le mais finira par d\u00e9border et s\u2019exprimer.<\/p>\n<\/div><\/div>\n\n\n\n<p>Ces ponts permettent donc d\u2019installer des univers dans lesquels va se d\u00e9velopper un terrain propice \u00e0 l\u2019explosion de la fureur. Cette rage n\u2019est pas uniquement expos\u00e9e dans son \u00e9tat abouti mais aussi dans le contexte qui la nourrit. La fonction de ces longs passages est aussi diff\u00e9rentes de ceux que l\u2019on peut trouver dans le rock progressif. En effet les longs passages dans le rock progressif permettent de donner un espace aux instrumentistes pour exprimer une certaine virtuosit\u00e9 technique avec de long solos. Ce n\u2019est pas le cas chez <strong>Underground Therapy<\/strong>. Ils servent ici \u00e0 d\u00e9velopper des climats par le jeu de l\u2019instrumentation et des arrangements avec l\u2019introduction de notes conjointes \u00e0 la guitare qui apportent de la tension, avec une technique de voix chuchot\u00e9e qui laisse pr\u00e9sager la fureur \u00e0 venir\u2026<\/p>\n\n\n\n<p>Prenons un exemple avec le morceau <em>Lighter<\/em>.<\/p>\n\n\n\n<hr class=\"wp-block-separator has-alpha-channel-opacity\" \/>\n\n\n\n<h4 class=\"wp-block-heading has-text-align-center\"><strong><em>Lighter &#8211; Analyse<\/em><\/strong><\/h4>\n\n\n\n<figure class=\"wp-block-embed is-type-video is-provider-youtube wp-block-embed-youtube wp-embed-aspect-16-9 wp-has-aspect-ratio\"><div class=\"wp-block-embed__wrapper\">\n<iframe loading=\"lazy\" title=\"UNDERGROUND THERAPY \u2013 Lighter [Official Video]\" width=\"500\" height=\"281\" src=\"https:\/\/www.youtube.com\/embed\/HKCogFr_Rn0?feature=oembed\" frameborder=\"0\" allow=\"accelerometer; autoplay; clipboard-write; encrypted-media; gyroscope; picture-in-picture; web-share\" referrerpolicy=\"strict-origin-when-cross-origin\" allowfullscreen><\/iframe>\n<\/div><\/figure>\n\n\n\n<p>La basse est souvent jou\u00e9e au m\u00e9diator avec un son assez compress\u00e9 et une distorsion. La guitare alterne entre un son clair avec une longue r\u00e9verb et un son satur\u00e9 (disto\/overdrive)<\/p>\n\n\n\n<p>Intro&nbsp;: \u2013) 0,20 2 cycles de 4 mesures<\/p>\n\n\n\n<p>L\u2019intro permet de mettre en place la progression d\u2019accords sur 4 mesures (4\/4) utilis\u00e9e sur les couplets.<\/p>\n\n\n\n<p>1 cycle = C \/ C \/ B<em>b<\/em> \/ F<\/p>\n\n\n\n<p>Un riff de basse sur 2 mesures de Do avec un son satur\u00e9 en mode mixolydien.<\/p>\n\n\n\n<p>La guitare r\u00e9pond en accords (Si b et Fa) avec un son satur\u00e9 avec un jeu de cymbales \u00e0 la batterie.<\/p>\n\n\n\n<p>La batterie entre sur la 3\u00b0 mesure.<\/p>\n\n\n\n<p>Couplet 1&nbsp;: \u2013) 0,47 M\u00eame grille que l\u2019intro&nbsp;; 4 cycles de 4 mesures.<\/p>\n\n\n\n<p>La ligne de basse est quasiment identique.<\/p>\n\n\n\n<p>La guitare passe en son clair sur des ponctuations d\u2019accords construits avec des notes conjointes (cordes pinc\u00e9es)<\/p>\n\n\n\n<p>Une mont\u00e9e chromatique dans les aigu\u00ebs sur la derni\u00e8re mesure du couplet pour amener le refrain.<\/p>\n\n\n\n<p>Refrain&nbsp;: \u2013) 1,12<\/p>\n\n\n\n<p>Grille&nbsp;; F G \/ A<em>b<\/em> B<em>b<\/em> \/ E<em>b<\/em> \/ D \/ x3<\/p>\n\n\n\n<p>D \/ D \/<\/p>\n\n\n\n<p>Basse et guitare occupent une fonction rythmique et harmonique (jeu en accords pleine puissance et son disto sur la guitare)<\/p>\n\n\n\n<p>Le chant est satur\u00e9.<\/p>\n\n\n\n<p>Intro&nbsp;: \u2013) 1,26<\/p>\n\n\n\n<p>Couplet 2&nbsp;: \u2013) 1,52<\/p>\n\n\n\n<p>M\u00eame principe que le couplet 1<\/p>\n\n\n\n<p>Seul l\u2019accompagnement de la guitare diff\u00e8re. Toujours en son clair, il n\u2019y a plus d\u2019accords en cordes pinc\u00e9es mais un phras\u00e9 sur 2 notes aig\u00fces.<\/p>\n\n\n\n<p>Refrain&nbsp;: \u2013) 2,18<\/p>\n\n\n\n<p>Ce refrain s\u2019ach\u00e8ve avec un marquage (caisse claire) sur le 3\u00b0 temps de la derni\u00e8re mesure pour introduire le pont suivant.<\/p>\n\n\n\n<p>Pont&nbsp;: \u2013) 4,00<\/p>\n\n\n\n<p>Ce pont est construit sur un accord de <em>R\u00e9<\/em> jusqu\u2019\u00e0 la fin avec une progression qui ne cesse de monter en intensit\u00e9. Le d\u00e9veloppement est bas\u00e9 sur la mise en place rythmique (5\u00b0 et 6\u00b0 phase) et l\u2019instrumentation (1\u00b0 \u00e0 4\u00b0 phase). <\/p>\n\n\n\n<p>On peut distinguer 6 phases dans cette progression :<\/p>\n\n\n\n<ol class=\"wp-block-list\">\n<li>Sur 4 mesures, seule la basse reprend avec un son hyper satur\u00e9 dans les graves. Un riff simple, fondamentale jou\u00e9e sur 1\u00b0 et 2\u00b0 temps de chaque mesure.<\/li>\n\n\n\n<li>4 cycles de 4 mesures. Entr\u00e9e de la guitare avec un phras\u00e9 assez \u00e9pur\u00e9 (laisse sonner les notes) en son l\u00e9g\u00e8rement satur\u00e9 trait\u00e9 avec une longue r\u00e9verb. Entr\u00e9e aussi de la grosse caisse et de la ride.<\/li>\n\n\n\n<li>2 cycles de 4 mesures. Riff de basse plus fourni avec un effet type harmoniseur qui donne l\u2019impression qu\u2019il y a une 2\u00b0 guitare. Rythme complet avec caisse claire. Reprise du chant avec une voix satur\u00e9e.<\/li>\n\n\n\n<li>2 cycles de 4 mesures. Pause de la voix. Guitare identique \u00e0 la phase pr\u00e9c\u00e9dente. Le riff de basse se transforme pour amener la phase de d\u00e9veloppement suivante. Break sur le 3\u00b0 temps de la derni\u00e8re mesure.<\/li>\n\n\n\n<li>2 cycles de 4 mesures. Riff de guitare (overdrive) en accords sur la figure du riff de basse. Pleine puissance de la batterie avec une ride bien pr\u00e9sente en soutien. Reprise du chant. Marquages r\u00e9alis\u00e9s sur le 3+ temps de la derni\u00e8re mesure du cycle. La guitare r\u00e9pond avec un riff identique au break pr\u00e9c\u00e9dent.<\/li>\n\n\n\n<li>2 cycles de 4 mesures. Instrumentation toujours en pleine puissance. Marquage sur le 1\u00b0 temps du cycle.<\/li>\n<\/ol>\n\n\n\n<figure class=\"wp-block-image aligncenter size-full is-resized\"><img loading=\"lazy\" decoding=\"async\" src=\"https:\/\/blogs.univ-tlse2.fr\/scemuto\/files\/2023\/01\/star1-5.png\" alt=\"\" class=\"wp-image-1596\" width=\"63\" height=\"62\" srcset=\"https:\/\/blogs.univ-tlse2.fr\/scemuto\/files\/2023\/01\/star1-5.png 881w, https:\/\/blogs.univ-tlse2.fr\/scemuto\/files\/2023\/01\/star1-5-300x294.png 300w, https:\/\/blogs.univ-tlse2.fr\/scemuto\/files\/2023\/01\/star1-5-150x150.png 150w, https:\/\/blogs.univ-tlse2.fr\/scemuto\/files\/2023\/01\/star1-5-768x751.png 768w\" sizes=\"auto, (max-width: 63px) 100vw, 63px\" \/><\/figure>\n\n\n\n<hr class=\"wp-block-separator has-alpha-channel-opacity\" \/>\n\n\n\n<p><em>Une page et un entretien pr\u00e9par\u00e9s et r\u00e9alis\u00e9s par Thierry Cestac, Denise Mejia Camacho, Leontine Pragn\u00e8re et Fantin Valance<\/em><\/p>\n","protected":false},"excerpt":{"rendered":"<p>Biographie Underground Therapy est un groupe n\u00e9 2016, il est actuellement compos\u00e9 de quatre membres&nbsp;: Sarah au chant, Anthony \u00e0 la basse, Corentin \u00e0 la batterie, et Tom \u00e0 la guitare. Leur dernier EP Fire Back sorti en septembre 2022 va \u00eatre l\u2019objet principal de nos analyses. De multiples influences sont \u00e0 l&rsquo;origine du groupe. [&hellip;]<\/p>\n","protected":false},"author":1127,"featured_media":0,"parent":29,"menu_order":0,"comment_status":"closed","ping_status":"closed","template":"","meta":{"footnotes":""},"class_list":["post-1384","page","type-page","status-publish","hentry"],"_links":{"self":[{"href":"https:\/\/blogs.univ-tlse2.fr\/scemuto\/wp-json\/wp\/v2\/pages\/1384","targetHints":{"allow":["GET"]}}],"collection":[{"href":"https:\/\/blogs.univ-tlse2.fr\/scemuto\/wp-json\/wp\/v2\/pages"}],"about":[{"href":"https:\/\/blogs.univ-tlse2.fr\/scemuto\/wp-json\/wp\/v2\/types\/page"}],"author":[{"embeddable":true,"href":"https:\/\/blogs.univ-tlse2.fr\/scemuto\/wp-json\/wp\/v2\/users\/1127"}],"replies":[{"embeddable":true,"href":"https:\/\/blogs.univ-tlse2.fr\/scemuto\/wp-json\/wp\/v2\/comments?post=1384"}],"version-history":[{"count":8,"href":"https:\/\/blogs.univ-tlse2.fr\/scemuto\/wp-json\/wp\/v2\/pages\/1384\/revisions"}],"predecessor-version":[{"id":2041,"href":"https:\/\/blogs.univ-tlse2.fr\/scemuto\/wp-json\/wp\/v2\/pages\/1384\/revisions\/2041"}],"up":[{"embeddable":true,"href":"https:\/\/blogs.univ-tlse2.fr\/scemuto\/wp-json\/wp\/v2\/pages\/29"}],"wp:attachment":[{"href":"https:\/\/blogs.univ-tlse2.fr\/scemuto\/wp-json\/wp\/v2\/media?parent=1384"}],"curies":[{"name":"wp","href":"https:\/\/api.w.org\/{rel}","templated":true}]}}