 {"id":1394,"date":"2023-09-16T10:12:37","date_gmt":"2023-09-16T08:12:37","guid":{"rendered":"https:\/\/blogs.univ-tlse2.fr\/scemuto\/?page_id=1394"},"modified":"2023-09-16T10:12:37","modified_gmt":"2023-09-16T08:12:37","slug":"funky-style-brass-15","status":"publish","type":"page","link":"https:\/\/blogs.univ-tlse2.fr\/scemuto\/artistes-et-albums\/funky-style-brass-15\/","title":{"rendered":"Funky Style Brass &#8211; 15"},"content":{"rendered":"\n<div class=\"wp-block-cover alignfull has-parallax\" style=\"min-height:655px;aspect-ratio:unset;\"><span aria-hidden=\"true\" class=\"wp-block-cover__background has-foreground-background-color has-background-dim\"><\/span><div role=\"img\" class=\"wp-block-cover__image-background wp-image-1395 has-parallax\" style=\"background-position:50% 50%;background-image:url(https:\/\/blogs.univ-tlse2.fr\/scemuto\/files\/2022\/11\/Funky-Style-Brass-3.jpg)\"><\/div><div class=\"wp-block-cover__inner-container is-layout-flow wp-block-cover-is-layout-flow\">\n<h1 class=\"wp-block-heading has-background-color has-text-color\" style=\"font-style:normal;font-weight:900\"><strong>Funky Style Brass<\/strong><\/h1>\n<\/div><\/div>\n\n\n\n<div class=\"wp-block-group alignfull is-content-justification-left is-nowrap is-layout-flex wp-container-core-group-is-layout-fc9f69e7 wp-block-group-is-layout-flex\">\n<div class=\"wp-block-group is-layout-flow wp-block-group-is-layout-flow\">\n<div class=\"wp-block-group is-layout-flow wp-block-group-is-layout-flow\">\n<p>Le Funky Style Brass est un groupe aux inspirations tr\u00e8s vari\u00e9es, compos\u00e9 de nombreux membres :<\/p>\n\n\n\n<p>Une section \u201csoufflants\u201d form\u00e9e par Bastien Maury au sax alto, D\u00e9mis Delatie au sax t\u00e9nor, Guillaume Ceretto au trombone, Florian Saubois au soubassophone, puis Patxi Jean De Dieux et Guilhem Leblanc aux trompettes, et une section plus rythmique qui compte Mikael Torren \u00e0 la batterie, Fabien Versavel au Piano et Lory Delatie qui g\u00e8re le chant, le clavier en plus de la guitare et des effets.<\/p>\n\n\n\n<p>La cr\u00e9ation du groupe date de 2005, initi\u00e9e par 9 membres du Conservatoire r\u00e9gional de Toulouse. Leur recette musicale est le r\u00e9sultat de leur ma\u00eetrise acquise au conservatoire, ajout\u00e9e \u00e0 leur folie. Avec des paroles profondes et ironiques telles que dans&nbsp;<em>La thune avant l\u2019art<\/em> ou bien encore <em>Le rasta chauve<\/em> accompagn\u00e9es d\u2019une musique tr\u00e8s festive et d\u2019un show sc\u00e9nique original, le Funky est reconnu pour sa folie communicative ainsi que pour son talent \u00e0 la fois musical et sc\u00e9nique. Le groupe s&rsquo;est impos\u00e9 en France comme une des r\u00e9f\u00e9rences des groupes de fanfares. Leur \u00e9volution est telle qu\u2019Ils ont commenc\u00e9 en jouant des reprises ou r\u00e9arrangements dans la rue, et se produisent aujourd\u2019hui sur les grandes sc\u00e8nes des festivals europ\u00e9ens.&nbsp;Au cours de leur parcours ils enregistrent 5 albums studio entre 2010 et 2019, avant de sortir par financement participatif l&rsquo;album live <strong>15<\/strong> en r\u00e9f\u00e9rence \u00e0 l&rsquo;\u00e2ge du groupe, qui r\u00e9unit 13 de leurs titres les plus populaires,&nbsp;en gardant toutefois une place \u00e0 l\u2019improvisation. C&rsquo;est un concert d\u00e9crit par deux commentateurs qui vont intervenir r\u00e9guli\u00e8rement dans les morceaux, souvent avec humour.<\/p>\n<\/div>\n<\/div>\n\n\n\n<figure class=\"wp-block-image size-full is-resized\"><img loading=\"lazy\" decoding=\"async\" src=\"https:\/\/blogs.univ-tlse2.fr\/scemuto\/files\/2022\/11\/pochette-4.jpg\" alt=\"\" class=\"wp-image-1410\" width=\"280\" height=\"280\" srcset=\"https:\/\/blogs.univ-tlse2.fr\/scemuto\/files\/2022\/11\/pochette-4.jpg 640w, https:\/\/blogs.univ-tlse2.fr\/scemuto\/files\/2022\/11\/pochette-4-300x300.jpg 300w, https:\/\/blogs.univ-tlse2.fr\/scemuto\/files\/2022\/11\/pochette-4-150x150.jpg 150w\" sizes=\"auto, (max-width: 280px) 100vw, 280px\" \/><\/figure>\n<\/div>\n\n\n\n<hr class=\"wp-block-separator has-alpha-channel-opacity\" \/>\n\n\n\n<div class=\"wp-block-group is-layout-constrained wp-block-group-is-layout-constrained\">\n<div class=\"wp-block-group is-content-justification-center is-nowrap is-layout-flex wp-container-core-group-is-layout-23441af8 wp-block-group-is-layout-flex\">\n<figure class=\"wp-block-image size-full is-resized\"><a href=\"https:\/\/open.spotify.com\/album\/1sERVlGInDf7d0yT6PofZl\"><img loading=\"lazy\" decoding=\"async\" src=\"https:\/\/blogs.univ-tlse2.fr\/scemuto\/files\/2022\/12\/Sp.png\" alt=\"\" class=\"wp-image-1446\" width=\"136\" height=\"136\" srcset=\"https:\/\/blogs.univ-tlse2.fr\/scemuto\/files\/2022\/12\/Sp.png 512w, https:\/\/blogs.univ-tlse2.fr\/scemuto\/files\/2022\/12\/Sp-300x300.png 300w, https:\/\/blogs.univ-tlse2.fr\/scemuto\/files\/2022\/12\/Sp-150x150.png 150w\" sizes=\"auto, (max-width: 136px) 100vw, 136px\" \/><\/a><\/figure>\n\n\n\n<ol class=\"wp-block-list\">\n<li><strong><em>Pr\u00e9sentation<\/em><\/strong><\/li>\n\n\n\n<li><strong><em>Aquo Groovat<\/em><\/strong><\/li>\n\n\n\n<li><strong><em>Ragga des Chasseurs<\/em><\/strong><\/li>\n\n\n\n<li><strong><em>Reggae de la Guariguette<\/em><\/strong><\/li>\n\n\n\n<li><strong><em>Master Galeti<\/em><\/strong><\/li>\n\n\n\n<li><strong><em>O\u00f9 sont les cougars ?<\/em><\/strong><\/li>\n\n\n\n<li><strong><em>La thune avant l&rsquo;art<\/em><\/strong><\/li>\n\n\n\n<li><strong><em>Zouk de gros<\/em><\/strong><\/li>\n\n\n\n<li><strong><em>Je peux pas la lire<\/em><\/strong><\/li>\n\n\n\n<li><strong><em>Toute la nuit<\/em><\/strong><\/li>\n\n\n\n<li><strong><em>Le rasta chauve<\/em><\/strong><\/li>\n\n\n\n<li><strong><em>Daube aux c\u00e8pes<\/em><\/strong><\/li>\n\n\n\n<li><strong><em>Tito Groov\u00e9<\/em><\/strong><\/li>\n\n\n\n<li><strong><em>Qui c&rsquo;est qui veut de Reggaeton ? <\/em><\/strong><\/li>\n<\/ol>\n\n\n\n<figure class=\"wp-block-image is-resized\"><a href=\"https:\/\/www.youtube.com\/watch?v=nKtifKMH2E0&amp;list=OLAK5uy_mD3T5oyxzu1ILNPHWp3IBtmmXngco7nZo\"><img loading=\"lazy\" decoding=\"async\" src=\"https:\/\/blogs.univ-tlse2.fr\/scemuto\/files\/2022\/12\/YT-1.png\" alt=\"\" class=\"wp-image-1445\" width=\"132\" height=\"132\" srcset=\"https:\/\/blogs.univ-tlse2.fr\/scemuto\/files\/2022\/12\/YT-1.png 512w, https:\/\/blogs.univ-tlse2.fr\/scemuto\/files\/2022\/12\/YT-1-300x300.png 300w, https:\/\/blogs.univ-tlse2.fr\/scemuto\/files\/2022\/12\/YT-1-150x150.png 150w\" sizes=\"auto, (max-width: 132px) 100vw, 132px\" \/><\/a><\/figure>\n<\/div>\n<\/div>\n\n\n\n<hr class=\"wp-block-separator has-css-opacity\" \/>\n\n\n\n<div class=\"wp-block-group alignfull is-layout-flow wp-block-group-is-layout-flow\">\n<h4 class=\"wp-block-heading has-text-align-center\"><strong><em>L&rsquo;interview du groupe<\/em><\/strong><\/h4>\n\n\n\n<figure class=\"wp-block-embed is-type-video is-provider-youtube wp-block-embed-youtube wp-embed-aspect-16-9 wp-has-aspect-ratio\"><div class=\"wp-block-embed__wrapper\">\n<iframe loading=\"lazy\" title=\"Un entretien avec le Funky Style Brass\" width=\"500\" height=\"281\" src=\"https:\/\/www.youtube.com\/embed\/4ivDkP3DwFk?feature=oembed\" frameborder=\"0\" allow=\"accelerometer; autoplay; clipboard-write; encrypted-media; gyroscope; picture-in-picture; web-share\" referrerpolicy=\"strict-origin-when-cross-origin\" allowfullscreen><\/iframe>\n<\/div><\/figure>\n\n\n\n<p class=\"has-small-font-size\" style=\"line-height:1\"><em>Interview r\u00e9alis\u00e9e par Ninon Lacl\u00e8de, M\u00e9lodie Bardollet, Jane Bardin, Djivann Ostrowska et Elysa Karamann<\/em><\/p>\n\n\n\n<hr class=\"wp-block-separator has-text-color has-cyan-bluish-gray-color has-alpha-channel-opacity has-cyan-bluish-gray-background-color has-background is-style-default\" \/>\n\n\n\n<h4 class=\"wp-block-heading has-text-align-center\"><strong><em>L&rsquo;aspect instrumental<\/em><\/strong><\/h4>\n\n\n\n<p class=\"has-text-align-center\"><em><strong>Une instrumentation<\/strong><\/em> <strong><em>tr\u00e8s<\/em><\/strong> <strong><em>riche et \u00ab\u00a0ouverte\u00a0\u00bb<\/em><\/strong><\/p>\n\n\n\n<div class=\"wp-block-group is-nowrap is-layout-flex wp-container-core-group-is-layout-6c531013 wp-block-group-is-layout-flex\">\n<figure class=\"wp-block-image size-full has-custom-border wp-duotone-000000-ffffff-1\"><img loading=\"lazy\" decoding=\"async\" width=\"1536\" height=\"865\" src=\"https:\/\/blogs.univ-tlse2.fr\/scemuto\/files\/2023\/01\/synthe.jpg\" alt=\"\" class=\"wp-image-1486\" style=\"border-style:none;border-width:0px;border-radius:12px\" srcset=\"https:\/\/blogs.univ-tlse2.fr\/scemuto\/files\/2023\/01\/synthe.jpg 1536w, https:\/\/blogs.univ-tlse2.fr\/scemuto\/files\/2023\/01\/synthe-300x169.jpg 300w, https:\/\/blogs.univ-tlse2.fr\/scemuto\/files\/2023\/01\/synthe-1024x577.jpg 1024w, https:\/\/blogs.univ-tlse2.fr\/scemuto\/files\/2023\/01\/synthe-768x433.jpg 768w\" sizes=\"auto, (max-width: 1536px) 100vw, 1536px\" \/><\/figure>\n\n\n\n<p>Tout d\u2019abord il est important de noter que le Funky Style Brass est une fanfare ou un \u00ab\u00a0Brass Band\u00a0\u00bb, comme son nom le laisse deviner. C\u2019est-\u00e0-dire que son instrumentation va diff\u00e9rer d\u2019autres ensembles dont la constitution est pr\u00e9d\u00e9finie (trio, quatuor, etc) et va \u00eatre amen\u00e9e \u00e0 varier, en fonction des inspirations que le groupe va utiliser et notamment gr\u00e2ce au synth\u00e9 et ses multiples effets qui leur ouvrent les portes sur une immense vari\u00e9t\u00e9 de styles. Par exemple, dans la version studio du morceau <em>Qui c\u2019est qui veut de reggaeton?<\/em> , le synth\u00e9 emploie un son d&rsquo;accord\u00e9on, dans <em>La Thune Avant L\u2019Art<\/em>, le synth\u00e9 fait l\u2019introduction avec un son de clavecin puis est doubl\u00e9 par un pad de violon, dans cette situation il est en tant qu\u2019accompagnateur. Dans <em>Tito groov\u00e9 <\/em>le synth\u00e9 s\u2019occupe de la basse durant la majorit\u00e9 du morceau et il est rejoint au moment des refrains par le sousaphone. Ces sons \u00ab\u00a0externes\u00a0\u00bb aux brass band sont une part importante de ce qui permet au spectateur d&rsquo;identifier le genre cibl\u00e9 par le groupe.<\/p>\n<\/div>\n\n\n\n<p>De sont c\u00f4t\u00e9 la guitare permet, au m\u00eame titre que le clavier, d\u2019avoir diff\u00e9rents types de sons gr\u00e2ce aux effets. Pour donner un exemple, dans <em>Daube aux c\u00e8pes <\/em>la guitare utilise de la wah-wah pour avoir une sonorit\u00e9 plus dub. Mais c\u2019est aussi et surtout un instrument pr\u00e9sent dans la grande majorit\u00e9 des styles musicaux, ce qui en fait un \u00e9l\u00e9ment cl\u00e9 de la polyvalence du groupe. <\/p>\n\n\n\n<p>Les voix sont \u00e9galement tr\u00e8s pr\u00e9sentes, principalement dans le registre grave et sont un autre \u00e9l\u00e9ment important dans la diversit\u00e9. Les chanteurs peuvent passer d\u2019une voix chant\u00e9e comme dans <em>Ragga des chasseurs <\/em>avec une intonation propre au ragga, caract\u00e9ris\u00e9e par des onomatop\u00e9es et des d\u00e9buts de phrases aigu\u00ebs, \u00e0 du hip-hop comme dans <em>La Thune Avant L\u2019art.<\/em> Cette capacit\u00e9 \u00e0 adopter plusieurs fa\u00e7ons de moduler leurs voix rend leurs compositions encore plus \u00ab\u00a0convaincantes\u00a0\u00bb et dynamiques.<\/p>\n\n\n\n<div class=\"wp-block-group is-nowrap is-layout-flex wp-container-core-group-is-layout-6c531013 wp-block-group-is-layout-flex\">\n<p>Il est aussi int\u00e9ressant de souligner que depuis la troisi\u00e8me ann\u00e9e d&rsquo;existence du groupe, il ne contient plus de guitare basse ce qui est assez rare dans la musique actuelle, car elle est ici remplac\u00e9e par le sousaphone, instrument \u00e0 vent dont le son est tr\u00e8s grave. En ce qui concerne la rythmique, on retrouve une batterie sur tous les morceaux avec occasionnellement quelques ajouts, comme sur la version studio du morceau <em>Aquo groovat<\/em> o\u00f9 l&rsquo;on entend des shakers.<\/p>\n\n\n\n<figure class=\"wp-block-image aligncenter size-full is-resized has-custom-border wp-duotone-000000-f6f6f6-2\"><img loading=\"lazy\" decoding=\"async\" src=\"https:\/\/blogs.univ-tlse2.fr\/scemuto\/files\/2023\/01\/sousaphone-1.jpg\" alt=\"\" class=\"wp-image-1487\" style=\"border-radius:26px\" width=\"323\" height=\"323\" srcset=\"https:\/\/blogs.univ-tlse2.fr\/scemuto\/files\/2023\/01\/sousaphone-1.jpg 600w, https:\/\/blogs.univ-tlse2.fr\/scemuto\/files\/2023\/01\/sousaphone-1-300x300.jpg 300w, https:\/\/blogs.univ-tlse2.fr\/scemuto\/files\/2023\/01\/sousaphone-1-150x150.jpg 150w\" sizes=\"auto, (max-width: 323px) 100vw, 323px\" \/><\/figure>\n<\/div>\n\n\n\n<p>Et enfin, les vents s&rsquo;adaptent \u00e0 chaque fois au style utilis\u00e9. Dans les morceaux funk et dubstep on retrouve une mani\u00e8re de jouer tr\u00e8s puissante, avec des accents prononc\u00e9s et un son \u00e9clatant, l\u00e0 o\u00f9 dans le reggae leur jeu est plus doux et nuanc\u00e9. Les vents sont majoritairement utilis\u00e9s pour les th\u00e8mes et assez peu en accompagnement pour conserver un aspect fanfare, mais peuvent par exemple servir \u00e0 ponctuer, avec des p\u00eaches qui vont donner plus de dynamique au morceau.&nbsp;&nbsp;<\/p>\n\n\n\n<p class=\"has-text-align-center\"><strong><em>des compositions majoritairement simples <\/em><\/strong><\/p>\n\n\n\n<p>Le FSB cr\u00e9e ses structures en fonction des besoins des morceaux, et des styles dont ils s&rsquo;inspirent. <\/p>\n\n\n\n<p>Bien que diverses, nous retrouvons tout de m\u00eame des structures assez classiques, comme: Intro, Couplet 1, Refrain, Couplet 2, Refrain, Outro, avec parfois des ponts et interludes. C\u2019est par exemple le cas des morceaux <em>La thune avant l\u2019art<\/em> et <em>Master Galeti<\/em>.<\/p>\n\n\n\n<div class=\"wp-block-group is-nowrap is-layout-flex wp-container-core-group-is-layout-6c531013 wp-block-group-is-layout-flex\">\n<figure class=\"wp-block-image size-full is-resized has-custom-border\"><img loading=\"lazy\" decoding=\"async\" src=\"https:\/\/blogs.univ-tlse2.fr\/scemuto\/files\/2023\/01\/live.jpg\" alt=\"\" class=\"wp-image-1530\" style=\"border-radius:23px\" width=\"483\" height=\"225\" srcset=\"https:\/\/blogs.univ-tlse2.fr\/scemuto\/files\/2023\/01\/live.jpg 760w, https:\/\/blogs.univ-tlse2.fr\/scemuto\/files\/2023\/01\/live-300x140.jpg 300w\" sizes=\"auto, (max-width: 483px) 100vw, 483px\" \/><figcaption class=\"wp-element-caption\">FSB en live<\/figcaption><\/figure>\n\n\n\n<p>Concr\u00e8tement, les musiques qui composent ce dernier album ont toutes \u00e9t\u00e9 enti\u00e8rement r\u00e9arrang\u00e9es pour proposer quelque chose de nouveau, une adaptation sc\u00e9nique de ce qu&rsquo;ils avaient pu enregistrer en studio au cours de leur parcours. Ce qui explique par ailleurs que cet album contient beaucoup de solos, d&rsquo;interludes avec les commentateurs du live ou d&rsquo;\u00e9changes avec le public destin\u00e9s \u00e0 surprendre et donner un sentiment de d\u00e9couverte aux auditeurs, habitu\u00e9s aux versions studios. Cependant, beaucoup de morceaux ont conserv\u00e9 cette structure \u00ab\u00a0g\u00e9n\u00e9rique\u00a0\u00bb mentionn\u00e9e plus haut, et on peut supposer que cette envie de rester sobre en terme de structure d\u00e9coule de cette envie de faire bouger les gens, de leur faire passer un bon moment. Ainsi, on peut consid\u00e9rer que le groupe n&rsquo;a pas d&rsquo;int\u00e9r\u00eat \u00e0 \u00e9crire trop compliqu\u00e9, puisqu&rsquo;il n&rsquo;en ont pas besoin pour faire danser le public.<\/p>\n<\/div>\n\n\n\n<div class=\"wp-block-group has-medium-font-size is-horizontal is-content-justification-right is-nowrap is-layout-flex wp-container-core-group-is-layout-f90b4efe wp-block-group-is-layout-flex\" style=\"padding-top:0;padding-right:0;padding-bottom:0;padding-left:0\">\n<p>De la m\u00eame mani\u00e8re, pour ce qui est des harmonies le groupe ne va pas chercher \u00e0 en faire plus que n\u00e9cessaire en ajoutant des accords complexes qui auraient plut\u00f4t tendance \u00e0 d\u00e9naturer le genre, ils vont plut\u00f4t s&rsquo;inspirer des fondamentaux du genre et y greffer leurs id\u00e9es, souvent des d\u00e9lires et privates jokes qu&rsquo;ils ont eu entre eux parfois des ann\u00e9es plus t\u00f4t. <\/p>\n\n\n\n<blockquote class=\"wp-block-quote is-layout-flow wp-block-quote-is-layout-flow\">\n<p>\u00ab\u00a0<em>On aime que ce soit pointu, mais accessible \u00e0 tous les auditeurs\u00a0\u00bb<\/em><\/p>\n<\/blockquote>\n<\/div>\n\n\n\n<hr class=\"wp-block-separator has-css-opacity\" \/>\n\n\n\n<h4 class=\"wp-block-heading has-text-align-center\">Un groupe qui \u00e9volue<\/h4>\n\n\n\n<div class=\"wp-block-group is-nowrap is-layout-flex wp-container-core-group-is-layout-6c531013 wp-block-group-is-layout-flex\">\n<p>Le FSB est un groupe qui a beaucoup \u00e9volu\u00e9 au cours de son existence. D&rsquo;abord bien s\u00fbr certains membres ont \u00e9t\u00e9 amen\u00e9s \u00e0 quitter le groupe et d&rsquo;autres \u00e0 le rejoindre, mais surtout en terme de m\u00e9thode et d&rsquo;\u00e9tat d&rsquo;esprit; au d\u00e9but le groupe n&rsquo;avait pas d&rsquo;ambitions autre qu&rsquo;explorer, s&rsquo;amuser et faire de la musique sur laquelle le public passe un bon moment, mais avec le temps le FSB s&rsquo;est professionnalis\u00e9 afin de pouvoir d&rsquo;abord proposer une musique plus pouss\u00e9e et qualitative \u00e0 son public, mais aussi parvenir \u00e0 organiser toujours plus de dates et de spectacles pour toucher le plus de monde possible. Cela se ressent particuli\u00e8rement sur leur m\u00e9thode de travail que nous d\u00e9velopperons plus tard, qui est pass\u00e9e du tout au tout au fur et \u00e0 mesure que les ambitions du Funky Style Brass grandissaient. Ainsi, ce groupe qui a commenc\u00e9 dans la rue est aujourd&rsquo;hui de plus en plus tourn\u00e9 vers la sc\u00e8ne, mais leur envie de garder une proximit\u00e9 avec leur public est toujours aussi pr\u00e9sente car c&rsquo;est ce qui fait selon ses membres vivre le groupe.<\/p>\n\n\n\n<figure class=\"wp-block-image size-full is-resized has-custom-border is-style-default\"><img loading=\"lazy\" decoding=\"async\" src=\"https:\/\/blogs.univ-tlse2.fr\/scemuto\/files\/2023\/01\/proxi-1.jpg\" alt=\"\" class=\"wp-image-1542\" style=\"border-radius:21px\" width=\"564\" height=\"318\" srcset=\"https:\/\/blogs.univ-tlse2.fr\/scemuto\/files\/2023\/01\/proxi-1.jpg 800w, https:\/\/blogs.univ-tlse2.fr\/scemuto\/files\/2023\/01\/proxi-1-300x169.jpg 300w, https:\/\/blogs.univ-tlse2.fr\/scemuto\/files\/2023\/01\/proxi-1-768x432.jpg 768w\" sizes=\"auto, (max-width: 564px) 100vw, 564px\" \/><\/figure>\n<\/div>\n\n\n\n<p class=\"has-text-align-center\"><em><strong>Un collectif tr\u00e8s h\u00e9t\u00e9roclite<\/strong><\/em><\/p>\n\n\n\n<div class=\"wp-block-group is-nowrap is-layout-flex wp-container-core-group-is-layout-6c531013 wp-block-group-is-layout-flex\">\n<p>Ce qui ressort le plus lors de l&rsquo;\u00e9coute de cet album est la grande diversit\u00e9 de genres utilis\u00e9s, on va du funk au reggae en passant par le rap. Cette diversit\u00e9 s&rsquo;explique notamment par les \u00e9carts g\u00e9n\u00e9rationnels entre les membres du groupe, qui n&rsquo;ont pas eu la m\u00eame \u00e9ducation et n&rsquo;ont pas grandi avec les m\u00eames musiques et artistes. Ainsi, lors du processus de composition chacun ram\u00e8ne ses id\u00e9es, ce qu&rsquo;il a envie de jouer et le groupe compose autour de \u00e7a en ayant des r\u00f4les plus ou moins attribu\u00e9s en fonction de leurs instruments et domaines.<\/p>\n\n\n\n<blockquote class=\"wp-block-quote is-layout-flow wp-block-quote-is-layout-flow\">\n<p><em>\u00ab\u00a0On est 9, on a \u00e0 peu pr\u00e8s 15 ans d&rsquo;\u00e9cart entre le plus jeune et le plus \u00e2g\u00e9\u00a0\u00bb<\/em><\/p>\n<\/blockquote>\n<\/div>\n<\/div>\n\n\n\n<hr class=\"wp-block-separator has-css-opacity\" \/>\n\n\n\n<div class=\"wp-block-group alignfull is-layout-flow wp-block-group-is-layout-flow\">\n<h4 class=\"wp-block-heading has-text-align-center\"><em><strong>Funky Style Brass : un groupe tourn\u00e9 vers le live<\/strong><\/em><\/h4>\n\n\n\n<p>Le Funky Style Brass, on l\u2019a bien compris a toujours \u00e9t\u00e9 beaucoup tourn\u00e9 vers son public, mais surtout dans leur exp\u00e9rience live. Ils ont d\u00e9but\u00e9 en donnant des concerts de rue, certainement la base de leur lien avec le public. Le groupe est reconnu pour leur concerts festifs et hauts en couleur. Au fil des ann\u00e9es, ils ont pu monter une sc\u00e9nographie \u00e0 l\u2019image de leur fanfare : d\u00e9jant\u00e9e.&nbsp;On peut par exemple s\u2019attarder sur leur costumes:&nbsp; des couleurs vives, un style sans \u00e9gal, une prise au s\u00e9rieux proche du degr\u00e9 z\u00e9ro.<\/p>\n\n\n\n<figure class=\"wp-block-image aligncenter size-large is-resized has-custom-border\"><img loading=\"lazy\" decoding=\"async\" src=\"https:\/\/blogs.univ-tlse2.fr\/scemuto\/files\/2023\/01\/FSB_2021-9-edited.jpg\" alt=\"\" class=\"wp-image-1546\" style=\"border-radius:38px\" width=\"479\" height=\"358\" srcset=\"https:\/\/blogs.univ-tlse2.fr\/scemuto\/files\/2023\/01\/FSB_2021-9-edited.jpg 1440w, https:\/\/blogs.univ-tlse2.fr\/scemuto\/files\/2023\/01\/FSB_2021-9-edited-300x225.jpg 300w, https:\/\/blogs.univ-tlse2.fr\/scemuto\/files\/2023\/01\/FSB_2021-9-edited-1024x768.jpg 1024w, https:\/\/blogs.univ-tlse2.fr\/scemuto\/files\/2023\/01\/FSB_2021-9-edited-768x576.jpg 768w\" sizes=\"auto, (max-width: 479px) 100vw, 479px\" \/><\/figure>\n\n\n\n<p>Mais ce qui est bel et bien la preuve que pour le Funky, le plus important c\u2019est le live, c\u2019est bien leur dernier album pour f\u00eater les 15 ans du groupe. On peut litt\u00e9ralement assister \u00e0 l\u2019un de leur concerts avec des commentaires en direct pour bien comprendre ce qu\u2019il se passe sur sc\u00e8ne.&nbsp;<\/p>\n\n\n\n<p>Sur la grande majorit\u00e9 de leurs morceaux, il y a une grande partie d\u00e9di\u00e9e \u00e0 inclure le public \u00e0 leur musique. Comme nous l\u2019avons d\u00e9j\u00e0 vu, ils ont modifi\u00e9 leurs structures pour pouvoir amuser le spectateur et leur faire vivre un moment festif. Lors des quelques 7 ou 8 concerts qui ont \u00e9t\u00e9 enregistr\u00e9s afin d&rsquo;avoir du surplus \u00ab\u00a0au cas o\u00f9 ils massacrent un morceau\u00a0\u00bb, la prise de son a m\u00eame \u00e9t\u00e9 pens\u00e9e de mani\u00e8re \u00e0 bien entendre le public qui interagit avec les musiciens.&nbsp;<\/p>\n\n\n\n<p>Alors oui, pour le Funky Style Brass, le public est important, il ne faut pas l\u2019oublier, c\u2019est bien leurs auditeurs qui ont financ\u00e9s leur dernier album. Ces artistes toulousains ne sont pas dans la demi-mesure, avec plus de 20 concerts donn\u00e9s depuis juin 2022, le Funky vient \u00e0 la rencontre de leur public dans une tourn\u00e9e partout en France.<\/p>\n\n\n\n<hr class=\"wp-block-separator has-alpha-channel-opacity\" \/>\n\n\n\n<h4 class=\"wp-block-heading has-text-align-center\">Bonus<\/h4>\n\n\n\n<p>Pour les curieux.se qui s&rsquo;interrogent sur les proc\u00e9d\u00e9s de composition et d&rsquo;\u00e9criture du groupe, cette section est faite pour vous. Ces questions-r\u00e9ponses r\u00e9arrang\u00e9es sont issues des passages coup\u00e9s de l\u2019interview.<\/p>\n\n\n\n<h5 class=\"wp-block-heading\">Comment le groupe compose-t-il ?<\/h5>\n\n\n\n<p>Depuis trois ans, le groupe a instaur\u00e9 une r\u00e9sidence annuelle de composition o\u00f9 ils se retrouvent dans un lieu pour composer, \u00e9changer sur les derni\u00e8res trouvailles de chacun et r\u00e9fl\u00e9chir sur les perspectives d\u2019\u00e9volution du groupe.<\/p>\n\n\n\n<hr class=\"wp-block-separator has-alpha-channel-opacity\" \/>\n\n\n\n<h5 class=\"wp-block-heading\">Comment le groupe s&rsquo;enregistre-t-il ?<\/h5>\n\n\n\n<p>Le Funky Style Brass est \u00e9videmment \u00e9quip\u00e9 de supports d\u2019enregistrement moderne (Home Studio), de plug-ins pour la batterie, de postes avec enceintes.<\/p>\n\n\n\n<p>De plus, Lorie Delatie (chant\/guitare\/effets) le fr\u00e8re de D\u00e9mis a toujours \u00e9t\u00e9 cal\u00e9 en techniques d\u2019enregistrement, il poss\u00e8de son Home Studio et il est maintenant professionnel.<\/p>\n\n\n\n<p>Tout ce mat\u00e9riel leur permet de cr\u00e9er des maquettes des plus qualitatives.<\/p>\n\n\n\n<p>Ils font tout de m\u00eame la \u201cversion studio\u201d en studio!<\/p>\n\n\n\n<hr class=\"wp-block-separator has-alpha-channel-opacity\" \/>\n\n\n\n<h5 class=\"wp-block-heading\">Comment se retrouvent-ils entre le monde classique de leurs d\u00e9buts au conservatoire et cette vision plus nouvelle de la musique, avec la MAO (Musique Assist\u00e9e par Ordinateur), l\u2019utilisation de logiciel, le mix?<\/h5>\n\n\n\n<p>C\u00f4t\u00e9 MAO, logiciel et mix, ils ont b\u00e9n\u00e9fici\u00e9 des comp\u00e9tences techniques et du mat\u00e9riel de Lorie Delatie.<\/p>\n\n\n\n<p>Les partitions quant \u00e0 elles, ont mis du temps \u00e0 se professionnaliser.<\/p>\n\n\n\n<p>L\u2019\u00e9dition des partitions a \u00e9volu\u00e9 avec les ann\u00e9es en parall\u00e8le avec le niveau et le r\u00e9pertoire de plus en plus \u00e9crit du groupe.<\/p>\n\n\n\n<p>Ils pr\u00f4nent une musique qui fait des ponts entre les styles et les \u00e9poques, l\u2019utilisation intelligente des diff\u00e9rents outils du musicien professionnel est indispensable pour eux (partitions, maquettes audio, plug-ins, effets de panoramisation et du mix).<\/p>\n\n\n\n<h6 class=\"wp-block-heading alignwide has-text-align-right has-small-font-size\" style=\"font-style:italic;font-weight:400;text-transform:capitalize\">R\u00e9daction du site : Jane Bardin, Cl\u00e9ment Mousquey et Antonin Orliac <\/h6>\n<\/div>\n","protected":false},"excerpt":{"rendered":"<p>Le Funky Style Brass est un groupe aux inspirations tr\u00e8s vari\u00e9es, compos\u00e9 de nombreux membres : Une section \u201csoufflants\u201d form\u00e9e par Bastien Maury au sax alto, D\u00e9mis Delatie au sax t\u00e9nor, Guillaume Ceretto au trombone, Florian Saubois au soubassophone, puis Patxi Jean De Dieux et Guilhem Leblanc aux trompettes, et une section plus rythmique qui [&hellip;]<\/p>\n","protected":false},"author":1201,"featured_media":0,"parent":29,"menu_order":0,"comment_status":"closed","ping_status":"closed","template":"","meta":{"footnotes":""},"class_list":["post-1394","page","type-page","status-publish","hentry"],"_links":{"self":[{"href":"https:\/\/blogs.univ-tlse2.fr\/scemuto\/wp-json\/wp\/v2\/pages\/1394","targetHints":{"allow":["GET"]}}],"collection":[{"href":"https:\/\/blogs.univ-tlse2.fr\/scemuto\/wp-json\/wp\/v2\/pages"}],"about":[{"href":"https:\/\/blogs.univ-tlse2.fr\/scemuto\/wp-json\/wp\/v2\/types\/page"}],"author":[{"embeddable":true,"href":"https:\/\/blogs.univ-tlse2.fr\/scemuto\/wp-json\/wp\/v2\/users\/1201"}],"replies":[{"embeddable":true,"href":"https:\/\/blogs.univ-tlse2.fr\/scemuto\/wp-json\/wp\/v2\/comments?post=1394"}],"version-history":[{"count":41,"href":"https:\/\/blogs.univ-tlse2.fr\/scemuto\/wp-json\/wp\/v2\/pages\/1394\/revisions"}],"predecessor-version":[{"id":1991,"href":"https:\/\/blogs.univ-tlse2.fr\/scemuto\/wp-json\/wp\/v2\/pages\/1394\/revisions\/1991"}],"up":[{"embeddable":true,"href":"https:\/\/blogs.univ-tlse2.fr\/scemuto\/wp-json\/wp\/v2\/pages\/29"}],"wp:attachment":[{"href":"https:\/\/blogs.univ-tlse2.fr\/scemuto\/wp-json\/wp\/v2\/media?parent=1394"}],"curies":[{"name":"wp","href":"https:\/\/api.w.org\/{rel}","templated":true}]}}