 {"id":1415,"date":"2023-06-09T17:40:02","date_gmt":"2023-06-09T15:40:02","guid":{"rendered":"https:\/\/blogs.univ-tlse2.fr\/scemuto\/?page_id=1415"},"modified":"2023-09-16T11:10:17","modified_gmt":"2023-09-16T09:10:17","slug":"jims-prophecy","status":"publish","type":"page","link":"https:\/\/blogs.univ-tlse2.fr\/scemuto\/autres-acteur-rice-s\/jims-prophecy\/","title":{"rendered":"JIM&rsquo;S Prophecy"},"content":{"rendered":"\n<div class=\"wp-block-cover is-light\"><span aria-hidden=\"true\" class=\"wp-block-cover__background has-background-dim-0 has-background-dim\"><\/span><img loading=\"lazy\" decoding=\"async\" width=\"641\" height=\"457\" class=\"wp-block-cover__image-background wp-image-1493\" alt=\"\" src=\"https:\/\/blogs.univ-tlse2.fr\/scemuto\/files\/2023\/01\/Capture-decran-2023-01-02-a-15.50.30.png\" data-object-fit=\"cover\" srcset=\"https:\/\/blogs.univ-tlse2.fr\/scemuto\/files\/2023\/01\/Capture-decran-2023-01-02-a-15.50.30.png 641w, https:\/\/blogs.univ-tlse2.fr\/scemuto\/files\/2023\/01\/Capture-decran-2023-01-02-a-15.50.30-300x214.png 300w\" sizes=\"auto, (max-width: 641px) 100vw, 641px\" \/><div class=\"wp-block-cover__inner-container is-layout-flow wp-block-cover-is-layout-flow\">\n<p class=\"has-text-align-center has-large-font-size\"><\/p>\n<\/div><\/div>\n\n\n\n<hr class=\"wp-block-separator has-alpha-channel-opacity\" \/>\n\n\n\n<p>Musique \u00e9lectro et lieu insolite, \u00e0 la rencontre du disquaire le plus mobile de la r\u00e9gion toulousaine. Thierry nous accueille en ce mois de d\u00e9cembre 2022 dans son bus, le Jim\u2019s Prophecy, o\u00f9 disques et platines refl\u00e8tent la passion musicale des amateurs d&rsquo;\u00e9lectro.<\/p>\n\n\n\n<hr class=\"wp-block-separator has-alpha-channel-opacity\" \/>\n\n\n\n<h4 class=\"wp-block-heading\"><strong><em>Jim&rsquo;s Prophecy : l&rsquo;entretien<\/em><\/strong><\/h4>\n\n\n\n<p>Un entretien avec Thierry Genibre, pr\u00e9par\u00e9 et r\u00e9alis\u00e9 par Pablo Villebrun et Nino Flores<\/p>\n\n\n\n<figure class=\"wp-block-audio\"><audio controls src=\"https:\/\/prismes.univ-toulouse.fr\/video.php?code=563V3f6e&amp;width=100%&amp;height=100%\"><\/audio><\/figure>\n\n\n\n<hr class=\"wp-block-separator has-alpha-channel-opacity\" \/>\n\n\n\n<h4 class=\"wp-block-heading\"><strong><em>L&rsquo;origine de Jim&rsquo;s Prophecy<\/em><\/strong><\/h4>\n\n\n\n<p>Jim\u2019s Prophecy, faisant r\u00e9f\u00e9rence \u00e0 Jim Morisson, leader des Doors, est un nouveau disquaire qui se trouve \u00e0 Toulouse, depuis 2019. Thierry Genibre, alias Brock Landers, a eu l\u2019id\u00e9e de cr\u00e9er ce magasin dans un bus : \u201cJe me trouvais au fond d\u2019un bus et je me suis dit \u201cah tiens, c\u2019est quand m\u00eame plus grand que certains petits magasins en centre-ville\u201d, et c\u2019est parti de l\u00e0\u201d. \u00c7a \u00e9vite \u00e9galement de payer un loyer. Dans son bus, Thierry nous propose une s\u00e9lection musicale \u00e9lectro, 100% issue de disques vinyles. Il attache une grande importance \u00e0 l\u2019id\u00e9e de partage physique, ce qu\u2019il connaissait d\u00e9j\u00e0 \u00e0 son \u00e9poque, lorsque internet commen\u00e7ait \u00e0 peine. Faire d\u2019un bus un magasin \u00e9tait l\u2019id\u00e9e de cr\u00e9er un p\u00f4le o\u00f9 les gens peuvent se retrouver avec les m\u00eames centres d&rsquo;int\u00e9r\u00eats. Le magasin devient alors un lieu de rencontre. \u00c0 force d\u2019y passer du temps, ce lieu devient important pour certaines personnes. Selon lui, un disquaire a une place sur une sc\u00e8ne musicale, cr\u00e9e un p\u00f4le o\u00f9 des gens peuvent se retrouver avec des go\u00fbts communs, de fait, le magasin devient un lieu de rencontres, d\u2019\u00e9changes.<\/p>\n\n\n\n<p>Il d\u00e9cide donc de cr\u00e9er sa propre affaire. Aujourd\u2019hui, Thierry aime ce qu\u2019il fait, il sait pourquoi il se l\u00e8ve le matin. Il nous parle du sens de la vie au travail, comment il est important de faire un m\u00e9tier qui nous pla\u00eet pour se sentir bien au quotidien. M\u00eame s\u2019il ajoute que \u00e7a peut \u00eatre dur quand il n&rsquo;y a personne qui passe au magasin, car bien-s\u00fbr cela arrive : \u201cc\u2019est dur, \u00e7a met la pression, mais j\u2019aime tellement ce que je fais que je veux pas arr\u00eater\u00a0\u00bb. Thierry propose beaucoup de partage \u00e0 travers ce m\u00e9tier de passion. M\u00eame s\u2019il gagne moins bien sa vie aujourd\u2019hui, sa vie lui fait sens.<\/p>\n\n\n\n<hr class=\"wp-block-separator has-alpha-channel-opacity\" \/>\n\n\n\n<h4 class=\"wp-block-heading\"><strong><em>Un public m\u00e9lomane<\/em><\/strong><\/h4>\n\n\n\n<p>Toulouse est la ville o\u00f9 il y a le plus de disquaire par habitant. \u00c7a ne lui a pas pos\u00e9 probl\u00e8me, car pour lui, le plus gros concurrent lors de son installation \u00e9tait Internet. De plus, il n\u2019y a pas beaucoup de disquaire sp\u00e9cialis\u00e9 en musique \u00e9lectronique \u00e0 Toulouse, donc \u00e7a ne lui fait pas \u00e9norm\u00e9ment de concurrence finalement. Avant toute chose, il est lui-m\u00eame client avant d\u2019\u00eatre vendeur. Il a donc imagin\u00e9 le lieu comme un magasin dans lequel il aimerait rentrer. Il continue avec la vente par correspondance qui ne l\u2019a jamais int\u00e9ress\u00e9. C\u2019est pourquoi il pr\u00e9f\u00e8re garder le contact avec la client\u00e8le au sein du bus. \u00c7a lui permet de recevoir des gens, d\u2019\u00e9changer, de rencontrer. Il a d\u2019ailleurs pu fid\u00e9liser une client\u00e8le depuis 4 ans, mais il lui en faudrait plus. Beaucoup de DJ passent, mais aussi des passionn\u00e9s de musique. D\u2019autres ont l\u2019habitude d\u2019internet, commander et deux jours apr\u00e8s ils ont leur vinyle. C\u2019est l&rsquo;\u00e9poque qui veut \u00e7a aussi, les habitudes de consommation\u2026<\/p>\n\n\n\n<p>Pour choisir ses disques, Thierry effectue une s\u00e9lection assez large, allant de la musique exp\u00e9rimentale, ambiante, \u00e0 la techno, la house\u2026Il y a \u00e9galement des gens qui passent au magasin en lui proposant directement des disques locaux, si \u00e7a peut l\u2019int\u00e9resser.. Ensuite il se fournit en disques neufs chez les distributeurs qui travaillent avec des gens en Europe. Pour cela, il \u00e9coute beaucoup de disques, et choisit ensuite ceux qui lui plaisent. Il contacte aussi ses connaissances pour se fournir en disques d\u2019occasion.<\/p>\n\n\n\n<hr class=\"wp-block-separator has-alpha-channel-opacity\" \/>\n\n\n\n<h4 class=\"wp-block-heading\"><strong><em>Radio Lebonmix et DJing<\/em><\/strong><\/h4>\n\n\n\n<p>Pour continuer, il nous fait part d\u2019une autre facette de son travail : Lebonmix, qui est une webradio autofinanc\u00e9e et sans publicit\u00e9, fond\u00e9e par Pierre Danjean, un de ses amis. C\u2019est une structure toulousaine qui poss\u00e8de 4 canaux \u00e0 \u00e9couter (Lebonmix, Soft, Meduim, Dinamic). Le 5e canal est exclusivement d\u00e9di\u00e9 aux musiques \u00e9lectro. Sur le canal Jim\u2019s Prophecy, 40 artistes se relaient, provenant de la r\u00e9gion toulousaine et de tout l\u2019hexagone. Ensuite, 25 \u00e9missions sont diffus\u00e9es chaque semaine du jeudi au dimanche.<\/p>\n\n\n\n<p>Il organise aussi des mix dans le bus le samedi apr\u00e8m. Il a les platines sur place donc les DJs viennent jouer et Thierry met la musique en streaming sur Facebook en m\u00eame temps.<br>Thierry Genibre est \u00e9galement DJ lui-m\u00eame depuis plus de 25 ans, et se produit sur les sc\u00e8nes toulousaines. Quand il a commenc\u00e9 \u00e0 mixer, il n\u2019y avait que des vinyles, ce qu\u2019il aime c\u2019est m\u00e9langer des morceaux entre eux, c\u2019est la cr\u00e9ation d\u2019un telle atmosph\u00e8re qui lui a plu dans le DJing. Lui dans la sc\u00e8ne locale des msq \u00e9lectro, Brock Landers son nom de sc\u00e8ne de DJ, et il fait aussi parti du collectif Flash, avec lequel ils organisent des soir\u00e9es (au connexion, au cri des mouettes\u2026). C\u2019est un grand passionn\u00e9 qui ne demande qu\u2019\u00e0 partager son exp\u00e9rience, ses musiques\u2026 !<\/p>\n\n\n\n<hr class=\"wp-block-separator has-alpha-channel-opacity\" \/>\n\n\n\n<h4 class=\"wp-block-heading\"><strong><em>Recommandation<\/em><\/strong><\/h4>\n\n\n\n<p>Recommand\u00e9 par Thierry Genibre pour son travail d\u2019improvisation, S\u00e9bastien B\u00e9d\u00e9 est un artiste ayant son propre studio d\u2019enregistrement, La Cave Sonore, situ\u00e9 \u00e0 Montpezat de Quercy \u00e0 c\u00f4t\u00e9 de Cahors. Compositeur, r\u00e9alisateur et producteur, il propose son aide et ses services dans un large choix de domaines. \u00c9galement passionn\u00e9 de musique d\u2019ambient il se sp\u00e9cialise alors dans ce domaine avec son dernier album, J\u2019oublie que je R\u00eave, sorti en mai 2022.<\/p>\n\n\n\n<p><a href=\"https:\/\/sebastienbede.com\/\">https:\/\/sebastienbede.com\/<\/a><\/p>\n\n\n\n<hr class=\"wp-block-separator has-alpha-channel-opacity\" \/>\n\n\n\n<p>Pr\u00e9par\u00e9 et r\u00e9dig\u00e9 par : Haize Carricaburu, L\u00e9a Hastoy, Kl\u00e9ane Schelcher, Pablo Villebrun, Nino Flores<\/p>\n\n\n\n<p>Cr\u00e9dit photo : Nino Flores<\/p>\n","protected":false},"excerpt":{"rendered":"<p>Musique \u00e9lectro et lieu insolite, \u00e0 la rencontre du disquaire le plus mobile de la r\u00e9gion toulousaine. Thierry nous accueille en ce mois de d\u00e9cembre 2022 dans son bus, le Jim\u2019s Prophecy, o\u00f9 disques et platines refl\u00e8tent la passion musicale des amateurs d&rsquo;\u00e9lectro. Jim&rsquo;s Prophecy : l&rsquo;entretien Un entretien avec Thierry Genibre, pr\u00e9par\u00e9 et r\u00e9alis\u00e9 [&hellip;]<\/p>\n","protected":false},"author":1127,"featured_media":0,"parent":1416,"menu_order":0,"comment_status":"closed","ping_status":"closed","template":"","meta":{"footnotes":""},"class_list":["post-1415","page","type-page","status-publish","hentry"],"_links":{"self":[{"href":"https:\/\/blogs.univ-tlse2.fr\/scemuto\/wp-json\/wp\/v2\/pages\/1415","targetHints":{"allow":["GET"]}}],"collection":[{"href":"https:\/\/blogs.univ-tlse2.fr\/scemuto\/wp-json\/wp\/v2\/pages"}],"about":[{"href":"https:\/\/blogs.univ-tlse2.fr\/scemuto\/wp-json\/wp\/v2\/types\/page"}],"author":[{"embeddable":true,"href":"https:\/\/blogs.univ-tlse2.fr\/scemuto\/wp-json\/wp\/v2\/users\/1127"}],"replies":[{"embeddable":true,"href":"https:\/\/blogs.univ-tlse2.fr\/scemuto\/wp-json\/wp\/v2\/comments?post=1415"}],"version-history":[{"count":8,"href":"https:\/\/blogs.univ-tlse2.fr\/scemuto\/wp-json\/wp\/v2\/pages\/1415\/revisions"}],"predecessor-version":[{"id":1996,"href":"https:\/\/blogs.univ-tlse2.fr\/scemuto\/wp-json\/wp\/v2\/pages\/1415\/revisions\/1996"}],"up":[{"embeddable":true,"href":"https:\/\/blogs.univ-tlse2.fr\/scemuto\/wp-json\/wp\/v2\/pages\/1416"}],"wp:attachment":[{"href":"https:\/\/blogs.univ-tlse2.fr\/scemuto\/wp-json\/wp\/v2\/media?parent=1415"}],"curies":[{"name":"wp","href":"https:\/\/api.w.org\/{rel}","templated":true}]}}