 {"id":2,"date":"2022-03-08T17:08:58","date_gmt":"2022-03-08T16:08:58","guid":{"rendered":"https:\/\/blogs.univ-tlse2.fr\/scemuto\/?page_id=2"},"modified":"2022-03-13T18:48:13","modified_gmt":"2022-03-13T17:48:13","slug":"page-d-exemple","status":"publish","type":"page","link":"https:\/\/blogs.univ-tlse2.fr\/scemuto\/page-d-exemple\/","title":{"rendered":"Accueil"},"content":{"rendered":"\n<p>Au-del\u00e0 de quelques artistes et projets qui ont acquis une visibilit\u00e9 nationale (Claude Nougaro, Zebda, Cats on Trees, Big Flo &amp; Oli&#8230;), l&rsquo;histoire des musiques actuelles en r\u00e9gion toulousaine est peu connue. Nous n&rsquo;en avons qu&rsquo;une vision fragment\u00e9e selon nos propres d\u00e9ambulations musicales. <\/p>\n\n\n\n<p>Anim\u00e9 par les \u00e9tudiant\u00b7e\u00b7s du d\u00e9partement Musique de l&rsquo;universit\u00e9 Jean Jaur\u00e8s, coordonn\u00e9 par St\u00e9phane Escoubet, le projet SCEMUTO (Sc\u00e8nes musicales toulousaines) vise \u00e0 offrir une vision plus compl\u00e8te des acteurs et projets qui font la vie musicale toulousaine : artistes, groupes, programmeurs, tourneurs, lieux de diffusion, studios, labels, festivals.<\/p>\n","protected":false},"excerpt":{"rendered":"<p>Au-del\u00e0 de quelques artistes et projets qui ont acquis une visibilit\u00e9 nationale (Claude Nougaro, Zebda, Cats on Trees, Big Flo &amp; Oli&#8230;), l&rsquo;histoire des musiques actuelles en r\u00e9gion toulousaine est peu connue. Nous n&rsquo;en avons qu&rsquo;une vision fragment\u00e9e selon nos propres d\u00e9ambulations musicales. Anim\u00e9 par les \u00e9tudiant\u00b7e\u00b7s du d\u00e9partement Musique de l&rsquo;universit\u00e9 Jean Jaur\u00e8s, coordonn\u00e9 [&hellip;]<\/p>\n","protected":false},"author":1127,"featured_media":0,"parent":0,"menu_order":0,"comment_status":"closed","ping_status":"open","template":"","meta":{"footnotes":""},"class_list":["post-2","page","type-page","status-publish","hentry"],"_links":{"self":[{"href":"https:\/\/blogs.univ-tlse2.fr\/scemuto\/wp-json\/wp\/v2\/pages\/2","targetHints":{"allow":["GET"]}}],"collection":[{"href":"https:\/\/blogs.univ-tlse2.fr\/scemuto\/wp-json\/wp\/v2\/pages"}],"about":[{"href":"https:\/\/blogs.univ-tlse2.fr\/scemuto\/wp-json\/wp\/v2\/types\/page"}],"author":[{"embeddable":true,"href":"https:\/\/blogs.univ-tlse2.fr\/scemuto\/wp-json\/wp\/v2\/users\/1127"}],"replies":[{"embeddable":true,"href":"https:\/\/blogs.univ-tlse2.fr\/scemuto\/wp-json\/wp\/v2\/comments?post=2"}],"version-history":[{"count":1,"href":"https:\/\/blogs.univ-tlse2.fr\/scemuto\/wp-json\/wp\/v2\/pages\/2\/revisions"}],"predecessor-version":[{"id":8,"href":"https:\/\/blogs.univ-tlse2.fr\/scemuto\/wp-json\/wp\/v2\/pages\/2\/revisions\/8"}],"wp:attachment":[{"href":"https:\/\/blogs.univ-tlse2.fr\/scemuto\/wp-json\/wp\/v2\/media?parent=2"}],"curies":[{"name":"wp","href":"https:\/\/api.w.org\/{rel}","templated":true}]}}