 {"id":2049,"date":"2024-01-08T12:15:24","date_gmt":"2024-01-08T11:15:24","guid":{"rendered":"https:\/\/blogs.univ-tlse2.fr\/scemuto\/?page_id=2049"},"modified":"2024-08-11T13:10:57","modified_gmt":"2024-08-11T11:10:57","slug":"slift-ummon","status":"publish","type":"page","link":"https:\/\/blogs.univ-tlse2.fr\/scemuto\/artistes-et-albums\/slift-ummon\/","title":{"rendered":"Slift- Ummon"},"content":{"rendered":"\n<h4 class=\"wp-block-heading alignfull has-background-color has-foreground-background-color has-text-color has-background has-link-color has-x-large-font-size wp-elements-f2ec15941b044bd0fb7a5a34f11a0f96\">                                          <strong>S l i f t   &#8211;   U m m o n <\/strong><\/h4>\n\n\n\n<figure class=\"wp-block-image alignfull\"><img decoding=\"async\" src=\"https:\/\/blogs.univ-tlse2.fr\/scemuto\/files\/2023\/12\/image.jpeg\" alt=\"L\u2019attribut alt de cette image est vide, son nom de fichier est 4290dff1efe4d75a15945cc4aa496c40.jpg.\" \/><\/figure>\n\n\n\n<h4 class=\"wp-block-heading alignwide has-text-align-center has-background-color has-foreground-background-color has-text-color has-background has-link-color has-large-font-size wp-elements-0621c7ecf0db6dfbf7c939f6d806edf2\"><strong><mark class=\"has-inline-color has-background-color\">S L I F T<\/mark><\/strong><\/h4>\n\n\n\n<figure class=\"wp-block-image alignright size-full is-resized\"><img loading=\"lazy\" decoding=\"async\" width=\"225\" height=\"225\" src=\"https:\/\/blogs.univ-tlse2.fr\/scemuto\/files\/2023\/12\/images.jpg\" alt=\"\" class=\"wp-image-2163\" style=\"width:536px;height:auto\" srcset=\"https:\/\/blogs.univ-tlse2.fr\/scemuto\/files\/2023\/12\/images.jpg 225w, https:\/\/blogs.univ-tlse2.fr\/scemuto\/files\/2023\/12\/images-150x150.jpg 150w\" sizes=\"auto, (max-width: 225px) 100vw, 225px\" \/><\/figure>\n\n\n\n<pre class=\"wp-block-verse has-foreground-color has-background-background-color has-text-color has-background has-link-color has-large-font-size wp-elements-e9a93da7e60df76d4ae22ebf93f2c50f\"><mark style=\"background-color:#ffffff\" class=\"has-inline-color has-foreground-color\"><strong>Slift <\/strong><\/mark><mark style=\"background-color:#000000\" class=\"has-inline-color has-background-color\"><strong>est un trio Toulousain form\u00e9 des deux fr\u00e8res R\u00e9mi et Jean Fossat (bassiste et guitariste) et de leur ami Canek Flores (Batteur). <\/strong><br><\/mark><strong><mark style=\"background-color:#000000\" class=\"has-inline-color has-background-color\">Il s\u00e9vit depuis d<\/mark><\/strong><mark style=\"background-color:#000000\" class=\"has-inline-color has-background-color\"><strong>ans un style qui se rapprocherait du rock garage, et par la suite, du rock progressif et du rock psych\u00e9d\u00e9lique. Des groupes tels que King Gizzard,Pink Floyd,Thee oh sees et Dream theater<\/strong> <\/mark><strong><mark style=\"background-color:#000000\" class=\"has-inline-color has-background-color\">inspirent <\/mark><\/strong><mark style=\"background-color:#000000\" class=\"has-inline-color has-background-color\"><strong>leur musique <\/strong><\/mark><mark class=\"has-inline-color has-foreground-color\"><strong>cosmique.<\/strong> <\/mark> <\/pre>\n\n\n\n<hr class=\"wp-block-separator has-alpha-channel-opacity\" \/>\n\n\n\n<h2 class=\"wp-block-heading alignfull has-text-align-center has-background-color has-foreground-background-color has-text-color has-background has-link-color has-large-font-size wp-elements-9169c8b754643a3d63a3482c5602a4c6\"><strong>Slift : l &lsquo; i n t e r v i e w<\/strong><\/h2>\n\n\n\n<p><strong><mark style=\"background-color:#ffffff\" class=\"has-inline-color has-foreground-color\">Nous<\/mark><mark style=\"background-color:#000000\" class=\"has-inline-color has-background-color\"> sommes le 13 d\u00e9cembre 2023, il est 16:30 et nous interviewons Slift au bar Le Concorde<\/mark><mark style=\"background-color:#ffffff\" class=\"has-inline-color has-foreground-color\">.<\/mark><\/strong><\/p>\n\n\n\n<figure class=\"wp-block-audio\"><audio controls src=\"https:\/\/prismes.univ-toulouse.fr\/video.php?code=Ad602HST&amp;width=100%&amp;height=100%\"><\/audio><\/figure>\n\n\n\n<hr class=\"wp-block-separator has-alpha-channel-opacity\" \/>\n\n\n\n<h2 class=\"wp-block-heading alignfull has-text-align-center has-background-color has-foreground-background-color has-text-color has-background has-link-color has-large-font-size wp-elements-36d65615b90dc20cae79e4ef5f3711e3\"><strong>S l i f t  \u00e0  l &lsquo; \u00e9 t r a n g e r<\/strong><\/h2>\n\n\n\n<p class=\"has-text-align-center has-large-font-size\"><strong>Le <mark style=\"background-color:#000000\" class=\"has-inline-color has-background-color\">groupe s&rsquo;est plus produit \u00e0 l&rsquo;\u00e9tranger qu&rsquo;en France. Cette ambition est venue d\u00e8s les premiers concerts, et s&rsquo;est r\u00e9v\u00e9l\u00e9e de plus en plus juste avec le temps. Comme beaucoup de groupes de rock fran\u00e7ais, ils doivent leur succ\u00e8s avant tout au public des pays anglophones. N\u00e9anmoins, leur influence se fait d\u00e9j\u00e0 sentir sur la nouvelle g\u00e9n\u00e9ration d&rsquo;artistes de rock psych\u00e9d\u00e9lique fran\u00e7ais, \u00e0 l&rsquo;instar du tr\u00e8s prometteur<\/mark> O&rsquo;Tyren.<\/strong><\/p>\n\n\n\n<h2 class=\"wp-block-heading alignfull has-text-align-center has-background-color has-foreground-background-color has-text-color has-background has-link-color has-large-font-size wp-elements-0779df7f39dab1959a5e3336acc616e9\"><strong>U m m o n<mark style=\"background-color:#ffffff\" class=\"has-inline-color has-foreground-color\">, l&rsquo;album <\/mark><\/strong><\/h2>\n\n\n\n<p class=\"has-text-align-left has-large-font-size\"><strong><mark style=\"background-color:#ffffff\" class=\"has-inline-color has-foreground-color\">Sorti <\/mark><mark style=\"background-color:#000000\" class=\"has-inline-color has-background-color\">le 28 f\u00e9vrier 2020, <em>Ummon<\/em> est un album progressif et psych\u00e9d\u00e9lique qui contraste avec ses pr\u00e9d\u00e9cesseurs <em>Plan\u00e8te inexplor\u00e9e<\/em> et <em>Space is the key<\/em> qui \u00e9taient, quand \u00e0 eux, plus proches du rock garage.  Un contraste plus important encore concerne l&rsquo;univers visuel. Les deux premiers albums affichaient des couleurs vives presque pastels, typiques des BD science-fiction des ann\u00e9es 70 dont les liens avec la sc\u00e8ne rock sont bien connus. C&rsquo;est \u00e0 cette m\u00eame \u00e9poque et dans les m\u00eames r\u00e9seaux que se fait conna\u00eetre Caza, dessinateur plus port\u00e9 sur le noir et blanc et auteur de la pochette de <em>Ummon<\/em>, qui influencera grandement la composition ainsi que le mix. Le lien qui relie les trois disques et les trois musiciens est le th\u00e8me de l&rsquo;espace. Avec des titres tels que \u00ab\u00a0Lions, Tigers and Bears\u00a0\u00bb d&rsquo;une dur\u00e9e de 13:18, l&rsquo;album se rapproche volontairement d&rsquo;un odyss\u00e9e, Jean Fossat \u00e9tant amateur de ce type de <\/mark><mark style=\"background-color:#ffffff\" class=\"has-inline-color has-foreground-color\">litt\u00e9rature<\/mark><\/strong>.<\/p>\n\n\n\n<h2 class=\"wp-block-heading alignfull has-text-align-center has-background-color has-foreground-background-color has-text-color has-background has-link-color has-large-font-size wp-elements-1f94424b67d84d3024b0556f75c08ad8\"><strong>P a r o l e s  d u  t i t r e  <mark style=\"background-color:#ffffff\" class=\"has-inline-color has-foreground-color\"> \u00a0\u00bb c i t a d e l   o n   a   s a t e l l i t e \u00ab\u00a0<\/mark><\/strong><\/h2>\n\n\n\n<p class=\"has-small-font-size\"><em><strong>source:  <a href=\"https:\/\/www.musixmatch.com\/\">Musixmatch<\/a><\/strong><\/em>.<\/p>\n\n\n\n<p class=\"has-text-align-center has-small-font-size\">\u00ab\u00a0<strong>Into the void<br>In a cluster of stars<br>You embrace the peace<br>Of Silence<\/strong><\/p>\n\n\n\n<div class=\"wp-block-group is-vertical is-content-justification-center is-layout-flex wp-container-core-group-is-layout-ce155fab wp-block-group-is-layout-flex\">\n<div class=\"wp-block-group is-nowrap is-layout-flex wp-container-core-group-is-layout-6c531013 wp-block-group-is-layout-flex\">\n<div class=\"wp-block-group is-layout-constrained wp-block-group-is-layout-constrained\">\n<p class=\"has-text-align-center has-small-font-size\"><strong><em>Let your thoughts flow<br>Along the silver river<br>Until you see<br>Reflections<\/em><\/strong><\/p>\n\n\n\n<p class=\"has-text-align-center has-small-font-size\"><strong><em>Calm and serene<br>Vista full of wonders<br>You drift for ages, drift for ages<br>Time signify nothing<\/em><\/strong><\/p>\n\n\n\n<p class=\"has-text-align-center has-small-font-size\"><strong><em>Let your thoughts flow<br>Along the silver river<br>Until you see<br>Reflections<\/em><\/strong><\/p>\n<\/div>\n<\/div>\n\n\n\n<p class=\"has-text-align-center has-small-font-size\"><em><strong>This is the only way we&rsquo;ve ever known and ever took<br>Every single days of every single centuries!<br>This is the only way we&rsquo;ve ever known and ever took<br>Every single days of every single centuries!<\/strong><\/em><\/p>\n\n\n\n<p class=\"has-text-align-right has-small-font-size\"><strong><em>This is the only way we&rsquo;ve ever known and ever took<br>Every single days of every single centuries!<br>This is the only way we&rsquo;ve ever known and ever took<br>Every single days of every single centuries!<\/em><\/strong><\/p>\n\n\n\n<p class=\"has-text-align-center has-small-font-size\"><strong><em>Into the void<br>In a cluster of stars<br>You embrace the peace<br>Of Silence<\/em><\/strong><\/p>\n\n\n\n<p class=\"has-text-align-center has-small-font-size\"><strong><em>Into the void<br>In a cluster of stars<br>You embrace the peace<br>Of Silence<\/em><\/strong><\/p>\n\n\n\n<p class=\"has-text-align-center has-small-font-size\"><strong><em>Let your thoughts flow<br>Along the silver river<br>Until you see<br>Reflections<\/em><\/strong><\/p>\n\n\n\n<p class=\"has-text-align-right has-small-font-size\"><strong><em>You&rsquo;re so close<br>You&rsquo;re so close<br>You&rsquo;re so close<br>You&rsquo;re so close<\/em><\/strong>\u00ab\u00a0<\/p>\n<\/div>\n\n\n\n<p class=\"has-text-align-left has-large-font-size\"><strong><mark style=\"background-color:#ffffff\" class=\"has-inline-color has-foreground-color\">Un<\/mark><mark style=\"background-color:#000000\" class=\"has-inline-color has-background-color\"> point vient tout de m\u00eame nuancer cet aspect : la compr\u00e9hension des textes. La voix \u00e9voluant dans un espace sonore tr\u00e8s dense, brouill\u00e9 par la reverb des guitares, les paroles sont difficilement compr\u00e9hensibles. Ce qui pourrait \u00eatre per\u00e7u comme un d\u00e9faut par certains est en fait un choix du groupe de consid\u00e9rer la voix comme un instrument parmi d&rsquo;autres. De fait, l&rsquo;histoire n&rsquo;est pas si centrale dans l&rsquo;album (ou la musique en g\u00e9n\u00e9ral) de <\/mark>Slift.<\/strong><\/p>\n\n\n\n<h2 class=\"wp-block-heading alignfull has-text-align-center has-background-color has-foreground-background-color has-text-color has-background has-link-color has-large-font-size wp-elements-44111999fa98bf2d89db9794ef3f220e\"><strong>U m m o n &#8211;  <mark style=\"background-color:#ffffff\" class=\"has-inline-color has-foreground-color\">d o n n \u00e9 e s   t e c h n i q u e s .<\/mark><\/strong><\/h2>\n\n\n\n<figure class=\"wp-block-image alignleft size-large is-resized wp-duotone-foreground-and-background\"><img loading=\"lazy\" decoding=\"async\" width=\"814\" height=\"814\" src=\"https:\/\/blogs.univ-tlse2.fr\/scemuto\/files\/2024\/01\/Capture-de\u0301cran-2024-01-06-a\u0300-13.11.24-e1704543487383-edited.png\" alt=\"\" class=\"wp-image-2268\" style=\"width:562px;height:auto\" srcset=\"https:\/\/blogs.univ-tlse2.fr\/scemuto\/files\/2024\/01\/Capture-de\u0301cran-2024-01-06-a\u0300-13.11.24-e1704543487383-edited.png 814w, https:\/\/blogs.univ-tlse2.fr\/scemuto\/files\/2024\/01\/Capture-de\u0301cran-2024-01-06-a\u0300-13.11.24-e1704543487383-edited-300x300.png 300w, https:\/\/blogs.univ-tlse2.fr\/scemuto\/files\/2024\/01\/Capture-de\u0301cran-2024-01-06-a\u0300-13.11.24-e1704543487383-edited-150x150.png 150w, https:\/\/blogs.univ-tlse2.fr\/scemuto\/files\/2024\/01\/Capture-de\u0301cran-2024-01-06-a\u0300-13.11.24-e1704543487383-edited-768x768.png 768w\" sizes=\"auto, (max-width: 814px) 100vw, 814px\" \/><\/figure>\n\n\n\n<p class=\"has-text-align-left has-medium-font-size\"><strong>Ce <mark style=\"background-color:#000000\" class=\"has-inline-color has-background-color\">qui n&rsquo;a pas chang\u00e9 c&rsquo;est aussi la formation power trio caract\u00e9ristique qui est \u00e0 la base du son de Slift. N\u00e9anmoins, de nouveaux \u00e9l\u00e9ments ont \u00e9t\u00e9 incorpor\u00e9s, parmi lesquels des synth\u00e9tiseurs (<em>Dark Was Space, Cold were the stars<\/em>). Bien que l&rsquo;instrument soit d\u00e9ja pr\u00e9sent en 2018 dans l&rsquo;album <em>Plan\u00e8te inexplor\u00e9e<\/em>, c&rsquo;est dans <em>Ummon<\/em> que son exp\u00e9rimentation est la plus pouss\u00e9e. Son r\u00f4le est principalement de tenir un bourdon tout au long du morceau voir de l&rsquo;album, ce dernier essentiellement en R\u00e9 <\/mark><mark style=\"background-color:#ffffff\" class=\"has-inline-color has-foreground-color\"> mineur.<\/mark><\/strong><\/p>\n\n\n\n<p class=\"has-text-align-left has-medium-font-size\"><strong><mark style=\"background-color:#ffffff\" class=\"has-inline-color has-foreground-color\">Des<\/mark><\/strong><mark style=\"background-color:#000000\" class=\"has-inline-color has-background-color\"><strong> choeurs f\u00e9minins on \u00e9t\u00e9 incorpor\u00e9 \u00e0 l&rsquo;album comme dans le titre \u00ab\u00a0<em>Lions, Tigers and Bears<\/em>\u00ab\u00a0, ceux-ci sont assur\u00e9s par le bassite R\u00e9mi lorsque que le groupe se produit en <\/strong><\/mark><strong><mark style=\"background-color:#ffffff\" class=\"has-inline-color has-foreground-color\">live.<\/mark><\/strong><\/p>\n\n\n\n<p><strong><mark style=\"background-color:#ffffff\" class=\"has-inline-color has-foreground-color\">Comme<\/mark><mark style=\"background-color:#000000\" class=\"has-inline-color has-background-color\"> nous l&rsquo;avons vu, l&rsquo;album est essentiellement en tonalit\u00e9 de R\u00e9 mineur, et plus pr\u00e9cis\u00e9ment R\u00e9 dorien. Ce choix est d\u00fb \u00e0 une habitude de jeu de Jean qui est le principal compositeur du groupe, l&rsquo;accordage de sa guitare en R\u00e9 standard et une volont\u00e9 de garder une m\u00eame tonalit\u00e9 pour l&rsquo;abum entier afin d&rsquo;instaurer une ambiance <\/mark><mark style=\"background-color:#ffffff\" class=\"has-inline-color has-foreground-color\">globale.<\/mark><\/strong><\/p>\n\n\n\n<p><strong><mark style=\"background-color:#ffffff\" class=\"has-inline-color has-foreground-color\">La<\/mark><mark style=\"background-color:#000000\" class=\"has-inline-color has-background-color\"> fonction de la batterie est tant\u00f4t \u00ab\u00a0d&rsquo;enfoncer\u00a0\u00bb le groove du morceau en appuyant les premiers et troisi\u00e8mes temps, tant\u00f4t de propulser en avant le morceau avec des parternes plus groovies et syncop\u00e9s. Les signatures rythmiques de l&rsquo;album alterne entre 4\/4 et<\/mark><\/strong><mark style=\"background-color:#000000\" class=\"has-inline-color\"> <\/mark><strong>6\/8.<\/strong> <\/p>\n\n\n\n<p><strong>Concernant <mark style=\"background-color:#000000\" class=\"has-inline-color has-background-color\">le mix, le trio tient \u00e0 se rapprocher d&rsquo;un son live. Pour ceci, ils enregistrent tous les trois dans la m\u00eame salle en vue de profiter du \u00ab\u00a0micro room\u00a0\u00bb en plus des pistes s\u00e9par\u00e9es de chaque instrument, cr\u00e9ant ainsi une coh\u00e9rence entre tous les morceaux. Sous l&rsquo;effet du micro room la batterie se retrouve d\u00e9pass\u00e9e par les amplis des guitares, un choix bien conscient du groupe qui permet de centrer la batterie sur le plan du panorama et d&rsquo;\u00e9voquer un son<\/mark> live. <\/strong><\/p>\n\n\n\n<p><\/p>\n\n\n\n<h2 class=\"wp-block-heading alignfull\"><mark style=\"background-color:#000000\" class=\"has-inline-color has-foreground-color\">f                                                                                               <\/mark> <\/h2>\n\n\n\n<p><strong>Projet r\u00e9alis\u00e9 dans un cadre universtaire par Tao Leli\u00e8vre, Benoit Friry, Finlay Maclachlan, Timoth\u00e9 Cavard-Tocah et Titouan Pigois.<\/strong><\/p>\n\n\n\n<p class=\"has-medium-font-size\"><strong>Merci \u00e0 Slift pour leur disponibilit\u00e9 et merci \u00e0 St\u00e9phane Escoubet pour ses micros et ses conseils.<\/strong><\/p>\n\n\n\n<h2 class=\"wp-block-heading alignfull\"><mark style=\"background-color:#000000\" class=\"has-inline-color has-foreground-color\">f                                                                                               <\/mark> <\/h2>\n","protected":false},"excerpt":{"rendered":"<p>S l i f t &#8211; U m m o n S L I F T Slift est un trio Toulousain form\u00e9 des deux fr\u00e8res R\u00e9mi et Jean Fossat (bassiste et guitariste) et de leur ami Canek Flores (Batteur). Il s\u00e9vit depuis dans un style qui se rapprocherait du rock garage, et par la suite, [&hellip;]<\/p>\n","protected":false},"author":1378,"featured_media":0,"parent":29,"menu_order":0,"comment_status":"closed","ping_status":"closed","template":"","meta":{"footnotes":""},"class_list":["post-2049","page","type-page","status-publish","hentry"],"_links":{"self":[{"href":"https:\/\/blogs.univ-tlse2.fr\/scemuto\/wp-json\/wp\/v2\/pages\/2049","targetHints":{"allow":["GET"]}}],"collection":[{"href":"https:\/\/blogs.univ-tlse2.fr\/scemuto\/wp-json\/wp\/v2\/pages"}],"about":[{"href":"https:\/\/blogs.univ-tlse2.fr\/scemuto\/wp-json\/wp\/v2\/types\/page"}],"author":[{"embeddable":true,"href":"https:\/\/blogs.univ-tlse2.fr\/scemuto\/wp-json\/wp\/v2\/users\/1378"}],"replies":[{"embeddable":true,"href":"https:\/\/blogs.univ-tlse2.fr\/scemuto\/wp-json\/wp\/v2\/comments?post=2049"}],"version-history":[{"count":21,"href":"https:\/\/blogs.univ-tlse2.fr\/scemuto\/wp-json\/wp\/v2\/pages\/2049\/revisions"}],"predecessor-version":[{"id":2832,"href":"https:\/\/blogs.univ-tlse2.fr\/scemuto\/wp-json\/wp\/v2\/pages\/2049\/revisions\/2832"}],"up":[{"embeddable":true,"href":"https:\/\/blogs.univ-tlse2.fr\/scemuto\/wp-json\/wp\/v2\/pages\/29"}],"wp:attachment":[{"href":"https:\/\/blogs.univ-tlse2.fr\/scemuto\/wp-json\/wp\/v2\/media?parent=2049"}],"curies":[{"name":"wp","href":"https:\/\/api.w.org\/{rel}","templated":true}]}}