 {"id":2051,"date":"2024-08-11T12:58:21","date_gmt":"2024-08-11T10:58:21","guid":{"rendered":"https:\/\/blogs.univ-tlse2.fr\/scemuto\/?page_id=2051"},"modified":"2024-08-11T12:58:21","modified_gmt":"2024-08-11T10:58:21","slug":"les-fils-de-joie-nous-ne-dansons-plus-la-nuit","status":"publish","type":"page","link":"https:\/\/blogs.univ-tlse2.fr\/scemuto\/artistes-et-albums\/les-fils-de-joie-nous-ne-dansons-plus-la-nuit\/","title":{"rendered":"Les Fils de joie &#8211; Nous ne dansons plus la nuit"},"content":{"rendered":"\n<div class=\"wp-block-group is-layout-constrained wp-block-group-is-layout-constrained\">\n<div class=\"wp-block-media-text alignwide has-media-on-the-right is-stacked-on-mobile is-vertically-aligned-center\" style=\"grid-template-columns:auto 51%\"><div class=\"wp-block-media-text__content\">\n<p>Les \u00ab\u00a0Fils de Joie\u00a0\u00bb est un groupe Toulousain appartenant \u00e0 l&rsquo;esth\u00e9tique new-wave post punk, fond\u00e9 en 1978. Il est compos\u00e9 de 5 musiciens : Olivier H\u00e9bert, guitariste et leader du projet, Alain G\u00e9rard \u00e0 la batterie, Christophe Bonnebouche aux claviers, et Daniel Costa, \u00e0 la basse (ayant rejoint le groupe quelques temps apr\u00e8s). Ils se s\u00e9parent en 1986. <\/p>\n<\/div><figure class=\"wp-block-media-text__media\"><img loading=\"lazy\" decoding=\"async\" width=\"400\" height=\"396\" src=\"https:\/\/blogs.univ-tlse2.fr\/scemuto\/files\/2024\/01\/Nous-ne-dansons-plus-la-nuit-pochette-album.jpg\" alt=\"\" class=\"wp-image-2287 size-full\" srcset=\"https:\/\/blogs.univ-tlse2.fr\/scemuto\/files\/2024\/01\/Nous-ne-dansons-plus-la-nuit-pochette-album.jpg 400w, https:\/\/blogs.univ-tlse2.fr\/scemuto\/files\/2024\/01\/Nous-ne-dansons-plus-la-nuit-pochette-album-300x297.jpg 300w, https:\/\/blogs.univ-tlse2.fr\/scemuto\/files\/2024\/01\/Nous-ne-dansons-plus-la-nuit-pochette-album-150x150.jpg 150w\" sizes=\"auto, (max-width: 400px) 100vw, 400px\" \/><\/figure><\/div>\n<\/div>\n\n\n\n<p>Olivier H\u00e9bert (connu sous le nom d&rsquo;Olivier de Joie) reforme le groupe en 2022 avec d&rsquo;autres musiciens, autour d&rsquo;un nouvel album : <em>Nous ne dansons plus la nuit<\/em>, dont nous avons analys\u00e9 les diff\u00e9rents morceaux. Cet album se d\u00e9marque gr\u00e2ce \u00e0 une musique innovante et des textes engag\u00e9s. C&rsquo;est d&rsquo;ailleurs une caract\u00e9ristique phare du groupe : l&rsquo;attention port\u00e9e \u00e0 leurs textes et leurs paroles pour parler de sujets de soci\u00e9t\u00e9 et de causes qui leur tiennent \u00e0 c\u0153ur. Le groupe incarne l&rsquo;esprit rebelle qui a marqu\u00e9 l&rsquo;\u00e9tat d&rsquo;esprit des ann\u00e9es 80. Notre voyage \u00e0 travers l&rsquo;univers musical des Fils de Joie ne se limite pas \u00e0 une simple r\u00e9trospective. Nous nous plongerons \u00e9galement dans l&rsquo;analyse de leurs paroles, explorant les divers sujets qui ont marqu\u00e9 leurs chansons. De plus, nous analyserons les arrangements musicaux qui ont donn\u00e9 vie \u00e0 cet album.<\/p>\n\n\n\n<hr class=\"wp-block-separator has-alpha-channel-opacity\" \/>\n\n\n\n<h4 class=\"wp-block-heading\"><strong><em>Entretien avec Olivier de Joie<\/em><\/strong><\/h4>\n\n\n\n<figure class=\"wp-block-audio\"><audio controls src=\"https:\/\/prismes.univ-toulouse.fr\/video.php?code=nPy0S764&amp;width=100%&amp;height=100%\"><\/audio><figcaption class=\"wp-element-caption\">1e partie de l&rsquo;entretien<\/figcaption><\/figure>\n\n\n\n<figure class=\"wp-block-audio\"><audio controls src=\"https:\/\/prismes.univ-toulouse.fr\/video.php?code=7ccffI98&amp;width=100%&amp;height=100%\"><\/audio><figcaption class=\"wp-element-caption\">2e partie de l&rsquo;entretien<\/figcaption><\/figure>\n\n\n\n<hr class=\"wp-block-separator has-alpha-channel-opacity\" \/>\n\n\n\n<h4 class=\"wp-block-heading\"><strong><em>\u00c9chelles et Harmonie<\/em><\/strong> <\/h4>\n\n\n\n<p>Le r\u00e9pertoire \u00e9tant homog\u00e8ne, on retrouve les m\u00eames types d&rsquo;harmonie et d&rsquo;\u00e9chelles entre les morceaux. Il y a un usage fr\u00e9quent de la gamme pentatonique mineure, du mode \u00e9olien et de mode ionien. L&rsquo;harmonie est fond\u00e9e sur des accords parfaits majeurs ou mineurs, sous forme de triades. \u00c9tant donn\u00e9 le r\u00e9pertoire punk rock, nous avons aussi parfois \u00e0 faire \u00e0 des power-chords (accord constitu\u00e9 uniquement de la fondamentale et de la quinte). Les morceaux conservent leurs tonalit\u00e9s de d\u00e9part sur toute leur longueur, il n&rsquo;y a pas de modulations.<\/p>\n\n\n\n<hr class=\"wp-block-separator has-alpha-channel-opacity\" \/>\n\n\n\n<h4 class=\"wp-block-heading\"><strong><em>Des structures et une instrumentation originales<\/em><\/strong><\/h4>\n\n\n\n<p>L&rsquo;originalit\u00e9 des morceaux du groupe \u00ab\u00a0Les Fils de Joie\u00a0\u00bb transpara\u00eet non seulement \u00e0 travers le choix singulier des instruments, mais aussi par la structure audacieuse de leurs compositions. En effet, l&rsquo;arrangement de leurs morceaux se d\u00e9marque de mani\u00e8re significative des sch\u00e9mas classiques adopt\u00e9s par des groupes de rock plus conventionnels, qui s&rsquo;appuient souvent sur la structure couplet\/refrain ainsi que sur une m\u00e9trique 4\/4 standard.<\/p>\n\n\n\n<p>Dans le r\u00e9pertoire des \u00ab\u00a0Fils de Joie\u00a0\u00bb, il y a une grande diversit\u00e9 structurelle, avec des \u00e9l\u00e9ments tels que des ponts de seulement deux mesures, ainsi que des morceaux adoptant une m\u00e9trique 6\/8, offrant ainsi une exp\u00e9rience auditive riche et innovante (\u00e9couter l&rsquo;interview \u00e9pisode 1, 22min30). Cette approche non conventionnelle t\u00e9moigne d&rsquo;une volont\u00e9 de transcender les limites musicales traditionnelles.<\/p>\n\n\n\n<p>La musicalit\u00e9 distinctive du groupe est accentu\u00e9e par l&rsquo;utilisation d&rsquo;instruments originaux, illustr\u00e9e par la pr\u00e9sence d&rsquo;un banjo dans \u00ab\u00a0Le Bon Dieu n&rsquo;a pas voulu de moi\u00a0\u00bb (\u00e9couter l&rsquo;interview \u00e9pisode 1, 21min00). De m\u00eame, dans le morceau \u00ab\u00a0Les Plaisirs Chers\u00a0\u00bb, la basse s&rsquo;inscrit un demi-ton en dessous dans l&rsquo;intro, cr\u00e9ant une sonorit\u00e9 unique et captivante d\u00e8s les premi\u00e8res notes.<\/p>\n\n\n\n<p>Ainsi, \u00ab\u00a0Les Fils de Joie\u00a0\u00bb s&rsquo;imposent comme des artisans de la cr\u00e9ativit\u00e9 musicale, repoussant les fronti\u00e8res stylistiques pour offrir des compositions novatrices et audacieuses qui captivent l&rsquo;auditeur par leur originalit\u00e9 structurelle et instrumentale.<\/p>\n\n\n\n<hr class=\"wp-block-separator has-alpha-channel-opacity\" \/>\n\n\n\n<h4 class=\"wp-block-heading\"><strong><em>Des paroles pour soutenir des causes importantes<\/em><\/strong><\/h4>\n\n\n\n<p>Les Fils de Joie ont fait le choix, plut\u00f4t atypique dans les ann\u00e9es 80, d\u2019\u00e9crire du rock en fran\u00e7ais. Leurs textes, \u00e9crits dans un style simple, sont parfois m\u00e9lancoliques, souvent d\u00e9sabus\u00e9s, toujours engag\u00e9s. D\u00e9nonciation des guerres, des injustices sociales, amour (heureux ou malheureux), personnages malmen\u00e9s par la vie, sont des th\u00e8mes r\u00e9currents du groupe. On retrouve aussi des chansons aux r\u00e9f\u00e9rences culturelles, des hommages \u00e0 certains artistes du monde de la musique ou du cin\u00e9ma (\u00abEncore une fois dans l\u2019Ouest&nbsp;\u00bb).<\/p>\n\n\n\n<p><strong>Quelques exemples plus en d\u00e9tail avec des titres de l\u2019album :<\/strong><\/p>\n\n\n\n<p>\u00ab Le Bon Dieu n\u2019a pas voulu de moi \u00bb<\/p>\n\n\n\n<p>Les paroles sont un discours \u00e0 la premi\u00e8re personne d\u2019un homme malmen\u00e9 par les \u00e9preuves de la vie, auquel l\u2019auditeur peut facilement s\u2019identifier. On comprend qu\u2019il \u00e9tait arriv\u00e9 \u00e0 la fin de sa vie et \u00e9tait pr\u00eat \u00e0 accepter la mort mais \u00ab le bon dieu n\u2019a pas voulu de [lui], ni le diable non plus, alors [il] est revenu \u00bb. M\u00eame dans la mort, rien n\u2019est facile pour lui, il est mis \u00e0 l\u2019\u00e9cart comme il a pu l\u2019\u00eatre dans sa vie. Le refrain apporte une note d\u2019espoir puisqu\u2019il va \u00ab retrouver celle qui [lui] est toujours rest\u00e9e fid\u00e8le \u00bb : on devine qu\u2019il fait ici r\u00e9f\u00e9rence \u00e0 une femme qu\u2019il aime et qui est finalement la seule sur qui il peut compter, tandis que ni le bon dieu ni le diable ne veulent l\u2019accueillir. Le caract\u00e8re plut\u00f4t calme de la chanson, le fait que l\u2019instrumentation ne soit pas trop charg\u00e9e (pas de batterie par exemple), permet une bonne audibilit\u00e9 et une mise en valeur du texte.<\/p>\n\n\n\n<figure class=\"wp-block-embed is-type-video is-provider-youtube wp-block-embed-youtube wp-embed-aspect-16-9 wp-has-aspect-ratio\"><div class=\"wp-block-embed__wrapper\">\n<iframe loading=\"lazy\" title=\"LE BON DIEU N&#039;A PAS VOULU DE MOI - LES FILS DE JOIE\" width=\"500\" height=\"281\" src=\"https:\/\/www.youtube.com\/embed\/BRDcBhe6Ris?feature=oembed\" frameborder=\"0\" allow=\"accelerometer; autoplay; clipboard-write; encrypted-media; gyroscope; picture-in-picture; web-share\" referrerpolicy=\"strict-origin-when-cross-origin\" allowfullscreen><\/iframe>\n<\/div><\/figure>\n\n\n\n<p>\u00ab&nbsp;Un b\u00e2ton de rouge pour Greta&nbsp;\u00bb d\u00e9crit les pens\u00e9es et les r\u00eaves d\u2019\u00e9vasion d\u2019un soldat surveillant un point de passage du mur de Berlin pendant le Guerre Froide (\u00e9couter l&rsquo;entretien \u00e9pisode 2, 6min47).<\/p>\n\n\n\n<div class=\"wp-block-group is-layout-constrained wp-block-group-is-layout-constrained\">\n<div class=\"wp-block-media-text is-stacked-on-mobile\" style=\"grid-template-columns:46% auto\"><figure class=\"wp-block-media-text__media\"><img loading=\"lazy\" decoding=\"async\" width=\"762\" height=\"960\" src=\"https:\/\/blogs.univ-tlse2.fr\/scemuto\/files\/2024\/01\/Les-Fils-de-Joie-1985-Paris.jpg\" alt=\"\" class=\"wp-image-2389 size-full\" srcset=\"https:\/\/blogs.univ-tlse2.fr\/scemuto\/files\/2024\/01\/Les-Fils-de-Joie-1985-Paris.jpg 762w, https:\/\/blogs.univ-tlse2.fr\/scemuto\/files\/2024\/01\/Les-Fils-de-Joie-1985-Paris-238x300.jpg 238w\" sizes=\"auto, (max-width: 762px) 100vw, 762px\" \/><\/figure><div class=\"wp-block-media-text__content\">\n<p class=\"has-text-align-left\">Dans le m\u00eame th\u00e8me, \u00ab&nbsp;Le Requin Vert&nbsp;\u00bb, \u00e9crite durant la guerre du Liban, est l\u2019introspection d\u2019un homme qui sait sa vie menac\u00e9e par les conflits mais ne supporterai pas l\u2019id\u00e9e de mourir tant qu\u2019il y a de l\u2019espoir. Le texte joue sur le contraste entre la description d\u2019un paysage paisible et idyllique (\u00ab&nbsp;respirant les parfums du soir, au bord de la mer&nbsp;\u00bb) et la violence de la guerre (\u00ab&nbsp;\u00e0 terre les glaces bris\u00e9es par les premi\u00e8res rafales&nbsp;\u00bb) pour choquer, g\u00e9n\u00e9rer de l\u2019empathie pour le personnage et cr\u00e9er le d\u00e9go\u00fbt vis-\u00e0-vis de la guerre.<\/p>\n\n\n\n<p><em>Image de buzzonweb.com<\/em><\/p>\n<\/div><\/div>\n<\/div>\n\n\n\n<p>\u00ab&nbsp;Nous ne dansons plus la nuit&nbsp;\u00bb est un hommage au chanteur britannique Ian Curtis du groupe Joy Division. Il est d\u00e9crit comme un \u00ab po\u00e8te \u00e9nigmatique, [qui] dansait sur la rythmique, avec son regard hypnotique, ses id\u00e9es noires et ses gestes fr\u00e9n\u00e9tiques \u00bb. La chanson d\u00e9peint son combat contre l\u2019\u00e9pilepsie et la d\u00e9pression (\u00e9pisode 2, 1min 38).<\/p>\n\n\n\n<figure class=\"wp-block-embed is-type-video is-provider-youtube wp-block-embed-youtube wp-embed-aspect-16-9 wp-has-aspect-ratio\"><div class=\"wp-block-embed__wrapper\">\n<iframe loading=\"lazy\" title=\"NOUS NE DANSONS PLUS LA NUIT - LES FILS DE JOIE\" width=\"500\" height=\"281\" src=\"https:\/\/www.youtube.com\/embed\/SD_MCYTxUWI?feature=oembed\" frameborder=\"0\" allow=\"accelerometer; autoplay; clipboard-write; encrypted-media; gyroscope; picture-in-picture; web-share\" referrerpolicy=\"strict-origin-when-cross-origin\" allowfullscreen><\/iframe>\n<\/div><\/figure>\n\n\n\n<p>\u00ab Sur la route d\u2019Ainhoa \u00bb est une chanson plus l\u00e9g\u00e8re. Le narrateur se rem\u00e9more un souvenir de voyage, ou de vacances. Il d\u00e9crit l\u2019ambiance, les paysages. On comprend qu\u2019il \u00e9tait avec une autre personne qu\u2019il aime. Il est donc assez nostalgique de ces \u00ab bons moments \u00bb. Toutefois, la dynamique de la chanson ne donne pas une impression de m\u00e9lancolie&nbsp;: le rythme entra\u00eenant, ainsi que l\u2019usage du futur sur quelques phrases laissent penser que les personnages pourront se retrouver. De mani\u00e8re g\u00e9n\u00e9rale, le texte est intelligible et mis en avant par rapport aux instruments. Le refrain est beaucoup r\u00e9p\u00e9t\u00e9, sa m\u00e9lodie est facile \u00e0 chanter et \u00e0 retenir. Il n\u2019y a pas beaucoup de couplets, qui sont tr\u00e8s courts. Dans cette chanson, le texte a plut\u00f4t pour fonction de porter une musique joyeuse et entra\u00eenante.<\/p>\n\n\n\n<figure class=\"wp-block-embed is-type-video is-provider-youtube wp-block-embed-youtube wp-embed-aspect-16-9 wp-has-aspect-ratio\"><div class=\"wp-block-embed__wrapper\">\n<iframe loading=\"lazy\" title=\"LES FILS DE JOIE - SUR LA ROUTE D&#039;AINHOA (with Lyrics)\" width=\"500\" height=\"281\" src=\"https:\/\/www.youtube.com\/embed\/vH1sPNcScs4?feature=oembed\" frameborder=\"0\" allow=\"accelerometer; autoplay; clipboard-write; encrypted-media; gyroscope; picture-in-picture; web-share\" referrerpolicy=\"strict-origin-when-cross-origin\" allowfullscreen><\/iframe>\n<\/div><\/figure>\n\n\n\n<hr class=\"wp-block-separator has-alpha-channel-opacity\" \/>\n\n\n\n<h4 class=\"wp-block-heading\"><strong><em>Studio\/Mix<\/em><\/strong><\/h4>\n\n\n\n<p>Dans le cadre de notre exploration des processus d&rsquo;enregistrement chez Les Fils de Joie, le fondateur et chanteur, Olivier H\u00e9bert, partage ses r\u00e9flexions sur l&rsquo;\u00e9volution du groupe en mati\u00e8re de studios et de son.<\/p>\n\n\n\n<p>Initialement, le groupe privil\u00e9giait l&rsquo;utilisation d&rsquo;un home studio avec des ressources modestes. Toutefois, au fil du temps, ils ont opt\u00e9 pour une approche plus professionnelle, collaborant avec des ing\u00e9nieurs du son dans des studios sp\u00e9cialis\u00e9s. Selon les dires d&rsquo;Olivier, la pr\u00e9paration pr\u00e9alable demeure cruciale, les membres r\u00e9p\u00e9tant m\u00e9ticuleusement chaque morceau avant d&rsquo;entrer en studio.<\/p>\n\n\n\n<p>En ce qui concerne le mixage, le groupe adopte une approche \u00e9quilibr\u00e9e en structurant la disposition des instruments. La voix et la guitare sont mises en avant, la basse et la batterie occupant un plan interm\u00e9diaire, tandis que les autres instruments trouvent leur place dans des plans successifs. Cette m\u00e9thode vise \u00e0 cr\u00e9er une dynamique sonore coh\u00e9rente.<\/p>\n\n\n\n<p>La panoramisation, bien que g\u00e9n\u00e9ralement centr\u00e9e, pr\u00e9sente des nuances avec des placements strat\u00e9giques \u00e0 gauche ou \u00e0 droite du spectre sonore. Ces d\u00e9cisions contribuent \u00e0 offrir une exp\u00e9rience d&rsquo;\u00e9coute immersive, sans toutefois sacrifier la stabilit\u00e9 sonore.<\/p>\n\n\n\n<p>Dans l&rsquo;ensemble, l&rsquo;approche d&rsquo;enregistrement des Fils de Joie refl\u00e8te un \u00e9quilibre entre pr\u00e9paration m\u00e9ticuleuse et collaboration avec des professionnels, traduisant ainsi leur engagement envers une qualit\u00e9 sonore constante.<\/p>\n\n\n\n<hr class=\"wp-block-separator has-alpha-channel-opacity\" \/>\n\n\n\n<h4 class=\"wp-block-heading\"><strong><em>Sources<\/em><\/strong><\/h4>\n\n\n\n<div class=\"wp-block-buttons is-layout-flex wp-block-buttons-is-layout-flex\">\n<div class=\"wp-block-button is-style-fill\"><a class=\"wp-block-button__link wp-element-button\">http:\/\/filsdejoie.e-monsite.com<\/a><\/div>\n<\/div>\n\n\n\n<hr class=\"wp-block-separator has-alpha-channel-opacity\" \/>\n\n\n\n<p><em>Pr\u00e9par\u00e9 et r\u00e9dig\u00e9 par Pierre Ren\u00e9, Evan-Rapha\u00ebl Vannier, Loumir Buisson-Fabregat, Mathieu Boulardin, Louna-Marie Le Galloudec et Pablo Mittag.<\/em><\/p>\n\n\n\n<ul class=\"wp-block-social-links is-content-justification-center is-layout-flex wp-container-core-social-links-is-layout-a89b3969 wp-block-social-links-is-layout-flex\"><li class=\"wp-social-link wp-social-link-spotify  wp-block-social-link\"><a href=\"https:\/\/open.spotify.com\/intl-fr\/artist\/64yxN25i8WqtQhvEfsg3yB?si=QiBBmMZISW2qbeS3dEQyKQ\" class=\"wp-block-social-link-anchor\"><svg width=\"24\" height=\"24\" viewBox=\"0 0 24 24\" version=\"1.1\" xmlns=\"http:\/\/www.w3.org\/2000\/svg\" aria-hidden=\"true\" focusable=\"false\"><path d=\"M12,2C6.477,2,2,6.477,2,12c0,5.523,4.477,10,10,10c5.523,0,10-4.477,10-10C22,6.477,17.523,2,12,2 M16.586,16.424 c-0.18,0.295-0.563,0.387-0.857,0.207c-2.348-1.435-5.304-1.76-8.785-0.964c-0.335,0.077-0.67-0.133-0.746-0.469 c-0.077-0.335,0.132-0.67,0.469-0.746c3.809-0.871,7.077-0.496,9.713,1.115C16.673,15.746,16.766,16.13,16.586,16.424 M17.81,13.7 c-0.226,0.367-0.706,0.482-1.072,0.257c-2.687-1.652-6.785-2.131-9.965-1.166C6.36,12.917,5.925,12.684,5.8,12.273 C5.675,11.86,5.908,11.425,6.32,11.3c3.632-1.102,8.147-0.568,11.234,1.328C17.92,12.854,18.035,13.335,17.81,13.7 M17.915,10.865 c-3.223-1.914-8.54-2.09-11.618-1.156C5.804,9.859,5.281,9.58,5.131,9.086C4.982,8.591,5.26,8.069,5.755,7.919 c3.532-1.072,9.404-0.865,13.115,1.338c0.445,0.264,0.59,0.838,0.327,1.282C18.933,10.983,18.359,11.129,17.915,10.865\"><\/path><\/svg><span class=\"wp-block-social-link-label screen-reader-text\">Spotify<\/span><\/a><\/li>\n\n<li class=\"wp-social-link wp-social-link-youtube  wp-block-social-link\"><a href=\"https:\/\/www.youtube.com\/@lesfils2joie\" class=\"wp-block-social-link-anchor\"><svg width=\"24\" height=\"24\" viewBox=\"0 0 24 24\" version=\"1.1\" xmlns=\"http:\/\/www.w3.org\/2000\/svg\" aria-hidden=\"true\" focusable=\"false\"><path d=\"M21.8,8.001c0,0-0.195-1.378-0.795-1.985c-0.76-0.797-1.613-0.801-2.004-0.847c-2.799-0.202-6.997-0.202-6.997-0.202 h-0.009c0,0-4.198,0-6.997,0.202C4.608,5.216,3.756,5.22,2.995,6.016C2.395,6.623,2.2,8.001,2.2,8.001S2,9.62,2,11.238v1.517 c0,1.618,0.2,3.237,0.2,3.237s0.195,1.378,0.795,1.985c0.761,0.797,1.76,0.771,2.205,0.855c1.6,0.153,6.8,0.201,6.8,0.201 s4.203-0.006,7.001-0.209c0.391-0.047,1.243-0.051,2.004-0.847c0.6-0.607,0.795-1.985,0.795-1.985s0.2-1.618,0.2-3.237v-1.517 C22,9.62,21.8,8.001,21.8,8.001z M9.935,14.594l-0.001-5.62l5.404,2.82L9.935,14.594z\"><\/path><\/svg><span class=\"wp-block-social-link-label screen-reader-text\">YouTube<\/span><\/a><\/li>\n\n<li class=\"wp-social-link wp-social-link-instagram  wp-block-social-link\"><a href=\"https:\/\/www.instagram.com\/lesfilsdejoie\/\" class=\"wp-block-social-link-anchor\"><svg width=\"24\" height=\"24\" viewBox=\"0 0 24 24\" version=\"1.1\" xmlns=\"http:\/\/www.w3.org\/2000\/svg\" aria-hidden=\"true\" focusable=\"false\"><path d=\"M12,4.622c2.403,0,2.688,0.009,3.637,0.052c0.877,0.04,1.354,0.187,1.671,0.31c0.42,0.163,0.72,0.358,1.035,0.673 c0.315,0.315,0.51,0.615,0.673,1.035c0.123,0.317,0.27,0.794,0.31,1.671c0.043,0.949,0.052,1.234,0.052,3.637 s-0.009,2.688-0.052,3.637c-0.04,0.877-0.187,1.354-0.31,1.671c-0.163,0.42-0.358,0.72-0.673,1.035 c-0.315,0.315-0.615,0.51-1.035,0.673c-0.317,0.123-0.794,0.27-1.671,0.31c-0.949,0.043-1.233,0.052-3.637,0.052 s-2.688-0.009-3.637-0.052c-0.877-0.04-1.354-0.187-1.671-0.31c-0.42-0.163-0.72-0.358-1.035-0.673 c-0.315-0.315-0.51-0.615-0.673-1.035c-0.123-0.317-0.27-0.794-0.31-1.671C4.631,14.688,4.622,14.403,4.622,12 s0.009-2.688,0.052-3.637c0.04-0.877,0.187-1.354,0.31-1.671c0.163-0.42,0.358-0.72,0.673-1.035 c0.315-0.315,0.615-0.51,1.035-0.673c0.317-0.123,0.794-0.27,1.671-0.31C9.312,4.631,9.597,4.622,12,4.622 M12,3 C9.556,3,9.249,3.01,8.289,3.054C7.331,3.098,6.677,3.25,6.105,3.472C5.513,3.702,5.011,4.01,4.511,4.511 c-0.5,0.5-0.808,1.002-1.038,1.594C3.25,6.677,3.098,7.331,3.054,8.289C3.01,9.249,3,9.556,3,12c0,2.444,0.01,2.751,0.054,3.711 c0.044,0.958,0.196,1.612,0.418,2.185c0.23,0.592,0.538,1.094,1.038,1.594c0.5,0.5,1.002,0.808,1.594,1.038 c0.572,0.222,1.227,0.375,2.185,0.418C9.249,20.99,9.556,21,12,21s2.751-0.01,3.711-0.054c0.958-0.044,1.612-0.196,2.185-0.418 c0.592-0.23,1.094-0.538,1.594-1.038c0.5-0.5,0.808-1.002,1.038-1.594c0.222-0.572,0.375-1.227,0.418-2.185 C20.99,14.751,21,14.444,21,12s-0.01-2.751-0.054-3.711c-0.044-0.958-0.196-1.612-0.418-2.185c-0.23-0.592-0.538-1.094-1.038-1.594 c-0.5-0.5-1.002-0.808-1.594-1.038c-0.572-0.222-1.227-0.375-2.185-0.418C14.751,3.01,14.444,3,12,3L12,3z M12,7.378 c-2.552,0-4.622,2.069-4.622,4.622S9.448,16.622,12,16.622s4.622-2.069,4.622-4.622S14.552,7.378,12,7.378z M12,15 c-1.657,0-3-1.343-3-3s1.343-3,3-3s3,1.343,3,3S13.657,15,12,15z M16.804,6.116c-0.596,0-1.08,0.484-1.08,1.08 s0.484,1.08,1.08,1.08c0.596,0,1.08-0.484,1.08-1.08S17.401,6.116,16.804,6.116z\"><\/path><\/svg><span class=\"wp-block-social-link-label screen-reader-text\">Instagram<\/span><\/a><\/li><\/ul>\n","protected":false},"excerpt":{"rendered":"<p>Les \u00ab\u00a0Fils de Joie\u00a0\u00bb est un groupe Toulousain appartenant \u00e0 l&rsquo;esth\u00e9tique new-wave post punk, fond\u00e9 en 1978. Il est compos\u00e9 de 5 musiciens : Olivier H\u00e9bert, guitariste et leader du projet, Alain G\u00e9rard \u00e0 la batterie, Christophe Bonnebouche aux claviers, et Daniel Costa, \u00e0 la basse (ayant rejoint le groupe quelques temps apr\u00e8s). Ils se [&hellip;]<\/p>\n","protected":false},"author":1127,"featured_media":0,"parent":29,"menu_order":0,"comment_status":"closed","ping_status":"closed","template":"","meta":{"footnotes":""},"class_list":["post-2051","page","type-page","status-publish","hentry"],"_links":{"self":[{"href":"https:\/\/blogs.univ-tlse2.fr\/scemuto\/wp-json\/wp\/v2\/pages\/2051","targetHints":{"allow":["GET"]}}],"collection":[{"href":"https:\/\/blogs.univ-tlse2.fr\/scemuto\/wp-json\/wp\/v2\/pages"}],"about":[{"href":"https:\/\/blogs.univ-tlse2.fr\/scemuto\/wp-json\/wp\/v2\/types\/page"}],"author":[{"embeddable":true,"href":"https:\/\/blogs.univ-tlse2.fr\/scemuto\/wp-json\/wp\/v2\/users\/1127"}],"replies":[{"embeddable":true,"href":"https:\/\/blogs.univ-tlse2.fr\/scemuto\/wp-json\/wp\/v2\/comments?post=2051"}],"version-history":[{"count":82,"href":"https:\/\/blogs.univ-tlse2.fr\/scemuto\/wp-json\/wp\/v2\/pages\/2051\/revisions"}],"predecessor-version":[{"id":2828,"href":"https:\/\/blogs.univ-tlse2.fr\/scemuto\/wp-json\/wp\/v2\/pages\/2051\/revisions\/2828"}],"up":[{"embeddable":true,"href":"https:\/\/blogs.univ-tlse2.fr\/scemuto\/wp-json\/wp\/v2\/pages\/29"}],"wp:attachment":[{"href":"https:\/\/blogs.univ-tlse2.fr\/scemuto\/wp-json\/wp\/v2\/media?parent=2051"}],"curies":[{"name":"wp","href":"https:\/\/api.w.org\/{rel}","templated":true}]}}