 {"id":2057,"date":"2024-01-08T23:59:52","date_gmt":"2024-01-08T22:59:52","guid":{"rendered":"https:\/\/blogs.univ-tlse2.fr\/scemuto\/?page_id=2057"},"modified":"2024-08-11T13:00:09","modified_gmt":"2024-08-11T11:00:09","slug":"frederika-bodi","status":"publish","type":"page","link":"https:\/\/blogs.univ-tlse2.fr\/scemuto\/artistes-et-albums\/frederika-bodi\/","title":{"rendered":"Frederika* &#8211; Bodi"},"content":{"rendered":"\n<figure class=\"wp-block-image size-full\"><img loading=\"lazy\" decoding=\"async\" width=\"960\" height=\"958\" src=\"https:\/\/blogs.univ-tlse2.fr\/scemuto\/files\/2024\/01\/image-1.png\" alt=\"\" class=\"wp-image-2361\" srcset=\"https:\/\/blogs.univ-tlse2.fr\/scemuto\/files\/2024\/01\/image-1.png 960w, https:\/\/blogs.univ-tlse2.fr\/scemuto\/files\/2024\/01\/image-1-300x300.png 300w, https:\/\/blogs.univ-tlse2.fr\/scemuto\/files\/2024\/01\/image-1-150x150.png 150w, https:\/\/blogs.univ-tlse2.fr\/scemuto\/files\/2024\/01\/image-1-768x766.png 768w\" sizes=\"auto, (max-width: 960px) 100vw, 960px\" \/><\/figure>\n\n\n\n<p>En cette fin 2023, entre quatre murs d\u2019une salle de cours de l\u2019universit\u00e9 du Mirail \u00e0 Toulouse, accompagn\u00e9.e.s d\u2019un piano droit, nous avons eu le plaisir d\u2019interviewer un esprit cr\u00e9atif dont l\u2019univers vous engloutit: la musicienne multi-instrumentiste et compositrice Fr\u00e9d\u00e9rika Al\u00e9sina. Dans cette interview nous avons pu d\u00e9couvrir les origines de \u201cBodi\u201d, son dernier Ep.<\/p>\n\n\n\n<hr class=\"wp-block-separator has-alpha-channel-opacity\" \/>\n\n\n\n<h4 class=\"wp-block-heading\"><strong>Entretien avec Frederika*<\/strong><\/h4>\n\n\n\n<figure class=\"wp-block-audio\"><audio controls src=\"https:\/\/prismes.univ-toulouse.fr\/video.php?code=H983032j&amp;width=100%&amp;height=100%\"><\/audio><\/figure>\n\n\n\n<hr class=\"wp-block-separator has-alpha-channel-opacity\" \/>\n\n\n\n<h4 class=\"wp-block-heading\"><strong>Frederika* et l&rsquo;album Bodi<\/strong><\/h4>\n\n\n\n<figure class=\"wp-block-image alignright size-full is-resized\"><img loading=\"lazy\" decoding=\"async\" width=\"960\" height=\"960\" src=\"https:\/\/blogs.univ-tlse2.fr\/scemuto\/files\/2024\/01\/image-3.png\" alt=\"\" class=\"wp-image-2368\" style=\"width:330px;height:auto\" srcset=\"https:\/\/blogs.univ-tlse2.fr\/scemuto\/files\/2024\/01\/image-3.png 960w, https:\/\/blogs.univ-tlse2.fr\/scemuto\/files\/2024\/01\/image-3-300x300.png 300w, https:\/\/blogs.univ-tlse2.fr\/scemuto\/files\/2024\/01\/image-3-150x150.png 150w, https:\/\/blogs.univ-tlse2.fr\/scemuto\/files\/2024\/01\/image-3-768x768.png 768w\" sizes=\"auto, (max-width: 960px) 100vw, 960px\" \/><figcaption class=\"wp-element-caption\">https:\/\/www.frederika.fr\/fr\/photos\/   By Thierry Dubuc<\/figcaption><\/figure>\n\n\n\n<p>Fr\u00e9d\u00e9rika est membre de la compagnie de spectacles musicaux les <em>Humanophones<\/em>, cheffe de choeur de la chorale f\u00e9ministe <em>l\u2019Ebranleuse<\/em>, double prim\u00e9e au concours international du Crestjazz Festival, enseignante de chant \u00e0 l\u2019Universit\u00e9 Toulouse Jean Jeaur\u00e9s mais aussi actrice dans une large palette de disciplines. Fr\u00e9d\u00e9rika est surtout une femme curieuse qui se trourne vers la musique \u00e0 l\u2019\u00e2ge de 4 ans. Elle passe son enfance et sa jeunesse dans le studio de ses parents. Encourag\u00e9e par son p\u00e8re, elle apprend le piano classique et la programmation sonore. Quelques albums de Mariah Carey, Radiohead et Michael Jackson \u00e9cout\u00e9s plus tard, la musicienne comprend qu\u2019elle veut devenir chanteuse. Dans son adolescence elle d\u00e9couvre le jazz ainsi que la musique \u00e9lectronique. La sc\u00e8ne devient un lieu primordial pour son \u00e9volution musicale. Aujourd\u2019hui Frederika* c\u2019est : une centaine de concerts, une centaine de compositions, une diversit\u00e9 musicale certaine (classique, jazz, pop, rock, musique du monde, musique de films, \u00e9lectro) et un placard rempli de v\u00eatements \u00e0 paillettes. Tout son univers converge dans sa derni\u00e8re cr\u00e9ation : BODI.<\/p>\n\n\n\n<p><br>Publi\u00e9 fin Mai 2020 -en plein contexte de crise sanitaire- BODI est le premier Ep de Frederika*. Pourquoi bodi ? En \u00e9coutant l\u2019album, vous vous en rendrez compte. Non ce n\u2019est pas une batterie qu\u2019on \u00e9coute. La voix est un instrument, certes, mais le corps en est un aussi. La musicienne est l\u2019instrument. La musicienne est la musique. Le concept de l\u2019album ? Fr\u00e9d\u00e9rika nous explique tr\u00e8s clairement: \u201c<em>La musique avec moi (toute enti\u00e8re), les objets de ma maison et les instruments de ma maison. Il y a que \u00e7a dans ce disque<\/em>\u201d. \u201c<em>Chant, joues, cuisses, pieds, cuisini\u00e8re \u00e0 gaz, bouteille en plastique, chou-chou charley, caisse claire avec les l\u00e8vres, m\u00e9lodica, les clefs de ma maison, tracteur<\/em>\u201d. Voil\u00e0 une liste de quelques instruments qui ont \u00e9t\u00e9 utilis\u00e9s pour l\u2019enregistrement de BODI. L\u2019album a \u00e9t\u00e9 produit et mix\u00e9 par elle-m\u00eame et Arthur Ower (son partenaire dans le crime) au Studio Providence et masteris\u00e9 par Simon Lancelot au Studio Ferber. La photographie de la pochette vient de la main de Lionel Pesqu\u00e9 et l\u2019Artwork du disque est sign\u00e9 Jouch. \u201c<em>Musique anatomique<\/em>\u201d, \u201c<em>Pop bricole<\/em>\u201d, \u201c<em>Pop \u00e9pidermique<\/em>\u201d, \u201c<em>Body music<\/em>\u201d sont des termes qu\u2019utilise Fr\u00e9d\u00e9rika pour tenter de d\u00e9finir sa musique\u2026 m\u00eame si l\u2019on ne peut r\u00e9ellement le faire.<\/p>\n\n\n\n<p>Setlist:<\/p>\n\n\n\n<ol class=\"wp-block-list\">\n<li><em>MerSea<\/em><\/li>\n\n\n\n<li><em>LuciFer<\/em><\/li>\n\n\n\n<li><em>R is R<\/em><\/li>\n\n\n\n<li><em>Beauty Fool<\/em><\/li>\n\n\n\n<li><em>Bloody Body<\/em><\/li>\n\n\n\n<li><em>What Eases ?<\/em><\/li>\n<\/ol>\n\n\n\n<hr class=\"wp-block-separator has-alpha-channel-opacity\" \/>\n\n\n\n<h4 class=\"wp-block-heading\"><strong>La composition chez Frederika<\/strong>*<\/h4>\n\n\n\n<p>L&rsquo;inspiration peut-elle vraiment venir naturellement ? Du v\u00e9cu, des exp\u00e9riences et des pens\u00e9es de chacun ? Est-il possible de faire cela sans m\u00e9thode pr\u00e9d\u00e9finie ?<\/p>\n\n\n\n<p>Frederika* nous montre une vraie ambivalence et diversification dans sa fa\u00e7on de composer. Se laissant r\u00e9ellement influencer par le monde qui l\u2019entoure sans peur, elle cherche une mani\u00e8re propre \u00e0 elle de composer, laissant une r\u00e9elle place \u00e0 l&rsquo;inspiration momentan\u00e9e tout en cherchant toujours \u00e0 se renouveler dans son proc\u00e9d\u00e9 de composition, Frederika* est une artiste authentique et empirique.<\/p>\n\n\n\n<p>Que ce soit<\/p>\n\n\n\n<ul class=\"wp-block-list\">\n<li>Une phrase apparue dans une situation donn\u00e9e ou une pens\u00e9e quelconque<\/li>\n\n\n\n<li>Une boucle qu&rsquo;elle enregistre sur laquelle elle va improviser<\/li>\n\n\n\n<li>Des congas qu&rsquo;elle vient pitcher qui vont ensuite inspirer sa m\u00e9lodie<\/li>\n<\/ul>\n\n\n\n<p>Tout peut devenir un \u00e9l\u00e9ment important de ses compositions comme par exemple la premi\u00e8re phrase d&rsquo;un morceau ou la topline du refrain. Cette phrase ensuite, lui donne une ligne de conduite pour le reste du morceau, de mani\u00e8re d&rsquo;ailleurs parfois un peu psychanalytique, pourquoi cette phrase m\u2019est venue ? Qu&rsquo;est ce que \u00e7a veut dire ? Quelle \u00e9motion je souhaite exprimer ? etc&#8230; Elle construira ensuite petit \u00e0 petit un morceau \u00e0 partir de cette \u00e9motion.<\/p>\n\n\n\n<p>Elle exprime sinc\u00e8rement dans l\u2019entretien que la m\u00e9lancolie est un sentiment tr\u00e8s pr\u00e9sent dans sa vie, et une belle source d&rsquo;inspiration dans ses chansons. Elle accueille cette sensation avec une telle profondeur que c\u2019est v\u00e9ritablement rafra\u00eechissant et touchant lorsqu\u2019on la voit monter sur sc\u00e8ne.<\/p>\n\n\n\n<figure class=\"wp-block-image alignright size-large is-resized\"><img loading=\"lazy\" decoding=\"async\" width=\"768\" height=\"1024\" src=\"https:\/\/blogs.univ-tlse2.fr\/scemuto\/files\/2024\/01\/image-4-768x1024.png\" alt=\"\" class=\"wp-image-2378\" style=\"width:192px;height:auto\" srcset=\"https:\/\/blogs.univ-tlse2.fr\/scemuto\/files\/2024\/01\/image-4-768x1024.png 768w, https:\/\/blogs.univ-tlse2.fr\/scemuto\/files\/2024\/01\/image-4-225x300.png 225w, https:\/\/blogs.univ-tlse2.fr\/scemuto\/files\/2024\/01\/image-4.png 900w\" sizes=\"auto, (max-width: 768px) 100vw, 768px\" \/><figcaption class=\"wp-element-caption\">https:\/\/www.frederika.fr\/fr\/photos\/   <br> By Lionel Pesque<\/figcaption><\/figure>\n\n\n\n<p>Frederika* nous montre que m\u00eame dans la composition vocale avec des boucles on peut int\u00e9grer de la spontan\u00e9it\u00e9 et du risque, l&rsquo;\u00e9l\u00e9ment clef qui lui donne de la libert\u00e9 d\u2019expression musicale le jour J. Pour se pr\u00e9parer pour les sc\u00e8nes live elle cr\u00e9e des tableaux et r\u00e9p\u00e8te les set \u00e0 l&rsquo;avance mais contrairement \u00e0 ce que l\u2019on peut penser, dans les concerts m\u00eame avec un looper elle ne se pose aucune limite, si l\u2019envie lui vient de changer le tempo ou la structure du morceau elle n&rsquo;h\u00e9site pas. Ce qui donne des live authentiques syncro avec son exp\u00e9rience et les sensation du moment. Tout ceci grandement aid\u00e9 par le fait qu&rsquo;elle a commenc\u00e9 \u00e0 enregistrer et faire de la programmation des 7 ans dans le studio de son p\u00e8re.<\/p>\n\n\n\n<p>Elle jongle entre les mondes du studio et du live et fait de nombreuses versions diff\u00e9rentes de ses morceaux en fonction de ses envies et des concerts, quelque chose qui devient plus complexe sp\u00e9cifiquement quand on fait des concerts seule. Elle s\u2019adapte et devient tous les musiciens en m\u00eame temps, avec l\u2019aide d&rsquo;une loopstation.<\/p>\n\n\n\n<p>Nous avons choisi Frederika* tout d\u2019abord parce qu&rsquo;elle est inspirante, elle cr\u00e9e de la musique atypique seule avec majoritairement sa voix et des percussions corporel mais aussi car nous \u00e9tions int\u00e9ress\u00e9s de savoir comment est ce qu&rsquo;elle fait pour rendre toujours int\u00e9ressants ses morceaux en \u00e9tant seule et en utilisant quasi exclusivement sa voix et son corps pour composer.<\/p>\n\n\n\n<hr class=\"wp-block-separator has-alpha-channel-opacity\" \/>\n\n\n\n<h4 class=\"wp-block-heading\"><strong>BODI<\/strong><\/h4>\n\n\n\n<p>Paru le 29 mai 2020, cet album \u00e0 \u00e9t\u00e9 compos\u00e9 et enregistr\u00e9 par elle m\u00eame (et Arthur Ower). C\u2019est un album sur lequel elle \u00e0 \u00e9norm\u00e9ment travaill\u00e9. Comme elle nous l\u2019a expliqu\u00e9 dans son entretien avec nous, elle est plut\u00f4t perfectionniste, et a mis du temps avant de sortir un album. Elle souhaitait en sortir un qu\u2019on peut \u00e9couter encore et encore, et est tr\u00e8s fi\u00e8re de celui-ci. Dans notre entretien, on lui \u00e0 pos\u00e9 une question concernant les jeux de mots dans ses morceaux. Elle nous \u00e0 r\u00e9pondu se \u201cd\u00e9battre dans les extr\u00eames\u201d et voir \u201cbeaucoup de choses \u00e0 double sens\u201d. Elle nous \u00e0 expliqu\u00e9 faire un jeu avec sa fille consistant \u00e0 r\u00e9p\u00e9ter des mots pour faire en sorte que la derni\u00e8re syllabe devient la premi\u00e8re, changeant le sens du mot. Et elle \u00e0 beaucoup aim\u00e9 d\u00e9couvrir \u00e7a en anglais, elle nous donne l\u2019exemple de \u201cmy dear\u201d qui veut dire : mon cher, qui peut \u00e9galement signifier mon cerf (s\u2019orthographie \u201cmy deer\u201d), avec l\u2019id\u00e9e de la voir dans un clip avec des oreilles de cerf pour jouer sur le sens. Il y a d\u2019autres jeux de mots et doubles sens tout au long de l\u2019album, que nous vous laissons le plaisir de d\u00e9couvrir !<\/p>\n\n\n\n<h4 class=\"wp-block-heading\">La polyphonie<\/h4>\n\n\n\n<p>Frederika utilise la polyphonie dans tout ses morceaux. allant de polyphonies simples ( comme simplement des accords \u00e0 trois sons pour faire des nappes, comme sur l\u2019introduction de bloody body), jusqu\u2019\u00e0 des polyphonies plus complexes (comme sur Mersea, avec non seulement des accords \u00e0 la voix, mais \u00e9galement des arp\u00e8ges o\u00f9 des canons). Les id\u00e9es de ces polyphonies lui viennent g\u00e9n\u00e9ralement \u00e0 partir d\u2019un looper, un outil permettant d\u2019enregistrer un instrument et de le r\u00e9p\u00e9ter. Frederika utilise le looper pour ses performances sur sc\u00e8ne, mais \u00e9galement au moment de la composition.<\/p>\n\n\n\n<h4 class=\"wp-block-heading\">L&rsquo;instrumentation<\/h4>\n\n\n\n<p>Pour l\u2019instrumentation des morceaux de son album, Frederika utilise d\u00e9j\u00e0 beaucoup sa voix, comme nous l&rsquo;avons vu dans la partie pr\u00e9c\u00e9dente. Mais ce qui est int\u00e9ressant, c\u2019est au niveau des instruments : elle utilise des percussions corporelles pour certains morceaux, comme \u00ab&nbsp;beauty fool&nbsp;\u00bb.Nous avons d\u00e9couvert, \u00e0 travers notre entretien, que les instruments utilis\u00e9s proviennent d\u2019une banque de sons, avec des instruments \u00e9lectroniques qui ne lui plaisent pas \u00e0 la base, et qu\u2019elle trafique. Elle nous a confi\u00e9 que \u201cles lames d\u2019un tracteur \u00e0 faire les meules de paille\u201d, utilis\u00e9es dans le morceau Lucifer, dont le seul son qui n\u2019est pas d\u2019elle. Mis \u00e0 part cela, elle n\u2019utilise que des instruments de sa banque de sons et des objets ou meubles de chez elle, ce qui donne des sons m\u00e9morables, et cr\u00e9e un album aux sonorit\u00e9s uniques.<\/p>\n\n\n\n<hr class=\"wp-block-separator has-alpha-channel-opacity\" \/>\n\n\n\n<h4 class=\"wp-block-heading\"><strong>Quelques ressources utiles<\/strong><\/h4>\n\n\n\n<p>Les actualit\u00e9s de Frederika* : <a href=\"https:\/\/www.frederika.fr\/fr\/welcome\/\">https:\/\/www.frederika.fr\/fr\/welcome\/<\/a><\/p>\n\n\n\n<p>Son album : https:\/\/www.frederika.fr\/fr\/music\/<\/p>\n\n\n\n<p>Sa musique : https:\/\/frederika.bandcamp.com\/album\/bodi<\/p>\n\n\n\n<hr class=\"wp-block-separator has-alpha-channel-opacity\" \/>\n\n\n\n<p><em>R\u00e9dig\u00e9 par Giuliano Leroy, Pablo Ducoin, Maya Chalmers, Lucy Brooker et K\u00e9ziah Clemenceau.<\/em><\/p>\n","protected":false},"excerpt":{"rendered":"<p>En cette fin 2023, entre quatre murs d\u2019une salle de cours de l\u2019universit\u00e9 du Mirail \u00e0 Toulouse, accompagn\u00e9.e.s d\u2019un piano droit, nous avons eu le plaisir d\u2019interviewer un esprit cr\u00e9atif dont l\u2019univers vous engloutit: la musicienne multi-instrumentiste et compositrice Fr\u00e9d\u00e9rika Al\u00e9sina. Dans cette interview nous avons pu d\u00e9couvrir les origines de \u201cBodi\u201d, son dernier Ep. [&hellip;]<\/p>\n","protected":false},"author":1127,"featured_media":0,"parent":29,"menu_order":0,"comment_status":"closed","ping_status":"closed","template":"","meta":{"footnotes":""},"class_list":["post-2057","page","type-page","status-publish","hentry"],"_links":{"self":[{"href":"https:\/\/blogs.univ-tlse2.fr\/scemuto\/wp-json\/wp\/v2\/pages\/2057","targetHints":{"allow":["GET"]}}],"collection":[{"href":"https:\/\/blogs.univ-tlse2.fr\/scemuto\/wp-json\/wp\/v2\/pages"}],"about":[{"href":"https:\/\/blogs.univ-tlse2.fr\/scemuto\/wp-json\/wp\/v2\/types\/page"}],"author":[{"embeddable":true,"href":"https:\/\/blogs.univ-tlse2.fr\/scemuto\/wp-json\/wp\/v2\/users\/1127"}],"replies":[{"embeddable":true,"href":"https:\/\/blogs.univ-tlse2.fr\/scemuto\/wp-json\/wp\/v2\/comments?post=2057"}],"version-history":[{"count":5,"href":"https:\/\/blogs.univ-tlse2.fr\/scemuto\/wp-json\/wp\/v2\/pages\/2057\/revisions"}],"predecessor-version":[{"id":2829,"href":"https:\/\/blogs.univ-tlse2.fr\/scemuto\/wp-json\/wp\/v2\/pages\/2057\/revisions\/2829"}],"up":[{"embeddable":true,"href":"https:\/\/blogs.univ-tlse2.fr\/scemuto\/wp-json\/wp\/v2\/pages\/29"}],"wp:attachment":[{"href":"https:\/\/blogs.univ-tlse2.fr\/scemuto\/wp-json\/wp\/v2\/media?parent=2057"}],"curies":[{"name":"wp","href":"https:\/\/api.w.org\/{rel}","templated":true}]}}