 {"id":2061,"date":"2025-09-16T16:55:16","date_gmt":"2025-09-16T14:55:16","guid":{"rendered":"https:\/\/blogs.univ-tlse2.fr\/scemuto\/?page_id=2061"},"modified":"2025-09-16T16:55:16","modified_gmt":"2025-09-16T14:55:16","slug":"p22-records","status":"publish","type":"page","link":"https:\/\/blogs.univ-tlse2.fr\/scemuto\/labels-discographiques\/p22-records\/","title":{"rendered":"P22 records"},"content":{"rendered":"\n<div class=\"wp-block-cover alignfull\"><span aria-hidden=\"true\" class=\"wp-block-cover__background has-foreground-background-color has-background-dim-100 has-background-dim\"><\/span><div class=\"wp-block-cover__inner-container is-layout-constrained wp-block-cover-is-layout-constrained\">\n<p class=\"has-text-align-center has-text-color has-link-color wp-elements-e9dddb8cd6eab4bc86ecfdb219346bc1\" style=\"color:#28ec06;font-size:100px;font-style:normal;font-weight:700\"><strong><em>P22<\/em><\/strong><\/p>\n\n\n\n<p class=\"has-text-align-center has-text-color has-link-color has-large-font-size wp-elements-562597ead85a5442ff9c7a36d6e40a29\" style=\"color:#3beb07\"><strong><em>RECORDS<\/em><\/strong><\/p>\n<\/div><\/div>\n\n\n\n<p>            <\/p>\n\n\n\n<blockquote class=\"wp-block-quote is-layout-flow wp-block-quote-is-layout-flow\">\n<p>Les studios d&rsquo;enregistrement sont des endroits de rencontre, de partage et de cr\u00e9ation artistique. Depuis 1925, avec la cr\u00e9ation des microphones ainsi que de graveurs de disques, ces derniers permettent l&rsquo;\u00e9volution et la notori\u00e9t\u00e9 de nombreux artistes, tout en offrant des possibilit\u00e9s toujours plus originales les unes que les autres. Cela est notamment compr\u00e9hensible car la progression toujours plus fulgurante des appareils technologiques poussent les diverses enseignes \u00e0 viser plus haut. Aujourd\u2019hui, la concurrence est rude. Elle est d\u2019autant plus av\u00e9r\u00e9e par la possibilit\u00e9 d\u2019avoir du tr\u00e8s bon mat\u00e9riel pour un prix tout \u00e0 fait raisonnable. Cet acc\u00e8s facilit\u00e9 pose un enjeu majeur : la qualit\u00e9 d\u2019un studio professionnel face \u00e0 un home studio. Ainsi, nous nous sommes demand\u00e9s&nbsp;en quoi la participation d&rsquo;un studio, professionnel ou non, reste b\u00e9n\u00e9fique dans la cr\u00e9ation de projets et enregistrements musicaux en 2024. C\u2019est par le prisme d\u2019une interview r\u00e9alis\u00e9e avec le studio P22 records que nous allons tenter de le&nbsp;comprendre. Nous verrons \u00e9galement en quoi ce studio, par ses qualit\u00e9s relationnelles, peut se d\u00e9marquer d\u2019un autre sur la r\u00e9gion toulousaine.&nbsp;<\/p>\n\n\n\n<p>(SAISIR INTERVIEW)<\/p>\n\n\n\n<p>Retranscription audio \u00e9crite de l&rsquo;interview P22 Records : <\/p>\n\n\n\n<div data-wp-interactive=\"core\/file\" class=\"wp-block-file\"><object data-wp-bind--hidden=\"!state.hasPdfPreview\" hidden class=\"wp-block-file__embed\" data=\"https:\/\/blogs.univ-tlse2.fr\/scemuto\/files\/2024\/01\/P22-Records-script-FINAL.pdf\" type=\"application\/pdf\" style=\"width:100%;height:600px\" aria-label=\"Contenu embarqu\u00e9 P22-Records-script-FINAL.\"><\/object><a id=\"wp-block-file--media-2900b7ef-2edf-467e-a335-cd64d7af8dc4\" href=\"https:\/\/blogs.univ-tlse2.fr\/scemuto\/files\/2024\/01\/P22-Records-script-FINAL.pdf\">P22-Records-script-FINAL<\/a><a href=\"https:\/\/blogs.univ-tlse2.fr\/scemuto\/files\/2024\/01\/P22-Records-script-FINAL.pdf\" class=\"wp-block-file__button wp-element-button\" download aria-describedby=\"wp-block-file--media-2900b7ef-2edf-467e-a335-cd64d7af8dc4\">T\u00e9l\u00e9charger<\/a><\/div>\n<\/blockquote>\n\n\n\n<p class=\"has-text-align-left has-text-color has-link-color has-large-font-size wp-elements-04e2194835702c7361a4e7eaa11c17d8\" style=\"color:#05f710\"><strong>Sommaire :&nbsp;<\/strong><\/p>\n\n\n\n<ul class=\"wp-block-list\">\n<li>Premi\u00e8re partie : Entre home-studio et studio professionnel, une perp\u00e9tuelle \u00e9volution illustr\u00e9e avec le cas P22 Records<\/li>\n<\/ul>\n\n\n\n<ul class=\"wp-block-list\">\n<li>Deuxi\u00e8me partie : L&rsquo;enregistrement studio, un \u00e9picentre dans le domaine musical qui soul\u00e8ve des enjeux actuels <\/li>\n<\/ul>\n\n\n\n<p><\/p>\n\n\n\n<p><\/p>\n\n\n\n<div class=\"wp-block-cover aligncenter\" style=\"min-height:164px;aspect-ratio:unset;\"><span aria-hidden=\"true\" class=\"wp-block-cover__background has-foreground-background-color has-background-dim-100 has-background-dim\"><\/span><div class=\"wp-block-cover__inner-container is-layout-constrained wp-block-cover-is-layout-constrained\">\n<p class=\"has-text-align-center has-large-font-size\"><mark style=\"color:#83fa58\" class=\"has-inline-color\">Premi\u00e8re partie :<\/mark> <mark style=\"color:#39f73b\" class=\"has-inline-color\">Entre home-studio et studio professionnel, une perp\u00e9tuelle \u00e9volution illustr\u00e9e avec le cas P22 Records<\/mark><\/p>\n<\/div><\/div>\n\n\n\n<p><\/p>\n\n\n\n<p>\u00c0 la base de la production sonore, le studio se pr\u00e9sente comme l&rsquo;\u00e9picentre des enregistrements vocaux et instrumentaux. Les dimensions d&rsquo;un studio d&rsquo;enregistrement varient consid\u00e9rablement, allant du local intime, commun\u00e9ment appel\u00e9 \u00ab\u00a0home-studio\u00a0\u00bb, aux vastes studios professionnels install\u00e9s dans des espaces uniques, comprenant plusieurs salles \u00e9quip\u00e9es de mat\u00e9riel sophistiqu\u00e9. Le home-studio se distingue par une fronti\u00e8re qui dispara\u00eet entre le priv\u00e9 et le public, car ces installations sont souvent le fruit d&rsquo;amateurs et trouvent leur place chez les ing\u00e9nieurs du son. Cette proximit\u00e9 favorise des \u00e9changes plus directs et d\u00e9tendus entre les artistes et les ing\u00e9nieurs\/managers.<\/p>\n\n\n\n<p>Le home-studio, selon la d\u00e9finition du Larousse, se d\u00e9crit comme un petit espace d&rsquo;enregistrement et de mixage, g\u00e9n\u00e9ralement associ\u00e9 \u00e0 un ordinateur, utilis\u00e9 par des musiciens, qu&rsquo;ils soient professionnels ou amateurs, dans le but de cr\u00e9er des maquettes de disques. On le qualifie \u00e9galement de station audionum\u00e9rique. Ce terme a \u00e9merg\u00e9 dans les ann\u00e9es 1980, selon Wikip\u00e9dia, apr\u00e8s la cr\u00e9ation du Portastudio 114 par Tascam, le tout premier enregistreur portable \u00e0 quatre pistes pour cassettes. Cette innovation a d\u00e9mocratis\u00e9 l&rsquo;enregistrement musical, permettant aux musiciens de s&rsquo;enregistrer ais\u00e9ment et n&rsquo;importe o\u00f9, offrant ainsi un acc\u00e8s beaucoup plus amateur et direct aux pratiques des m\u00e9tiers du son.<\/p>\n\n\n\n<p class=\"has-text-align-left\">Le but du home studio est d\u2019avoir un moyen d&rsquo;enregistrement simple \u00e0 port\u00e9e de tous, et qui permet une bonne qualit\u00e9. Celui-ci se base essentiellement sur l\u2019utilisation d\u2019un ordinateur, qui permet la retranscription audio en reliant du mat\u00e9riel \u00e9lectronique tels que la carte son, le micro, les enceintes monitorings, le casque&#8230;<\/p>\n\n\n\n<p>Le studio professionnel se distingue du home studio par son acc\u00e8s plus restreint par rapport au co\u00fbt souvent \u00e9lev\u00e9 des sessions d&rsquo;enregistrements, de mix ou de mastering. Ainsi, il offre g\u00e9n\u00e9ralement une accessibilit\u00e9 limit\u00e9e. Traditionnellement, les studios professionnels se composent de deux espaces distincts : l&rsquo;un d\u00e9di\u00e9 aux artistes, \u00e9quip\u00e9 de micros centraux pour les enregistrements, et l&rsquo;autre dot\u00e9 d&rsquo;une console d&rsquo;enregistrement destin\u00e9e aux ing\u00e9nieurs-son employ\u00e9s par le studio.<\/p>\n\n\n\n<p>La pi\u00e8ce r\u00e9serv\u00e9e \u00e0 l&rsquo;artiste est con\u00e7ue pour assurer une isolation phonique, permettant ainsi une intimit\u00e9 pendant les s\u00e9ances d&rsquo;enregistrement. Bien que les gestionnaires du studio puissent surveiller les activit\u00e9s \u00e0 travers des casques, la communication entre l&rsquo;artiste et l&rsquo;ing\u00e9nieur se fait via un acc\u00e8s direct entre les casques et la console.<\/p>\n\n\n\n<p>Au fil des ann\u00e9es 2000, la distinction entre ces deux types de studios s&rsquo;est estomp\u00e9e avec l&rsquo;\u00e9mergence de surfaces de contr\u00f4le et l&rsquo;am\u00e9lioration des p\u00e9riph\u00e9riques, offrant aux logiciels d&rsquo;enregistrement une plus grande vari\u00e9t\u00e9 de possibilit\u00e9s et de capacit\u00e9s, m\u00eame pour les studios amateurs. N\u00e9anmoins, une diff\u00e9rence significative persiste en raison du choix du mat\u00e9riel, souvent de qualit\u00e9 sup\u00e9rieure dans les studios professionnels en raison de son co\u00fbt \u00e9lev\u00e9. Cette disparit\u00e9 a un impact direct sur le traitement acoustique et le r\u00e9sultat final des enregistrements.<\/p>\n\n\n\n<p>Le studio qui nous int\u00e9resse aujourd\u2019hui, P22 Records, est celui dont nous avons interview\u00e9 les dirigeants. Ce dernier se d\u00e9finit comme home-studio, mais poss\u00e8de du mat\u00e9riel et un savoir-faire dignes d\u2019un studio professionnel. En effet, les trois acteurs principaux du studio, Pierre, Maxime et Denis poss\u00e8dent des formations qui leur conf\u00e8rent des bases aussi n\u00e9cessaires que primordiales \u00e0 la compr\u00e9hension du m\u00e9tier d\u2019ing\u00e9nieur-son. Ils poss\u00e8dent, dans un appartement \u00e0 Muret, une salle simple o\u00f9 ne sont pas s\u00e9par\u00e9s l\u2019artiste et l&rsquo;ing\u00e9nieur, ce qui apporte une ambiance chaleureuse et conviviale. Cette disposition apporte un c\u00f4t\u00e9 humain pour cr\u00e9er des liens, car effectivement, l&rsquo;un des points primordiaux d&rsquo;un studio dans la cr\u00e9ation d&rsquo;un projet musical, c&rsquo;est la communication et l&rsquo;entente cordiale entre tous les partis. Les ing\u00e9nieurs-sons fournissent un point de vue technique et esth\u00e9tique qui manque parfois aux artistes, et les artistes approfondissent ainsi leur univers musical dans leur projet. C&rsquo;est en faisant une r\u00e9trospective sur le domaine artistique qu&rsquo;on se rend compte que les rapports humains sont essentiels \u00e0 l&rsquo;\u00e9mergence de la musique, car cette derni\u00e8re a toujours \u00e9t\u00e9 synonyme de partage et de contact. Le travail en studio ne d\u00e9roge pas \u00e0 cette r\u00e8gle, et c&rsquo;est d&rsquo;ailleurs pour cela qu&rsquo;il reste privil\u00e9gi\u00e9 m\u00eame en 2024, malgr\u00e9 les avanc\u00e9es technologiques et l&rsquo;aire de la vulgarisation du domaine de la production musicale, avec des logiciels comme GarageBand, Pro Tools, FL Studio, Ableton Live, Reaper, qui sont m\u00eame pour certains gratuits, ce qui \u00e9largit encore plus le public touch\u00e9. N&rsquo;importe qui peut maintenant, gr\u00e2ce \u00e0 ces logiciels, faire de la musique chez lui, enregistrer du son et poster le contenu sur les plateformes ainsi que les r\u00e9seaux sociaux, qu&rsquo;importe la qualit\u00e9. Pourtant, lorsqu&rsquo;un artiste d\u00e9cide d&rsquo;\u00e9voluer dans ses projets, il prend contact avec un studio pour une meilleure qualit\u00e9. C&rsquo;est comme cela qu&rsquo;on peut \u00e9valuer l&rsquo;importance du studio : les musiciens pr\u00e9f\u00e8rent se d\u00e9placer et payer des gens comp\u00e9tents pour concevoir leur art plut\u00f4t que de le faire seul sans exp\u00e9rience professionnelle et sans avis ext\u00e9rieur.&nbsp;<\/p>\n\n\n\n<!--nextpage-->\n\n\n\n<div class=\"wp-block-cover\" style=\"border-style:none;border-width:0px;border-radius:0px;margin-top:0;margin-bottom:0;padding-top:0;padding-bottom:0;min-height:194px;aspect-ratio:unset;\"><span aria-hidden=\"true\" class=\"wp-block-cover__background has-foreground-background-color has-background-dim-100 has-background-dim\"><\/span><div class=\"wp-block-cover__inner-container is-layout-constrained wp-container-core-cover-is-layout-fdabefd0 wp-block-cover-is-layout-constrained\">\n<p class=\"has-text-align-center has-large-font-size\"><mark style=\"color:#40ea5f\" class=\"has-inline-color\">Deuxi\u00e8me partie : <\/mark><mark style=\"color:#61f635\" class=\"has-inline-color\">L&rsquo;enregistrement studio, un \u00e9picentre dans le domaine musical qui soul\u00e8ve des enjeux actuels <\/mark><\/p>\n<\/div><\/div>\n\n\n\n<p><\/p>\n\n\n\n<p>Pour gagner en visibilit\u00e9, il est important que le studio P22 Records mette en place des strat\u00e9gies pour non seulement se promouvoir, mais aussi mettre en avant les artistes qui sont accueillis chez eux. Pour cela, ils ont notamment mis\u00e9 sur les r\u00e9seaux sociaux. C\u2019est un choix tout \u00e0 fait logique car aujourd\u2019hui la majorit\u00e9 des 16-30 ans sont actifs sur les r\u00e9seaux tels qu\u2019Instagram, Tiktok et Snapchat. Pour se mettre en avant, le studio respecte une identit\u00e9 visuelle qui s\u2019oriente autour de la couleur verte fluo. Elle est pr\u00e9sente dans le logo, dans les stories, dans les publications et conf\u00e8re ainsi une unit\u00e9 dans la pr\u00e9sence sur les r\u00e9seaux. P22 Records reste r\u00e9guli\u00e8rement actif en publiant les activit\u00e9s qu\u2019ils ont r\u00e9alis\u00e9s comme l&rsquo;\u00e9v\u00e8nement P22 (concert) ainsi que des photos du studio ou des extraits de session d\u2019enregistrement avec leurs artistes. Tout \u00e7a permet de suivre leur \u00e9volution, de mettre en avant les artistes qui viennent chez eux, mais aussi de f\u00e9d\u00e9rer une communaut\u00e9. Ils ont cherch\u00e9 un \u00e9quilibre entre ces diff\u00e9rentes \u00e9tapes car, au-del\u00e0 du plan musical, manager un artiste c\u2019est aussi chercher avec lui sa propre identit\u00e9 musicale.&nbsp;<\/p>\n\n\n\n<p>Ce point est assez primordial car certains d\u00e9butent et ne savent pas encore comment ils souhaitent porter leur projet. Selon le livre d\u2019Antoine Hennion, <em>La production du succ\u00e8s : une anti musicologie de la chanson de vari\u00e9t\u00e9<\/em>, le fait de \u201ccr\u00e9er un personnage\u201d est un sujet r\u00e9current pour l&rsquo;auteur. L\u2019artiste est bien plus que sa musique, il est une personne \u00e0 part enti\u00e8re et le manager doit savoir, au contact de ce dernier, comment il peut travailler son image. Ainsi, au fil de ce travail r\u00e9alis\u00e9 entre l\u2019artiste et le studio, se d\u00e9veloppe l\u2019identit\u00e9 artistique du musicien qui prend racine sur des caract\u00e9ristiques physiques, vestimentaires, vocales ou aussi sur ses engagements. C\u2019est pourquoi le studio P22 Records pr\u00eate \u00e9galement attention \u00e0 cela car ils gagneront en visibilit\u00e9 en partageant les artistes ayant un univers propre \u00e0 eux sur leurs r\u00e9seaux.\u00a0<\/p>\n\n\n\n<p><a href=\"https:\/\/www.instagram.com\/reel\/C1pPqL3tAf4\/?utm_source=ig_web_copy_link&amp;igsh=MzRlODBiNWFlZA==\">https:\/\/www.instagram.com\/reel\/C1pPqL3tAf4\/?utm_source=ig_web_copy_link&amp;igsh=MzRlODBiNWFlZA==<\/a><\/p>\n\n\n\n<p>(lien vid\u00e9o r\u00e9capitulatif ann\u00e9e 2023 de P22 Records)<\/p>\n\n\n\n<p>Tout comme n\u2019importe quel studio qui se d\u00e9veloppe, celui de P22 Records n\u2019a pas \u00e9chapp\u00e9 aux difficult\u00e9s que peuvent rencontrer certains studios. La question du mat\u00e9riel est sans doute l\u2019une des plus importantes. Le studio s\u2019est d\u00e9velopp\u00e9 pendant la p\u00e9riode du Covid 19. Cela a \u00e9t\u00e9 l\u2019occasion pour eux de se retrouver ensemble et de nourrir ce projet. Les trois repr\u00e9sentants de celui-ci avaient d\u00e9j\u00e0 un peu de mat\u00e9riel \u00e0 disposition, notamment Denis qui a eu la chance de r\u00e9cup\u00e9rer le mat\u00e9riel de son p\u00e8re, ce dernier \u00e9tant pianiste confirm\u00e9 et co-fondateur du festival <em>Jazz sur son 31<\/em>. Le groupe a pu ainsi mettre en commun des appareils qualitatifs et n\u00e9cessaires pour d\u00e9buter (carte son Apollo Twins, micro Neumann TLM 103) . Finalement, ce qui a \u00e9t\u00e9 \u201cune barri\u00e8re\u201d pour eux, c\u2019est le co\u00fbt \u00e9lev\u00e9 d&rsquo;une partie de l&rsquo;\u00e9quipement pour travailler sur le long terme ainsi que les soucis techniques de ceux-ci qui en obligent le rachat.&nbsp;<\/p>\n\n\n\n<p>En comparaison, selon l\u2019interview men\u00e9e par Fran\u00e7ois Maxime Boutault avec l\u2019ing\u00e9nieur son Haydn Bendall, nous comprenons que ce dernier a une grande renomm\u00e9e. Son exp\u00e9rience \u00e0 Abbey Road<em> <\/em>est tr\u00e8s enrichissante car il est possible de comprendre comment le studio a \u00e9volu\u00e9 au niveau du mat\u00e9riel. Il ne faut pas oublier que c\u2019\u00e9tait une autre \u00e9poque compar\u00e9e \u00e0 2024, mais il n\u2019en reste pas moins que son exp\u00e9rience t\u00e9moigne des difficult\u00e9s et plaisirs qu\u2019il y a \u00e0 travailler dans un studio professionnel. Haydn Bendall est entr\u00e9 jeune dans le studio Abbey Road, et a \u00e9t\u00e9 lui aussi confront\u00e9 \u00e0 des difficult\u00e9s en tant qu\u2019ing\u00e9nieur son. En effet, les enregistrements de l\u2019\u00e9poque se faisaient par le biais de magn\u00e9tophones avec un nombre de pistes variable (deux &#8211; quatre). La difficult\u00e9 pour eux \u00e9tait d\u2019\u00eatre tr\u00e8s prudent lors de la manipulation des pistes audios afin de ne pas effacer des bouts de piste.&nbsp;<\/p>\n\n\n\n<p><\/p>\n\n\n\n<figure class=\"wp-block-image\"><img decoding=\"async\" src=\"https:\/\/lh7-us.googleusercontent.com\/KKurnpyVVf7KjJbkzBJEf6ugvGUoJ9lL7uQiRb6UzuLNrbXvapeXWR2t7Cm7bSAeK-5wrETE4QZjJk6kBGBj3ralvYjsEygVbZb6YJtK3fjzn1jz7d7UZaax87FIyBBG3vWv_n3-OOgDz2cTi-tB2RM\" alt=\"\" \/><\/figure>\n\n\n\n<p>Voici un exemple de magn\u00e9tophone analogique sur lequel a pu travailler Haydn Bendall. La manipulation des bandes \u00e9taient beaucoup plus stressantes qu\u2019aujourd\u2019hui car avec l\u2019avanc\u00e9e des logiciels, il est tout \u00e0 fait possible de revenir en arri\u00e8re si jamais une mauvaise manipulation est effectu\u00e9e ce qui n&rsquo;\u00e9tait pas le cas avant.<\/p>\n\n\n\n<p> Par ailleurs, nous pouvons nous int\u00e9resser \u00e0 un autre exemple de difficult\u00e9 \u00e9voqu\u00e9e par H. Bendall lors de l\u2019interview :&nbsp;<\/p>\n\n\n\n<p>\u201cTu vois, par exemple \u2013 pour reve\u00adnir \u00e0 la compres\u00adsion \u2013 au d\u00e9part il n\u2019y avait que deux compres\u00adseurs \u00e0 Abbey Road ! (Rires) Tu sais, quand j\u2019ai commenc\u00e9, m\u00eame l\u2019EQ \u00e9tait rudi\u00admen\u00adtaire\u202f; tu n\u2019avais que deux r\u00e9glages : \u00ab Presence \u00bb et \u00ab Bass \u00bb, par pas de 2 dB, c\u2019est dire\u2026\u202f! Tu devais donc apprendre d\u2019abord \u00e0 placer tes micros correc\u00adte\u00adment, conna\u00eetre le son de tes instru\u00adments, et tout le reste\u2026 Il y avait donc plus de place \u00e0 l\u2019ex\u00adp\u00e9\u00adri\u00admen\u00adta\u00adtion bien entendu, mais les projets prenaient beau\u00adcoup plus de temps aussi.\u201d<\/p>\n\n\n\n<p>Le terme de compression d\u00e9signe la r\u00e9duction du nombre de bits n\u00e9cessaires pour repr\u00e9senter les donn\u00e9es. Compresser les donn\u00e9es permet d\u2019optimiser la capacit\u00e9 de stockage ainsi que la vitesse de transfert des fichiers.&nbsp;<\/p>\n\n\n\n<p>Ainsi, son t\u00e9moignage permet de se rendre compte que m\u00eame un grand studio professionnel a lui aussi connu des moments o\u00f9 le mat\u00e9riel n\u2019\u00e9tait pas \u00e0 la pointe de ce que nous pouvons conna\u00eetre \u00e0 ce jour. Pour autant, ce studio a su grandir et attirer de grands noms par la qualit\u00e9 du mat\u00e9riel et du service propos\u00e9 par les diff\u00e9rents acteurs pr\u00e9sents sur place.&nbsp;<\/p>\n\n\n\n<p>En conclusion, les studios d&rsquo;enregistrement demeurent des espaces essentiels de cr\u00e9ation musicale, offrant une plateforme de collaboration unique entre artistes et ing\u00e9nieurs du son. L&rsquo;\u00e9volution technologique a \u00e9largi l&rsquo;acc\u00e8s aux enregistrements, mais la diff\u00e9rence de qualit\u00e9 entre home studios et studios professionnels persiste en raison du choix du mat\u00e9riel. L&rsquo;interview de P22 Records illustre comment un home studio, dot\u00e9 d&rsquo;un savoir-faire professionnel, peut se d\u00e9marquer par ses qualit\u00e9s relationnelles. Malgr\u00e9 les d\u00e9fis rencontr\u00e9s, les studios restent des catalyseurs de cr\u00e9ativit\u00e9 et d&rsquo;identit\u00e9 artistique, demeurant irrempla\u00e7ables dans le paysage musical contemporain.<\/p>\n\n\n\n<p><\/p>\n","protected":false},"excerpt":{"rendered":"<p>Sommaire :&nbsp; \u00c0 la base de la production sonore, le studio se pr\u00e9sente comme l&rsquo;\u00e9picentre des enregistrements vocaux et instrumentaux. Les dimensions d&rsquo;un studio d&rsquo;enregistrement varient consid\u00e9rablement, allant du local intime, commun\u00e9ment appel\u00e9 \u00ab\u00a0home-studio\u00a0\u00bb, aux vastes studios professionnels install\u00e9s dans des espaces uniques, comprenant plusieurs salles \u00e9quip\u00e9es de mat\u00e9riel sophistiqu\u00e9. Le home-studio se distingue par [&hellip;]<\/p>\n","protected":false},"author":1127,"featured_media":0,"parent":33,"menu_order":0,"comment_status":"closed","ping_status":"closed","template":"","meta":{"footnotes":""},"class_list":["post-2061","page","type-page","status-publish","hentry"],"_links":{"self":[{"href":"https:\/\/blogs.univ-tlse2.fr\/scemuto\/wp-json\/wp\/v2\/pages\/2061","targetHints":{"allow":["GET"]}}],"collection":[{"href":"https:\/\/blogs.univ-tlse2.fr\/scemuto\/wp-json\/wp\/v2\/pages"}],"about":[{"href":"https:\/\/blogs.univ-tlse2.fr\/scemuto\/wp-json\/wp\/v2\/types\/page"}],"author":[{"embeddable":true,"href":"https:\/\/blogs.univ-tlse2.fr\/scemuto\/wp-json\/wp\/v2\/users\/1127"}],"replies":[{"embeddable":true,"href":"https:\/\/blogs.univ-tlse2.fr\/scemuto\/wp-json\/wp\/v2\/comments?post=2061"}],"version-history":[{"count":28,"href":"https:\/\/blogs.univ-tlse2.fr\/scemuto\/wp-json\/wp\/v2\/pages\/2061\/revisions"}],"predecessor-version":[{"id":2586,"href":"https:\/\/blogs.univ-tlse2.fr\/scemuto\/wp-json\/wp\/v2\/pages\/2061\/revisions\/2586"}],"up":[{"embeddable":true,"href":"https:\/\/blogs.univ-tlse2.fr\/scemuto\/wp-json\/wp\/v2\/pages\/33"}],"wp:attachment":[{"href":"https:\/\/blogs.univ-tlse2.fr\/scemuto\/wp-json\/wp\/v2\/media?parent=2061"}],"curies":[{"name":"wp","href":"https:\/\/api.w.org\/{rel}","templated":true}]}}