 {"id":2066,"date":"2025-09-16T16:55:26","date_gmt":"2025-09-16T14:55:26","guid":{"rendered":"https:\/\/blogs.univ-tlse2.fr\/scemuto\/?page_id=2066"},"modified":"2025-09-16T16:55:26","modified_gmt":"2025-09-16T14:55:26","slug":"studio-du-cerisier","status":"publish","type":"page","link":"https:\/\/blogs.univ-tlse2.fr\/scemuto\/labels-discographiques\/studio-du-cerisier\/","title":{"rendered":"Studio du Cerisier"},"content":{"rendered":"\n<div class=\"wp-block-cover\" style=\"min-height:211px;aspect-ratio:unset;\"><span aria-hidden=\"true\" class=\"wp-block-cover__background has-background-dim\"><\/span><img loading=\"lazy\" decoding=\"async\" width=\"1280\" height=\"720\" class=\"wp-block-cover__image-background wp-image-2531\" alt=\"\" src=\"https:\/\/blogs.univ-tlse2.fr\/scemuto\/files\/2024\/01\/maxresdefault-1.jpg\" data-object-fit=\"cover\" srcset=\"https:\/\/blogs.univ-tlse2.fr\/scemuto\/files\/2024\/01\/maxresdefault-1.jpg 1280w, https:\/\/blogs.univ-tlse2.fr\/scemuto\/files\/2024\/01\/maxresdefault-1-300x169.jpg 300w, https:\/\/blogs.univ-tlse2.fr\/scemuto\/files\/2024\/01\/maxresdefault-1-1024x576.jpg 1024w, https:\/\/blogs.univ-tlse2.fr\/scemuto\/files\/2024\/01\/maxresdefault-1-768x432.jpg 768w\" sizes=\"auto, (max-width: 1280px) 100vw, 1280px\" \/><div class=\"wp-block-cover__inner-container is-layout-constrained wp-block-cover-is-layout-constrained\">\n<p class=\"has-text-align-center has-background-color has-foreground-background-color has-text-color has-background has-link-color has-large-font-size wp-elements-77e038761daf158e1778aded16b6d561\"><strong>Le Studio du Cerisier<\/strong><\/p>\n<\/div><\/div>\n\n\n\n<figure class=\"wp-block-image alignleft size-full is-resized\"><img loading=\"lazy\" decoding=\"async\" width=\"800\" height=\"800\" src=\"https:\/\/blogs.univ-tlse2.fr\/scemuto\/files\/2024\/01\/image-7.png\" alt=\"L\u2019attribut alt de cette image est vide, son nom de fichier est image-6.png.\" class=\"wp-image-2525\" style=\"width:328px;height:auto\" srcset=\"https:\/\/blogs.univ-tlse2.fr\/scemuto\/files\/2024\/01\/image-7.png 800w, https:\/\/blogs.univ-tlse2.fr\/scemuto\/files\/2024\/01\/image-7-300x300.png 300w, https:\/\/blogs.univ-tlse2.fr\/scemuto\/files\/2024\/01\/image-7-150x150.png 150w, https:\/\/blogs.univ-tlse2.fr\/scemuto\/files\/2024\/01\/image-7-768x768.png 768w\" sizes=\"auto, (max-width: 800px) 100vw, 800px\" \/><figcaption class=\"wp-element-caption\">S\u00e9bastien Haby dans son studio<\/figcaption><\/figure>\n\n\n\n<p class=\"has-source-serif-pro-font-family\"><\/p>\n\n\n\n<h4 class=\"wp-block-heading\"><strong><em>S\u00e9bastien Haby<\/em><\/strong><\/h4>\n\n\n\n<p class=\"has-foreground-color has-background-background-color has-text-color has-background has-link-color has-source-serif-pro-font-family wp-elements-9372d7de0bb3cc044b2a924441eaa231\">Depuis tr\u00e8s jeune, S\u00e9bastien a baign\u00e9 dans la musique, d&rsquo;abord en en \u00e9coutant \u00e9norm\u00e9ment, puis en jouant de la guitare pendant ses ann\u00e9es de lyc\u00e9e. Ensuite il a fait un DUT mesure physique \u00e0 l&rsquo;IUT de Paul Sabatier \u00e0 Toulouse, durant lequel il a continu\u00e9 de jouer dans diff\u00e9rents groupes de musique. Sur son temps libre il cr\u00e9ait et r\u00e9parait des p\u00e9dales d&rsquo;effet. \u00c0 la fin de son DUT il a fait une licence et un master de musicologie jazz \u00e0 l&rsquo;Universit\u00e9 Jean Jaur\u00e8s, en jouant toujours dans des groupes, en parall\u00e8le il a commenc\u00e9 a donner quelques cours de guitare.<\/p>\n\n\n\n<p class=\"has-foreground-color has-background-background-color has-text-color has-background has-link-color has-source-serif-pro-font-family wp-elements-94e22bcc14e3b3954ddf9e8795b0c934\">Durant ses \u00e9tudes S\u00e9bastien a fait beaucoup d&rsquo;int\u00e9rim pour payer sa scolarit\u00e9, mais depuis 2012 il ne travaille plus que dans la musique.<\/p>\n\n\n\n<p class=\"has-foreground-color has-background-background-color has-text-color has-background has-link-color has-source-serif-pro-font-family wp-elements-689c2fa8fe4245e37ba006058ef0d576\">Courant 2016, il suivait un site internet, avec l&rsquo;objectif d&rsquo;apprendre \u00e0 bien composer de la musique, travailler ses textes et son image, se construire un personnage pour le communiquer \u00e0 son public et se former en tant que musicien professionnel. Un soir d&rsquo;\u00e9t\u00e9 il est tomb\u00e9 sur un mail de promotion d&rsquo;une formation musicale, il postule et est s\u00e9lectionn\u00e9. Lorsqu&rsquo;il re\u00e7oit une r\u00e9ponse il n&rsquo;en croit pas ses yeux, il est s\u00e9lectionn\u00e9 pour une formation acc\u00e9l\u00e9r\u00e9 de 5 semaines \u00e0 Los Angeles sur la production musicale. La bas il apprend le m\u00e9tier de producteur de musique et le d\u00e9veloppement toutes les \u00e9tapes de fabrication d&rsquo;un morceau pour qu&rsquo;il soit distribu\u00e9 efficacement. \u00c0 son retour S\u00e9bastien garde le studio pendant qu\u2019\u00c9tienne part deux ans avec sa famille aux \u00c9tats-Unis, finalement l&rsquo;ancien propri\u00e9taire reste habiter au Canada, et S\u00e9bastien garde donc les clefs du studio.<\/p>\n\n\n\n<figure class=\"wp-block-image alignright size-full\"><img loading=\"lazy\" decoding=\"async\" width=\"194\" height=\"259\" src=\"https:\/\/blogs.univ-tlse2.fr\/scemuto\/files\/2024\/01\/telechargement-2.jpg\" alt=\"\" class=\"wp-image-2527\" \/><figcaption class=\"wp-element-caption\">Studio du cerisier &#8211; Toulouse<\/figcaption><\/figure>\n\n\n\n<h4 class=\"wp-block-heading\"><strong><em>L&rsquo;histoire du studio du Cerisier<\/em><\/strong><\/h4>\n\n\n\n<p class=\"has-source-serif-pro-font-family\">Le studio du cerisier existe depuis une dizaines d\u2019ann\u00e9e, mais nous n\u2019avons pas la date exacte de sa cr\u00e9ation. A l\u2019\u00e9poque c\u2019\u00e9tait un lieu plut\u00f4t priv\u00e9 et peu connu dans le quartier, dans lequel l\u2019ancien propri\u00e9taire, \u00c9tienne, donnait des cours de musiques. Il y avait aussi une salle dans la d\u00e9pendance plut\u00f4t d\u00e9di\u00e9 \u00e0 la r\u00e9p\u00e9tition et \u00e0 l\u2019enregistrement. S\u00e9bastien Hady, l&rsquo;actuel propri\u00e9taire du studio, connaissait ce lieu car il y venait pour r\u00e9p\u00e9ter avec son groupe de musique. Il venait \u00e9galement r\u00e9parer du mat\u00e9riel sur place, c\u2019\u00e9tait aux alentours de 2012\/2013.<\/p>\n\n\n\n<p class=\"has-source-serif-pro-font-family\">C&rsquo;est \u00e0 cette \u00e9poque l\u00e0 qu\u2019\u00c9tienne partit pour une dur\u00e9e de deux ans aux \u00c9tats-Unis avec sa famille, il a donc \u00e9t\u00e9 naturel pour lui de proposer \u00e0 S\u00e9bastien de s\u2019occuper du studio pendant son absence. Finalement \u00c9tienne a choisi de rester habiter sur le continent am\u00e9ricain, au Canada, S\u00e9bastien a donc rachet\u00e9 la maison et s\u2019y est install\u00e9 avec ses colocataires. C\u2019est \u00e0 partir de ce moment l\u00e0 qu\u2019il s\u2019est vraiment lanc\u00e9 dans l\u2019aventure du studio du Cerisier, tout seul.<\/p>\n\n\n\n<p class=\"has-source-serif-pro-font-family\">Au d\u00e9part il a continu\u00e9 de donner des cours aux anciens \u00e9l\u00e8ves d\u2019\u00c9tienne, puis il s\u2019est davantage concentr\u00e9 sur la partie studio et enregistrement. Il y a donc investi beaucoup de temps et d\u2019argent pour en faire le studio professionnel qu\u2019il poss\u00e8de aujourd\u2019hui. En effet, \u00e0 l\u2019\u00e9poque il y avait tr\u00e8s peu de mat\u00e9riel, S\u00e9bastien a cr\u00e9er une salle de r\u00e9gie de mixage dans l\u2019ancien garage. Actuellement le studio poss\u00e8de deux studio de mixage, la d\u00e9pendance est toujours utilis\u00e9e comme salle de r\u00e9p\u00e9tition et d\u2019enregistrement, et on retrouve aussi un atelier de r\u00e9paration dans une ancienne salle de cours. Le studio a bien \u00e9volu\u00e9 depuis sa cr\u00e9ation et il a aujourd\u2019hui une solide r\u00e9putation de studio professionnel au sein de la sc\u00e8ne musicale Toulousaine.<\/p>\n\n\n\n<p><\/p>\n\n\n\n<h4 class=\"wp-block-heading\"><strong><em>Les activit\u00e9s du studio<\/em><\/strong><\/h4>\n\n\n\n<figure class=\"wp-block-image alignleft size-large is-resized\"><img loading=\"lazy\" decoding=\"async\" width=\"1024\" height=\"576\" src=\"https:\/\/blogs.univ-tlse2.fr\/scemuto\/files\/2024\/01\/maxresdefault-1024x576.jpg\" alt=\"\" class=\"wp-image-2528\" style=\"width:424px;height:auto\" srcset=\"https:\/\/blogs.univ-tlse2.fr\/scemuto\/files\/2024\/01\/maxresdefault-1024x576.jpg 1024w, https:\/\/blogs.univ-tlse2.fr\/scemuto\/files\/2024\/01\/maxresdefault-300x169.jpg 300w, https:\/\/blogs.univ-tlse2.fr\/scemuto\/files\/2024\/01\/maxresdefault-768x432.jpg 768w, https:\/\/blogs.univ-tlse2.fr\/scemuto\/files\/2024\/01\/maxresdefault.jpg 1280w\" sizes=\"auto, (max-width: 1024px) 100vw, 1024px\" \/><figcaption class=\"wp-element-caption\">\u00c9liha &amp; Ga\u00ebl &#8211; \u0391\u03bd\u03ac\u03b8\u03b5\u03bc\u03b1 \u03c4\u03bf\u03bd \u03b1\u03af\u03c4\u03b9\u03bf<\/figcaption><\/figure>\n\n\n\n<p class=\"has-source-serif-pro-font-family\">Au Studio du Cerisier, on r\u00e9p\u00e8te et on enregistre tout type de musique. La salle de r\u00e9p\u00e9tition est disponible du lundi au dimanche de 9h \u00e0 minuit, il suffit de r\u00e9server sur le site. Pour S\u00e9bastien, le travail d\u2019enregistrement est avant tout un travail de collaboration. De l\u2019enregistrement \u00e0 la post-production, l\u2019accompagnement de S\u00e9bastien est un travail d\u2019\u00e9change, ayant pour but de respecter les envies de chacun, tout en essayant d\u2019obtenir la meilleure qualit\u00e9 possible.<\/p>\n\n\n\n<p class=\"has-source-serif-pro-font-family\">De nombreux artistes sont pass\u00e9s par les studios d&rsquo;enregistrement et de mixage de S\u00e9bastien, comme les groupes Cigale, Matriochkas ou la chanteuse Yffa. On peut retrouver les r\u00e9sultats de ces sessions sur le site du studio.<\/p>\n\n\n\n<p><a href=\"https:\/\/www.studioducerisier.com\/\">https:\/\/www.studioducerisier.com\/<\/a><\/p>\n\n\n\n<p class=\"has-foreground-color has-text-color has-link-color has-source-serif-pro-font-family wp-elements-b67fe81a7d54fbcc25e4ad079db812d1\">Le studio propose plusieurs services, comme un travail de direction artistique sur les paroles, de composition et de beatmaking, les r\u00e9p\u00e9titions et l&rsquo;enregistrement, l&rsquo;\u00e9dition audio et la post-production, puis le mixage. S\u00e9bastien propose d&rsquo;accompagner les artistes dans chaque \u00e9tape de cr\u00e9ation, dans un esprit de collaboration.<\/p>\n\n\n\n<h4 class=\"wp-block-heading\"><strong><em>L&rsquo;interview<\/em><\/strong><\/h4>\n\n\n\n<p><\/p>\n\n\n\n<figure class=\"wp-block-image alignright size-full\"><img loading=\"lazy\" decoding=\"async\" width=\"260\" height=\"194\" src=\"https:\/\/blogs.univ-tlse2.fr\/scemuto\/files\/2024\/01\/telechargement-3.jpg\" alt=\"\" class=\"wp-image-2529\" \/><figcaption class=\"wp-element-caption\">Studio du cerisier &#8211; Toulouse<\/figcaption><\/figure>\n\n\n\n<h4 class=\"wp-block-heading\"><strong><em>L&rsquo;identit\u00e9 du studio<\/em><\/strong><\/h4>\n\n\n\n<p class=\"has-foreground-color has-text-color has-link-color has-source-serif-pro-font-family wp-elements-b04528b32be1ddc1bfdb38ddcfc93915\">Le studio du Cerisier se veut une identit\u00e9 accueillante et accessible, studio de quartier, dans la lign\u00e9e d\u2019\u00c9tienne, l&rsquo;ancien propri\u00e9taire. S\u00e9bastien a \u00e0 c\u0153ur le contact avec l\u2019autre, avec les artistes, la collaboration est \u00e9galement pour lui tr\u00e8s importante. S\u00e9bastien voulait cr\u00e9er un lieu agr\u00e9able, dans lequel les artistes puissent faire une pause dans le jardin entre deux sessions, et \u00eatre au calme sans entendre des r\u00e9p\u00e9titions \u00e0 cot\u00e9 pendant les leurs.<\/p>\n\n\n\n<p class=\"has-foreground-color has-text-color has-link-color has-source-serif-pro-font-family wp-elements-cfceef5f38507f4e588d8f3d27b3f1a7\">Il situe lui m\u00eame son studio entre home studio et studio professionnel, permettant l\u2019accessibilit\u00e9 technique tout en conservant l\u2019accueil chaleureux. S\u00e9bastien con\u00e7oit ce lieu d&rsquo;une mani\u00e8re bien particuli\u00e8re, ici la musique, la convivialit\u00e9 et la collaboration priment, c&rsquo;est un home studio \u00e0 part enti\u00e8re. Le mat\u00e9riel qui y est utilis\u00e9 est enti\u00e8rement professionnel, ainsi que l&rsquo;usage qui en est fait, mais l&rsquo;ambiance est d\u00e9contract\u00e9e. Les tarifs accompagnent d&rsquo;ailleurs cette volont\u00e9 de rendre la musique accessible \u00e0 tous.<\/p>\n\n\n\n<p class=\"has-foreground-color has-text-color has-link-color has-source-serif-pro-font-family wp-elements-fb05faf4d777392ec5eaca8b14fcb3cf\">Ce lieu, il l\u2019envisage d\u2019ailleurs devenir un lieu partag\u00e9 o\u00f9 pourront se d\u00e9rouler rencontres d&rsquo;artistes en simultan\u00e9es avec des sessions enregistrements. Le studio, lorsqu&rsquo;il appartenait \u00e0 \u00c9tienne, avait d\u00e9j\u00e0 une activit\u00e9 plus diversifi\u00e9, oscillant entre les cours de musique, les sessions studio, les spectacles de fin d&rsquo;ann\u00e9e et les r\u00e9p\u00e9titions, au cours desquelles \u00c9tienne faisait \u00e0 manger aux musiciens venus r\u00e9p\u00e9ter. S\u00e9bastien souhaiterai d\u00e9sormais faire du studio un espace culturel pluridisciplinaires alliant caf\u00e9 de travail pour les \u00e9tudiant, espace de co-working, pension d&rsquo;artistes compl\u00e8te et espace de rencontre entre professionnels et amateurs de la musique souhaitant \u00e9changer sur leurs projets. Le studio tend \u00e0 revenir \u00e0 ce fonctionnement, un lieu culturel au croisement des genres musicaux, des g\u00e9n\u00e9rations et des activit\u00e9s, ou chacun puisse apprendre des uns et des autres, tout en y ajoutant des nouveaux projets.<\/p>\n\n\n\n<p><em>R\u00e9dig\u00e9 par Cl\u00e9ment Galand, No\u00e9e Gratas, Zo\u00e9 Dard\u00e9, Sarah Bouch\u00e9, et Louna Naud.<\/em><\/p>\n","protected":false},"excerpt":{"rendered":"<p>S\u00e9bastien Haby Depuis tr\u00e8s jeune, S\u00e9bastien a baign\u00e9 dans la musique, d&rsquo;abord en en \u00e9coutant \u00e9norm\u00e9ment, puis en jouant de la guitare pendant ses ann\u00e9es de lyc\u00e9e. Ensuite il a fait un DUT mesure physique \u00e0 l&rsquo;IUT de Paul Sabatier \u00e0 Toulouse, durant lequel il a continu\u00e9 de jouer dans diff\u00e9rents groupes de musique. Sur [&hellip;]<\/p>\n","protected":false},"author":1127,"featured_media":0,"parent":33,"menu_order":0,"comment_status":"closed","ping_status":"closed","template":"","meta":{"footnotes":""},"class_list":["post-2066","page","type-page","status-publish","hentry"],"_links":{"self":[{"href":"https:\/\/blogs.univ-tlse2.fr\/scemuto\/wp-json\/wp\/v2\/pages\/2066","targetHints":{"allow":["GET"]}}],"collection":[{"href":"https:\/\/blogs.univ-tlse2.fr\/scemuto\/wp-json\/wp\/v2\/pages"}],"about":[{"href":"https:\/\/blogs.univ-tlse2.fr\/scemuto\/wp-json\/wp\/v2\/types\/page"}],"author":[{"embeddable":true,"href":"https:\/\/blogs.univ-tlse2.fr\/scemuto\/wp-json\/wp\/v2\/users\/1127"}],"replies":[{"embeddable":true,"href":"https:\/\/blogs.univ-tlse2.fr\/scemuto\/wp-json\/wp\/v2\/comments?post=2066"}],"version-history":[{"count":7,"href":"https:\/\/blogs.univ-tlse2.fr\/scemuto\/wp-json\/wp\/v2\/pages\/2066\/revisions"}],"predecessor-version":[{"id":2548,"href":"https:\/\/blogs.univ-tlse2.fr\/scemuto\/wp-json\/wp\/v2\/pages\/2066\/revisions\/2548"}],"up":[{"embeddable":true,"href":"https:\/\/blogs.univ-tlse2.fr\/scemuto\/wp-json\/wp\/v2\/pages\/33"}],"wp:attachment":[{"href":"https:\/\/blogs.univ-tlse2.fr\/scemuto\/wp-json\/wp\/v2\/media?parent=2066"}],"curies":[{"name":"wp","href":"https:\/\/api.w.org\/{rel}","templated":true}]}}