 {"id":2172,"date":"2024-01-08T22:41:40","date_gmt":"2024-01-08T21:41:40","guid":{"rendered":"https:\/\/blogs.univ-tlse2.fr\/scemuto\/?page_id=2172"},"modified":"2024-08-11T12:55:09","modified_gmt":"2024-08-11T10:55:09","slug":"deep-kelins-jdslp","status":"publish","type":"page","link":"https:\/\/blogs.univ-tlse2.fr\/scemuto\/artistes-et-albums\/deep-kelins-jdslp\/","title":{"rendered":"Deep Kelins &#8211; JDSLP"},"content":{"rendered":"\n<figure class=\"wp-block-image alignright size-full is-resized\"><img loading=\"lazy\" decoding=\"async\" width=\"500\" height=\"500\" src=\"https:\/\/blogs.univ-tlse2.fr\/scemuto\/files\/2024\/01\/500x500.jpg\" alt=\"\" class=\"wp-image-2328\" style=\"width:455px;height:auto\" srcset=\"https:\/\/blogs.univ-tlse2.fr\/scemuto\/files\/2024\/01\/500x500.jpg 500w, https:\/\/blogs.univ-tlse2.fr\/scemuto\/files\/2024\/01\/500x500-300x300.jpg 300w, https:\/\/blogs.univ-tlse2.fr\/scemuto\/files\/2024\/01\/500x500-150x150.jpg 150w\" sizes=\"auto, (max-width: 500px) 100vw, 500px\" \/><figcaption class=\"wp-element-caption\">JDSLP de Deep Kelins<\/figcaption><\/figure>\n\n\n\n<p style=\"font-size:1.5rem\">Deep Kelins, de son vrai nom Antoine Mario Theiler, est un rappeur originaire de Toulouse. Il a d\u00e9j\u00e0 \u00e0 son actif trois albums : <em>Malabar vol.2<\/em>, sorti en 2020, <em>FLASH<\/em> en 2021 et son dernier opus, \u00ab\u00a0<em>JDSLP<\/em>\u00ab\u00a0, paru en octobre 2023. Depuis 2020, il a \u00e9galement produit plusieurs EP, notamment en 2021 et 2022. Sa notori\u00e9t\u00e9 a commenc\u00e9 \u00e0 s&rsquo;\u00e9panouir sur la sc\u00e8ne musicale toulousaine, notamment au sein des \u00e9v\u00e9nements comme le Connexion Live.<\/p>\n\n\n\n<hr class=\"wp-block-separator has-alpha-channel-opacity\" \/>\n\n\n\n<h3 class=\"wp-block-heading\" style=\"text-transform:capitalize\"><strong><em>Deep Kelins : l&rsquo;interview<\/em><\/strong><\/h3>\n\n\n\n<figure class=\"wp-block-audio\"><audio controls src=\"https:\/\/prismes.univ-toulouse.fr\/video.php?code=0t5NRfS6&amp;width=100%&amp;height=100%\"><\/audio><figcaption class=\"wp-element-caption\">1\u00e8re partie de l&rsquo;entretien<\/figcaption><\/figure>\n\n\n\n<figure class=\"wp-block-audio\"><audio controls src=\"https:\/\/prismes.univ-toulouse.fr\/video.php?code=0gT68618&amp;width=100%&amp;height=100%\"><\/audio><figcaption class=\"wp-element-caption\">2e partie de l&rsquo;entretien<\/figcaption><\/figure>\n\n\n\n<figure class=\"wp-block-audio\"><audio controls src=\"https:\/\/prismes.univ-toulouse.fr\/video.php?code=87m8784M&amp;width=100%&amp;height=100%\"><\/audio><figcaption class=\"wp-element-caption\">3e partie de l&rsquo;entretien<\/figcaption><\/figure>\n\n\n\n<hr class=\"wp-block-separator has-alpha-channel-opacity\" \/>\n\n\n\n<h3 class=\"wp-block-heading\"><strong><em>Biographie<\/em><\/strong><\/h3>\n\n\n\n<p>Depuis son plus jeune \u00e2ge, Antoine a apprit les percussions aupr\u00e8s de son p\u00e8re, musicien. Cependant, c&rsquo;est \u00e0 la fin de ses ann\u00e9es de coll\u00e8ge qu&rsquo;il s&rsquo;est v\u00e9ritablement passionn\u00e9 pour le rap. Anim\u00e9 par un profond d\u00e9sir d&rsquo;expression et une soif de libert\u00e9, il a commenc\u00e9 \u00e0 \u00e9crire des textes et \u00e0 se lancer dans le rap. Antoine a appris \u00e0 jouer du piano, de la basse, de la batterie et de la guitare sans suivre de formation.                                                                                                   Dans le but d&rsquo;acqu\u00e9rir une meilleure compr\u00e9hension th\u00e9orique avant de se consacrer pleinement au rap, il a d\u00e9cid\u00e9 d&rsquo;int\u00e9grer le conservatoire de musique actuelle de Toulouse. C&rsquo;est l\u00e0 qu&rsquo;il a rencontr\u00e9 certains de ses futurs collaborateurs pour son dernier album en date. Apr\u00e8s trois ann\u00e9es d&rsquo;\u00e9tudes, il a d\u00e9cid\u00e9 de mettre fin \u00e0 son cursus pour se consacrer enti\u00e8rement \u00e0 sa carri\u00e8re musicale.                                                                                                                     Deep Kelins puise ses influences dans divers horizons artistiques tels qu&rsquo;Isha pour l&rsquo;\u00e9criture des textes, Laylow, Akhenaton, Oxmo Puccino, mais aussi des artistes hors du domaine du rap, \u00e0 l&rsquo;instar de Richard Bona et de -M-.<\/p>\n\n\n\n<p><em>JDSLP<\/em> incarne la volont\u00e9 de cr\u00e9er un album existentialiste abordant trois th\u00e9matiques majeures : la spontan\u00e9it\u00e9, la sensation de n\u00e9ant et la prise de conscience. L&rsquo;album se compose de 9 titres o\u00f9 le rappeur collabore avec plusieurs artistes, pour une dur\u00e9e totale de 30 minutes. On y retrouve une pr\u00e9dominance d&rsquo;instruments acoustiques tels que la guitare, le saxophone et diverses percussions.<\/p>\n\n\n\n<ul class=\"wp-block-list\">\n<li>1. pr\u00e9lude<\/li>\n\n\n\n<li>2. l&rsquo;ANIMAL HUMAIN aka jeune singe<\/li>\n\n\n\n<li>3. ANYWAY<\/li>\n\n\n\n<li>4. O FREVO<\/li>\n\n\n\n<li>5. FILTR\u00c9 X3<\/li>\n\n\n\n<li>6. D\u00c9SERT GLACIAL<\/li>\n\n\n\n<li>7. BARQUE EN BOIS<\/li>\n\n\n\n<li>8. TROP PETIT<\/li>\n\n\n\n<li>9. JE DANSE SOUS LA PLUIE &nbsp;<\/li>\n<\/ul>\n\n\n\n<div class=\"wp-block-group is-layout-constrained wp-block-group-is-layout-constrained\">\n<div class=\"wp-block-columns is-layout-flex wp-container-core-columns-is-layout-28f84493 wp-block-columns-is-layout-flex\">\n<div class=\"wp-block-column is-layout-flow wp-block-column-is-layout-flow\">\n<div class=\"wp-block-columns is-layout-flex wp-container-core-columns-is-layout-28f84493 wp-block-columns-is-layout-flex\">\n<div class=\"wp-block-column is-layout-flow wp-block-column-is-layout-flow\" style=\"flex-basis:100%\">\n<p class=\"has-vivid-cyan-blue-color has-text-color has-link-color wp-elements-25e378b8f9c756cb4c8823bc5b836803\"><a href=\"https:\/\/blogs.univ-tlse2.fr\/scemuto\/2024\/01\/08\/analyse-detaillee-de-jdslp\/?doing_wp_cron=1704749733.7179300785064697265625\" target=\"_blank\" rel=\"noreferrer noopener\">Cliquez ici pour une analyse plus d\u00e9taill\u00e9e de chaque morceau<\/a><\/p>\n<\/div>\n<\/div>\n<\/div>\n<\/div>\n<\/div>\n\n\n\n<hr class=\"wp-block-separator has-alpha-channel-opacity\" \/>\n\n\n\n<h3 class=\"wp-block-heading\"><strong><em>Des paroles en introspection<\/em><\/strong><\/h3>\n\n\n\n<p>L&rsquo;album explore une palette \u00e9motionnelle complexe, allant de l&rsquo;animalit\u00e9 int\u00e9rieure \u00e0 la lutte contre soi-m\u00eame. Les th\u00e8mes de l&rsquo;instabilit\u00e9, de peur du temps qui passe, et de la volont\u00e9 de changer d&rsquo;histoire cr\u00e9ent une introspection profonde. L&rsquo;ego trip et l&#8217;emo rap viennent enrichir cette exploration en permettant \u00e0 l&rsquo;artiste de partager ses sentiments, parfois n\u00e9gatifs, avec le public.<\/p>\n\n\n\n<p>Deep Kelins fait parler ses \u00e9motions dans ses textes. Ses mots sont le prolongement d\u2019un cri, d\u2019un sentiment d\u2019une humeur sinc\u00e8re et spontan\u00e9e. En utilisant sa musique et ses paroles comme un exutoire, il ext\u00e9riorise son \u00e2me artistique.                                                                                                                         Le rappeur revendique son \u00ab animal humain \u00bb, une&nbsp;formulation r\u00e9currente dans l\u2019album. En laissant place \u00e0 sa spontan\u00e9it\u00e9, il recherche un \u00e9quilibre entre le contr\u00f4le de ses \u00e9motions et son impulsivit\u00e9. Ainsi, sa plus grande crainte est de devenir sto\u00efque et de perdre de son authenticit\u00e9.                                                        Il d\u00e9voile donc dans son album, une palette de sentiments complexes et diff\u00e9rents. A travers des enregistrements introspectifs, il \u00e9voque plusieurs pens\u00e9es intimes et personnelles, fait allusion \u00e0 ses interactions aux autres, mais \u00e9galement son rapport \u00e0 lui-m\u00eame, sa place et sa condition dans le monde qu\u2019il habite. Le rappeur aime \u00e9galement se confier sur ses imperfections et ses doutes.                                                                                                                    Trouver et prendre sa place sont deux pens\u00e9es importantes dans l\u2019album. Deep Kelins, a la volont\u00e9 de \u00ab prouver \u00bb, montrer au monde et \u00e0 lui-m\u00eame que sa place est l\u00e9gitime que ce soit dans l\u2019industrie ou bien dans ce monde. Il n\u2019h\u00e9site pas \u00e0 se mettre en avant via de l\u2019ego-trip. On retrouve par exemple ce proc\u00e9d\u00e9 dans <em>ANYWAY<\/em> \u00ab Je recompte mes billets dans un caf\u00e9 classe \u00bb ou bien dans <em>BARQUE EN BOIS<\/em> : \u00ab tous les rappeurs c\u2019est les m\u00eames, je me dois de d\u00e9fourailler tout le game \u00bb.                                                                                                                            Le rappeur se questionne \u00e9galement sur ses interactions avec les autres. En effet, l\u2019artiste peine \u00e0 se faire comprendre, et accepter dans son entourage et dans son monde. Il semble \u00e9voluer avec difficult\u00e9s dans ses relations, notamment dans le morceau <em>O FREVO<\/em> nous entendons les paroles : \u00ab On est tous les deux dans un univers imaginaire ; souvent on se fight mais on ne se parle pas \u00bb, \u00ab je deviens parano m\u00eame avec mes copines et mes copains \u00bb                       Enfin, Deep Kelins se confie sur ses peurs et ses doutes, il se questionne sur son comportement spontan\u00e9, sur ses \u00e9motions puissantes pouvant \u00eatre incontr\u00f4lables. \u00ab Trop petit pour ce d\u00e9sert glacial (..) je m&rsquo;envole, je m&rsquo;envole \u00bb On retrouve ces doutes et ces questionnements dans le dernier morceau <em>JDSLP<\/em> (<em>Je Danse Sous La Pluie<\/em>), apoth\u00e9ose de l\u2019album, l\u2019artiste se r\u00e9v\u00e8le pleinement, pour assumer ses \u00e9motions, ses imperfections. Le rappeur souhaite ainsi continuer d\u2019\u00e9voluer avec elles, assumer ses peines et ses peurs tout en leur rendant hommage, continuer \u00e0 danser sous la pluie.<\/p>\n\n\n\n<p>Ainsi, gr\u00e2ce \u00e0 ses textes, <em>JDSLP<\/em> est un album, authentique et personnel, r\u00e9el exutoire pour l\u2019artiste. Deep Kelins, nous propose d\u2019\u00e9voluer dans son univers intime, en nous faisant d\u00e9couvrir sa vision du monde qui l\u2019entoure.<\/p>\n\n\n\n<hr class=\"wp-block-separator has-alpha-channel-opacity\" \/>\n\n\n\n<h3 class=\"wp-block-heading\"><strong><em>Cr\u00e9ativit\u00e9 sans contraintes et vibrations authentiques<\/em><\/strong><\/h3>\n\n\n\n<p>Deep est un artiste exp\u00e9riment\u00e9 aux inspirations multiples : de la bossa nova, qu&rsquo;il \u00e9coutait quand il \u00e9tait petit, jusqu&rsquo;\u00e0 Laylow, en passant par Akh\u00e9naton, Oxmo Puccino, -M- ou Richard Bona. Il pr\u00e9f\u00e8re laisser libre cours \u00e0 sa cr\u00e9ativit\u00e9 plut\u00f4t que de se borner \u00e0 une m\u00e9thode unique. Son processus cr\u00e9atif d\u00e9bute par l&rsquo;apport de \u00ab\u00a0mati\u00e8re\u00a0\u00bb, des id\u00e9es brutes qu&rsquo;il s\u00e9lectionnera ensuite. Ses id\u00e9es peuvent emprunter diff\u00e9rents chemins avant de prendre forme, allant de l&rsquo;expression d&rsquo;un \u00ab\u00a0cri du c\u0153ur\u00a0\u00bb dans son studio \u00e0 s&rsquo;inspirer d&rsquo;une ligne m\u00e9lodique. Il privil\u00e9gie de mani\u00e8re g\u00e9n\u00e9rale la spontan\u00e9it\u00e9 plut\u00f4t que la r\u00e9flexion dans son \u00e9criture, car, pour le citer, \u00ab\u00a0si les rimes deviennent une contrainte au texte, c&rsquo;est que le texte manque de saveur\u00a0\u00bb.<\/p>\n\n\n\n<figure class=\"wp-block-image alignright size-large is-resized\"><img loading=\"lazy\" decoding=\"async\" width=\"768\" height=\"1024\" src=\"https:\/\/blogs.univ-tlse2.fr\/scemuto\/files\/2024\/01\/deep-kelinskupoft-scaled-1-768x1024.jpg\" alt=\"\" class=\"wp-image-2413\" style=\"width:337px;height:auto\" srcset=\"https:\/\/blogs.univ-tlse2.fr\/scemuto\/files\/2024\/01\/deep-kelinskupoft-scaled-1-768x1024.jpg 768w, https:\/\/blogs.univ-tlse2.fr\/scemuto\/files\/2024\/01\/deep-kelinskupoft-scaled-1-225x300.jpg 225w, https:\/\/blogs.univ-tlse2.fr\/scemuto\/files\/2024\/01\/deep-kelinskupoft-scaled-1-1152x1536.jpg 1152w, https:\/\/blogs.univ-tlse2.fr\/scemuto\/files\/2024\/01\/deep-kelinskupoft-scaled-1-1536x2048.jpg 1536w, https:\/\/blogs.univ-tlse2.fr\/scemuto\/files\/2024\/01\/deep-kelinskupoft-scaled-1.jpg 1920w\" sizes=\"auto, (max-width: 768px) 100vw, 768px\" \/><figcaption class=\"wp-element-caption\">Deep Kelins en concert au Connexion le 21 d\u00e9cembre 2023, \u00a9kupoft<br><\/figcaption><\/figure>\n\n\n\n<p>Deep fonctionne avant tout avec le c\u0153ur. C&rsquo;est \u00e0 partir de ce qu&rsquo;il ressent qu&rsquo;il choisira les artistes qui participeront \u00e0 son projet. Bien qu&rsquo;il ait une certaine vision \u00e0 laquelle il souhaite rester fid\u00e8le, il se laisse parfois influencer par d&rsquo;autres id\u00e9es que les siennes, pour peu qu&rsquo;elles lui plaisent. Il dirige les instrumentistes qui l&rsquo;accompagnent \u00e0 la mani\u00e8re dont il aime \u00eatre dirig\u00e9 quand il participe \u00e0 un autre projet que le sien : donner des pistes, des grandes lignes, mais en laissant tout de m\u00eame de la place aux inspirations de chacun, surtout quand il s&rsquo;agit d&rsquo;un instrument qu&rsquo;il ne ma\u00eetrise pas.<\/p>\n\n\n\n<p>M\u00eame si notre artiste fait lui-m\u00eame son mix et son mastering, ses comp\u00e9tences informatiques sont limit\u00e9es, et cela r\u00e9sulte d&rsquo;un choix : selon lui, les instruments \u00ab\u00a0r\u00e9els\u00a0\u00bb ont un meilleur son. Ainsi, il pr\u00e9f\u00e9rera jouer de la basse, de la guitare ou du piano pour cr\u00e9er ses instrus. \u00c9galement amateur de percussions, notamment de congas, Deep tient ce go\u00fbt de son p\u00e8re, qui occupe une place importante dans sa musique.<\/p>\n\n\n\n<p>\u00ab\u00a0JDSLP\u00a0\u00bb de Deep Kelins est bien plus qu&rsquo;un album, c&rsquo;est une plong\u00e9e authentique dans l&rsquo;univers complexe de l&rsquo;artiste. \u00c0 travers neuf titres et trente minutes d&rsquo;exploration musicale, Deep Kelins nous offre un voyage \u00e9motionnel intense, allant de l&rsquo;animalit\u00e9 int\u00e9rieure \u00e0 la lutte contre soi-m\u00eame.              L&rsquo;artiste, anim\u00e9 par une spontan\u00e9it\u00e9 sans contraintes, exprime ses \u00e9motions avec une sinc\u00e9rit\u00e9 captivante. Les paroles introspectives d\u00e9voilent un artiste en qu\u00eate d&rsquo;identit\u00e9, confrontant ses peurs, ses doutes et ses relations tumultueuses. Deep Kelins revendique son \u00ab\u00a0animal humain\u00a0\u00bb et d\u00e9fie la contrainte, privil\u00e9giant l&rsquo;authenticit\u00e9 \u00e0 travers son ego-trip et son emo rap.                                                 En conclusion, \u00ab\u00a0JDSLP\u00a0\u00bb se r\u00e9v\u00e8le comme un exutoire pour Deep Kelins, un voyage introspectif o\u00f9 l&rsquo;artiste danse sous la pluie de ses \u00e9motions. Cet album transcende les fronti\u00e8res du rap, offrant une exp\u00e9rience musicale riche et sinc\u00e8re, ancr\u00e9e dans la cr\u00e9ativit\u00e9 sans limites de son cr\u00e9ateur.<\/p>\n\n\n\n<p><\/p>\n\n\n\n<p><\/p>\n\n\n\n<p class=\"has-text-align-center\" style=\"font-size:0.9rem\"><em>Pr\u00e9par\u00e9 et r\u00e9dig\u00e9 par Mathis Lemarchand, Gabriel Lecuziat, Dounia Moukag Boussougou, Rapha\u00ebl Couillard, Gianni Mermer, Emma Stameschkine, Jules Ruffin<\/em><\/p>\n","protected":false},"excerpt":{"rendered":"<p>Deep Kelins, de son vrai nom Antoine Mario Theiler, est un rappeur originaire de Toulouse. Il a d\u00e9j\u00e0 \u00e0 son actif trois albums : Malabar vol.2, sorti en 2020, FLASH en 2021 et son dernier opus, \u00ab\u00a0JDSLP\u00ab\u00a0, paru en octobre 2023. Depuis 2020, il a \u00e9galement produit plusieurs EP, notamment en 2021 et 2022. Sa [&hellip;]<\/p>\n","protected":false},"author":1127,"featured_media":0,"parent":29,"menu_order":0,"comment_status":"closed","ping_status":"closed","template":"","meta":{"footnotes":""},"class_list":["post-2172","page","type-page","status-publish","hentry"],"_links":{"self":[{"href":"https:\/\/blogs.univ-tlse2.fr\/scemuto\/wp-json\/wp\/v2\/pages\/2172","targetHints":{"allow":["GET"]}}],"collection":[{"href":"https:\/\/blogs.univ-tlse2.fr\/scemuto\/wp-json\/wp\/v2\/pages"}],"about":[{"href":"https:\/\/blogs.univ-tlse2.fr\/scemuto\/wp-json\/wp\/v2\/types\/page"}],"author":[{"embeddable":true,"href":"https:\/\/blogs.univ-tlse2.fr\/scemuto\/wp-json\/wp\/v2\/users\/1127"}],"replies":[{"embeddable":true,"href":"https:\/\/blogs.univ-tlse2.fr\/scemuto\/wp-json\/wp\/v2\/comments?post=2172"}],"version-history":[{"count":12,"href":"https:\/\/blogs.univ-tlse2.fr\/scemuto\/wp-json\/wp\/v2\/pages\/2172\/revisions"}],"predecessor-version":[{"id":2827,"href":"https:\/\/blogs.univ-tlse2.fr\/scemuto\/wp-json\/wp\/v2\/pages\/2172\/revisions\/2827"}],"up":[{"embeddable":true,"href":"https:\/\/blogs.univ-tlse2.fr\/scemuto\/wp-json\/wp\/v2\/pages\/29"}],"wp:attachment":[{"href":"https:\/\/blogs.univ-tlse2.fr\/scemuto\/wp-json\/wp\/v2\/media?parent=2172"}],"curies":[{"name":"wp","href":"https:\/\/api.w.org\/{rel}","templated":true}]}}