 {"id":25,"date":"2022-04-22T20:56:04","date_gmt":"2022-04-22T18:56:04","guid":{"rendered":"https:\/\/blogs.univ-tlse2.fr\/scemuto\/?page_id=25"},"modified":"2023-09-16T15:35:31","modified_gmt":"2023-09-16T13:35:31","slug":"les-siestes-electroniques","status":"publish","type":"page","link":"https:\/\/blogs.univ-tlse2.fr\/scemuto\/programmation-live\/les-siestes-electroniques\/","title":{"rendered":"Les Siestes Electroniques"},"content":{"rendered":"\n<div class=\"wp-block-cover alignfull is-light\" style=\"min-height:386px;aspect-ratio:unset;\"><span aria-hidden=\"true\" class=\"wp-block-cover__background has-background-dim-0 has-background-dim\"><\/span><img loading=\"lazy\" decoding=\"async\" width=\"1280\" height=\"854\" class=\"wp-block-cover__image-background wp-image-654\" alt=\"\" src=\"https:\/\/blogs.univ-tlse2.fr\/scemuto\/files\/2022\/04\/65686889-10157671885309009-9155119680761888768-n.jpg\" style=\"object-position:53% 61%\" data-object-fit=\"cover\" data-object-position=\"53% 61%\" srcset=\"https:\/\/blogs.univ-tlse2.fr\/scemuto\/files\/2022\/04\/65686889-10157671885309009-9155119680761888768-n.jpg 1280w, https:\/\/blogs.univ-tlse2.fr\/scemuto\/files\/2022\/04\/65686889-10157671885309009-9155119680761888768-n-300x200.jpg 300w, https:\/\/blogs.univ-tlse2.fr\/scemuto\/files\/2022\/04\/65686889-10157671885309009-9155119680761888768-n-1024x683.jpg 1024w, https:\/\/blogs.univ-tlse2.fr\/scemuto\/files\/2022\/04\/65686889-10157671885309009-9155119680761888768-n-768x512.jpg 768w\" sizes=\"auto, (max-width: 1280px) 100vw, 1280px\" \/><div class=\"wp-block-cover__inner-container is-layout-flow wp-block-cover-is-layout-flow\">\n<p class=\"has-text-align-center has-large-font-size\"><\/p>\n<\/div><\/div>\n\n\n\n<p style=\"font-style:normal;font-weight:300\">On ne compte plus les nombres de festivals qui se d\u00e9veloppent en France depuis une trentaine d\u2019ann\u00e9es : Garorock, les Vieilles Charrues, Rock en Seine\u2026 Cette expansion des festivals fran\u00e7ais, pourrait presque \u00eatre qualifi\u00e9e de \u00ab festivalomanie \u00bb. Les premi\u00e8res tentatives de cette forme d\u2019organisation et de m\u00e9diation culturelle ont pris racine dans les ann\u00e9es 1830-1840.\u00a0<\/p>\n\n\n\n<p style=\"font-style:normal;font-weight:300\">Depuis 2009 on observe une s\u00e9rie de rachats et de prises de participation financi\u00e8re dans les festivals de musiques actuelles. De grands groupes comme Live Nation, Vivendi, Sony, Fimalac vont investir dans les festivals et permettre leur expansion.<\/p>\n\n\n\n<p style=\"font-style:normal;font-weight:300\">Ces \u00e9v\u00e9nements peuvent prendre place en ville, en campagne, et aussi bien en plein-air qu\u2019en lieu clos. En Occitanie on recense environ 500 \u00e9v\u00e9nements culturels regroupant expositions, projections, festivals et repr\u00e9sentations th\u00e9\u00e2trales. Parmi ces \u00e9v\u00e9nements : les Siestes \u00c9lectroniques.<\/p>\n\n\n\n<p style=\"font-style:normal;font-weight:300\">&nbsp;Ce festival n\u00e9 en 2002 consacr\u00e9 aux cultures \u00e9mergentes, se d\u00e9roule dans une ambiance d\u00e9tendue en plein-air. L\u2019acc\u00e8s \u00e0 celui-ci est gratuit ! S\u2019ajoutent \u00e0 la programmation, des soir\u00e9es dans des lieux atypiques ou des salles de concert toulousaines, de quoi exp\u00e9rimenter un maximum de choses lors de cet \u00e9v\u00e9nement musical qui se d\u00e9roule de mi-juin \u00e0 mi-juillet.<\/p>\n\n\n\n<hr class=\"wp-block-separator has-alpha-channel-opacity\" \/>\n\n\n\n<h4 class=\"wp-block-heading\"><strong><em>Entretien avec Jeanne-Sophie Fort<\/em><\/strong><\/h4>\n\n\n\n<p>Premi\u00e8re partie de l&rsquo;entretien<\/p>\n\n\n\n<figure class=\"wp-block-audio\"><audio controls src=\"https:\/\/prismes.univ-toulouse.fr\/video.php?code=1Ih13261&amp;width=100%&amp;height=100%\"><\/audio><\/figure>\n\n\n\n<p>Deuxi\u00e8me partie de l&rsquo;entretien<\/p>\n\n\n\n<figure class=\"wp-block-audio\"><audio controls src=\"https:\/\/prismes.univ-toulouse.fr\/video.php?code=DcdlVk49&amp;width=100%&amp;height=100%\"><\/audio><\/figure>\n\n\n\n<p class=\"has-medium-font-size\">Un entretien pr\u00e9par\u00e9 par Armand Baugard, Rapha\u00ebl Masson, Lucile Rueda, Jade Serment ; men\u00e9 et r\u00e9alis\u00e9 par Rapha\u00ebl Masson.<\/p>\n\n\n\n<hr class=\"wp-block-separator has-css-opacity is-style-default\" \/>\n\n\n\n<div class=\"wp-block-cover\" style=\"min-height:113px;aspect-ratio:unset;\"><span aria-hidden=\"true\" class=\"wp-block-cover__background has-background-dim\"><\/span><img loading=\"lazy\" decoding=\"async\" width=\"1920\" height=\"1280\" class=\"wp-block-cover__image-background wp-image-651\" alt=\"\" src=\"https:\/\/blogs.univ-tlse2.fr\/scemuto\/files\/2022\/04\/concert-g3e75035c0_1920.jpg\" style=\"object-position:52% 56%\" data-object-fit=\"cover\" data-object-position=\"52% 56%\" srcset=\"https:\/\/blogs.univ-tlse2.fr\/scemuto\/files\/2022\/04\/concert-g3e75035c0_1920.jpg 1920w, https:\/\/blogs.univ-tlse2.fr\/scemuto\/files\/2022\/04\/concert-g3e75035c0_1920-300x200.jpg 300w, https:\/\/blogs.univ-tlse2.fr\/scemuto\/files\/2022\/04\/concert-g3e75035c0_1920-1024x683.jpg 1024w, https:\/\/blogs.univ-tlse2.fr\/scemuto\/files\/2022\/04\/concert-g3e75035c0_1920-768x512.jpg 768w, https:\/\/blogs.univ-tlse2.fr\/scemuto\/files\/2022\/04\/concert-g3e75035c0_1920-1536x1024.jpg 1536w\" sizes=\"auto, (max-width: 1920px) 100vw, 1920px\" \/><div class=\"wp-block-cover__inner-container is-layout-flow wp-block-cover-is-layout-flow\">\n<h4 class=\"wp-block-heading has-text-align-center has-x-large-font-size\"><strong><em>Histoire<\/em><\/strong><\/h4>\n<\/div><\/div>\n\n\n\n<p style=\"font-style:normal;font-weight:300\">            Les Siestes Electroniques<sup> <\/sup>sont le fruit de l&rsquo;association Rotation. Celle-ci compte entre quarante et soixante adh\u00e9rents par ann\u00e9es et deux employ\u00e9s (un poste d\u2019administration et de coordination et un poste de communication et de partenariats). En 2001, suite \u00e0 un manque de lieux consacr\u00e9s aux musiques actuelles amplifi\u00e9es, l\u2019association rotation tente d\u2019imposer l\u2019id\u00e9e d\u2019un festival gratuit, en plein air, dans l\u2019espace urbain et consacr\u00e9 aux musiques \u00e9lectroniques. C\u2019est alors en 2002 qu\u2019\u00e0 lieux la premi\u00e8re \u00e9dition du festival des siestes \u00e9lectroniques, 4 week-end y sont programm\u00e9s de mi juillet \u00e0 mi ao\u00fbt. Le concept est simple: un festivals gratuit ax\u00e9 sur les cultures \u00e9mergentes et les musiques exp\u00e9rimentales et aventureuses accessibles au grand public<sup>2<\/sup>. Les concerts se d\u00e9roulent souvent l&rsquo;apr\u00e8s-midi, en plein air dans des parc publiques et sont parfois compl\u00e9t\u00e9s par des \u00e9v\u00e9nements nocturnes.\u00a0<\/p>\n\n\n\n<p style=\"font-style:normal;font-weight:300\">Originaire de Toulouse le festival se d\u00e9veloppe au fur et \u00e0 mesure&nbsp; et s\u2019exporte dans le monde entier, en effet l\u2019association programmes des dates des siestes \u00e9lectroniques un peu partout autour du globe comme \u00e0 Berlin, La Haye et Riga en 2007 ou au Caire et \u00e0 Tokyo o\u00f9 des mini siestes \u00e9lectroniques sont organis\u00e9es en 2008, en 2009 le festival obtient le label de manifestation \u00e9co-responsable. Petit \u00e0 petit des siestes \u00e9lectroniques sont organis\u00e9es un peu partout dans le monde comme \u00e0 Montevideo, Buenos Aires, Amsterdam, Ho Chi Minh et Hanoi, le festival s\u2019est \u00e9galement tenu \u00e0 Paris de 2011 \u00e0 2017.&nbsp;<\/p>\n\n\n\n<figure class=\"wp-block-embed is-type-video is-provider-youtube wp-block-embed-youtube wp-embed-aspect-16-9 wp-has-aspect-ratio\"><div class=\"wp-block-embed__wrapper\">\nhttps:\/\/youtu.be\/l6wL6l9FdIQ\n<\/div><figcaption class=\"wp-element-caption\">Maria W Horn, sieste \u00e9lectroniques 2019<\/figcaption><\/figure>\n\n\n\n<hr class=\"wp-block-separator has-css-opacity alignwide\" \/>\n\n\n\n<div class=\"wp-block-cover\" style=\"min-height:117px;aspect-ratio:unset;\"><span aria-hidden=\"true\" class=\"wp-block-cover__background has-background-dim\"><\/span><img loading=\"lazy\" decoding=\"async\" width=\"1920\" height=\"1446\" class=\"wp-block-cover__image-background wp-image-650\" alt=\"\" src=\"https:\/\/blogs.univ-tlse2.fr\/scemuto\/files\/2022\/04\/magazines-g0f2da9795_1920.jpg\" style=\"object-position:53% 75%\" data-object-fit=\"cover\" data-object-position=\"53% 75%\" srcset=\"https:\/\/blogs.univ-tlse2.fr\/scemuto\/files\/2022\/04\/magazines-g0f2da9795_1920.jpg 1920w, https:\/\/blogs.univ-tlse2.fr\/scemuto\/files\/2022\/04\/magazines-g0f2da9795_1920-300x226.jpg 300w, https:\/\/blogs.univ-tlse2.fr\/scemuto\/files\/2022\/04\/magazines-g0f2da9795_1920-1024x771.jpg 1024w, https:\/\/blogs.univ-tlse2.fr\/scemuto\/files\/2022\/04\/magazines-g0f2da9795_1920-768x578.jpg 768w, https:\/\/blogs.univ-tlse2.fr\/scemuto\/files\/2022\/04\/magazines-g0f2da9795_1920-1536x1157.jpg 1536w\" sizes=\"auto, (max-width: 1920px) 100vw, 1920px\" \/><div class=\"wp-block-cover__inner-container is-layout-flow wp-block-cover-is-layout-flow\">\n<h4 class=\"wp-block-heading has-text-align-center has-x-large-font-size\"><strong><em>Audimat<\/em><\/strong><\/h4>\n<\/div><\/div>\n\n\n\n<p style=\"font-style:normal;font-weight:300\">          Autrefois appel\u00e9e \u00ab G\u00e9oprogram \u00bb l\u2019association rotation, connue pour sa revue musicologique <em>Audimat<\/em>, Audimat<sup>3 <\/sup>est une revue semestrielle \u00e9dit\u00e9e par l\u2019association rotation. C&rsquo;est une revue musicale critique et th\u00e9orique traitant de l\u2019histoire des musiques populaires sans distinction du genre musical. Centr\u00e9e sur le texte, cette revue est \u00e9crite par des journalistes, des universitaires et des \u00e9crivains fran\u00e7ais et anglo-saxons. Sans illustrations, la revue Audimat est une \u00e9criture sur les musiques populaires qui veut rendre compte de la situation actuelle et faire le point sur leur histoire. Le but est de se plonger dans la musique, dans l\u2019exp\u00e9rience musicale et ce qu\u2019elle implique tant sur le plan des m\u00e9diations que sur l\u2019imaginaire, la soci\u00e9t\u00e9 ou encore sur le pens\u00e9e comme le dit Samuel Aubert dans la revue num\u00e9ro 2 d\u2019Audimat<sup>4<\/sup> :<\/p>\n\n\n\n<blockquote class=\"wp-block-quote is-style-default is-layout-flow wp-block-quote-is-layout-flow\" style=\"font-size:16px;font-style:italic;font-weight:300\">\n<p> \u00ab Par ce que nous ne voulons pas \u00eatre consid\u00e9r\u00e9s comme de gentils organisateurs. Les Siestes \u00c9lectroniques, aussi agr\u00e9ables soient-elles, se donnent pour mission de faire d\u00e9couvrir sans avoir \u00e0 convaincre, de susciter la curiosit\u00e9 sans avoir \u00e0 distraire. (&#8230;) Parce que la musique n\u2019est pas qu\u2019une vibration de l\u2019air, un simple ph\u00e9nom\u00e8ne physique, mais \u00e9galement un fait culturel qui, en m\u00eame temps qu\u2019il d\u00e9clenche une \u00e9motion, v\u00e9hicule une pens\u00e9e. (&#8230;) Parce qu\u2019au-del\u00e0 du business, de l\u2019entertainment, qui sont toujours plus complexes qu\u2019il n\u2019y para\u00eet et qui demandent \u00e0 \u00eatre d\u00e9crypt\u00e9s, l&rsquo;\u00e9cosyst\u00e8me musical est aussi le fruit d\u2019une n\u00e9cessit\u00e9 sociale. (&#8230;) Avec Audimat, Les Siestes \u00c9lectroniques, festival des musiques aventureuses, sont tr\u00e8s heureuses de mettre en discours leurs explorations et de participer ainsi \u00e0 la r\u00e9flexion autour de la pop music au sens large. \u00bb&nbsp;<\/p>\n<\/blockquote>\n\n\n\n<p style=\"font-style:normal;font-weight:300\">         La revue Audimat compte \u00e0 ce jour 18 num\u00e9ros et 4 livres, car depuis 2020 Audimat est \u00e9galement devenue une maison d\u2019\u00e9dition avec la traduction du livre Choc du glam de Simon Reynolds. Tous des livres et toutes les \u00e9ditions d\u2019Audimat sont disponibles sur leurs sites en format papier ou PDF allant de 5 \u00e0 20\u20ac. Depuis 2018 Audimat s\u2019est alli\u00e9e \u00e0 la revue semestrielle&nbsp;\u00ab Volume! \u00bb, la revue des musiques populaires exclusivement consacr\u00e9e \u00e0 l\u2019analyse des musiques actuelles depuis 2002. Les deux m\u00e9dias proposent un abonnement annuel coupl\u00e9.<\/p>\n\n\n\n<hr class=\"wp-block-separator has-css-opacity\" \/>\n\n\n\n<div class=\"wp-block-cover\" style=\"min-height:93px;aspect-ratio:unset;\"><span aria-hidden=\"true\" class=\"wp-block-cover__background has-background-dim\"><\/span><img loading=\"lazy\" decoding=\"async\" width=\"1920\" height=\"1280\" class=\"wp-block-cover__image-background wp-image-649\" alt=\"\" src=\"https:\/\/blogs.univ-tlse2.fr\/scemuto\/files\/2022\/04\/man-g636528348_1920.jpg\" style=\"object-position:51% 32%\" data-object-fit=\"cover\" data-object-position=\"51% 32%\" srcset=\"https:\/\/blogs.univ-tlse2.fr\/scemuto\/files\/2022\/04\/man-g636528348_1920.jpg 1920w, https:\/\/blogs.univ-tlse2.fr\/scemuto\/files\/2022\/04\/man-g636528348_1920-300x200.jpg 300w, https:\/\/blogs.univ-tlse2.fr\/scemuto\/files\/2022\/04\/man-g636528348_1920-1024x683.jpg 1024w, https:\/\/blogs.univ-tlse2.fr\/scemuto\/files\/2022\/04\/man-g636528348_1920-768x512.jpg 768w, https:\/\/blogs.univ-tlse2.fr\/scemuto\/files\/2022\/04\/man-g636528348_1920-1536x1024.jpg 1536w\" sizes=\"auto, (max-width: 1920px) 100vw, 1920px\" \/><div class=\"wp-block-cover__inner-container is-layout-flow wp-block-cover-is-layout-flow\">\n<h4 class=\"wp-block-heading has-text-align-center has-x-large-font-size\"><strong><em>Une crise sanitaire d\u00e9vastatrice ?<\/em><\/strong><\/h4>\n<\/div><\/div>\n\n\n\n<p style=\"font-style:normal;font-weight:300\">La crise sanitaire de 2020 \u00e0 oblig\u00e9 l\u2019\u00e9quipe du festival \u00e0 annuler l\u2019\u00e9dition et \u00e0 inviter les artistes \u00e0 produire des \u0153uvre et\/ou\u00a0 produire une r\u00e9flexion sur la notion de \u00ab musique et soin \u00bb, sur une \u00e9dition en ligne de longue dur\u00e9e de la revue audimat, interrogeant sur les vertus th\u00e9rapeutique de la musique.<\/p>\n\n\n\n<p style=\"font-style:normal;font-weight:300\"> En 2021, la crise sanitaire se poursuivant l\u2019association propose au public une installation sonore diffusant des \u0153uvres musicales et radiophoniques d\u2019artistes comme Marta de Pascalis ou Morton Feldman dans le jardin de Compans-Caffarelli \u00e0 Toulouse, les 26 et 27 juin, de 8h30 \u00e0 21h, l\u2019entr\u00e9e \u00e9tait gratuite. Les musiques diffus\u00e9es durant ces deux jours \u00e9taient fid\u00e8les aux musiques diffus\u00e9es pendant les festivals pr\u00e9c\u00e9dents. Une \u00e9dition Pantin fut \u00e9galement lanc\u00e9e au parc des Courtili\u00e8res. Le festival c\u00e9l\u00e8brera ses 20 ans du 23 au 26 juin prochain&nbsp; et devrait se d\u00e9rouler normalement.&nbsp;<\/p>\n\n\n\n<hr class=\"wp-block-separator has-css-opacity\" \/>\n\n\n\n<div class=\"wp-block-cover is-light\" style=\"min-height:63px;aspect-ratio:unset;\"><span aria-hidden=\"true\" class=\"wp-block-cover__background has-background-dim\"><\/span><img loading=\"lazy\" decoding=\"async\" width=\"1920\" height=\"1277\" class=\"wp-block-cover__image-background wp-image-652\" alt=\"\" src=\"https:\/\/blogs.univ-tlse2.fr\/scemuto\/files\/2022\/04\/laptop-g082615e18_1920.jpg\" style=\"object-position:49% 54%\" data-object-fit=\"cover\" data-object-position=\"49% 54%\" srcset=\"https:\/\/blogs.univ-tlse2.fr\/scemuto\/files\/2022\/04\/laptop-g082615e18_1920.jpg 1920w, https:\/\/blogs.univ-tlse2.fr\/scemuto\/files\/2022\/04\/laptop-g082615e18_1920-300x200.jpg 300w, https:\/\/blogs.univ-tlse2.fr\/scemuto\/files\/2022\/04\/laptop-g082615e18_1920-1024x681.jpg 1024w, https:\/\/blogs.univ-tlse2.fr\/scemuto\/files\/2022\/04\/laptop-g082615e18_1920-768x511.jpg 768w, https:\/\/blogs.univ-tlse2.fr\/scemuto\/files\/2022\/04\/laptop-g082615e18_1920-1536x1022.jpg 1536w\" sizes=\"auto, (max-width: 1920px) 100vw, 1920px\" \/><div class=\"wp-block-cover__inner-container is-layout-flow wp-block-cover-is-layout-flow\">\n<h4 class=\"wp-block-heading has-text-align-center has-background-color has-text-color has-x-large-font-size\"><strong><em>Des activit\u00e9s diversifi\u00e9es<\/em><\/strong><\/h4>\n<\/div><\/div>\n\n\n\n<p style=\"font-style:normal;font-weight:300\">Audimat est une entreprise qui se diversifie, en effet outre le fait qu\u2019en 2020 audimat devint une maison d\u2019\u00e9dition, elle \u00e0 aussi lanc\u00e9 le \u00ab musique journal, quotidien de recommandation musicale \u00bb qui parle d\u2019actualit\u00e9, de musiques en\u00a0 tout genre et aussi d\u2019art mais qui propose \u00e9galement des mixtapes.<\/p>\n\n\n\n<p style=\"font-style:normal;font-weight:300\"> L\u2019entreprise lancera aussi prochainement l\u2019application \u00ab blockchain my art \u00bb<sup>5 <\/sup>qui a pour but de \u00ab mieux \u00e9valuer les impacts sociaux, environnementaux et territoriaux des \u00e9v\u00e8nements et lieux culturels. L&rsquo;objectif est de proposer une m\u00e9thode de calcul fiable et efficace bas\u00e9e sur des crit\u00e8res partag\u00e9s par l&rsquo;ensemble des acteurs de l&rsquo;industrie. \u00bb<\/p>\n\n\n\n<hr class=\"wp-block-separator has-css-opacity\" \/>\n\n\n\n<h4 class=\"wp-block-heading has-text-align-center has-x-large-font-size\"><strong><em>Quelques chiffres sur la programmation de 2019<\/em><\/strong><\/h4>\n\n\n\n<div class=\"wp-block-group is-layout-flow wp-block-group-is-layout-flow\">\n<figure class=\"wp-block-gallery has-nested-images columns-default is-cropped wp-block-gallery-1 is-layout-flex wp-block-gallery-is-layout-flex\">\n<figure class=\"wp-block-image size-large has-custom-border\"><img loading=\"lazy\" decoding=\"async\" width=\"1024\" height=\"768\" data-id=\"640\" src=\"https:\/\/blogs.univ-tlse2.fr\/scemuto\/files\/2022\/04\/0001-1-1024x768.jpg\" alt=\"\" class=\"wp-image-640\" style=\"border-radius:0px\" srcset=\"https:\/\/blogs.univ-tlse2.fr\/scemuto\/files\/2022\/04\/0001-1-1024x768.jpg 1024w, https:\/\/blogs.univ-tlse2.fr\/scemuto\/files\/2022\/04\/0001-1-300x225.jpg 300w, https:\/\/blogs.univ-tlse2.fr\/scemuto\/files\/2022\/04\/0001-1-768x576.jpg 768w, https:\/\/blogs.univ-tlse2.fr\/scemuto\/files\/2022\/04\/0001-1-1536x1152.jpg 1536w, https:\/\/blogs.univ-tlse2.fr\/scemuto\/files\/2022\/04\/0001-1-2048x1536.jpg 2048w\" sizes=\"auto, (max-width: 1024px) 100vw, 1024px\" \/><\/figure>\n<\/figure>\n<\/div>\n\n\n\n<figure class=\"wp-block-image size-large has-custom-border is-style-default\"><img loading=\"lazy\" decoding=\"async\" width=\"1024\" height=\"768\" src=\"https:\/\/blogs.univ-tlse2.fr\/scemuto\/files\/2022\/04\/0002-1-1024x768.jpg\" alt=\"\" class=\"wp-image-639\" style=\"border-radius:0px\" srcset=\"https:\/\/blogs.univ-tlse2.fr\/scemuto\/files\/2022\/04\/0002-1-1024x768.jpg 1024w, https:\/\/blogs.univ-tlse2.fr\/scemuto\/files\/2022\/04\/0002-1-300x225.jpg 300w, https:\/\/blogs.univ-tlse2.fr\/scemuto\/files\/2022\/04\/0002-1-768x576.jpg 768w, https:\/\/blogs.univ-tlse2.fr\/scemuto\/files\/2022\/04\/0002-1-1536x1152.jpg 1536w, https:\/\/blogs.univ-tlse2.fr\/scemuto\/files\/2022\/04\/0002-1-2048x1536.jpg 2048w\" sizes=\"auto, (max-width: 1024px) 100vw, 1024px\" \/><\/figure>\n\n\n\n<hr class=\"wp-block-separator has-alpha-channel-opacity\" \/>\n\n\n\n<h4 class=\"wp-block-heading has-text-align-center\"><strong><em>R\u00e9f\u00e9rences<\/em><\/strong><\/h4>\n\n\n\n<p style=\"font-size:12px\">1: <a href=\"http:\/\/1: https:\/\/fr.wikipedia.org\/wiki\/Les_Siestes_\u00e9lectroniques\" target=\"_blank\" rel=\"noreferrer noopener\">http:\/\/1: https:\/\/fr.wikipedia.org\/wiki\/Les_Siestes_\u00e9lectroniques<\/a><\/p>\n\n\n\n<p style=\"font-size:12px\">2: <a href=\"https:\/\/les-siestes.com\" target=\"_blank\" rel=\"noreferrer noopener\">https:\/\/les-siestes.com<\/a><\/p>\n\n\n\n<p style=\"font-size:12px\">3: <a href=\"http:\/\/3: https:\/\/fr.wikipedia.org\/wiki\/Audimat_(revue)\" target=\"_blank\" rel=\"noreferrer noopener\">http:\/\/3: https:\/\/fr.wikipedia.org\/wiki\/Audimat_(revue)<\/a><\/p>\n\n\n\n<p style=\"font-size:12px\">4:<a href=\"https:\/\/audimat-editions.fr\" target=\"_blank\" rel=\"noreferrer noopener\">https:\/\/audimat-editions.fr<\/a><\/p>\n\n\n\n<p style=\"font-size:12px\">5: <a rel=\"noreferrer noopener\" href=\"https:\/\/fr.linkedin.com\/company\/blockchain-my-art\" target=\"_blank\">https:\/\/fr.linkedin.com\/company\/blockchain-my-art<\/a><\/p>\n\n\n\n<div class=\"wp-block-buttons is-content-justification-center is-layout-flex wp-container-core-buttons-is-layout-a89b3969 wp-block-buttons-is-layout-flex\">\n<div class=\"wp-block-button\"><a class=\"wp-block-button__link wp-element-button\" href=\"https:\/\/les-siestes.com\">Site des Siestes Electroniques<\/a><\/div>\n\n\n\n<div class=\"wp-block-button\"><a class=\"wp-block-button__link wp-element-button\" href=\"https:\/\/audimat-editions.fr\/catalogue\/audimat-17\">Site Audimat<\/a><\/div>\n<\/div>\n","protected":false},"excerpt":{"rendered":"<p>On ne compte plus les nombres de festivals qui se d\u00e9veloppent en France depuis une trentaine d\u2019ann\u00e9es : Garorock, les Vieilles Charrues, Rock en Seine\u2026 Cette expansion des festivals fran\u00e7ais, pourrait presque \u00eatre qualifi\u00e9e de \u00ab festivalomanie \u00bb. Les premi\u00e8res tentatives de cette forme d\u2019organisation et de m\u00e9diation culturelle ont pris racine dans les ann\u00e9es [&hellip;]<\/p>\n","protected":false},"author":1127,"featured_media":0,"parent":31,"menu_order":0,"comment_status":"closed","ping_status":"closed","template":"","meta":{"footnotes":""},"class_list":["post-25","page","type-page","status-publish","hentry"],"_links":{"self":[{"href":"https:\/\/blogs.univ-tlse2.fr\/scemuto\/wp-json\/wp\/v2\/pages\/25","targetHints":{"allow":["GET"]}}],"collection":[{"href":"https:\/\/blogs.univ-tlse2.fr\/scemuto\/wp-json\/wp\/v2\/pages"}],"about":[{"href":"https:\/\/blogs.univ-tlse2.fr\/scemuto\/wp-json\/wp\/v2\/types\/page"}],"author":[{"embeddable":true,"href":"https:\/\/blogs.univ-tlse2.fr\/scemuto\/wp-json\/wp\/v2\/users\/1127"}],"replies":[{"embeddable":true,"href":"https:\/\/blogs.univ-tlse2.fr\/scemuto\/wp-json\/wp\/v2\/comments?post=25"}],"version-history":[{"count":50,"href":"https:\/\/blogs.univ-tlse2.fr\/scemuto\/wp-json\/wp\/v2\/pages\/25\/revisions"}],"predecessor-version":[{"id":2017,"href":"https:\/\/blogs.univ-tlse2.fr\/scemuto\/wp-json\/wp\/v2\/pages\/25\/revisions\/2017"}],"up":[{"embeddable":true,"href":"https:\/\/blogs.univ-tlse2.fr\/scemuto\/wp-json\/wp\/v2\/pages\/31"}],"wp:attachment":[{"href":"https:\/\/blogs.univ-tlse2.fr\/scemuto\/wp-json\/wp\/v2\/media?parent=25"}],"curies":[{"name":"wp","href":"https:\/\/api.w.org\/{rel}","templated":true}]}}