 {"id":2601,"date":"2025-09-16T16:54:57","date_gmt":"2025-09-16T14:54:57","guid":{"rendered":"https:\/\/blogs.univ-tlse2.fr\/scemuto\/?page_id=2601"},"modified":"2025-09-16T16:54:57","modified_gmt":"2025-09-16T14:54:57","slug":"la-maison-blanche","status":"publish","type":"page","link":"https:\/\/blogs.univ-tlse2.fr\/scemuto\/programmation-live\/la-maison-blanche\/","title":{"rendered":"La Maison Blanche"},"content":{"rendered":"\n<div class=\"wp-block-cover\" style=\"min-height:255px;aspect-ratio:unset;\"><span aria-hidden=\"true\" class=\"wp-block-cover__background has-background-dim\" style=\"background-color:#542b29\"><\/span><img loading=\"lazy\" decoding=\"async\" width=\"960\" height=\"640\" class=\"wp-block-cover__image-background wp-image-2696\" alt=\"\" src=\"https:\/\/blogs.univ-tlse2.fr\/scemuto\/files\/2024\/05\/maison-balche-5.jpg\" data-object-fit=\"cover\" srcset=\"https:\/\/blogs.univ-tlse2.fr\/scemuto\/files\/2024\/05\/maison-balche-5.jpg 960w, https:\/\/blogs.univ-tlse2.fr\/scemuto\/files\/2024\/05\/maison-balche-5-300x200.jpg 300w, https:\/\/blogs.univ-tlse2.fr\/scemuto\/files\/2024\/05\/maison-balche-5-768x512.jpg 768w\" sizes=\"auto, (max-width: 960px) 100vw, 960px\" \/><div class=\"wp-block-cover__inner-container is-layout-constrained wp-block-cover-is-layout-constrained\">\n<p class=\"has-text-align-center has-tertiary-color has-text-color has-link-color has-source-serif-pro-font-family wp-elements-5e006dba2bf1021bc6e47af07497c14a\" style=\"font-size:60px;font-style:normal;font-weight:500\">La Maison blanche <\/p>\n<\/div><\/div>\n\n\n\n<div class=\"wp-block-group is-nowrap is-layout-flex wp-container-core-group-is-layout-6c531013 wp-block-group-is-layout-flex\">\n<p class=\"has-text-align-left\">Le quartier Arnaud Bernard est un quartier majeur,culturel et festif du rayonnement toulousain, il doit sa renomm\u00e9e aux nombreux lieux o\u00f9 se rejoignent des personnes de tous horizons.<\/p>\n\n\n\n<figure class=\"wp-block-image size-full is-resized\"><img loading=\"lazy\" decoding=\"async\" width=\"225\" height=\"225\" src=\"https:\/\/blogs.univ-tlse2.fr\/scemuto\/files\/2024\/05\/maison-blanche-3.png\" alt=\"\" class=\"wp-image-2689\" style=\"width:220px;height:auto\" srcset=\"https:\/\/blogs.univ-tlse2.fr\/scemuto\/files\/2024\/05\/maison-blanche-3.png 225w, https:\/\/blogs.univ-tlse2.fr\/scemuto\/files\/2024\/05\/maison-blanche-3-150x150.png 150w\" sizes=\"auto, (max-width: 225px) 100vw, 225px\" \/><\/figure>\n<\/div>\n\n\n\n<p>Dans ces lieux on peut retrouver des bars tel que le Breughel, des galeries d\u2019art tel que Silo ou l\u2019Archipel, et des caf\u00e9s populaires et culturels tel que l\u2019Escabel et surtout \u00ab La maison blanche \u00bb qui est le plus connu de Toulouse. Mais alors comment fonctionne ce caf\u00e9 ? Que programme t\u2019il ? Qui sont les personnes derri\u00e8re ? Et surtout pourquoi le quartier Arnaud Bernard ? Regardons ensemble comment La Maison Blanche est devenue l\u2019un des plus grands caf\u00e9s culturels de Toulouse.<\/p>\n\n\n\n<h4 class=\"wp-block-heading\"><strong><em>Les interviews<\/em><\/strong><\/h4>\n\n\n\n<p>Voici deux interviews sur la maison blanche sur un artiste qui y a jou\u00e9 et un habitu\u00e9.<\/p>\n\n\n\n<p>Interview de Elouan Radenne musicien de profession qui parle de son experience \u00e0 la Maison Blanche :<\/p>\n\n\n\n\n\n<p>Interview de Cl\u00e9ment Lucas un habitu\u00e9 de la Maison Blanche qui explique l&rsquo;ambiance et ses anecdotes sur le lieu :<\/p>\n\n\n\n\n\n<h4 class=\"wp-block-heading\"><strong><em>Le quartier Arnaud Bernard :<\/em><\/strong><\/h4>\n\n\n\n<p>&nbsp;&nbsp;\u201cIl n\u2019y a plus d\u2019apr\u00e8s \u00e0 Saint-Germain-des-Pr\u00e9s, il n\u2019y a d\u2019espoir qu\u2019\u00e0 Arnaud Bernard\u201d, Claude Sicre.<\/p>\n\n\n\n<p>L\u2019histoire du quartier Arnaud Bernard \u00e0 Toulouse t\u00e9moigne de son dynamisme et de son perp\u00e9tuel renouvellement. Ce quartier populaire \u00e9tait d\u2019abord un carrefour commercial dans les ann\u00e9es 1800.<\/p>\n\n\n\n<p>Puis, \u00e0 partir des ann\u00e9es 1920, diverses populations \u00e9migrent et forgent l\u2019identit\u00e9 du quartier, en lui offrant un nouvel essor.&nbsp;<\/p>\n\n\n\n<div class=\"wp-block-group is-nowrap is-layout-flex wp-container-core-group-is-layout-6c531013 wp-block-group-is-layout-flex\">\n<p>En effet, d\u2019abord les italiens fuyant le r\u00e9gime de Mussolini, puis les espagnols faisant de m\u00eame avec le r\u00e9gime franquiste, Arnaud Bernard voit aussi arriver vers les ann\u00e9es 60-70 des populations maghr\u00e9bines, notamment avec la fin de la guerre d\u2019Alg\u00e9rie et l\u2019exil des Harkis.&nbsp;<\/p>\n\n\n\n<figure class=\"wp-block-image size-full is-resized\"><img loading=\"lazy\" decoding=\"async\" width=\"1024\" height=\"671\" src=\"https:\/\/blogs.univ-tlse2.fr\/scemuto\/files\/2024\/05\/Arnaud-Bernard-credit-Archives-municipales-de-Toulouse.jpg\" alt=\"\" class=\"wp-image-2741\" style=\"width:352px;height:auto\" srcset=\"https:\/\/blogs.univ-tlse2.fr\/scemuto\/files\/2024\/05\/Arnaud-Bernard-credit-Archives-municipales-de-Toulouse.jpg 1024w, https:\/\/blogs.univ-tlse2.fr\/scemuto\/files\/2024\/05\/Arnaud-Bernard-credit-Archives-municipales-de-Toulouse-300x197.jpg 300w, https:\/\/blogs.univ-tlse2.fr\/scemuto\/files\/2024\/05\/Arnaud-Bernard-credit-Archives-municipales-de-Toulouse-768x503.jpg 768w\" sizes=\"auto, (max-width: 1024px) 100vw, 1024px\" \/><\/figure>\n<\/div>\n\n\n\n<p>De nombreuses boutiques voient alors le jour, telles que des p\u00e2tisseries, \u00e9piceries et boucheries. C\u2019est un d\u00e9veloppement tr\u00e8s salvateur pour le quartier qui voyait ses activit\u00e9s et son \u00e9conomie s&rsquo;essouffler.&nbsp;<\/p>\n\n\n\n<p>C&rsquo;est alors que ce nouveau souffle permet le d\u00e9veloppement d\u2019une vie socio-culturelle, qui fut notamment forg\u00e9e par deux grands acteurs.&nbsp;<\/p>\n\n\n\n<p>Tout d\u2019abord, Michel Mathieu, un metteur en sc\u00e8ne et com\u00e9dien franco-belge qui cr\u00e9a entre autre le th\u00e9\u00e2tre Garonne et initia les enseignements pratiques de th\u00e9\u00e2tre \u00e0 l\u2019universit\u00e9 de Toulouse Jean Jaur\u00e8s II. Il fonde en 1975 la Fabrique Arnaud Bernard. C\u2019est un lieu de regroupement culturel autour de disciplines artistiques comme le th\u00e9\u00e2tre, la musique et la po\u00e9sie.&nbsp;<\/p>\n\n\n\n<p>En outre, un autre grand acteur intervient dans la vie associative du quartier : Claude Sicre.&nbsp;<\/p>\n\n\n\n<p>Claude Sicre est un musicien et chanteur occitan, membre du groupe \u201cfabulous trobadors\u201d et sp\u00e9cialis\u00e9 dans les musiques traditionnelles occitanes. Son groupe se fait justement conna\u00eetre durant les animations du quartier.&nbsp;<\/p>\n\n\n\n<p>\u00c0 partir des ann\u00e9es 70, Claude Sicre y d\u00e9veloppe des carnavals, rassemblements, repas de quartier, avec la pr\u00e9sence de musiciens. Il organise \u00e9galement des soir\u00e9es socratiques sur la place des Tiercettes, dans le but de m\u00ealer les habitants et de les faire interagir.&nbsp;<\/p>\n\n\n\n<p>Enfin, dans la suite logique de l\u2019identit\u00e9 culturelle qu\u2019Arnaud Bernard s\u2019est forg\u00e9e au fil du temps, de nombreux caf\u00e9s culturels et associatifs voient le jour, tels que Chez ta m\u00e8re, le Fil \u00e0 plomb, et La Maison Blanche.&nbsp;<\/p>\n\n\n\n<h4 class=\"wp-block-heading\"><strong><em>Histoire du caf\u00e9 :\u00a0<\/em><\/strong><\/h4>\n\n\n\n<p>Il y a 25 ans, Rachid Benallaoua, fonda l\u2019association art-maniak, cette association a pour but de d\u00e9velopper l\u2019expression culturelle dans le quartier Arnaud Bernard. Le 9 f\u00e9vrier 2012 l\u2019association cr\u00e9a la Maison Blanche, un caf\u00e9 associatif mais surtout culturel, qui deviendra le si\u00e8ge social de l\u2019association art-maniak. La c\u00e9l\u00e8bre chanson de Cheikh El Hasnaoui, donnera son nom au projet du caf\u00e9 la Maison Blanche, mais avant son nom est en hommage \u00e0 l\u2019a\u00e9roport d\u2019Alger \u00e9tant, pour de nombreuses g\u00e9n\u00e9rations de travailleur(se)s \u00e9migr\u00e9(e)s, un grand symbole d\u2019exil.&nbsp;<\/p>\n\n\n\n<p>Le guitariste flamenco toulousain, Serge Lopez, sera la premi\u00e8re t\u00eate d\u2019affiche de ce nouveau caf\u00e9 aux int\u00e9r\u00eats culturels vari\u00e9s.&nbsp;<\/p>\n\n\n\n<p>La motivation principale de l\u2019association est de g\u00e9rer un lieu culturel dans le quartier de vie du musicien Rachid Benallaoua. En effet habitant depuis toujours dans le quartier Arnaud Bernard, il a \u00e9t\u00e9 influenc\u00e9 par celui-ci \u00e9tant jeune, mais l\u2019a aussi \u00e9norm\u00e9ment influenc\u00e9 \u00e0 son tour par sa profession de percussionniste, notamment en jouant avec des groupes de renoms tel que Zebda ou l\u2019artiste Sidi Wacho.&nbsp;<\/p>\n\n\n\n<p>Ainsi cr\u00e9er un caf\u00e9 culturel dans ce quartier, paraissait comme une \u00e9vidence aux yeux de l\u2019association, le quartier Arnaud Bernard \u00e9tant un endroit o\u00f9 la vie est difficile, il est aussi le fief de la musique actuelle. Afin d\u2019animer le quartier et de r\u00e9unifier la population gr\u00e2ce \u00e0 la culture, malgr\u00e9 les diff\u00e9rences culturelles, la programmation est compos\u00e9e essentiellement de musique du monde. La deuxi\u00e8me inspiration de la Maison Blanche est \u00ab tout le monde est le bien venu\u00bb, sous entendu, pas de racisme, pas de sexisme, pas de grossophobie, homophobie, int\u00e9grisme et lutter contre le fascisme.\u00a0<\/p>\n\n\n\n<p>Au commencement de la Maison Blanche, la programmation \u00e9tait tr\u00e8s compl\u00e8te, l\u2019affiche se composait non seulement de concerts, mais aussi d\u2019ateliers de danses, de lectures, d\u2019\u00e9criture, de peintures, ainsi que des ateliers pour enfants. Malheureusement en 2020, lors de l\u2019\u00e9lection de la nouvelle mairesse du quartier, un malentendu est survenu \u00e0 propos du statut de la Maison Blanche. La Mairie ne voulant plus subventionner le caf\u00e9, celui-ci prit le nom de caf\u00e9 associatif et perdu son titre officiel de caf\u00e9 culturel. Depuis la programmation a \u00e9t\u00e9 contrainte de largement diminuer par manque de financement, l\u2019affiche se limitant ainsi \u00e0 quelques ateliers de danses et des concerts.<\/p>\n\n\n\n<figure class=\"wp-block-image size-full\"><img loading=\"lazy\" decoding=\"async\" width=\"960\" height=\"643\" src=\"https:\/\/blogs.univ-tlse2.fr\/scemuto\/files\/2024\/05\/maison-blanche-2.jpg\" alt=\"\" class=\"wp-image-2690\" srcset=\"https:\/\/blogs.univ-tlse2.fr\/scemuto\/files\/2024\/05\/maison-blanche-2.jpg 960w, https:\/\/blogs.univ-tlse2.fr\/scemuto\/files\/2024\/05\/maison-blanche-2-300x201.jpg 300w, https:\/\/blogs.univ-tlse2.fr\/scemuto\/files\/2024\/05\/maison-blanche-2-768x514.jpg 768w\" sizes=\"auto, (max-width: 960px) 100vw, 960px\" \/><\/figure>\n\n\n\n<h4 class=\"wp-block-heading\"><strong><em>Un caf\u00e9 associatif et\/ou culturel ?<\/em><\/strong><\/h4>\n\n\n\n<p>La Maison Blanche est donc consid\u00e9r\u00e9e comme caf\u00e9 culturel associatif, mais pourquoi cette appellation ? Comme son nom l\u2019indique, ce genre d\u2019institution est auto g\u00e9r\u00e9e et perdure gr\u00e2ce au b\u00e9n\u00e9volat. Leur programmation favorise le d\u00e9veloppement culturel, la diversit\u00e9 musicale actuelle, les danses multiples, les ateliers vari\u00e9s pour tout \u00e2ge, la mixit\u00e9 et l\u2019unification du public.<\/p>\n\n\n\n<p>On trouve plusieurs lieux qui portent le nom de caf\u00e9 culturel associatif \u00e0 Toulouse. Parmi les plus connus, on retrouve notamment la Candela &#8211; fr\u00e9quent\u00e9 par nos interview\u00e9s &#8211; dans le quartier St Cyprien, le Cam\u00e9l\u00e9on dans le m\u00eame quartier. L\u2019Itin\u00e9raire Bis \u00e0 Marengo, l\u2019Escabel \u00e0 Arnaud Bernard (comme dit pr\u00e9c\u00e9demment) et l\u2019Astronef \u00e0 Rangueil par exemple. Ils proposent globalement le m\u00eame type de programmation, passant par des ateliers d\u2019\u00e9criture, des soir\u00e9es jeux, des projections, des sc\u00e8nes ouvertes, des vernissages, des conf\u00e9rences, des spectacles\u2026&nbsp;<\/p>\n\n\n\n<p>On observe donc une vie associative, culturelle et musicale tr\u00e8s pr\u00e9sente \u00e0 Toulouse, ville des musiques depuis 2023. La diversit\u00e9 des programmations, l\u2019accessibilit\u00e9 qu\u2019accorde l\u2019aspect associatif ainsi que l\u2019ouverture d\u2019esprit et la lutte des minorit\u00e9s, attirent \u00e9norm\u00e9ment le public toulousain. Sp\u00e9cifiquement l\u2019auditoire \u00e9tudiant, o\u00f9 l\u2019accessibilit\u00e9 des associations permet \u00e0 des artistes, musiciens en devenir, de se produire dans des lieux inclusifs, largement fr\u00e9quent\u00e9s et populaires.<\/p>\n\n\n\n<p><\/p>\n\n\n\n<figure class=\"wp-block-image size-full\"><img loading=\"lazy\" decoding=\"async\" width=\"960\" height=\"720\" src=\"https:\/\/blogs.univ-tlse2.fr\/scemuto\/files\/2024\/05\/MaisonBlanche1-1.jpg\" alt=\"\" class=\"wp-image-2721\" srcset=\"https:\/\/blogs.univ-tlse2.fr\/scemuto\/files\/2024\/05\/MaisonBlanche1-1.jpg 960w, https:\/\/blogs.univ-tlse2.fr\/scemuto\/files\/2024\/05\/MaisonBlanche1-1-300x225.jpg 300w, https:\/\/blogs.univ-tlse2.fr\/scemuto\/files\/2024\/05\/MaisonBlanche1-1-768x576.jpg 768w\" sizes=\"auto, (max-width: 960px) 100vw, 960px\" \/><\/figure>\n\n\n\n<h4 class=\"wp-block-heading\"><strong><em>Mode de fonctionnement \u00e9conomique de la Maison Blanche<\/em><\/strong><\/h4>\n\n\n\n<p>La Maison Blanche fonctionne sur un mod\u00e8le de financement participatif o\u00f9 les&nbsp; contributions financi\u00e8res des participants sont essentielles pour soutenir les activit\u00e9s du caf\u00e9. En effet le public donne la somme qu\u2019il souhaite pour adh\u00e9rer et ainsi avoir des consommations et autre \u00e0 des prix assez bas. Cela permet ainsi au plus grand nombre d&rsquo;acc\u00e9der&nbsp; peu importe ses moyens&nbsp; \u00e0 diff\u00e9rentes activit\u00e9s culturelles s\u2019inscrivant donc dans l\u2019esprit de l\u2019association qui est l\u2019ouverture et la diversit\u00e9.<\/p>\n\n\n\n<p>Cependant ils ont besoin de financement car ils ne survivent que gr\u00e2ce au bar, au chapeau et \u00e0 l&rsquo; adh\u00e9sion pour continuer de payer les musiciens qui viennent jouer. Ils ne re\u00e7oivent plus de subventions car ils ne sont pas all\u00e9s voir la mairesse de quartier au moment de son \u00e9lection et ne sont donc pas consid\u00e9r\u00e9s comme lieu culturel . L\u2019association n\u2019a pas de salari\u00e9s en CDI mais seulement 2 intermittents qui sont assez polyvalents : bar, musique, accueil.<\/p>\n\n\n\n<p>L&rsquo;association compte aussi 18 b\u00e9n\u00e9voles qui sont fixes. Ceux-ci sont des personnes du public qui sont venus au moins une fois \u00e0 la Maison Blanche et qui ont \u00e9norm\u00e9ment aim\u00e9 le concept et l\u2019ambiance du lieu.&nbsp;<\/p>\n\n\n\n<h4 class=\"wp-block-heading\"><strong><em><strong>Programmation<\/strong><\/em><\/strong><\/h4>\n\n\n\n<div class=\"wp-block-group is-horizontal is-content-justification-left is-nowrap is-layout-flex wp-container-core-group-is-layout-e5fbeb3a wp-block-group-is-layout-flex\">\n<p>A la Maison Blanche, les concerts constituent la majorit\u00e9 des \u00e9v\u00e9nements organis\u00e9s et la programmation musicale est tr\u00e8s diverse. En effet, avec plusieurs concerts organis\u00e9s chaque semaine les styles varient puisqu\u2019il y a des sc\u00e8nes ouvertes hebdomadaires autour du jazz manouche. Il y a aussi r\u00e9guli\u00e8rement des sc\u00e8nes ouvertes de musique grecque et de musique jazz (fr\u00e9quent\u00e9s par nos interview\u00e9s Cl\u00e9ment et Elouan). Il y a \u00e9galement de la musique cubaine comme la rumba, ou de la musique br\u00e9silienne comme la samba ou le choro et bien d\u2019autres styles qui permettent, en plus de la musique, de faire une place \u00e0 la danse. R\u00e9guli\u00e8rement, des s\u00e9ances d\u2019initiations \u00e0 certaines danses traditionnelles sont organis\u00e9es en fonction des soir\u00e9es, afin de favoriser l\u2019inclusion d\u2019un maximum de personnes.<\/p>\n\n\n\n<figure class=\"wp-block-image size-full is-resized\"><img loading=\"lazy\" decoding=\"async\" width=\"576\" height=\"1024\" src=\"https:\/\/blogs.univ-tlse2.fr\/scemuto\/files\/2024\/05\/image.jpeg\" alt=\"L\u2019attribut alt de cette image est vide, son nom de fichier est maison-blanche-4-2.jpg.\" class=\"wp-image-2725\" style=\"width:284px;height:auto\" srcset=\"https:\/\/blogs.univ-tlse2.fr\/scemuto\/files\/2024\/05\/image.jpeg 576w, https:\/\/blogs.univ-tlse2.fr\/scemuto\/files\/2024\/05\/image-169x300.jpeg 169w\" sizes=\"auto, (max-width: 576px) 100vw, 576px\" \/><\/figure>\n<\/div>\n\n\n\n<p>Ce sont souvent des groupes qui jouent \u00e0 la Maison Blanche, que ce soient des artistes locaux ou internationaux et avec des styles tr\u00e8s divers. Les groupes jouent parfois toute la soir\u00e9e ou alors participent \u00e0 une sc\u00e8ne ouverte en jouant quelques morceaux avant d\u2019accueillir tous ceux qui ont envie de jouer sur sc\u00e8ne dans un cadre respectueux et bienveillant, o\u00f9 la musique et la bonne humeur sont les priorit\u00e9s.<\/p>\n\n\n\n<p>Toutes ces musiques venant du monde entier permettent au plus grand nombre de personnes de s\u2019exprimer et de se sentir \u00e0 leur place dans ce caf\u00e9 associatif, et cela contribue aussi \u00e0 la lutte, pr\u00f4n\u00e9e par la Maison Blanche, contre toutes les in\u00e9galit\u00e9s comme le sexisme, la misogynie, l\u2019int\u00e9grisme, l\u2019homophobie ou encore le racisme.<\/p>\n\n\n\n<p><\/p>\n\n\n\n<figure class=\"wp-block-image size-large is-resized\"><img loading=\"lazy\" decoding=\"async\" width=\"1024\" height=\"576\" src=\"https:\/\/blogs.univ-tlse2.fr\/scemuto\/files\/2024\/05\/JamManoucheMB-1024x576.jpg\" alt=\"\" class=\"wp-image-2756\" style=\"width:512px;height:auto\" srcset=\"https:\/\/blogs.univ-tlse2.fr\/scemuto\/files\/2024\/05\/JamManoucheMB-1024x576.jpg 1024w, https:\/\/blogs.univ-tlse2.fr\/scemuto\/files\/2024\/05\/JamManoucheMB-300x169.jpg 300w, https:\/\/blogs.univ-tlse2.fr\/scemuto\/files\/2024\/05\/JamManoucheMB-768x432.jpg 768w, https:\/\/blogs.univ-tlse2.fr\/scemuto\/files\/2024\/05\/JamManoucheMB-1536x864.jpg 1536w, https:\/\/blogs.univ-tlse2.fr\/scemuto\/files\/2024\/05\/JamManoucheMB.jpg 1920w\" sizes=\"auto, (max-width: 1024px) 100vw, 1024px\" \/><\/figure>\n\n\n\n<p>En esp\u00e9rant vous y voir bient\u00f4t ! <\/p>\n\n\n\n<p><\/p>\n\n\n\n<p><\/p>\n\n\n\n<p>Pr\u00e9par\u00e9 et r\u00e9dig\u00e9 par Juliette Jouhanneau, Ornella Tournier, Mina Dolceroca, Alexis Doussiet, Valentine Silvestre et Romain Brouzes<\/p>\n\n\n\n<p><\/p>\n\n\n\n<p><\/p>\n\n\n\n<p><\/p>\n\n\n\n<p><\/p>\n\n\n\n<p><\/p>\n\n\n\n<p><\/p>\n\n\n\n<p><\/p>\n\n\n\n<p><\/p>\n\n\n\n<p><\/p>\n\n\n\n<p><\/p>\n\n\n\n<p><\/p>\n\n\n\n<p><\/p>\n\n\n\n<p><\/p>\n\n\n\n<p><\/p>\n\n\n\n<p><\/p>\n\n\n\n<p><\/p>\n\n\n\n<p><\/p>\n","protected":false},"excerpt":{"rendered":"<p>Le quartier Arnaud Bernard est un quartier majeur,culturel et festif du rayonnement toulousain, il doit sa renomm\u00e9e aux nombreux lieux o\u00f9 se rejoignent des personnes de tous horizons. Dans ces lieux on peut retrouver des bars tel que le Breughel, des galeries d\u2019art tel que Silo ou l\u2019Archipel, et des caf\u00e9s populaires et culturels tel [&hellip;]<\/p>\n","protected":false},"author":1127,"featured_media":0,"parent":31,"menu_order":0,"comment_status":"closed","ping_status":"closed","template":"","meta":{"footnotes":""},"class_list":["post-2601","page","type-page","status-publish","hentry"],"_links":{"self":[{"href":"https:\/\/blogs.univ-tlse2.fr\/scemuto\/wp-json\/wp\/v2\/pages\/2601","targetHints":{"allow":["GET"]}}],"collection":[{"href":"https:\/\/blogs.univ-tlse2.fr\/scemuto\/wp-json\/wp\/v2\/pages"}],"about":[{"href":"https:\/\/blogs.univ-tlse2.fr\/scemuto\/wp-json\/wp\/v2\/types\/page"}],"author":[{"embeddable":true,"href":"https:\/\/blogs.univ-tlse2.fr\/scemuto\/wp-json\/wp\/v2\/users\/1127"}],"replies":[{"embeddable":true,"href":"https:\/\/blogs.univ-tlse2.fr\/scemuto\/wp-json\/wp\/v2\/comments?post=2601"}],"version-history":[{"count":14,"href":"https:\/\/blogs.univ-tlse2.fr\/scemuto\/wp-json\/wp\/v2\/pages\/2601\/revisions"}],"predecessor-version":[{"id":2762,"href":"https:\/\/blogs.univ-tlse2.fr\/scemuto\/wp-json\/wp\/v2\/pages\/2601\/revisions\/2762"}],"up":[{"embeddable":true,"href":"https:\/\/blogs.univ-tlse2.fr\/scemuto\/wp-json\/wp\/v2\/pages\/31"}],"wp:attachment":[{"href":"https:\/\/blogs.univ-tlse2.fr\/scemuto\/wp-json\/wp\/v2\/media?parent=2601"}],"curies":[{"name":"wp","href":"https:\/\/api.w.org\/{rel}","templated":true}]}}