 {"id":2603,"date":"2025-09-16T16:54:28","date_gmt":"2025-09-16T14:54:28","guid":{"rendered":"https:\/\/blogs.univ-tlse2.fr\/scemuto\/?page_id=2603"},"modified":"2025-09-16T16:54:28","modified_gmt":"2025-09-16T14:54:28","slug":"vicious-circle-et-les-disquaires-a-toulouse","status":"publish","type":"page","link":"https:\/\/blogs.univ-tlse2.fr\/scemuto\/autres-acteur-rice-s\/vicious-circle-et-les-disquaires-a-toulouse\/","title":{"rendered":"Vicious Circle et les disquaires \u00e0 Toulouse"},"content":{"rendered":"\n<div class=\"wp-block-cover alignwide\" style=\"min-height:329px;aspect-ratio:unset;\"><span aria-hidden=\"true\" class=\"wp-block-cover__background has-background-dim\" style=\"background-color:#676d6f\"><\/span><img loading=\"lazy\" decoding=\"async\" width=\"1011\" height=\"569\" class=\"wp-block-cover__image-background wp-image-2787\" alt=\"\" src=\"https:\/\/blogs.univ-tlse2.fr\/scemuto\/files\/2024\/05\/WhatsApp-Image-2024-05-13-at-22.22.18.jpeg\" data-object-fit=\"cover\" srcset=\"https:\/\/blogs.univ-tlse2.fr\/scemuto\/files\/2024\/05\/WhatsApp-Image-2024-05-13-at-22.22.18.jpeg 1011w, https:\/\/blogs.univ-tlse2.fr\/scemuto\/files\/2024\/05\/WhatsApp-Image-2024-05-13-at-22.22.18-300x169.jpeg 300w, https:\/\/blogs.univ-tlse2.fr\/scemuto\/files\/2024\/05\/WhatsApp-Image-2024-05-13-at-22.22.18-768x432.jpeg 768w\" sizes=\"auto, (max-width: 1011px) 100vw, 1011px\" \/><div class=\"wp-block-cover__inner-container is-layout-constrained wp-block-cover-is-layout-constrained\">\n<h2 class=\"wp-block-heading has-text-align-center has-background-color has-text-color has-link-color has-x-large-font-size wp-elements-3d6938ea830eb240026beb1f215cf6e2\" style=\"padding-top:0;padding-right:0;padding-bottom:0;padding-left:0\"><strong>Vicious Circle, un disquaire dans la quatri\u00e8me ville de France avec le plus de disquaires : Toulouse<\/strong><\/h2>\n<\/div><\/div>\n\n\n\n<p>Le disque vinyle est un outil bien connu, il permet de transporter et lire de la musique pr\u00e9-enregistr\u00e9e. Avec l\u2019arriv\u00e9e du CD, puis du num\u00e9rique, le vinyle s\u2019est vu se faire cat\u00e9goriser \u00ab d\u2019ancien \u00bb. Seulement, depuis une quinzaine d&rsquo;ann\u00e9es, il revient avec force. En tant que disquaire, ce sont ces sp\u00e9cialistes du vinyles qui ont observ\u00e9 de plus pr\u00e8s l\u2019\u00e9volution de sa place et des disquaires dans la soci\u00e9t\u00e9.&nbsp;<\/p>\n\n\n\n<p>Avec pr\u00e8s d\u2019une dizaine de commerces sp\u00e9cialis\u00e9s, Toulouse est la ville comptant le plus de disquaires en France, juste apr\u00e8s Paris, Lyon et Bordeaux. C\u2019est pourquoi nous avons demand\u00e9 \u00e0 Gr\u00e9goire Rameaux, g\u00e9rant du Vicious Circle \u00e0 Toulouse de nous partager sa vision de cette \u00e9volution et ses pens\u00e9es sur l\u2019avenir.<\/p>\n\n\n\n<h4 class=\"wp-block-heading\">Interview Gr\u00e9goire Rameaux<\/h4>\n\n\n\n<div class=\"wp-block-media-text has-media-on-the-right is-stacked-on-mobile is-vertically-aligned-center\" style=\"grid-template-columns:auto 43%\"><div class=\"wp-block-media-text__content\">\n<p>Gr\u00e9goire Rameaux, g\u00e9rant du disquaire Vicious Circle, \u00e0 accept\u00e9 de r\u00e9pondre \u00e0 nos questions.<\/p>\n<\/div><figure class=\"wp-block-media-text__media\"><img loading=\"lazy\" decoding=\"async\" width=\"768\" height=\"1024\" src=\"https:\/\/blogs.univ-tlse2.fr\/scemuto\/files\/2024\/05\/WhatsApp-Image-2024-05-13-at-21.58.18-768x1024.jpeg\" alt=\"\" class=\"wp-image-2770 size-full\" srcset=\"https:\/\/blogs.univ-tlse2.fr\/scemuto\/files\/2024\/05\/WhatsApp-Image-2024-05-13-at-21.58.18-768x1024.jpeg 768w, https:\/\/blogs.univ-tlse2.fr\/scemuto\/files\/2024\/05\/WhatsApp-Image-2024-05-13-at-21.58.18-225x300.jpeg 225w, https:\/\/blogs.univ-tlse2.fr\/scemuto\/files\/2024\/05\/WhatsApp-Image-2024-05-13-at-21.58.18-1152x1536.jpeg 1152w, https:\/\/blogs.univ-tlse2.fr\/scemuto\/files\/2024\/05\/WhatsApp-Image-2024-05-13-at-21.58.18.jpeg 1200w\" sizes=\"auto, (max-width: 768px) 100vw, 768px\" \/><\/figure><\/div>\n\n\n\n<p>-\u00e0 ins\u00e9rer-<br><\/p>\n\n\n\n<h4 class=\"wp-block-heading\">\u00c9volution des disques et des disquaires<\/h4>\n\n\n\n<div class=\"wp-block-group is-vertical is-content-justification-center is-layout-flex wp-container-core-group-is-layout-ce155fab wp-block-group-is-layout-flex\">\n<p>Partons du d\u00e9but. \u00c0 la fin du 19eme si\u00e8cle appara\u00eet le disque 78 tours, un disque dis \u00ab phonographique \u00bb (support analogique de sons enregistr\u00e9s) autrefois jou\u00e9 sur les gramophones. En 1920, le 78 tours est compl\u00e8tement d\u00e9mocratis\u00e9 avec la cr\u00e9ation des Juke-boxs et de la radio, mais 1948 le 78 tours tombe en d\u00e9clin avec l&rsquo;invention du disque microsillon, le vinyle, par la maison de disques Columbia. Il conna\u00eet plusieurs d\u00e9clinaisons par type et par format (18 centim\u00e8tres\/45 tours pour singles, EP, album de quatre titres max ; 25 centim\u00e8tres\/33 tours pour EP, LP, il est consid\u00e9r\u00e9 comme l&rsquo;anc\u00eatre de l&rsquo;album ; 30 centim\u00e8tres\/16 tours pour les versions \u00abcollector\u00bb, la maison Path\u00e9 en France dynamise son leur d\u00e9veloppement apr\u00e8s-guerre).<br>Le vinyle devient vite le nouveau favori gr\u00e2ce \u00e0 sa qualit\u00e9 sonore, qui am\u00e8ne plus de d\u00e9tails dans la perception des sons. Mais aussi une dur\u00e9e des pistes plus large entre 40 minutes et 1 heure par disque.<\/p>\n\n\n\n<p>En 1950 la technologie de st\u00e9r\u00e9ophonie vient am\u00e9liorer la qualit\u00e9 et l&rsquo;immersion sonores avec la reproduction du son dans l&rsquo;espace, puis 1960 est marqu\u00e9 par le remplacement des pointes en saphir sur les tourne-disques, par des pointes en diamants ce qui diminue par 10 la vitesse d&rsquo;usure du disque. La cassette est invent\u00e9e en 1963 par Philips, ce qui marque la fin de l&rsquo;h\u00e9g\u00e9monie des vinyles sur le march\u00e9. 1983 est l&rsquo;ann\u00e9e de la descente aux enfers pour les vinyles. Philips commercialise le support CD, qui progressivement \u00e9crase le march\u00e9 du vinyle, avec son prix comp\u00e9titif, sa qualit\u00e9 sonore remarquable et sa petite taille qui ne r\u00e9duit pas la dur\u00e9e d&rsquo;\u00e9coute et qui permettent de l&#8217;emporter partout gr\u00e2ce au lecteur CD portable. Dans les ann\u00e9es 1990 les derni\u00e8res grandes usines de vinyles ferment leur portes, pour laisser place au CD.<\/p>\n\n\n\n<p>Le vinyle devient un objet niche pour une poign\u00e9e d&rsquo;irr\u00e9ductibles Gaulois appel\u00e9s les audiophiles. \u00catre audiophile c\u2019est un d\u00e9vouement pour avoir un son parfait. Pour cela, ils sont pr\u00eats \u00e0 mettre le prix dans du mat\u00e9riel de haute qualit\u00e9. Ils vantent la signature naturelle, chaleureuse et \u00abauthentique\u00bb des vinyles, contrairement au c\u00f4t\u00e9 plus \u00abrobotique\u00bb du CD qui efface les imperfections que l&rsquo;on peut trouver sur les disques microsillon, et qui en ferait tout son charme. Les disques vinyles offriraient une exp\u00e9rience d\u2019\u00e9coute unique qui ne peut \u00eatre reproduite par les formats num\u00e9riques.Et cette \u00e9volution de support a un impact sur les diff\u00e9rents styles musicaux. Le funk et la musique classique restent attach\u00e9s au vinyles (comme quelque chose de vieux et de d\u00e9mod\u00e9) contrairement aux musiques \u00e9lectro et hip hop, qui elles se mettent \u00e0 la mode gr\u00e2ce au CD.<br><\/p>\n\n\n\n<p>2000 est la d\u00e9cennie de la renaissance pour le vinyle, il retrouve un engouement de la part de son public. Son charme \u201cvintage\u201d, qui fait la joie des collectionneurs, mais aussi ses qualit\u00e9s intrins\u00e8ques, sa pochette plus grande et plus d\u00e9cor\u00e9e compar\u00e9 au CD fait de lui un objet d&rsquo;art plut\u00f4t qu&rsquo;une simple illustration sur une bo\u00eete en plastiques. C&rsquo;est gr\u00e2ce aux artistes \u00e9galement que le vinyle retrouve son charme, les Daft Punk, White Stripes ou encore Pharrell Williams, sortent en plus des CD, leurs albums en 33 et singles en 45 tours. En 2014, le Royaume-Uni repasse au dessus du million de vinyles vendus, record jamais atteint depuis 1996. En 2019, les 33 tours repr\u00e9sentent 17% des ventes d&rsquo;albums aux \u00c9tats-Unis, le march\u00e9 am\u00e9ricain du CD rapportant 247,9 millions de dollars, contre 224,1 millions pour les vinyles. Cette remont\u00e9e en puissance peut s\u2019expliquer par une envie de retour \u00e0 la simplicit\u00e9 et aux petits d\u00e9fauts naturels. Les chiffres donnent de bonnes raisons de croire que ma\u00eetre Vinyle d\u00e9passera bient\u00f4t padawan CD.<\/p>\n\n\n\n<p>Comme nous le dit Gr\u00e9goire Rameaux, le vinyle, le disque en lui-m\u00eame, est devenu aussi un objet artistique. D\u00e8s les ann\u00e9es 60 et 70, au milieu du psych\u00e9d\u00e9lisme dans tous les domaines artistiques, la pochette devient aussi une \u0153uvre.<\/p>\n\n\n\n<p>En 1971, avec la pochette de l\u2019album <em>Sticky Fingers<\/em> de The Rolling Stone, Andy Warhol imagine avec Billy Name (qui r\u00e9alisera cette id\u00e9e), une photo en plan serr\u00e9 sur l\u2019entrejambe d\u2019un homme en jean dont la fermeture \u00e9claire s\u2019ouvre r\u00e9ellement pour laisser place aux sous-v\u00eatements de l\u2019homme. <\/p>\n\n\n\n<p>Une pochette qui reste culte aujourd\u2019hui et tr\u00e8s pris\u00e9e des collectionneurs. Et l\u2019histoire retiendra tant d\u2019autres pochettes qui marqueront le milieu de l\u2019art plastique autant que celui de la musique, comme toutes les pochettes des Pink Floyd, <em>Rage Against The Machine<\/em> de Rage Against The Machine, ou celles sign\u00e9es par Ai Wei Wei ou encore Robert Combas.\u00a0<\/p>\n\n\n\n<p>Le disque n\u2019\u00e9chappe pas \u00e0 ces id\u00e9es artistiques. Les contraintes techniques, comme le mat\u00e9riel (le plastique), la forme (qui puisse tourner), la taille (qui puisse s\u2019adapter au tourne-disque), qui permettent le fonctionnement du disque en lui-m\u00eame viennent finalement cr\u00e9er une charte de travail pour l\u2019artiste. De plus en plus, nous pouvons voir des jeux sur les couleurs, la transparence, et parfois la forme.&nbsp;<\/p>\n\n\n\n<p>La musique actuelle vient traverser les cases traditionnelles des genres et styles musicaux. L\u2019\u00e9volution de la musique actuelle peut se r\u00e9sumer comme ceci: cr\u00e9ation, fusion, invention. Et ces id\u00e9es ont \u00e9videmment exist\u00e9es en m\u00eame temps dans les autres arts, dont les arts plastiques, et entre les arts eux-m\u00eame. Des cohabitations ont toujours \u00e9t\u00e9 habituelles, il est donc logique qu\u2019elles arrivent avec les nouveaux types d\u2019arts et de cultures.&nbsp;<\/p>\n\n\n\n<h4 class=\"wp-block-heading\">Une fa\u00e7on de mieux comprendre cette histoire: observer l\u2019\u00e9volution des disquaires<\/h4>\n\n\n\n<p>Nous prendrons Toulouse comme exemple repr\u00e9sentatif de l\u2019\u00e9volution commune \u00e0 la France enti\u00e8re. Sur Toulouse nous pouvons donc observer la place grandissante du disque puis du vinyle par l\u2019augmentation de magasins sp\u00e9cialis\u00e9s depuis l\u2019apparition du phonographe (tourne-disque).<\/p>\n\n\n\n<p> En 1900, ce qui semble \u00eatre le premier et seul magasin autour du disque, BONNEVILLE, s\u2019installe au 60 Boulevard Lazard Carnot, l\u00e0 o\u00f9 nous avons de nos jours le m\u00e9tro Jean Jaur\u00e8s. <\/p>\n\n\n\n<p>De 1900 \u00e0 1940 nous passons de 1 magasin r\u00e9pertori\u00e9 \u00e0 9, se d\u00e9veloppant dans ce m\u00eame endroit, en centre ville, dans le quartier du Capitol, quartier Saint-George, quartier Saint-Aubin et dans le quartier Saint-Etienne. Des endroits qui font partie aujourd\u2019hui du centre n\u00e9vralgique de la ville de Toulouse.&nbsp;Ces magasins changent de propri\u00e9taires, ferment et mutent au fil des ann\u00e9es.&nbsp;<\/p>\n\n\n\n<div class=\"wp-block-columns is-layout-flex wp-container-core-columns-is-layout-28f84493 wp-block-columns-is-layout-flex\">\n<div class=\"wp-block-column is-layout-flow wp-block-column-is-layout-flow\">\n<figure class=\"wp-block-image size-large is-resized\"><img loading=\"lazy\" decoding=\"async\" width=\"1024\" height=\"858\" src=\"https:\/\/blogs.univ-tlse2.fr\/scemuto\/files\/2024\/05\/Capture-decran-2024-05-13-a-22.07.52-2-1024x858.png\" alt=\"\" class=\"wp-image-2780\" style=\"width:202px;height:auto\" srcset=\"https:\/\/blogs.univ-tlse2.fr\/scemuto\/files\/2024\/05\/Capture-decran-2024-05-13-a-22.07.52-2-1024x858.png 1024w, https:\/\/blogs.univ-tlse2.fr\/scemuto\/files\/2024\/05\/Capture-decran-2024-05-13-a-22.07.52-2-300x251.png 300w, https:\/\/blogs.univ-tlse2.fr\/scemuto\/files\/2024\/05\/Capture-decran-2024-05-13-a-22.07.52-2-768x644.png 768w, https:\/\/blogs.univ-tlse2.fr\/scemuto\/files\/2024\/05\/Capture-decran-2024-05-13-a-22.07.52-2.png 1334w\" sizes=\"auto, (max-width: 1024px) 100vw, 1024px\" \/><figcaption class=\"wp-element-caption\">captures d&rsquo;\u00e9cran sur Google Maps<\/figcaption><\/figure>\n<\/div>\n\n\n\n<div class=\"wp-block-column is-layout-flow wp-block-column-is-layout-flow\">\n<p class=\"has-text-align-left has-small-font-size\"><em>Evolution du nombre de disquaires \u00e0 Toulouse entre 1900 et 1940<\/em><\/p>\n<\/div>\n\n\n\n<div class=\"wp-block-column is-layout-flow wp-block-column-is-layout-flow\">\n<figure class=\"wp-block-image size-large\"><img loading=\"lazy\" decoding=\"async\" width=\"1024\" height=\"804\" src=\"https:\/\/blogs.univ-tlse2.fr\/scemuto\/files\/2024\/05\/Capture-decran-2024-05-13-a-22.05.37-1024x804.png\" alt=\"\" class=\"wp-image-2781\" srcset=\"https:\/\/blogs.univ-tlse2.fr\/scemuto\/files\/2024\/05\/Capture-decran-2024-05-13-a-22.05.37-1024x804.png 1024w, https:\/\/blogs.univ-tlse2.fr\/scemuto\/files\/2024\/05\/Capture-decran-2024-05-13-a-22.05.37-300x235.png 300w, https:\/\/blogs.univ-tlse2.fr\/scemuto\/files\/2024\/05\/Capture-decran-2024-05-13-a-22.05.37-768x603.png 768w, https:\/\/blogs.univ-tlse2.fr\/scemuto\/files\/2024\/05\/Capture-decran-2024-05-13-a-22.05.37.png 1534w\" sizes=\"auto, (max-width: 1024px) 100vw, 1024px\" \/><figcaption class=\"wp-element-caption\">captures d&rsquo;\u00e9cran sur Google Maps<\/figcaption><\/figure>\n<\/div>\n<\/div>\n\n\n\n<p>Durant l\u2019interview nous avons rencontr\u00e9 Gr\u00e9goire le g\u00e9rant du magasin. Il nous a partag\u00e9 son parcours mais aussi l\u2019histoire de Vicious Circle. Le magasin a \u00e9t\u00e9 cr\u00e9\u00e9 en 1997, 27 ans qu&rsquo;il&nbsp; existe et bient\u00f4t 24 ans que Gr\u00e9goire vit de sa passion pour les vinyles. Actuellement bien plac\u00e9 au 56 rue L\u00e9on Gambetta, s\u2019inscrivant dans la suite des disquaires de l\u2019hyper-centre avant lui, pr\u00e8s de la plage du Capitole, le magasin \u00e9tait plac\u00e9 quelques rues plus loin \u00e0 son ouverture. Ce placement g\u00e9ographique a toute son importance. En effet, l\u2019ancienne rue \u00e9tait bien moins passante m\u00eame si elle \u00e9tait situ\u00e9e en centre ville, ce qui a \u00e9norm\u00e9ment affect\u00e9 la situation financi\u00e8re du disquaire. Cet emplacement est id\u00e9al \u00e0 l\u2019heure actuelle. De plus, ils ont fait de ce lieux un espace tr\u00e8s chaleureux avec beaucoup de couleurs, ce qui rend l\u2019espace tr\u00e8s accueillant.&nbsp;<\/p>\n<\/div>\n\n\n\n<h4 class=\"wp-block-heading\">Et maintenant ? <\/h4>\n\n\n\n<p>L\u2019avenir des disquaires et de Vicious Circle est, comme le dit Gr\u00e9goire Rameaux, incertain. Il d\u00e9pend de celui des vinyls et des disques. Leur retour \u00e0 la mode \u00e0 \u00e9t\u00e9 impr\u00e9vue et le moment o\u00f9 il repartira l\u2019est tout autant. Mais nous serions tent\u00e9s de penser, par amour de cet objet si sp\u00e9cial, qu\u2019il ne partira pas, que les habitudes d&rsquo;utilisation et d\u2019achats se transformeront comme elles l\u2019ont d\u00e9j\u00e0 fait. Et en fin de compte, les disquaires eux-aussi se transformeront comme ils l\u2019ont fait face au CD, au num\u00e9rique, ou aux grandes cha\u00eenes. Ce qui est s\u00fbr c\u2019est qu\u2019ils resteront d\u2019une mani\u00e8re ou d\u2019une autre et qu\u2019ils ont une place irrempla\u00e7able dans notre paysage fran\u00e7ais.&nbsp;<\/p>\n\n\n\n<hr class=\"wp-block-separator has-alpha-channel-opacity\" \/>\n\n\n\n<p><em>Article \u00e9crit et questions pr\u00e9par\u00e9es par Quentin Heriveau, Amandine Fourcade, M\u00e9lina Biagianti et Lila Mar\u00e9chal<\/em><\/p>\n\n\n\n<p><em> Interview men\u00e9e par Quentin Heriveau<\/em><\/p>\n\n\n\n<p><em>Photo prises par Amandine Fourcade<\/em><\/p>\n\n\n\n<p><em>Merci \u00e0 Vicious Circle et \u00e0 Gr\u00e9goire Rameaux pour leur accueil et leurs r\u00e9ponses.<\/em><\/p>\n\n\n\n<hr class=\"wp-block-separator has-alpha-channel-opacity\" \/>\n\n\n\n<h4 class=\"wp-block-heading has-medium-font-size\">Sitographie \/ Bibliographie<\/h4>\n\n\n\n<p class=\"has-small-font-size\"><a href=\"https:\/\/leclaireur.fnac.com\/article\/cp48650-lhistoire-du-vinyle-de-sa-creation-a-nos-jours\">https:\/\/leclaireur.fnac.com\/article\/cp48650-lhistoire-du-vinyle-de-sa-creation-a-nos-jours<\/a><\/p>\n\n\n\n<p class=\"has-small-font-size\"><a href=\"https:\/\/www.cairn.info\/revue-le-temps-des-medias-2014-1-page-92.htm\">https:\/\/www.cairn.info\/revue-le-temps-des-medias-2014-1-page-92.htm<\/a><\/p>\n\n\n\n<p class=\"has-small-font-size\"><a href=\"https:\/\/www-cairn-info.gorgone.univ-toulouse.fr\/revue-le-temps-des-medias-2014-1-page-92.htm\">https:\/\/www-cairn-info.gorgone.univ-toulouse.fr\/revue-le-temps-des-medias-2014-1-page-92.htm<\/a><\/p>\n\n\n\n<p class=\"has-small-font-size\"><a href=\"https:\/\/phonobase.hypotheses.org\">https:\/\/phonobase.hypotheses.org<\/a><\/p>\n\n\n\n<p class=\"has-small-font-size\"><a href=\"https:\/\/soundscapehq.com\/fr\/quest-ce-quun-audiophile\/\">Qu\u2019est-ce qu\u2019un audiophile ? D\u00e9finition, caract\u00e9ristiques, \u00e9quipement et avantages | SoundScapeHQ<\/a>&nbsp;<\/p>\n\n\n\n<p class=\"has-small-font-size\"><a href=\"https:\/\/www.youtube.com\/watch?v=HwFX93-Oc9g&amp;ab_channel=DYPE\">https:\/\/www.youtube.com\/watch?v=HwFX93-Oc9g&amp;ab_channel=DYPE<\/a><\/p>\n\n\n\n<p class=\"has-small-font-size\"><a href=\"https:\/\/gallica.bnf.fr\/ark:\/12148\/bd6t53570358z\/f632.item\">https:\/\/gallica.bnf.fr\/ark:\/12148\/bd6t53570358z\/f632.item<\/a><\/p>\n\n\n\n<p class=\"has-small-font-size\"><a href=\"https:\/\/www.instagram.com\/viciouscircleshop?utm_source=ig_web_button_share_sheet&amp;igsh=ZDNlZDc0MzIxNw==\">https:\/\/www.instagram.com\/viciouscircleshop?utm_source=ig_web_button_share_sheet&amp;igsh=ZDNlZDc0MzIxNw==<\/a><\/p>\n","protected":false},"excerpt":{"rendered":"<p>Le disque vinyle est un outil bien connu, il permet de transporter et lire de la musique pr\u00e9-enregistr\u00e9e. Avec l\u2019arriv\u00e9e du CD, puis du num\u00e9rique, le vinyle s\u2019est vu se faire cat\u00e9goriser \u00ab d\u2019ancien \u00bb. Seulement, depuis une quinzaine d&rsquo;ann\u00e9es, il revient avec force. En tant que disquaire, ce sont ces sp\u00e9cialistes du vinyles qui [&hellip;]<\/p>\n","protected":false},"author":1127,"featured_media":0,"parent":1416,"menu_order":0,"comment_status":"closed","ping_status":"closed","template":"","meta":{"footnotes":""},"class_list":["post-2603","page","type-page","status-publish","hentry"],"_links":{"self":[{"href":"https:\/\/blogs.univ-tlse2.fr\/scemuto\/wp-json\/wp\/v2\/pages\/2603","targetHints":{"allow":["GET"]}}],"collection":[{"href":"https:\/\/blogs.univ-tlse2.fr\/scemuto\/wp-json\/wp\/v2\/pages"}],"about":[{"href":"https:\/\/blogs.univ-tlse2.fr\/scemuto\/wp-json\/wp\/v2\/types\/page"}],"author":[{"embeddable":true,"href":"https:\/\/blogs.univ-tlse2.fr\/scemuto\/wp-json\/wp\/v2\/users\/1127"}],"replies":[{"embeddable":true,"href":"https:\/\/blogs.univ-tlse2.fr\/scemuto\/wp-json\/wp\/v2\/comments?post=2603"}],"version-history":[{"count":19,"href":"https:\/\/blogs.univ-tlse2.fr\/scemuto\/wp-json\/wp\/v2\/pages\/2603\/revisions"}],"predecessor-version":[{"id":2800,"href":"https:\/\/blogs.univ-tlse2.fr\/scemuto\/wp-json\/wp\/v2\/pages\/2603\/revisions\/2800"}],"up":[{"embeddable":true,"href":"https:\/\/blogs.univ-tlse2.fr\/scemuto\/wp-json\/wp\/v2\/pages\/1416"}],"wp:attachment":[{"href":"https:\/\/blogs.univ-tlse2.fr\/scemuto\/wp-json\/wp\/v2\/media?parent=2603"}],"curies":[{"name":"wp","href":"https:\/\/api.w.org\/{rel}","templated":true}]}}