 {"id":3308,"date":"2025-06-17T02:40:41","date_gmt":"2025-06-17T00:40:41","guid":{"rendered":"https:\/\/blogs.univ-tlse2.fr\/scemuto\/?page_id=3308"},"modified":"2025-09-16T16:57:29","modified_gmt":"2025-09-16T14:57:29","slug":"lassociation-artistique-et-culturelle-des-cheminots-de-toulouse-lecole-de-musique-et-lharmonie-la-garonne","status":"publish","type":"page","link":"https:\/\/blogs.univ-tlse2.fr\/scemuto\/autres-acteur-rice-s\/lassociation-artistique-et-culturelle-des-cheminots-de-toulouse-lecole-de-musique-et-lharmonie-la-garonne\/","title":{"rendered":"AACT"},"content":{"rendered":"\n<figure class=\"wp-block-image size-large\"><img loading=\"lazy\" decoding=\"async\" width=\"1024\" height=\"680\" src=\"https:\/\/blogs.univ-tlse2.fr\/scemuto\/files\/2025\/06\/010-3-1024x680.jpg\" alt=\"ff\" class=\"wp-image-3452\" srcset=\"https:\/\/blogs.univ-tlse2.fr\/scemuto\/files\/2025\/06\/010-3-1024x680.jpg 1024w, https:\/\/blogs.univ-tlse2.fr\/scemuto\/files\/2025\/06\/010-3-300x199.jpg 300w, https:\/\/blogs.univ-tlse2.fr\/scemuto\/files\/2025\/06\/010-3-768x510.jpg 768w, https:\/\/blogs.univ-tlse2.fr\/scemuto\/files\/2025\/06\/010-3-1536x1021.jpg 1536w, https:\/\/blogs.univ-tlse2.fr\/scemuto\/files\/2025\/06\/010-3-2048x1361.jpg 2048w\" sizes=\"auto, (max-width: 1024px) 100vw, 1024px\" \/><\/figure>\n\n\n\n<blockquote class=\"wp-block-quote is-layout-flow wp-block-quote-is-layout-flow\">\n<p>source : site web de l&rsquo;Harmonie La Garonne<\/p>\n<\/blockquote>\n\n\n\n<p><\/p>\n\n\n\n<p>Fond\u00e9 en 1973, l&rsquo;Association Artistique des Cheminots de Toulouse (AACT) est l&rsquo;une des nombreuses associations culturelles affili\u00e9es aux Cheminots fran\u00e7ais. Regroup\u00e9es sous l&rsquo;\u00e9gide nationale de l&rsquo;UAICF (l&rsquo;Union Artistique et Intellectuelle des Cheminots Fran\u00e7ais), ces associations loi 1901 qui ont pour but de promouvoir et d\u00e9velopper les activit\u00e9s culturelles chez les cheminots actifs, retrait\u00e9s et leurs familles, sont dans la lign\u00e9e des dispositions sp\u00e9cifiques mise en place par et pour les cheminots (en partenariat avec les directions) d\u00e8s les d\u00e9buts des chemins de fer, vers le milieu du XIX\u00e8me si\u00e8cle. L&rsquo;id\u00e9e est de permettre aux cheminots de profiter de loisirs communs. Ces diff\u00e9rentes organisations se sont r\u00e9ellement structur\u00e9es de la mani\u00e8re dont on les conna\u00eet aujourd&rsquo;hui vers le milieu de XX\u00e8me si\u00e8cle, apr\u00e8s la Seconde Guerre Mondiale. H\u00e9riti\u00e8res d&rsquo;une histoire sociale nationale sp\u00e9cifique \u00e0 la France, ces associations restent encore de nos jours tr\u00e8s dynamiques. Le comit\u00e9 UAICF SUD-OUEST compte par exemple pas moins de 56 associations et 1800 adh\u00e9rents. Des associations artistiques qui subissent, comme tout le secteur culturel, des baisses de subventions ces derni\u00e8res ann\u00e9es, complexifiant leur mission pourtant d&rsquo;utilit\u00e9 public : permettre la pratique artistique pour tous.<\/p>\n\n\n\n<p><\/p>\n\n\n\n<h2 class=\"wp-block-heading has-x-large-font-size\"><strong><em>Sommaire :<\/em><\/strong><\/h2>\n\n\n\n<ol style=\"list-style-type:upper-roman\" class=\"wp-block-list\">\n<li>Entretien avec Fran\u00e7oise Bouzet, pr\u00e9sidente du p\u00f4le musique de l&rsquo;Association Artistique des Cheminots de Toulouse<\/li>\n\n\n\n<li>La cr\u00e9ation de l&rsquo;\u00e9cole de musique et de l&rsquo;harmonie<\/li>\n\n\n\n<li>Le festival de musique d&rsquo;ensemble<\/li>\n\n\n\n<li>Les subventions<\/li>\n\n\n\n<li>Les liens avec le Conservatoire<\/li>\n\n\n\n<li>Conclusion<\/li>\n<\/ol>\n\n\n\n<p><\/p>\n\n\n\n<h2 class=\"wp-block-heading has-x-large-font-size\">I. Entretien avec Fran\u00e7oise Bouzet, pr\u00e9sidente du p\u00f4le musical de l&rsquo;Association Artistique des Cheminots de Toulouse<\/h2>\n\n\n\n<p>Femme de cheminot, toulousaine, Fran\u00e7oise Bouzet est li\u00e9e \u00e0 l&rsquo;Association Artistique des Cheminots de Toulouse depuis de longues d\u00e9cennies. B\u00e9n\u00e9vole depuis 1985, et longtemps tr\u00e9sori\u00e8re, elle a pris la direction de l&rsquo; \u00ab\u00a0AACT\u00a0\u00bb en 1997. Elle est \u00e9galement pr\u00e9sidente de l&rsquo;harmonie La Garonne depuis cette ann\u00e9e-l\u00e0. Elle a, il y a quelques ann\u00e9es, c\u00e9d\u00e9 sa place de Pr\u00e9sidente (\u00e0 Benoit David, cheminot actif) et n&rsquo;est plus \u00ab\u00a0que\u00a0\u00bb Pr\u00e9sidente de la section musique (et donc directrice de l&rsquo;\u00e9cole de musique) , tout en restant vice-pr\u00e9sidente de l&rsquo;Association Artistique (elle me confie qu&rsquo;elle continue cependant \u00e0 \u00eatre la principale coordinatrice de l&rsquo;association tout enti\u00e8re). Retrait\u00e9e (apr\u00e8s avoir travaill\u00e9 en cabinet d&rsquo;architecture et \u00e0 la pr\u00e9fecture de la Haute-Garonne), Fran\u00e7oise Bouzet est enti\u00e8rement d\u00e9di\u00e9e \u00e0 l&rsquo;\u00e9cole de musique et l&rsquo;Harmonie, et est r\u00e9ellement multi-casquette au sein de l&rsquo;association (c&rsquo;est LA personne r\u00e9f\u00e9rente pour tout soucis ou question).<\/p>\n\n\n\n<p>L&rsquo;interview s&rsquo;est d\u00e9roul\u00e9 un jour de semaine en mai 2025, en fin de matin\u00e9e, dans son bureau de la Maison des Associations, b\u00e2timent de l&rsquo;Association Artistique des Cheminots de Toulouse, rue Louis Plana. (Fran\u00e7oise Bouzet est venue expr\u00e8s pour moi, un grand merci \u00e0 elle.)<\/p>\n\n\n\n<p><\/p>\n\n\n\n<h2 class=\"wp-block-heading has-x-large-font-size\">II. La cr\u00e9ation de l&rsquo;\u00e9cole de musique et de l&rsquo;harmonie<\/h2>\n\n\n\n<p>C&rsquo;est en 1943 qu&rsquo;une poign\u00e9e d&rsquo;habitants du quartiers Soupetard de Toulouse, d\u00e9cident de cr\u00e9er une petite harmonie. \u00ab\u00a0La Chanterelle\u00a0\u00bb (c&rsquo;est son nom) se d\u00e9veloppe peu \u00e0 peu. La grande majorit\u00e9 de la trentaine de musiciens qui la compose \u00e0 l&rsquo;\u00e9poque est cheminote, quartier cheminots oblige. Le nom de cette harmonie change quelques ann\u00e9es plus tard pour prendre son nom actuel : La Garonne. C&rsquo;est en 1973 que deux musiciens de l&rsquo;Harmonie, Fran\u00e7ois Labadie et George Carrier, constatent le besoin de former de nouveaux musiciens pour int\u00e9grer l&rsquo;ensemble, et d\u00e9cident de concevoir une petite \u00e9cole de musique, \u00e0 destination des cheminots (actifs et retrait\u00e9s) et de leurs familles. L&rsquo;Association Artistique des Cheminots est cr\u00e9\u00e9e, compos\u00e9e de l&rsquo;unique section musique. La section danse appara\u00eet quelques ann\u00e9es plus tard, et c&rsquo;est \u00e0 la fin des ann\u00e9es 1970 que l&rsquo;offre artistique s&rsquo;\u00e9toffe v\u00e9ritablement, avec l&rsquo;ajout de plusieurs autres disciplines comme la photographie, la peinture et le mod\u00e9lisme (les derniers en date \u00e9tant la magie et les jeux de soci\u00e9t\u00e9s). L&rsquo;association a toujours \u00e9t\u00e9 install\u00e9e dans le quartier Soupetard, mais a cependant chang\u00e9 de locaux en 2016, quittance de \u00ab\u00a0vieux bungalows v\u00e9tustes de la Guerre\u00a0\u00bb, pour s&rsquo;installer dans des b\u00e2timents neufs, n\u00e9goci\u00e9s avec la SNCF, situ\u00e9s rue Louis Plana (dans une toute nouvelle <em>Maison des Associations<\/em> flambant neuve). A sa cr\u00e9ation en 1973, l&rsquo;\u00e9cole compte seulement une quinzaine de musiciens (contre une centaine actuellement) et est uniquement \u00e0 destination des familles de cheminots, ce qui \u00e9volue au fil des ans dans le sens de l&rsquo;ouverture aux non-cheminots (ceux-ci repr\u00e9sentent aujourd&rsquo;hui moins de la moiti\u00e9e des inscrits).<\/p>\n\n\n\n<p><\/p>\n\n\n\n<h2 class=\"wp-block-heading has-x-large-font-size\">III. Le festival de musique d&rsquo;ensemble<\/h2>\n\n\n\n<p>Journ\u00e9e musicale et festive qui a lieu tous les ans au printemps depuis sept ann\u00e9es, le festival de musique d&rsquo;ensemble est un projet qui correspond vraiment \u00e0 l&rsquo;\u00e9tat d&rsquo;esprit de l&rsquo;harmonie et de l&rsquo;\u00e9cole. C&rsquo;est une grande rencontre, un grand rassemblement pour les ensembles amateurs jusqu&rsquo;\u00e0 semi-professionnels de la r\u00e9gion toulousaine. Cet \u00e9v\u00e8nement a \u00e9t\u00e9 initi\u00e9 en 2019 par le trompettiste et chef d&rsquo;orchestre de Timoth\u00e9 Bergez, qui est \u00e0 la direction de l&rsquo;Harmonie La Garonne depuis 2015 (rep\u00e9r\u00e9 directement par Fran\u00e7oise Bouzet lors d&rsquo;un stage organis\u00e9 par la FSM31 -F\u00e9d\u00e9ration des Soci\u00e9t\u00e9s Musicales de la Haute-Garonne-). Cet ancien \u00e9tudiant en trompette et en direction au Conservatoire de Toulouse et de Perpignan succ\u00e8de alors \u00e0 Guilhem Boisson et insuffle \u00e0 son arriv\u00e9e une nouvelle dynamique \u00e0 l&rsquo;Harmonie La Garonne. Les programmes qu&rsquo;il d\u00e9fend sont tr\u00e8s \u00e9clectiques, avec une place importante pour le \u00ab\u00a0vrai\u00a0\u00bb r\u00e9pertoire d&rsquo;harmonie, avec notamment une grande place accord\u00e9e aux compositions originales, en particulier de compositeurs de la r\u00e9gion (derni\u00e8re en date : une commande au saxophoniste, arrangeur et compositeur audois et ancien \u00e9tudiant au conservatoire de Toulouse, \u00e0 la grande carri\u00e8re nationale, Gilles Arcens -grand ami de Fran\u00e7oise Bouzet). Le nouveau r\u00e9pertoire inclut \u00e9galement des musiques de films ou de jeux vid\u00e9os, des arrangements de th\u00e8mes jazz ou encore des musiques du monde. De son premier professeur en direction \u00e0 Toulouse, Jean-Guy Olive, Timoth\u00e9 Bergez a, semble-t-il, gard\u00e9 la volont\u00e9 d&rsquo;explorer touts les genres et les esth\u00e9tiques, mais aussi celle de pousser en permanence -mais en toute bienveillance- les musiciens \u00e0 leur maximum, pour cr\u00e9er une v\u00e9ritable dynamique de progression et d&rsquo;investissement individuel et collectif (qui semble porter ses fruits car La Garonne est aujourd&rsquo;hui largement reconnue et sollicit\u00e9e dans toute la r\u00e9gion, attirant dans ses rangs beaucoup d&rsquo;\u00e9l\u00e8ves du Conservatoire et plusieurs musiciens semi-professionnels et m\u00eame professionnels). C&rsquo;est donc le jeune chef Timoth\u00e9 Bergez qui en 2018 soumet cette id\u00e9e \u00e0 Fran\u00e7oise Bouzet, qui l&rsquo;encourage imm\u00e9diatement \u00e0 mener \u00e0 son terme le projet et lui apporte le soutien de l&rsquo;\u00e9cole. L&rsquo;envie du chef d&rsquo;orchestre de La Garonne est de faire jouer dans la m\u00eame journ\u00e9e des formations aussi vari\u00e9es que des fanfares, des harmonies, des big bands, des brass bands des ensembles de musique de chambres, des chorales et des orchestres \u00e0 cordes. Timoth\u00e9 Bergez, d\u00e9sire \u00e9galement organiser cet \u00e9v\u00e8nement dans la ville dont il est originaire, Ramonville. La premi\u00e8re \u00e9dition se d\u00e9roule ainsi \u00e0 la salle des f\u00eates de Ramonville, gracieusement pr\u00eat\u00e9e par la ville, et est imm\u00e9diatement un succ\u00e8s. Depuis, l&rsquo;\u00e9v\u00e8nement s&rsquo;est \u00ab\u00a0institutionnalis\u00e9\u00a0\u00bb, et est \u00e0 pr\u00e9sent \u00e0 l&rsquo;affiche de l&rsquo;agenda de la mairie de Ramonville. L&rsquo;ambition, toujours la m\u00eame depuis la premi\u00e8re \u00e9dition, est claire et double : faire se rencontrer des musiciens de diff\u00e9rents horizons qui ne sont que tr\u00e8s rarement amen\u00e9s \u00e0 se croiser, et surtout \u00ab\u00a0faire conna\u00eetre toutes les musiques au public\u00a0\u00bb (comme le dit Fran\u00e7oise Bouzet). Et le pari est \u00e0 chaque fois rempli : des musiciens admiratifs devant les ensembles qu&rsquo;ils connaissent le moins et un public conquis qui d\u00e9couvre avec plaisir plusieurs formations instrumentales (ou chorales!) et s&rsquo;ouvre ainsi \u00e0 plusieurs styles de musique (l&rsquo;interpr\u00e9tation de la 7\u00e8me symphonie de Beethoven par la Chambre Symphonique de Toulouse en \u00e9tant, cette ann\u00e9e, l&rsquo;exemple parfait : \u00ab\u00a0m\u00eame les musiciens qui ne sont pas classiques ont appr\u00e9ci\u00e9s\u00a0\u00bb affirme Fran\u00e7oise Bouzet avec un peu d&rsquo;humour). Cette ann\u00e9e la programmation allait du <em>Jam&rsquo;it Big Band<\/em> \u00e0 la chorale <em>Babel Canto<\/em> en passant par l&rsquo;harmonie <em>H2O<\/em> (avec de nombreux \u00ab\u00a0interludes\u00a0\u00bb de fanfares en ext\u00e9rieur) et c&rsquo;est bien s\u00fbr l&rsquo;harmonie La Garonne qui cl\u00f4turait comme chaque fois la journ\u00e9e! 956 personnes se sont d\u00e9plac\u00e9s (en plus des 250 musiciens) et compte parmi elles beaucoup de familles, et des enfants qui souvent assistent \u00e0 leur premier concert, et d\u00e9couvrent avec un grand sourire les diff\u00e9rents instruments de musique et les formations \u00e0 chaque fois si diff\u00e9rentes : pari gagn\u00e9!<\/p>\n\n\n\n<p><\/p>\n\n\n\n<h2 class=\"wp-block-heading has-x-large-font-size\">V. Les liens avec le Conservatoire<\/h2>\n\n\n\n<p>Les liens entre l&rsquo;AACT et le Conservatoire de Toulouse sont tr\u00e8s \u00e9troits, ne f\u00fbt-ce qu&rsquo;avec le nombre de musiciens que l&rsquo;\u00e9cole envoie chaque ann\u00e9e au conservatoire, mais aussi avec les venues de plusieurs \u00e9l\u00e8ves du conservatoire pour renforcer les pupitres de l&rsquo;harmonie. On peut aussi noter par exemple, que de nombreux \u00e9l\u00e8ves percussionnistes du conservatoire ont \u00e9galement d\u00e9but\u00e9, ou sont pass\u00e9s par les Cheminots avant leur int\u00e9gration du conservatoire. L&rsquo;AACT est sans doute l&rsquo;\u00e9cole qui y fait rentrer le plus d&rsquo;\u00e9l\u00e8ves. Toujours en prenant en exemple cette classe de percussions de l&rsquo;AACT, particuli\u00e8rement dynamique gr\u00e2ce \u00e0 son professeur (\u00e9galement artiste freelance et compositeur) S\u00e9bastien Gisbert, les projets s&rsquo;encha\u00eenent r\u00e9guli\u00e8rement entre les deux classes. On peut penser en particulier aux weekends <em>Percu&rsquo;Ose<\/em> et <em>Percu&amp;Co<\/em>, grands rassemblement des classes de percussions de la r\u00e9gion chaque ann\u00e9e, dans lesquels la classe des Cheminots est particuli\u00e8rement impliqu\u00e9e et est l\u00e0 encore premi\u00e8re pourvoyeuse d&rsquo;\u00e9l\u00e8ves apr\u00e8s le conservatoire. On peut \u00e9galement songer \u00e0 des projets plus exceptionnels, o\u00f9 le conservatoire et l&rsquo;AACT sont partenaires privil\u00e9gi\u00e9s, comme l&rsquo;\u00e9v\u00e9nement sur plusieurs jours qui s&rsquo;est d\u00e9roul\u00e9 en mai 2025 : <em>La Halle Percute<\/em>. Plusieurs jours de percussion au coeur de la Halle de la Machine, avec une grande vari\u00e9t\u00e9 de projet et de propositions (grands ensembles, petits ensembles, morceaux solistes, interventions diverses, etc&#8230;), \u00e0 l&rsquo;initiative de S\u00e9bastien Gisbert (par ailleurs partenaire privil\u00e9gi\u00e9 de l&rsquo;\u00e9quipe musicale de la Halle de la Machine -avec qui il a notamment jou\u00e9 pour la d\u00e9ambulation des Machines dans les rues de Toulouse et co-compos\u00e9 plusieurs morceaux de ceux diffus\u00e9s dans le lieu pour les visiteurs). Quelques exemples pour souligner \u00e0 la fois l&rsquo;intimit\u00e9 de certaines classes avec le conservatoire mais aussi l&rsquo;importance des projets, des partenariats, de la pratique d&rsquo;ensemble, et des rencontres dans le cursus musicale de l&rsquo;AACT. Une dynamique particuli\u00e8rement insuffl\u00e9e par des professeurs enthousiastes et motivants, aux id\u00e9es originales (et aux nombreux contacts d\u00e9velopp\u00e9s par des vies professionnelles souvent tr\u00e8s riches \u00e0 c\u00f4t\u00e9). Toujours par rapport \u00e0 ces liens avec le conservatoire, on peut aussi tout simplement noter \u00e0 L&rsquo;AACT la pr\u00e9sence d&rsquo;un chef d&rsquo;orchestre de l&rsquo;harmonie ainsi que de plusieurs professeurs (dont les deux professeurs de percussions S\u00e9bastien Gisbert et Cl\u00e9ment M\u00e9lis) issus de ces bancs. Pour terminer, on remarque que certaines \u00e9l\u00e8ves ou grands \u00e9l\u00e8ves du conservatoire viennent r\u00e9guli\u00e8rement remplacer des professeurs absents, que beaucoup d&rsquo;anciens \u00e9l\u00e8ves des cheminots qui suivent un cursus au conservatoire (notamment en percussion) reviennent souvent prendre des cours aux Cheminots mais aussi que le th\u00e9\u00e2tre Surcouf (salle de r\u00e9p\u00e9tition et de repr\u00e9sentation affili\u00e9 \u00e0 l&rsquo;\u00e9cole) sert de temps \u00e0 autre de lieu de r\u00e9p\u00e9tition ou m\u00eame d&rsquo;enregistrement pour des \u00e9l\u00e8ves du conservatoire (par exemple l&rsquo;enregistrement d&rsquo;une ouverture symphonique par une fanfare d&rsquo;\u00e9l\u00e8ves du conservatoire et de l&rsquo;ISDAT -nomm\u00e9e Brass&rsquo;eurs Band- au d\u00e9but de l&rsquo;ann\u00e9e 2025).<\/p>\n\n\n\n<p><\/p>\n\n\n\n<h2 class=\"wp-block-heading has-x-large-font-size\">IV. Les subventions<\/h2>\n\n\n\n<p>Pour comprendre qui donne quoi \u00e0 l&rsquo;association il faut appr\u00e9hender la complexit\u00e9 de l&rsquo;organigramme au-dessus de l&rsquo;AACT. Je trouve dans un document papier que me donne Fran\u00e7oise Bouzet le montant du budget global de fonctionnement de l&rsquo;ann\u00e9e scolaire 2023-2024 : 51 772\u20ac tr\u00e8s exactement. Pour commencer, il faut comprendre que l&rsquo;association d\u00e9pend du CASI de Toulouse (le Comit\u00e9 d&rsquo;Action Social Inter-entreprise), qui d\u00e9pend lui m\u00eame du CSE de r\u00e9gion (Comit\u00e9 Social et \u00c9conomique). Le CSE structure les associations, sans pour autant fournir des subventions. Ce sont majoritairement le CASI et l&rsquo;UAICF (l&rsquo;Union Artistique et Intellectuelle des Cheminots Fran\u00e7ais) qui subventionnent ind\u00e9pendamment l&rsquo;association. De ce c\u00f4t\u00e9-l\u00e0 les subventions sont stables, m\u00eame si Fran\u00e7oise me confie qu&rsquo;elle remarque que la SNCF (dont d\u00e9pend l&rsquo;UAICF), soumise \u00e0 des restrictions budg\u00e9taires nationales, rechigne de plus en plus \u00e0 fournir des aides \u00e0 des services o\u00f9 l&rsquo;on trouve de moins en moins de cheminots (seuls 37% des \u00e9l\u00e8ves ont un lien avec les cheminots \u00e0 l&rsquo;AACT). On trouve ensuite les institutions locales : le Conseil D\u00e9partemental avec 1500\u20ac par an puis la Mairie de Toulouse, avec une somme presque d\u00e9risoire : 500\u20ac (contre 2000\u20ac sous Pierre Cohen, l&rsquo;ancien maire). La R\u00e9gion quant \u00e0 elle n&rsquo;a pas de budget de subvention annuel mais fournit des aides directement sur des projets pr\u00e9cis (comme des achats de piano, m&rsquo;explique Fran\u00e7oise Bouzet, tout en pr\u00e9cisant que ce sont souvent des sommes peu \u00e9lev\u00e9es). Ces acteurs r\u00e9unis repr\u00e9sentent seulement 4900\u20ac de subvention sur les 51 700\u20ac de r\u00e9f\u00e9rence de d\u00e9penses \u00e0 l&rsquo;ann\u00e9e. La grande majorit\u00e9 des ressources de la section Musique reposent donc sur le budget propre, d&rsquo;autres (petites) subventions et en plus grande partie sur la participation des familles pour le paiement des cours de musique. A noter \u00e9galement qu&rsquo;une partie de l&rsquo;aide est fournie par la SNCF elle-m\u00eame : il s&rsquo;agit de la mise \u00e0 disposition gratuite des locaux (de la Maison des Associations) et la prise en charge des assurances li\u00e9es. Viennent ensuite quelques donateurs et entreprises priv\u00e9es (comme Intermarch\u00e9) ou des magasins de musique (comme Octavent) et des villes (qui en l&rsquo;occurrence mettent gratuitement \u00e0 disposition des salles de concerts : la Salle des F\u00eates pour la ville de Ramonville et l&rsquo;<em>Odyss\u00e9e<\/em> pour la ville de Balma). D&rsquo;autres aides sont plus surprenantes mais n\u00e9anmoins utiles : Fran\u00e7oise Bouzet m&rsquo;informe par exemple que la FSM31 (la F\u00e9d\u00e9ration des Soci\u00e9t\u00e9s Musicales de la Haute-Garonne) paye \u00e0 l&rsquo;association la moiti\u00e9 des frais de communication. Fran\u00e7oise Bouzet me glisse que certaines organisations, comme l&rsquo;UDEMD31 (l&rsquo;Union D\u00e9partementale des Ecoles de Musique et de Danse de Haute-Garonne) offre stages, formations et r\u00e9unions, qui ne sont cependant pas forc\u00e9ment tous tr\u00e8s pertinents, surtout pour \u00ab\u00a0des petites \u00e9coles comme nous\u00a0\u00bb, rajoute mon interlocutrice. Les restrictions budg\u00e9taires ne sont, selon elle, pas encore trop impactantes : il faut cependant d\u00e9ployer plus d&rsquo;\u00e9nergie qu&rsquo;avant pour obtenir des aides, notamment en montant plus de dossiers pour des demandes qui concernent des projets sp\u00e9cifiques. Les dossiers qui sont souvent tr\u00e8s longs et complexes \u00e0 remplir, entra\u00eenent plus d&rsquo;incertitude, car il faut souvent beaucoup patienter avant d&rsquo;avoir une r\u00e9ponse. Le syst\u00e8mes de subventions semble donc basculer dans cette direction beaucoup plus inconfortable et qui rend plus difficile les gros projets, et les projets \u00e0 long terme.<\/p>\n\n\n\n<p><\/p>\n\n\n\n<h2 class=\"wp-block-heading has-x-large-font-size\">VI. Conclusion<\/h2>\n\n\n\n<p>L&rsquo;Association Artistique des Cheminots est une institution importante \u00e0 Toulouse. En liens souvent \u00e9troits avec le Conservatoire de Toulouse, elle est n\u00e9anmoins plus accessible et plus ancr\u00e9e localement. L&rsquo;exigence et le dynamisme global est tr\u00e8s attractif pour les musiciens d\u00e9butants, comme pour les plus exp\u00e9riment\u00e9s. Avec des locaux spacieux, incluant un th\u00e9\u00e2tre (o\u00f9 se produisent nombre de repr\u00e9sentations), mais aussi du mat\u00e9riel de qualit\u00e9 (notamment du c\u00f4t\u00e9 des percussions) et surtout des professeurs r\u00e9ellement engag\u00e9s et p\u00e9dagogues, inscrit dans la vision globale de l&rsquo;association : permettre la musique pour tous, tout en gardant un niveau d&rsquo;exigence artistique \u00e9lev\u00e9. Il s&rsquo;agit donc d&rsquo;une des structures les plus accessibles de Toulouse, mais aussi des plus en capacit\u00e9 de pousser les \u00e9l\u00e8ves au tr\u00e8s haut niveau. Le tout dans une agr\u00e9able ambiance musicale, o\u00f9 tous les styles se cotoient, sans hi\u00e9rarchie, et o\u00f9 les professeurs ont le r\u00e9el d\u00e9sir d&rsquo;apporter la culture et l&rsquo;int\u00e9r\u00eat artistique \u00e0 tous les \u00e9l\u00e8ves. Dans cette m\u00eame ligne, L&rsquo;Association Artistique des Cheminots de Toulouse continue de nourrir apr\u00e8s toutes ces ann\u00e9es (et ce depuis sa cr\u00e9ation) sa force principale : \u00eatre \u00e0 l&rsquo;\u00e9coute des publics, des \u00e9volutions du territoire, avec la volont\u00e9 de s&rsquo;adapter en permanence.<\/p>\n\n\n\n<p><\/p>\n\n\n\n<p>Un grand merci \u00e0 Fran\u00e7oise Bouzet pour sa disponibilit\u00e9 et sa gentillesse.<\/p>\n\n\n\n<p><\/p>\n\n\n\n<p>R\u00e9daction page Web et interview : No\u00e9 Gheur<\/p>\n","protected":false},"excerpt":{"rendered":"<p>source : site web de l&rsquo;Harmonie La Garonne Fond\u00e9 en 1973, l&rsquo;Association Artistique des Cheminots de Toulouse (AACT) est l&rsquo;une des nombreuses associations culturelles affili\u00e9es aux Cheminots fran\u00e7ais. Regroup\u00e9es sous l&rsquo;\u00e9gide nationale de l&rsquo;UAICF (l&rsquo;Union Artistique et Intellectuelle des Cheminots Fran\u00e7ais), ces associations loi 1901 qui ont pour but de promouvoir et d\u00e9velopper les activit\u00e9s [&hellip;]<\/p>\n","protected":false},"author":1127,"featured_media":3448,"parent":1416,"menu_order":0,"comment_status":"closed","ping_status":"closed","template":"","meta":{"footnotes":""},"class_list":["post-3308","page","type-page","status-publish","has-post-thumbnail","hentry"],"_links":{"self":[{"href":"https:\/\/blogs.univ-tlse2.fr\/scemuto\/wp-json\/wp\/v2\/pages\/3308","targetHints":{"allow":["GET"]}}],"collection":[{"href":"https:\/\/blogs.univ-tlse2.fr\/scemuto\/wp-json\/wp\/v2\/pages"}],"about":[{"href":"https:\/\/blogs.univ-tlse2.fr\/scemuto\/wp-json\/wp\/v2\/types\/page"}],"author":[{"embeddable":true,"href":"https:\/\/blogs.univ-tlse2.fr\/scemuto\/wp-json\/wp\/v2\/users\/1127"}],"replies":[{"embeddable":true,"href":"https:\/\/blogs.univ-tlse2.fr\/scemuto\/wp-json\/wp\/v2\/comments?post=3308"}],"version-history":[{"count":12,"href":"https:\/\/blogs.univ-tlse2.fr\/scemuto\/wp-json\/wp\/v2\/pages\/3308\/revisions"}],"predecessor-version":[{"id":3491,"href":"https:\/\/blogs.univ-tlse2.fr\/scemuto\/wp-json\/wp\/v2\/pages\/3308\/revisions\/3491"}],"up":[{"embeddable":true,"href":"https:\/\/blogs.univ-tlse2.fr\/scemuto\/wp-json\/wp\/v2\/pages\/1416"}],"wp:featuredmedia":[{"embeddable":true,"href":"https:\/\/blogs.univ-tlse2.fr\/scemuto\/wp-json\/wp\/v2\/media\/3448"}],"wp:attachment":[{"href":"https:\/\/blogs.univ-tlse2.fr\/scemuto\/wp-json\/wp\/v2\/media?parent=3308"}],"curies":[{"name":"wp","href":"https:\/\/api.w.org\/{rel}","templated":true}]}}