 {"id":2,"date":"2016-03-23T15:31:52","date_gmt":"2016-03-23T14:31:52","guid":{"rendered":"https:\/\/blogs.univ-tlse2.fr\/soculte\/?page_id=2"},"modified":"2023-11-25T16:17:49","modified_gmt":"2023-11-25T15:17:49","slug":"page-d-exemple","status":"publish","type":"page","link":"https:\/\/blogs.univ-tlse2.fr\/sct\/","title":{"rendered":"Accueil"},"content":{"rendered":"<p>La<strong> licence sciences sociales pluridisciplinaire : histoire, g\u00e9ographie, sociologie, \u00e9conomie <\/strong>articule comp\u00e9tences disciplinaires en sciences humaines et approches pluridisciplinaires des questions sociales, conf\u00e9rant aux dipl\u00f4m\u00e9s une solide culture g\u00e9n\u00e9rale en sciences humaines et sociales.<\/p>\n<p>L\u2019apprentissage de m\u00e9thodes et outils sp\u00e9cifiques permet aux dipl\u00f4m\u00e9s d\u2019analyser une situation sociale et de mettre en \u0153uvre une d\u00e9marche de recherche (probl\u00e9matisation, examen critique des sources, mobilisation de m\u00e9thodes et d\u2019outils pertinents, analyse\u2026) dans des domaines tr\u00e8s divers li\u00e9s aux questions d\u2019actualit\u00e9, \u00e0 la place des territoires dans les dynamiques de mondialisation, aux relations urbain\/rural, aux questions de patrimoine sous toutes ses formes.<\/p>\n<p>Les enseignements visent aussi \u00e0 ce que les dipl\u00f4m\u00e9s ma\u00eetrisent un ensemble de comp\u00e9tences techniques et acad\u00e9miques relevant soit de la collecte et de l\u2019analyse des donn\u00e9es (enqu\u00eates, repr\u00e9sentations graphiques et cartographiques, analyse statistique, analyse critique de tout type de source), soit de leur mise en forme et de leur restitution \u00e9crite ou orale (capacit\u00e9s de synth\u00e8se, de r\u00e9daction et de pr\u00e9sentation).<\/p>\n<p><strong>Contact <\/strong><\/p>\n<p>D\u00e9partement de G\u00e9ographie, UT2J<\/p>\n<p>Centre Universitaire de Foix<\/p>\n<p>4 avenue Raoul Lafagette<\/p>\n<p>09000 Foix<\/p>\n<p>05 61 02 19 88 \u2013 <a href=\"mailt&#111;&#58;&#x67;&#x65;&#x6f;&#x2e;&#x66;&#x6f;&#x69;x&#64;uni&#118;&#45;&#116;&#x6c;&#x73;&#x65;&#x32;&#x2e;&#x66;r\">&#x67;&#x65;&#x6f;&#x2e;&#x66;&#x6f;&#105;&#120;&#64;univ-&#x74;&#x6c;&#x73;&#x65;&#x32;&#x2e;&#102;&#114;<\/a><\/p>\n<p><strong>Direction<\/strong><\/p>\n<p>Ana\u00efs Marshall, <a href=\"&#x6d;&#x61;&#x69;&#x6c;&#116;&#111;:anai&#x73;&#x2e;&#x6d;&#x61;&#x72;&#115;hall&#64;&#x75;&#x6e;&#x69;&#x76;&#x2d;&#116;lse2&#46;&#x66;&#x72;\">&#97;&#x6e;&#97;&#x69;s&#x2e;m&#x61;r&#x73;h&#x61;l&#x6c;&#64;&#117;&#x6e;&#105;&#x76;&#45;&#x74;l&#x73;e&#x32;&#46;&#x66;r<\/a><\/p>\n<p>Corinne Eychenne, <a href=\"m&#x61;&#x69;l&#x74;&#x6f;:&#x63;&#x6f;r&#105;&#x6e;n&#101;&#x2e;e&#121;&#x63;h&#101;&#x6e;ne&#x40;&#x75;n&#x69;&#x76;-&#x74;&#x6c;s&#x65;&#x32;&#46;&#102;&#x72;\">&#x63;&#x6f;&#x72;&#x69;&#x6e;&#x6e;&#101;&#46;eychen&#x6e;&#x65;&#x40;&#x75;&#x6e;&#x69;&#118;&#45;tlse2&#46;&#x66;&#x72;<\/a><\/p>\n\n\n<figure class=\"wp-block-image size-large\"><img loading=\"lazy\" decoding=\"async\" width=\"1024\" height=\"282\" src=\"https:\/\/blogs.univ-tlse2.fr\/sct\/files\/2023\/11\/Parc-IMG_3545-Def-1024x282.jpg\" alt=\"\" class=\"wp-image-184\" srcset=\"https:\/\/blogs.univ-tlse2.fr\/sct\/files\/2023\/11\/Parc-IMG_3545-Def-1024x282.jpg 1024w, https:\/\/blogs.univ-tlse2.fr\/sct\/files\/2023\/11\/Parc-IMG_3545-Def-300x83.jpg 300w, https:\/\/blogs.univ-tlse2.fr\/sct\/files\/2023\/11\/Parc-IMG_3545-Def-768x212.jpg 768w, https:\/\/blogs.univ-tlse2.fr\/sct\/files\/2023\/11\/Parc-IMG_3545-Def-1536x423.jpg 1536w, https:\/\/blogs.univ-tlse2.fr\/sct\/files\/2023\/11\/Parc-IMG_3545-Def-2048x565.jpg 2048w\" sizes=\"auto, (max-width: 1024px) 100vw, 1024px\" \/><\/figure>\n","protected":false},"excerpt":{"rendered":"<p>La licence sciences sociales pluridisciplinaire : histoire, g\u00e9ographie, sociologie, \u00e9conomie articule comp\u00e9tences disciplinaires en sciences humaines et approches pluridisciplinaires des questions sociales, conf\u00e9rant aux dipl\u00f4m\u00e9s une solide culture g\u00e9n\u00e9rale en sciences humaines et sociales. L\u2019apprentissage de m\u00e9thodes et outils sp\u00e9cifiques permet aux dipl\u00f4m\u00e9s d\u2019analyser une situation sociale et de mettre en \u0153uvre une d\u00e9marche de [&hellip;]<\/p>\n","protected":false},"author":107,"featured_media":0,"parent":0,"menu_order":0,"comment_status":"closed","ping_status":"closed","template":"","meta":{"footnotes":""},"class_list":["post-2","page","type-page","status-publish","hentry"],"_links":{"self":[{"href":"https:\/\/blogs.univ-tlse2.fr\/sct\/wp-json\/wp\/v2\/pages\/2","targetHints":{"allow":["GET"]}}],"collection":[{"href":"https:\/\/blogs.univ-tlse2.fr\/sct\/wp-json\/wp\/v2\/pages"}],"about":[{"href":"https:\/\/blogs.univ-tlse2.fr\/sct\/wp-json\/wp\/v2\/types\/page"}],"author":[{"embeddable":true,"href":"https:\/\/blogs.univ-tlse2.fr\/sct\/wp-json\/wp\/v2\/users\/107"}],"replies":[{"embeddable":true,"href":"https:\/\/blogs.univ-tlse2.fr\/sct\/wp-json\/wp\/v2\/comments?post=2"}],"version-history":[{"count":15,"href":"https:\/\/blogs.univ-tlse2.fr\/sct\/wp-json\/wp\/v2\/pages\/2\/revisions"}],"predecessor-version":[{"id":185,"href":"https:\/\/blogs.univ-tlse2.fr\/sct\/wp-json\/wp\/v2\/pages\/2\/revisions\/185"}],"wp:attachment":[{"href":"https:\/\/blogs.univ-tlse2.fr\/sct\/wp-json\/wp\/v2\/media?parent=2"}],"curies":[{"name":"wp","href":"https:\/\/api.w.org\/{rel}","templated":true}]}}